{"id":6244,"date":"2025-08-23T17:29:29","date_gmt":"2025-08-23T15:29:29","guid":{"rendered":"https:\/\/www.filtnor.com\/?page_id=6244"},"modified":"2025-08-24T19:45:43","modified_gmt":"2025-08-24T17:45:43","slug":"suodatinpuristin-suodatinlevyt","status":"publish","type":"page","link":"https:\/\/www.filtnor.com\/fi\/tuotteet\/suodatus\/vedenpoistojarjestelmat\/suodatinpuristimet-2\/suodatinpuristimet\/suodatinpuristin-varaosat\/suodatinpuristin-suodatinlevyt\/","title":{"rendered":"Suodatinpuristimen suodatinlevyt"},"content":{"rendered":"<div class=\"wpb-content-wrapper\"><div class=\"vc_row wpb_row vc_row-fluid vc_custom_1755965213387\"><div class=\"wpb_column vc_column_container vc_col-sm-12 vc_col-lg-6 vc_col-md-6\"><div class=\"vc_column-inner\"><div class=\"wpb_wrapper\"><div class=\"section-title-wrapper shortcode-rand-2 induzy-inline-css\" data-css=\"&quot;.shortcode-rand-2 .title-separator.separator-border { background-color: ; }.shortcode-rand-2 .section-title { text-transform: none; }&quot;\"><div class=\"title-wrap\"><h2 class=\"section-title\">Suodatinlevyt suodatinpuristimille<\/h2><span class=\"title-separator separator-border theme-color-bg\"><\/span><\/div><!-- .title-wrap --><div class=\"section-description\">Suodatinlevyt ovat jokaisen suodatinpuristimen syd\u00e4n \u2013 niiden kunto vaikuttaa suoraan suodatusprosessisi tehokkuuteen, laatuun ja k\u00e4ytt\u00f6ik\u00e4\u00e4n. Filtnorilla toimitamme korkealaatuisia suodatinlevyj\u00e4, jotka varmistavat luotettavan toiminnan, maksimaalisen k\u00e4ytt\u00f6ajan ja optimaaliset suodatustulokset.<\/div><!-- .section-description --><\/div><!-- .section-title-wrapper --><div class=\"feature-box-wrapper feature-box-style-1 vc_custom_1719170944067 shortcode-rand-3 induzy-inline-css\" data-css=\"&quot;.shortcode-rand-3.feature-box-wrapper {background: -moz-linear-gradient(141deg,  0%,  51%,  75%);\\r\\n\\t\\t\\t\\tbackground: -webkit-linear-gradient(141deg,  0%,  51%,  75%);\\r\\n\\t\\t\\t\\tbackground: linear-gradient(141deg,  0%,  51%,  75%);}.shortcode-rand-3 .feature-box-icon { font-size: 24px; }.shortcode-rand-3 .feature-box-icon { height: 48px; width: 48px; }.shortcode-rand-3 .feature-box-icon &gt; span { line-height: 2; }.shortcode-rand-3:hover .feature-box-icon { background: none; }&quot;\" ><div class=\"feature-box-btn\"><a class=\"btn default\" href=\"https:\/\/www.filtnor.com\/fi\/ota-meihin-yhteytta\/\" title=\"L\u00c4HET\u00c4 KYSYMYS \u00bb\">L\u00c4HET\u00c4 KYSYMYS \u00bb<\/a><\/div><!-- .feature-box-btn --><\/div><!-- .feature-box-wrapper --><\/div><\/div><\/div><div class=\"wpb_column vc_column_container vc_col-sm-12 vc_col-lg-6 vc_col-md-6\"><div class=\"vc_column-inner\"><div class=\"wpb_wrapper\">\n\t<div  class=\"wpb_single_image wpb_content_element vc_align_left wpb_content_element\">\n\t\t\n\t\t<figure class=\"wpb_wrapper vc_figure\">\n\t\t\t<div class=\"vc_single_image-wrapper   vc_box_border_grey\"><img loading=\"lazy\" decoding=\"async\" width=\"1024\" height=\"1024\" src=\"https:\/\/www.filtnor.com\/wp-content\/uploads\/2025\/08\/products_filtration_dewatering-systems_pressure-filters_filter-presses_filter-press-spare-parts_filter-press-filter-plates.png\" class=\"vc_single_image-img attachment-full\" alt=\"Filtnorin toimittamat korkealaatuiset suodatinlevyt suodatinpuristimille\" title=\"Suodatinpuristimen suodatinlevyt\" srcset=\"https:\/\/www.filtnor.com\/wp-content\/uploads\/2025\/08\/products_filtration_dewatering-systems_pressure-filters_filter-presses_filter-press-spare-parts_filter-press-filter-plates.png 1024w, https:\/\/www.filtnor.com\/wp-content\/uploads\/2025\/08\/products_filtration_dewatering-systems_pressure-filters_filter-presses_filter-press-spare-parts_filter-press-filter-plates-80x80.png 80w, https:\/\/www.filtnor.com\/wp-content\/uploads\/2025\/08\/products_filtration_dewatering-systems_pressure-filters_filter-presses_filter-press-spare-parts_filter-press-filter-plates-768x768.png 768w, https:\/\/www.filtnor.com\/wp-content\/uploads\/2025\/08\/products_filtration_dewatering-systems_pressure-filters_filter-presses_filter-press-spare-parts_filter-press-filter-plates-12x12.png 12w, https:\/\/www.filtnor.com\/wp-content\/uploads\/2025\/08\/products_filtration_dewatering-systems_pressure-filters_filter-presses_filter-press-spare-parts_filter-press-filter-plates-600x600.png 600w, https:\/\/www.filtnor.com\/wp-content\/uploads\/2025\/08\/products_filtration_dewatering-systems_pressure-filters_filter-presses_filter-press-spare-parts_filter-press-filter-plates-300x300.png 300w, https:\/\/www.filtnor.com\/wp-content\/uploads\/2025\/08\/products_filtration_dewatering-systems_pressure-filters_filter-presses_filter-press-spare-parts_filter-press-filter-plates-100x100.png 100w\" sizes=\"auto, (max-width: 1024px) 100vw, 1024px\" \/><\/div>\n\t\t<\/figure>\n\t<\/div>\n<\/div><\/div><\/div><\/div><div class=\"vc_row wpb_row vc_row-fluid vc_custom_1691588774257\"><div class=\"wpb_column vc_column_container vc_col-sm-6\"><div class=\"vc_column-inner\"><div class=\"wpb_wrapper\"><div class=\"section-title-wrapper shortcode-rand-5 induzy-inline-css\" data-css=\"&quot;.shortcode-rand-5 .title-separator.separator-border { background-color: ; }.shortcode-rand-5 .section-title { text-transform: none; }&quot;\"><div class=\"title-wrap\"><h4 class=\"section-title\">Miksi kuluneet tai vaurioituneet levyt tulisi vaihtaa<\/h4><span class=\"title-separator separator-border theme-color-bg\"><\/span><\/div><!-- .title-wrap --><div class=\"section-description\">Kuluneet suodatinlevyt rasittavat suodatinkankaita tarpeettomasti ja heikent\u00e4v\u00e4t suodatuksen kokonaistehoa. Levyjen halkeamat, kolhut tai muut vauriot voivat nopeasti johtaa vakaviin seurauksiin: vuotoihin, ep\u00e4tasaiseen kakun muodostumiseen ja jopa viereisten levyjen vaurioitumiseen. T\u00e4st\u00e4 syyst\u00e4 vaurioituneet levyt tulisi vaihtaa mahdollisimman pian \u2013 n\u00e4in v\u00e4ltet\u00e4\u00e4n kalliit seisokkiajat ja suojataan suodatinpakettia.<\/div><!-- .section-description --><\/div><!-- .section-title-wrapper --><\/div><\/div><\/div><div class=\"wpb_column vc_column_container vc_col-sm-6\"><div class=\"vc_column-inner\"><div class=\"wpb_wrapper\"><div class=\"section-title-wrapper margin-bottom-30 shortcode-rand-6 induzy-inline-css\" data-css=\"&quot;.shortcode-rand-6 .title-separator.separator-border { background-color: ; }.shortcode-rand-6 .section-title { text-transform: none; }&quot;\"><div class=\"title-wrap\"><h4 class=\"section-title\">Erilaisia levytyyppej\u00e4<\/h4><span class=\"title-separator separator-border theme-color-bg\"><\/span><\/div><!-- .title-wrap --><div class=\"section-description\"><\/div><!-- .section-description --><\/div><!-- .section-title-wrapper --><div class=\"list-item-wrapper\" data-css=\"&quot;&quot;\"><div class=\"list-item-inner\" data-css=\"&quot;&quot;\"><div class=\"list-item-title media\"><span class=\"mr-3 icon-light fa fa-solid fa-check\"><\/span><div class=\"media-body align-self-center list-item-desc\">Kammiosuodatinlevyt<\/div><\/div><!-- .list-item-title --><\/div><!-- .list-item-inner --><div class=\"list-item-inner\" data-css=\"&quot;&quot;\"><div class=\"list-item-title media\"><span class=\"mr-3 icon-light fa fa-solid fa-check\"><\/span><div class=\"media-body align-self-center list-item-desc\">Kalvosuodatinlevyt<\/div><\/div><!-- .list-item-title --><\/div><!-- .list-item-inner --><div class=\"list-item-inner\" data-css=\"&quot;&quot;\"><div class=\"list-item-title media\"><span class=\"mr-3 icon-light fa fa-solid fa-check\"><\/span><div class=\"media-body align-self-center list-item-desc\">Tiivistetyt suodatinlevyt<\/div><\/div><!-- .list-item-title --><\/div><!-- .list-item-inner --><div class=\"list-item-inner\" data-css=\"&quot;&quot;\"><div class=\"list-item-title media\"><span class=\"mr-3 icon-light fa fa-solid fa-check\"><\/span><div class=\"media-body align-self-center list-item-desc\">Suodatinlevyt ja -kehykset<\/div><\/div><!-- .list-item-title --><\/div><!-- .list-item-inner --><div class=\"list-item-inner\" data-css=\"&quot;&quot;\"><div class=\"list-item-title media\"><span class=\"mr-3 icon-light fa fa-solid fa-check\"><\/span><div class=\"media-body align-self-center list-item-desc\">R\u00e4\u00e4t\u00e4l\u00f6idyt suodatinlevyt<\/div><\/div><!-- .list-item-title --><\/div><!-- .list-item-inner --><\/div><!-- .list-item-wrapper --><\/div><\/div><\/div><\/div><div class=\"vc_row wpb_row vc_row-fluid vc_custom_1691588774257\"><div class=\"wpb_column vc_column_container vc_col-sm-6\"><div class=\"vc_column-inner\"><div class=\"wpb_wrapper\"><div class=\"section-title-wrapper shortcode-rand-14 induzy-inline-css\" data-css=\"&quot;.shortcode-rand-14 .title-separator.separator-border { background-color: ; }.shortcode-rand-14 .section-title { text-transform: none; }&quot;\"><div class=\"title-wrap\"><h4 class=\"section-title\">Optimoidut ratkaisut Filtnorilta<\/h4><span class=\"title-separator separator-border theme-color-bg\"><\/span><\/div><!-- .title-wrap --><div class=\"section-description\">Filtnor voi toimittaa identtisi\u00e4 yksitt\u00e4isi\u00e4 varalevyj\u00e4 kuluneiden tai rikkoutuneiden yksik\u00f6iden tilalle, tai voimme suunnitella kokonaan uuden levypaketin, joka on optimoitu juuri sinun prosessiisi. Suodatinlevymme valmistetaan korkeimpien laatustandardien mukaisesti, mik\u00e4 varmistaa pitk\u00e4n k\u00e4ytt\u00f6i\u00e4n ja tasaiset suodatustulokset. Keskitymme aina <strong data-start=\"1355\" data-end=\"1382\">kokonaiskustannukset<\/strong> \u2013 yhdist\u00e4en kest\u00e4vyyden, v\u00e4h\u00e4isemm\u00e4n kankaan kulumisen ja erinomaisen prosessitehon.<\/div><!-- .section-description --><\/div><!-- .section-title-wrapper --><\/div><\/div><\/div><div class=\"wpb_column vc_column_container vc_col-sm-6\"><div class=\"vc_column-inner\"><div class=\"wpb_wrapper\">\n\t<div  class=\"wpb_single_image wpb_content_element vc_align_left wpb_content_element\">\n\t\t\n\t\t<figure class=\"wpb_wrapper vc_figure\">\n\t\t\t<div class=\"vc_single_image-wrapper   vc_box_border_grey\"><img loading=\"lazy\" decoding=\"async\" width=\"1024\" height=\"1024\" src=\"https:\/\/www.filtnor.com\/wp-content\/uploads\/2025\/08\/products_filtration_dewatering-systems_pressure-filters_filter-presses_filter-press-spare-parts_filter-press-filter-plates-002.png\" class=\"vc_single_image-img attachment-full\" alt=\"Suodatinpuristimen suodatinelementit, joissa on kammiorakenne, jossa on keskell\u00e4 oleva sy\u00f6tt\u00f6aukko ja tiiviste.\" title=\"Suodatinpuristimen suodatinelementit\" srcset=\"https:\/\/www.filtnor.com\/wp-content\/uploads\/2025\/08\/products_filtration_dewatering-systems_pressure-filters_filter-presses_filter-press-spare-parts_filter-press-filter-plates-002.png 1024w, https:\/\/www.filtnor.com\/wp-content\/uploads\/2025\/08\/products_filtration_dewatering-systems_pressure-filters_filter-presses_filter-press-spare-parts_filter-press-filter-plates-002-80x80.png 80w, https:\/\/www.filtnor.com\/wp-content\/uploads\/2025\/08\/products_filtration_dewatering-systems_pressure-filters_filter-presses_filter-press-spare-parts_filter-press-filter-plates-002-768x768.png 768w, https:\/\/www.filtnor.com\/wp-content\/uploads\/2025\/08\/products_filtration_dewatering-systems_pressure-filters_filter-presses_filter-press-spare-parts_filter-press-filter-plates-002-12x12.png 12w, https:\/\/www.filtnor.com\/wp-content\/uploads\/2025\/08\/products_filtration_dewatering-systems_pressure-filters_filter-presses_filter-press-spare-parts_filter-press-filter-plates-002-600x600.png 600w, https:\/\/www.filtnor.com\/wp-content\/uploads\/2025\/08\/products_filtration_dewatering-systems_pressure-filters_filter-presses_filter-press-spare-parts_filter-press-filter-plates-002-300x300.png 300w, https:\/\/www.filtnor.com\/wp-content\/uploads\/2025\/08\/products_filtration_dewatering-systems_pressure-filters_filter-presses_filter-press-spare-parts_filter-press-filter-plates-002-100x100.png 100w\" sizes=\"auto, (max-width: 1024px) 100vw, 1024px\" \/><\/div>\n\t\t<\/figure>\n\t<\/div>\n<\/div><\/div><\/div><\/div><div data-vc-full-width=\"true\" data-vc-full-width-init=\"false\" class=\"vc_row wpb_row vc_row-fluid additional-call-to-action vc_custom_1691588100630 vc_row-has-fill\"><div class=\"wpb_column vc_column_container vc_col-sm-12\"><div class=\"vc_column-inner\"><div class=\"wpb_wrapper\"><div class=\"vc_row wpb_row vc_inner vc_row-fluid\"><div class=\"wpb_column vc_column_container vc_col-sm-12 vc_col-lg-9 vc_col-md-12\"><div class=\"vc_column-inner\"><div class=\"wpb_wrapper\"><div class=\"feature-box-wrapper feature-box-style-1 shortcode-rand-16 induzy-inline-css feature-list-1\" data-css=\"&quot;.shortcode-rand-16.feature-box-wrapper { color: #000000; }.shortcode-rand-16.feature-box-wrapper {background: -moz-linear-gradient(141deg,  0%,  51%,  75%);\\r\\n\\t\\t\\t\\tbackground: -webkit-linear-gradient(141deg,  0%,  51%,  75%);\\r\\n\\t\\t\\t\\tbackground: linear-gradient(141deg,  0%,  51%,  75%);}.shortcode-rand-16 .feature-box-icon { font-size: 30px; }.shortcode-rand-16 .feature-box-icon { height: 60px; width: 60px; }.shortcode-rand-16 .feature-box-icon &gt; span { line-height: 2; }.shortcode-rand-16:hover .feature-box-icon { background: none; }&quot;\" ><div class=\"fbox-list\"><div class=\"media\"><div class=\"feature-box-icon mr-3 text-center rounded-circle none\"><span class=\"\"><\/span><\/div><!-- .feature-box-icon --><div class=\"media-body\"><div class=\"feature-box-title\"><h4 class=\"section-title\">Etk\u00f6 l\u00f6yd\u00e4 etsim\u00e4\u00e4si?<\/h4><\/div><!-- .feature-box-title --><div class=\"feature-box-content\">Ota yhteytt\u00e4, niin autamme sinua l\u00f6yt\u00e4m\u00e4\u00e4n sen!<\/div><!-- .feature-box-content --><\/div><\/div><\/div><\/div><!-- .feature-box-wrapper --><\/div><\/div><\/div><div class=\"wpb_column vc_column_container vc_col-sm-12 vc_col-lg-3 vc_col-md-12\"><div class=\"vc_column-inner vc_custom_1691588352947\"><div class=\"wpb_wrapper\"><div class=\"vc_btn3-container  additional-btn vc_btn3-right vc_custom_1719171031114 vc_do_btn\" ><a style=\"background-color:#06295e; color:#ffffff;\" class=\"vc_general vc_btn3 vc_btn3-size-md vc_btn3-shape-rounded vc_btn3-style-custom\" href=\"https:\/\/www.filtnor.com\/fi\/ota-meihin-yhteytta\/\" title=\"Ota yhteytt\u00e4\">L\u00c4HET\u00c4 KYSYMYS \u00bb<\/a><\/div><\/div><\/div><\/div><\/div><\/div><\/div><\/div><\/div><div class=\"vc_row-full-width vc_clearfix\"><\/div>\n<\/div>","protected":false},"excerpt":{"rendered":"Suodatinlevyt suodatinpuristimilleSuodatinlevyt ovat jokaisen suodatinpuristimen syd\u00e4n \u2013 niiden kunto vaikuttaa suoraan suodatusprosessisi tehokkuuteen, laatuun ja k\u00e4ytt\u00f6ik\u00e4\u00e4n. Filtnorilla toimitamme korkealaatuisia suodatinlevyj\u00e4, jotka varmistavat luotettavan toiminnan, maksimaalisen k\u00e4ytt\u00f6ajan ja optimaaliset suodatustulokset.L\u00c4HET\u00c4 KYSELY \u00bb Miksi kuluneet tai vaurioituneet levyt tulisi vaihtaaSuodatinlevyt","protected":false},"author":1,"featured_media":0,"parent":5505,"menu_order":0,"comment_status":"closed","ping_status":"closed","template":"","meta":{"om_disable_all_campaigns":false,"footnotes":""},"class_list":["post-6244","page","type-page","status-publish","hentry"],"yoast_head":"<!-- This site is optimized with the Yoast SEO Premium plugin v26.1 (Yoast SEO v27.4) - https:\/\/yoast.com\/product\/yoast-seo-premium-wordpress\/ -->\n<title>Filter Press Filter Plates - Filtnor<\/title>\n<meta name=\"description\" content=\"Filtnor supplies high-quality filter plates for filter presses \u2013 long lifetime, lower cloth wear, and optimized filtration performance.\" \/>\n<meta name=\"robots\" content=\"index, follow, max-snippet:-1, max-image-preview:large, max-video-preview:-1\" \/>\n<link rel=\"canonical\" href=\"https:\/\/www.filtnor.com\/fi\/tuotteet\/suodatus\/vedenpoistojarjestelmat\/suodatinpuristimet-2\/suodatinpuristimet\/suodatinpuristin-varaosat\/suodatinpuristin-suodatinlevyt\/\" \/>\n<meta property=\"og:locale\" content=\"fi_FI\" \/>\n<meta property=\"og:type\" content=\"article\" \/>\n<meta property=\"og:title\" content=\"Filter Press Filter Plates\" \/>\n<meta property=\"og:description\" content=\"Filtnor supplies high-quality filter plates for filter presses \u2013 long lifetime, lower cloth wear, and optimized filtration performance.\" \/>\n<meta property=\"og:url\" content=\"https:\/\/www.filtnor.com\/fi\/tuotteet\/suodatus\/vedenpoistojarjestelmat\/suodatinpuristimet-2\/suodatinpuristimet\/suodatinpuristin-varaosat\/suodatinpuristin-suodatinlevyt\/\" \/>\n<meta property=\"og:site_name\" content=\"Filtnor\" \/>\n<meta property=\"article:modified_time\" content=\"2025-08-24T17:45:43+00:00\" \/>\n<meta name=\"twitter:card\" content=\"summary_large_image\" \/>\n<meta name=\"twitter:label1\" content=\"Arvioitu lukuaika\" \/>\n\t<meta name=\"twitter:data1\" content=\"3 minuuttia\" \/>\n<script type=\"application\/ld+json\" class=\"yoast-schema-graph\">{\"@context\":\"https:\\\/\\\/schema.org\",\"@graph\":[{\"@type\":\"WebPage\",\"@id\":\"https:\\\/\\\/www.filtnor.com\\\/products\\\/filtration\\\/dewatering-systems\\\/pressure-filters\\\/filter-presses\\\/filter-press-spare-parts\\\/filter-press-filter-plates\\\/\",\"url\":\"https:\\\/\\\/www.filtnor.com\\\/products\\\/filtration\\\/dewatering-systems\\\/pressure-filters\\\/filter-presses\\\/filter-press-spare-parts\\\/filter-press-filter-plates\\\/\",\"name\":\"Filter Press Filter Plates - Filtnor\",\"isPartOf\":{\"@id\":\"https:\\\/\\\/www.filtnor.com\\\/#website\"},\"datePublished\":\"2025-08-23T15:29:29+00:00\",\"dateModified\":\"2025-08-24T17:45:43+00:00\",\"description\":\"Filtnor supplies high-quality filter plates for filter presses \u2013 long lifetime, lower cloth wear, and optimized filtration performance.\",\"breadcrumb\":{\"@id\":\"https:\\\/\\\/www.filtnor.com\\\/products\\\/filtration\\\/dewatering-systems\\\/pressure-filters\\\/filter-presses\\\/filter-press-spare-parts\\\/filter-press-filter-plates\\\/#breadcrumb\"},\"inLanguage\":\"fi\",\"potentialAction\":[{\"@type\":\"ReadAction\",\"target\":[\"https:\\\/\\\/www.filtnor.com\\\/products\\\/filtration\\\/dewatering-systems\\\/pressure-filters\\\/filter-presses\\\/filter-press-spare-parts\\\/filter-press-filter-plates\\\/\"]}]},{\"@type\":\"BreadcrumbList\",\"@id\":\"https:\\\/\\\/www.filtnor.com\\\/products\\\/filtration\\\/dewatering-systems\\\/pressure-filters\\\/filter-presses\\\/filter-press-spare-parts\\\/filter-press-filter-plates\\\/#breadcrumb\",\"itemListElement\":[{\"@type\":\"ListItem\",\"position\":1,\"name\":\"Home\",\"item\":\"https:\\\/\\\/www.filtnor.com\\\/\"},{\"@type\":\"ListItem\",\"position\":2,\"name\":\"Product groups from Filtnor\",\"item\":\"https:\\\/\\\/www.filtnor.com\\\/products\\\/\"},{\"@type\":\"ListItem\",\"position\":3,\"name\":\"Filtration\",\"item\":\"https:\\\/\\\/www.filtnor.com\\\/products\\\/filtration\\\/\"},{\"@type\":\"ListItem\",\"position\":4,\"name\":\"Dewatering Systems\",\"item\":\"https:\\\/\\\/www.filtnor.com\\\/products\\\/filtration\\\/dewatering-systems\\\/\"},{\"@type\":\"ListItem\",\"position\":5,\"name\":\"Pressure filters\",\"item\":\"https:\\\/\\\/www.filtnor.com\\\/products\\\/filtration\\\/dewatering-systems\\\/pressure-filters\\\/\"},{\"@type\":\"ListItem\",\"position\":6,\"name\":\"Filter presses\",\"item\":\"https:\\\/\\\/www.filtnor.com\\\/products\\\/filtration\\\/dewatering-systems\\\/pressure-filters\\\/filter-presses\\\/\"},{\"@type\":\"ListItem\",\"position\":7,\"name\":\"Filter Press Spare Parts\",\"item\":\"https:\\\/\\\/www.filtnor.com\\\/products\\\/filtration\\\/dewatering-systems\\\/pressure-filters\\\/filter-presses\\\/filter-press-spare-parts\\\/\"},{\"@type\":\"ListItem\",\"position\":8,\"name\":\"Filter Press Filter Plates\"}]},{\"@type\":\"WebSite\",\"@id\":\"https:\\\/\\\/www.filtnor.com\\\/#website\",\"url\":\"https:\\\/\\\/www.filtnor.com\\\/\",\"name\":\"Filtnor\",\"description\":\"Filtration you can trust. Performance that lasts.\",\"potentialAction\":[{\"@type\":\"SearchAction\",\"target\":{\"@type\":\"EntryPoint\",\"urlTemplate\":\"https:\\\/\\\/www.filtnor.com\\\/?s={search_term_string}\"},\"query-input\":{\"@type\":\"PropertyValueSpecification\",\"valueRequired\":true,\"valueName\":\"search_term_string\"}}],\"inLanguage\":\"fi\"}]}<\/script>\n<!-- \/ Yoast SEO Premium plugin. -->","yoast_head_json":{"title":"Suodatinpuristimen suodatinlevyt - Filtnor","description":"Filtnor toimittaa korkealaatuisia suodatinlevyj\u00e4 suodatinpuristimille \u2013 pitk\u00e4 k\u00e4ytt\u00f6ik\u00e4, v\u00e4hemm\u00e4n kankaan kulumista ja optimoitu suodatusteho.","robots":{"index":"index","follow":"follow","max-snippet":"max-snippet:-1","max-image-preview":"max-image-preview:large","max-video-preview":"max-video-preview:-1"},"canonical":"https:\/\/www.filtnor.com\/fi\/tuotteet\/suodatus\/vedenpoistojarjestelmat\/suodatinpuristimet-2\/suodatinpuristimet\/suodatinpuristin-varaosat\/suodatinpuristin-suodatinlevyt\/","og_locale":"fi_FI","og_type":"article","og_title":"Filter Press Filter Plates","og_description":"Filtnor supplies high-quality filter plates for filter presses \u2013 long lifetime, lower cloth wear, and optimized filtration performance.","og_url":"https:\/\/www.filtnor.com\/fi\/tuotteet\/suodatus\/vedenpoistojarjestelmat\/suodatinpuristimet-2\/suodatinpuristimet\/suodatinpuristin-varaosat\/suodatinpuristin-suodatinlevyt\/","og_site_name":"Filtnor","article_modified_time":"2025-08-24T17:45:43+00:00","twitter_card":"summary_large_image","twitter_misc":{"Arvioitu lukuaika":"3 minuuttia"},"schema":{"@context":"https:\/\/schema.org","@graph":[{"@type":"WebPage","@id":"https:\/\/www.filtnor.com\/products\/filtration\/dewatering-systems\/pressure-filters\/filter-presses\/filter-press-spare-parts\/filter-press-filter-plates\/","url":"https:\/\/www.filtnor.com\/products\/filtration\/dewatering-systems\/pressure-filters\/filter-presses\/filter-press-spare-parts\/filter-press-filter-plates\/","name":"Suodatinpuristimen suodatinlevyt - Filtnor","isPartOf":{"@id":"https:\/\/www.filtnor.com\/#website"},"datePublished":"2025-08-23T15:29:29+00:00","dateModified":"2025-08-24T17:45:43+00:00","description":"Filtnor toimittaa korkealaatuisia suodatinlevyj\u00e4 suodatinpuristimille \u2013 pitk\u00e4 k\u00e4ytt\u00f6ik\u00e4, v\u00e4hemm\u00e4n kankaan kulumista ja optimoitu suodatusteho.","breadcrumb":{"@id":"https:\/\/www.filtnor.com\/products\/filtration\/dewatering-systems\/pressure-filters\/filter-presses\/filter-press-spare-parts\/filter-press-filter-plates\/#breadcrumb"},"inLanguage":"fi","potentialAction":[{"@type":"ReadAction","target":["https:\/\/www.filtnor.com\/products\/filtration\/dewatering-systems\/pressure-filters\/filter-presses\/filter-press-spare-parts\/filter-press-filter-plates\/"]}]},{"@type":"BreadcrumbList","@id":"https:\/\/www.filtnor.com\/products\/filtration\/dewatering-systems\/pressure-filters\/filter-presses\/filter-press-spare-parts\/filter-press-filter-plates\/#breadcrumb","itemListElement":[{"@type":"ListItem","position":1,"name":"Home","item":"https:\/\/www.filtnor.com\/"},{"@type":"ListItem","position":2,"name":"Product groups from Filtnor","item":"https:\/\/www.filtnor.com\/products\/"},{"@type":"ListItem","position":3,"name":"Filtration","item":"https:\/\/www.filtnor.com\/products\/filtration\/"},{"@type":"ListItem","position":4,"name":"Dewatering Systems","item":"https:\/\/www.filtnor.com\/products\/filtration\/dewatering-systems\/"},{"@type":"ListItem","position":5,"name":"Pressure filters","item":"https:\/\/www.filtnor.com\/products\/filtration\/dewatering-systems\/pressure-filters\/"},{"@type":"ListItem","position":6,"name":"Filter presses","item":"https:\/\/www.filtnor.com\/products\/filtration\/dewatering-systems\/pressure-filters\/filter-presses\/"},{"@type":"ListItem","position":7,"name":"Filter Press Spare Parts","item":"https:\/\/www.filtnor.com\/products\/filtration\/dewatering-systems\/pressure-filters\/filter-presses\/filter-press-spare-parts\/"},{"@type":"ListItem","position":8,"name":"Filter Press Filter Plates"}]},{"@type":"WebSite","@id":"https:\/\/www.filtnor.com\/#website","url":"https:\/\/www.filtnor.com\/","name":"Filtnor","description":"Suodatus, johon voit luottaa. Suorituskyky\u00e4, joka kest\u00e4\u00e4.","potentialAction":[{"@type":"SearchAction","target":{"@type":"EntryPoint","urlTemplate":"https:\/\/www.filtnor.com\/?s={search_term_string}"},"query-input":{"@type":"PropertyValueSpecification","valueRequired":true,"valueName":"search_term_string"}}],"inLanguage":"fi"}]}},"_links":{"self":[{"href":"https:\/\/www.filtnor.com\/fi\/wp-json\/wp\/v2\/pages\/6244","targetHints":{"allow":["GET"]}}],"collection":[{"href":"https:\/\/www.filtnor.com\/fi\/wp-json\/wp\/v2\/pages"}],"about":[{"href":"https:\/\/www.filtnor.com\/fi\/wp-json\/wp\/v2\/types\/page"}],"author":[{"embeddable":true,"href":"https:\/\/www.filtnor.com\/fi\/wp-json\/wp\/v2\/users\/1"}],"replies":[{"embeddable":true,"href":"https:\/\/www.filtnor.com\/fi\/wp-json\/wp\/v2\/comments?post=6244"}],"version-history":[{"count":16,"href":"https:\/\/www.filtnor.com\/fi\/wp-json\/wp\/v2\/pages\/6244\/revisions"}],"predecessor-version":[{"id":6281,"href":"https:\/\/www.filtnor.com\/fi\/wp-json\/wp\/v2\/pages\/6244\/revisions\/6281"}],"up":[{"embeddable":true,"href":"https:\/\/www.filtnor.com\/fi\/wp-json\/wp\/v2\/pages\/5505"}],"wp:attachment":[{"href":"https:\/\/www.filtnor.com\/fi\/wp-json\/wp\/v2\/media?parent=6244"}],"curies":[{"name":"wp","href":"https:\/\/api.w.org\/{rel}","templated":true}]}}