{"id":5476,"date":"2024-10-09T22:00:33","date_gmt":"2024-10-09T20:00:33","guid":{"rendered":"https:\/\/www.filtnor.com\/?page_id=5476"},"modified":"2025-11-17T14:01:50","modified_gmt":"2025-11-17T13:01:50","slug":"kuivasuodatus","status":"publish","type":"page","link":"https:\/\/www.filtnor.com\/fi\/tuotteet\/suodatus\/kuivasuodatus\/","title":{"rendered":"Kuiva suodatus"},"content":{"rendered":"<div class=\"wpb-content-wrapper\"><div class=\"vc_row wpb_row vc_row-fluid vc_custom_1763375826972\"><div class=\"wpb_column vc_column_container vc_col-sm-12\"><div class=\"vc_column-inner\"><div class=\"wpb_wrapper\"><div class=\"section-title-wrapper shortcode-rand-2 induzy-inline-css\" data-css=\"&quot;.shortcode-rand-2 .title-separator.separator-border { background-color: ; }.shortcode-rand-2 .section-title { text-transform: none; }&quot;\"><div class=\"title-wrap\"><h4 class=\"section-title\">Kuivakaasusuodatusj\u00e4rjestelm\u00e4t ja -tarvikkeet<\/h4><span class=\"title-separator separator-border theme-color-bg\"><\/span><\/div><!-- .title-wrap --><div class=\"section-description\"><\/p>\n<h5>Suodatus, johon voit luottaa<\/h5>\n<p>Filtnor toimittaa teollisuuden kuivakaasusuodatusratkaisuja p\u00f6lynpoistoon, prosessi-ilman puhdistukseen ja kiintoaineiden ja kaasujen erotteluun. Tuotevalikoimaamme kuuluvat tehokkaat suodatinpatruunat, kuitukankaat, suodatinmatot ja t\u00e4ydelliset pussisuodattimen komponentit. Tuotteemme on suunniteltu raskaaseen k\u00e4ytt\u00f6\u00f6n ja pienille paineh\u00e4vi\u00f6ille, ja ne varmistavat puhtaan, turvallisen ja tehokkaan ilman vaativissa teollisuusymp\u00e4rist\u00f6iss\u00e4.<\/p>\n<h5>Joitakin toimittamiamme suodatinluokkia:<\/h5>\n<p>\u2013 EN 1822.2009<br \/>\n\u2013 EN 779:2012<br \/>\n\u2013 ISO 16890<br \/>\n\u2013 ISO 29461-1<br \/>\n\u2013 ASHRAE 52.2<\/div><!-- .section-description --><\/div><!-- .section-title-wrapper --><\/div><\/div><\/div><\/div><div class=\"vc_row wpb_row vc_row-fluid vc_custom_1709405285494\"><div class=\"wpb_column vc_column_container vc_col-sm-12\"><div class=\"vc_column-inner\"><div class=\"wpb_wrapper\"><div class=\"vc_separator wpb_content_element vc_separator_align_center vc_sep_width_100 vc_sep_dashed vc_sep_pos_align_center vc_separator_no_text wpb_content_element  wpb_content_element\" ><span class=\"vc_sep_holder vc_sep_holder_l\"><span class=\"vc_sep_line\"><\/span><\/span><span class=\"vc_sep_holder vc_sep_holder_r\"><span class=\"vc_sep_line\"><\/span><\/span>\n<\/div><\/div><\/div><\/div><\/div><div class=\"vc_row wpb_row vc_row-fluid vc_custom_1745520978306\"><div class=\"wpb_column vc_column_container vc_col-sm-12 vc_col-lg-6 vc_col-md-6\"><div class=\"vc_column-inner\"><div class=\"wpb_wrapper\"><div class=\"section-title-wrapper shortcode-rand-5 induzy-inline-css\" data-css=\"&quot;.shortcode-rand-5 .title-separator.separator-border { background-color: ; }.shortcode-rand-5 .section-title { text-transform: none; }&quot;\"><div class=\"title-wrap\"><h2 class=\"section-title\">Suodatinpatruunat ja -elementit<\/h2><span class=\"title-separator separator-border theme-color-bg\"><\/span><\/div><!-- .title-wrap --><div class=\"section-description\">Korkean suorituskyvyn suodatinpatruunat ja -elementit, jotka on suunniteltu teolliseen p\u00f6lynpoistoon ja kuivakaasujen suodatukseen. N\u00e4m\u00e4 modulaariset j\u00e4rjestelm\u00e4t tarjoavat alhaisen paineh\u00e4vi\u00f6n, pitk\u00e4n k\u00e4ytt\u00f6i\u00e4n ja tehokkaan hiukkasten talteenoton letkusuodattimissa, kompressorien imukanavissa ja prosessi-ilmavirroissa. Filtnor toimittaa t\u00e4ydellisi\u00e4 varastoja, r\u00e4\u00e4t\u00e4l\u00f6ityj\u00e4 kokoonpanoja ja t\u00e4yden tuen k\u00e4ytt\u00f6\u00f6nottoon ja huoltoon.<\/div><!-- .section-description --><\/div><!-- .section-title-wrapper --><div class=\"feature-box-wrapper feature-box-style-1 vc_custom_1763375369641 shortcode-rand-6 induzy-inline-css\" data-css=\"&quot;.shortcode-rand-6.feature-box-wrapper {background: -moz-linear-gradient(141deg,  0%,  51%,  75%);\\r\\n\\t\\t\\t\\tbackground: -webkit-linear-gradient(141deg,  0%,  51%,  75%);\\r\\n\\t\\t\\t\\tbackground: linear-gradient(141deg,  0%,  51%,  75%);}.shortcode-rand-6 .feature-box-icon { font-size: 24px; }.shortcode-rand-6 .feature-box-icon { height: 48px; width: 48px; }.shortcode-rand-6 .feature-box-icon &gt; span { line-height: 2; }.shortcode-rand-6:hover .feature-box-icon { background: none; }&quot;\" ><div class=\"feature-box-btn\"><a class=\"btn default\" href=\"https:\/\/www.filtnor.com\/fi\/tuotteet\/suodatus\/kuivasuodatus\/suodatinpatruunaelementit\/\" title=\"SIIRRY PATRUUNOIHIN JA ELEMENTTEIHIN \u00bb\">SIIRRY PATRUUNOIHIN JA ELEMENTTEIHIN \u00bb<\/a><\/div><!-- .feature-box-btn --><\/div><!-- .feature-box-wrapper --><\/div><\/div><\/div><div class=\"wpb_column vc_column_container vc_col-sm-12 vc_col-lg-6 vc_col-md-6\"><div class=\"vc_column-inner\"><div class=\"wpb_wrapper\">\n\t<div  class=\"wpb_single_image wpb_content_element vc_align_left wpb_content_element\">\n\t\t\n\t\t<figure class=\"wpb_wrapper vc_figure\">\n\t\t\t<div class=\"vc_single_image-wrapper   vc_box_border_grey\"><img loading=\"lazy\" decoding=\"async\" width=\"768\" height=\"456\" src=\"https:\/\/www.filtnor.com\/wp-content\/uploads\/2025\/04\/products_filtration_dry-filtration_cassette-filters_001-768x456.png\" class=\"vc_single_image-img attachment-medium\" alt=\"Teollinen kasettisuodatin\" title=\"tuotteet_suodatus_kuivasuodatus_kasettisuodattimet_001\" srcset=\"https:\/\/www.filtnor.com\/wp-content\/uploads\/2025\/04\/products_filtration_dry-filtration_cassette-filters_001-768x456.png 768w, https:\/\/www.filtnor.com\/wp-content\/uploads\/2025\/04\/products_filtration_dry-filtration_cassette-filters_001-440x260.png 440w, https:\/\/www.filtnor.com\/wp-content\/uploads\/2025\/04\/products_filtration_dry-filtration_cassette-filters_001-390x231.png 390w, https:\/\/www.filtnor.com\/wp-content\/uploads\/2025\/04\/products_filtration_dry-filtration_cassette-filters_001-220x130.png 220w\" sizes=\"auto, (max-width: 768px) 100vw, 768px\" \/><\/div>\n\t\t<\/figure>\n\t<\/div>\n<\/div><\/div><\/div><\/div><div class=\"vc_row wpb_row vc_row-fluid vc_custom_1709405285494\"><div class=\"wpb_column vc_column_container vc_col-sm-12\"><div class=\"vc_column-inner\"><div class=\"wpb_wrapper\"><div class=\"vc_separator wpb_content_element vc_separator_align_center vc_sep_width_100 vc_sep_dashed vc_sep_pos_align_center vc_separator_no_text wpb_content_element  wpb_content_element\" ><span class=\"vc_sep_holder vc_sep_holder_l\"><span class=\"vc_sep_line\"><\/span><\/span><span class=\"vc_sep_holder vc_sep_holder_r\"><span class=\"vc_sep_line\"><\/span><\/span>\n<\/div><\/div><\/div><\/div><\/div><div class=\"vc_row wpb_row vc_row-fluid vc_custom_1709405208930\"><div class=\"wpb_column vc_column_container vc_col-sm-12 vc_col-lg-6 vc_col-md-6\"><div class=\"vc_column-inner\"><div class=\"wpb_wrapper\"><div class=\"section-title-wrapper shortcode-rand-9 induzy-inline-css\" data-css=\"&quot;.shortcode-rand-9 .title-separator.separator-border { background-color: ; }.shortcode-rand-9 .section-title { text-transform: none; }&quot;\"><div class=\"title-wrap\"><h2 class=\"section-title\">Suodatinmatot ja -materiaalit p\u00f6lynpoistoon<\/h2><span class=\"title-separator separator-border theme-color-bg\"><\/span><\/div><!-- .title-wrap --><div class=\"section-description\">Edistykselliset suodatinmatot ja kuitukankaat, jotka on suunniteltu tehokkaaseen p\u00f6lynpoistoon, teollisuusilmanvaihtoon ja prosessi-ilman puhdistukseen. Saatavilla useissa eri hy\u00f6tysuhdeluokissa (ISO 16890, EN 779) ja sopivat pinnoituslaitoksiin, akkujen valmistukseen ja pintak\u00e4sittelylinjoille. Filtnor tarjoaa r\u00e4\u00e4t\u00e4l\u00f6ityj\u00e4 kangaskokoja, teknist\u00e4 tukea ja nopeita toimitusaikoja.<\/div><!-- .section-description --><\/div><!-- .section-title-wrapper --><div class=\"feature-box-wrapper feature-box-style-1 vc_custom_1763376817885 shortcode-rand-10 induzy-inline-css\" data-css=\"&quot;.shortcode-rand-10.feature-box-wrapper {background: -moz-linear-gradient(141deg,  0%,  51%,  75%);\\r\\n\\t\\t\\t\\tbackground: -webkit-linear-gradient(141deg,  0%,  51%,  75%);\\r\\n\\t\\t\\t\\tbackground: linear-gradient(141deg,  0%,  51%,  75%);}.shortcode-rand-10 .feature-box-icon { font-size: 24px; }.shortcode-rand-10 .feature-box-icon { height: 48px; width: 48px; }.shortcode-rand-10 .feature-box-icon &gt; span { line-height: 2; }.shortcode-rand-10:hover .feature-box-icon { background: none; }&quot;\" ><div class=\"feature-box-btn\"><a class=\"btn default\" href=\"https:\/\/www.filtnor.com\/fi\/tuotteet\/suodatus\/kuivasuodatus\/suodatinmatot-polynpoistoon\/\" title=\"SIIRRY MATTOIHIN JA MEDIAA \u00bb\">SIIRRY MATTOIHIN JA MEDIAA \u00bb<\/a><\/div><!-- .feature-box-btn --><\/div><!-- .feature-box-wrapper --><\/div><\/div><\/div><div class=\"wpb_column vc_column_container vc_col-sm-12 vc_col-lg-6 vc_col-md-6\"><div class=\"vc_column-inner\"><div class=\"wpb_wrapper\">\n\t<div  class=\"wpb_single_image wpb_content_element vc_align_left wpb_content_element\">\n\t\t\n\t\t<figure class=\"wpb_wrapper vc_figure\">\n\t\t\t<div class=\"vc_single_image-wrapper   vc_box_border_grey\"><img loading=\"lazy\" decoding=\"async\" width=\"768\" height=\"456\" src=\"https:\/\/www.filtnor.com\/wp-content\/uploads\/2025\/04\/products_filtration_dry-filtration_pocket-filters_001-768x456.png\" class=\"vc_single_image-img attachment-medium\" alt=\"Teollisuuden taskusuodatin\" title=\"tuotteet_suodatus_kuivasuodatus_taskusuodattimet_001\" srcset=\"https:\/\/www.filtnor.com\/wp-content\/uploads\/2025\/04\/products_filtration_dry-filtration_pocket-filters_001-768x456.png 768w, https:\/\/www.filtnor.com\/wp-content\/uploads\/2025\/04\/products_filtration_dry-filtration_pocket-filters_001-440x260.png 440w, https:\/\/www.filtnor.com\/wp-content\/uploads\/2025\/04\/products_filtration_dry-filtration_pocket-filters_001-390x231.png 390w, https:\/\/www.filtnor.com\/wp-content\/uploads\/2025\/04\/products_filtration_dry-filtration_pocket-filters_001-220x130.png 220w\" sizes=\"auto, (max-width: 768px) 100vw, 768px\" \/><\/div>\n\t\t<\/figure>\n\t<\/div>\n<\/div><\/div><\/div><\/div><div class=\"vc_row wpb_row vc_row-fluid vc_custom_1709405285494\"><div class=\"wpb_column vc_column_container vc_col-sm-12\"><div class=\"vc_column-inner\"><div class=\"wpb_wrapper\"><div class=\"vc_separator wpb_content_element vc_separator_align_center vc_sep_width_100 vc_sep_dashed vc_sep_pos_align_center vc_separator_no_text wpb_content_element  wpb_content_element\" ><span class=\"vc_sep_holder vc_sep_holder_l\"><span class=\"vc_sep_line\"><\/span><\/span><span class=\"vc_sep_holder vc_sep_holder_r\"><span class=\"vc_sep_line\"><\/span><\/span>\n<\/div><\/div><\/div><\/div><\/div><div class=\"vc_row wpb_row vc_row-fluid vc_custom_1763375621446\"><div class=\"wpb_column vc_column_container vc_col-sm-12 vc_col-lg-6 vc_col-md-6\"><div class=\"vc_column-inner\"><div class=\"wpb_wrapper\"><div class=\"section-title-wrapper shortcode-rand-13 induzy-inline-css\" data-css=\"&quot;.shortcode-rand-13 .title-separator.separator-border { background-color: ; }.shortcode-rand-13 .section-title { text-transform: none; }&quot;\"><div class=\"title-wrap\"><h2 class=\"section-title\">Kuivakaasusuodatusj\u00e4rjestelm\u00e4t ja -tarvikkeet<\/h2><span class=\"title-separator separator-border theme-color-bg\"><\/span><\/div><!-- .title-wrap --><div class=\"section-description\">T\u00e4ydelliset kuivakaasusuodatusj\u00e4rjestelm\u00e4t ja lis\u00e4varusteet, mukaan lukien kotelot, suodatinkennot, pussisuodattimet ja vaihtomoduulit. N\u00e4m\u00e4 ratkaisut on rakennettu suurta l\u00e4pivirtausta, vaativia teollisuusymp\u00e4rist\u00f6j\u00e4 ja p\u00e4\u00e4st\u00f6rajojen noudattamista varten. Filtnor tukee asennusta, huoltosopimuksia ja j\u00e4lkiasennuksia j\u00e4rjestelm\u00e4n k\u00e4ytt\u00f6ajan ja suorituskyvyn maksimoimiseksi.<\/div><!-- .section-description --><\/div><!-- .section-title-wrapper --><div class=\"feature-box-wrapper feature-box-style-1 vc_custom_1763375401677 shortcode-rand-14 induzy-inline-css\" data-css=\"&quot;.shortcode-rand-14.feature-box-wrapper {background: -moz-linear-gradient(141deg,  0%,  51%,  75%);\\r\\n\\t\\t\\t\\tbackground: -webkit-linear-gradient(141deg,  0%,  51%,  75%);\\r\\n\\t\\t\\t\\tbackground: linear-gradient(141deg,  0%,  51%,  75%);}.shortcode-rand-14 .feature-box-icon { font-size: 24px; }.shortcode-rand-14 .feature-box-icon { height: 48px; width: 48px; }.shortcode-rand-14 .feature-box-icon &gt; span { line-height: 2; }.shortcode-rand-14:hover .feature-box-icon { background: none; }&quot;\" ><div class=\"feature-box-btn\"><a class=\"btn default\" href=\"https:\/\/www.filtnor.com\/fi\/tuotteet\/suodatus\/kuivasuodatus\/kuivakaasusuodatusjarjestelmien-lisavarusteet\/\" title=\"SIIRRY J\u00c4RJESTELMIIN JA LIS\u00c4VARUSTEISIIN \u00bb\">SIIRRY J\u00c4RJESTELMIIN JA LIS\u00c4VARUSTEISIIN \u00bb<\/a><\/div><!-- .feature-box-btn --><\/div><!-- .feature-box-wrapper --><\/div><\/div><\/div><div class=\"wpb_column vc_column_container vc_col-sm-12 vc_col-lg-6 vc_col-md-6\"><div class=\"vc_column-inner\"><div class=\"wpb_wrapper\">\n\t<div  class=\"wpb_single_image wpb_content_element vc_align_left wpb_content_element\">\n\t\t\n\t\t<figure class=\"wpb_wrapper vc_figure\">\n\t\t\t<div class=\"vc_single_image-wrapper   vc_box_border_grey\"><img loading=\"lazy\" decoding=\"async\" width=\"768\" height=\"456\" src=\"https:\/\/www.filtnor.com\/wp-content\/uploads\/2025\/04\/products_filtration_dry-filtration_filter-mats_001-768x456.png\" class=\"vc_single_image-img attachment-medium\" alt=\"Teollisuuden suodatinmatto\" title=\"products_filtration_dry-filtration_filter-mats_001\" srcset=\"https:\/\/www.filtnor.com\/wp-content\/uploads\/2025\/04\/products_filtration_dry-filtration_filter-mats_001-768x456.png 768w, https:\/\/www.filtnor.com\/wp-content\/uploads\/2025\/04\/products_filtration_dry-filtration_filter-mats_001-440x260.png 440w, https:\/\/www.filtnor.com\/wp-content\/uploads\/2025\/04\/products_filtration_dry-filtration_filter-mats_001-390x231.png 390w, https:\/\/www.filtnor.com\/wp-content\/uploads\/2025\/04\/products_filtration_dry-filtration_filter-mats_001-220x130.png 220w\" sizes=\"auto, (max-width: 768px) 100vw, 768px\" \/><\/div>\n\t\t<\/figure>\n\t<\/div>\n<\/div><\/div><\/div><\/div><div data-vc-full-width=\"true\" data-vc-full-width-init=\"false\" class=\"vc_row wpb_row vc_row-fluid additional-call-to-action vc_custom_1763375484762 vc_row-has-fill\"><div class=\"wpb_column vc_column_container vc_col-sm-12\"><div class=\"vc_column-inner\"><div class=\"wpb_wrapper\"><div class=\"vc_row wpb_row vc_inner vc_row-fluid\"><div class=\"wpb_column vc_column_container vc_col-sm-12 vc_col-lg-9 vc_col-md-12\"><div class=\"vc_column-inner\"><div class=\"wpb_wrapper\"><div class=\"feature-box-wrapper feature-box-style-1 shortcode-rand-16 induzy-inline-css feature-list-1\" data-css=\"&quot;.shortcode-rand-16.feature-box-wrapper { color: #000000; }.shortcode-rand-16.feature-box-wrapper {background: -moz-linear-gradient(141deg,  0%,  51%,  75%);\\r\\n\\t\\t\\t\\tbackground: -webkit-linear-gradient(141deg,  0%,  51%,  75%);\\r\\n\\t\\t\\t\\tbackground: linear-gradient(141deg,  0%,  51%,  75%);}.shortcode-rand-16 .feature-box-icon { font-size: 30px; }.shortcode-rand-16 .feature-box-icon { height: 60px; width: 60px; }.shortcode-rand-16 .feature-box-icon &gt; span { line-height: 2; }.shortcode-rand-16:hover .feature-box-icon { background: none; }&quot;\" ><div class=\"fbox-list\"><div class=\"media\"><div class=\"feature-box-icon mr-3 text-center rounded-circle none\"><span class=\"\"><\/span><\/div><!-- .feature-box-icon --><div class=\"media-body\"><div class=\"feature-box-title\"><h4 class=\"section-title\">Etk\u00f6 l\u00f6yd\u00e4 etsim\u00e4\u00e4si?<\/h4><\/div><!-- .feature-box-title --><div class=\"feature-box-content\">Ota yhteytt\u00e4, niin autamme sinua l\u00f6yt\u00e4m\u00e4\u00e4n sen!<\/div><!-- .feature-box-content --><\/div><\/div><\/div><\/div><!-- .feature-box-wrapper --><\/div><\/div><\/div><div class=\"wpb_column vc_column_container vc_col-sm-12 vc_col-lg-3 vc_col-md-12\"><div class=\"vc_column-inner vc_custom_1691588352947\"><div class=\"wpb_wrapper\"><div class=\"vc_btn3-container  additional-btn vc_btn3-right vc_custom_1719435518333 vc_do_btn\" ><a style=\"background-color:#06295e; color:#ffffff;\" class=\"vc_general vc_btn3 vc_btn3-size-md vc_btn3-shape-rounded vc_btn3-style-custom\" href=\"https:\/\/www.filtnor.com\/fi\/ota-meihin-yhteytta\/\" title=\"Ota yhteytt\u00e4\">L\u00c4HET\u00c4 KYSYMYS \u00bb<\/a><\/div><\/div><\/div><\/div><\/div><\/div><\/div><\/div><\/div><div class=\"vc_row-full-width vc_clearfix\"><\/div>\n<\/div>","protected":false},"excerpt":{"rendered":"Dry-Gas Filtration Systems &amp; Accessories Filtration you can trust Filtnor delivers industrial dry-gas filtration solutions for dust removal, process-air cleaning and solid\/gas separation. Our portfolio includes high-performance filter cartridges, nonwoven media, filter mats and complete baghouse components. Designed for heavy-duty operation and low pressure drop, our products ensure clean, safe and efficient air in demanding","protected":false},"author":1,"featured_media":0,"parent":4424,"menu_order":0,"comment_status":"closed","ping_status":"closed","template":"","meta":{"om_disable_all_campaigns":false,"footnotes":""},"class_list":["post-5476","page","type-page","status-publish","hentry"],"yoast_head":"<!-- This site is optimized with the Yoast SEO Premium plugin v26.1 (Yoast SEO v27.4) - https:\/\/yoast.com\/product\/yoast-seo-premium-wordpress\/ -->\n<title>Dry filtration - Filtnor<\/title>\n<meta name=\"description\" content=\"Industrial dry-gas filtration and dust-removal solutions from Filtnor. Filter cartridges, filter mats, gas-phase media and high-temperature filtration for demanding processes.\" \/>\n<meta name=\"robots\" content=\"index, follow, max-snippet:-1, max-image-preview:large, max-video-preview:-1\" \/>\n<link rel=\"canonical\" href=\"https:\/\/www.filtnor.com\/fi\/tuotteet\/suodatus\/kuivasuodatus\/\" \/>\n<meta property=\"og:locale\" content=\"fi_FI\" \/>\n<meta property=\"og:type\" content=\"article\" \/>\n<meta property=\"og:title\" content=\"Dry filtration\" \/>\n<meta property=\"og:description\" content=\"Industrial dry-gas filtration and dust-removal solutions from Filtnor. Filter cartridges, filter mats, gas-phase media and high-temperature filtration for demanding processes.\" \/>\n<meta property=\"og:url\" content=\"https:\/\/www.filtnor.com\/fi\/tuotteet\/suodatus\/kuivasuodatus\/\" \/>\n<meta property=\"og:site_name\" content=\"Filtnor\" \/>\n<meta property=\"article:modified_time\" content=\"2025-11-17T13:01:50+00:00\" \/>\n<meta name=\"twitter:card\" content=\"summary_large_image\" \/>\n<meta name=\"twitter:label1\" content=\"Arvioitu lukuaika\" \/>\n\t<meta name=\"twitter:data1\" content=\"2 minuuttia\" \/>\n<script type=\"application\/ld+json\" class=\"yoast-schema-graph\">{\"@context\":\"https:\\\/\\\/schema.org\",\"@graph\":[{\"@type\":\"WebPage\",\"@id\":\"https:\\\/\\\/www.filtnor.com\\\/products\\\/filtration\\\/dry-filtration\\\/\",\"url\":\"https:\\\/\\\/www.filtnor.com\\\/products\\\/filtration\\\/dry-filtration\\\/\",\"name\":\"Dry filtration - Filtnor\",\"isPartOf\":{\"@id\":\"https:\\\/\\\/www.filtnor.com\\\/#website\"},\"datePublished\":\"2024-10-09T20:00:33+00:00\",\"dateModified\":\"2025-11-17T13:01:50+00:00\",\"description\":\"Industrial dry-gas filtration and dust-removal solutions from Filtnor. Filter cartridges, filter mats, gas-phase media and high-temperature filtration for demanding processes.\",\"breadcrumb\":{\"@id\":\"https:\\\/\\\/www.filtnor.com\\\/products\\\/filtration\\\/dry-filtration\\\/#breadcrumb\"},\"inLanguage\":\"fi\",\"potentialAction\":[{\"@type\":\"ReadAction\",\"target\":[\"https:\\\/\\\/www.filtnor.com\\\/products\\\/filtration\\\/dry-filtration\\\/\"]}]},{\"@type\":\"BreadcrumbList\",\"@id\":\"https:\\\/\\\/www.filtnor.com\\\/products\\\/filtration\\\/dry-filtration\\\/#breadcrumb\",\"itemListElement\":[{\"@type\":\"ListItem\",\"position\":1,\"name\":\"Home\",\"item\":\"https:\\\/\\\/www.filtnor.com\\\/\"},{\"@type\":\"ListItem\",\"position\":2,\"name\":\"Product groups from Filtnor\",\"item\":\"https:\\\/\\\/www.filtnor.com\\\/products\\\/\"},{\"@type\":\"ListItem\",\"position\":3,\"name\":\"Filtration\",\"item\":\"https:\\\/\\\/www.filtnor.com\\\/products\\\/filtration\\\/\"},{\"@type\":\"ListItem\",\"position\":4,\"name\":\"Dry filtration\"}]},{\"@type\":\"WebSite\",\"@id\":\"https:\\\/\\\/www.filtnor.com\\\/#website\",\"url\":\"https:\\\/\\\/www.filtnor.com\\\/\",\"name\":\"Filtnor\",\"description\":\"Filtration you can trust. Performance that lasts.\",\"potentialAction\":[{\"@type\":\"SearchAction\",\"target\":{\"@type\":\"EntryPoint\",\"urlTemplate\":\"https:\\\/\\\/www.filtnor.com\\\/?s={search_term_string}\"},\"query-input\":{\"@type\":\"PropertyValueSpecification\",\"valueRequired\":true,\"valueName\":\"search_term_string\"}}],\"inLanguage\":\"fi\"}]}<\/script>\n<!-- \/ Yoast SEO Premium plugin. -->","yoast_head_json":{"title":"Kuivasuodatus - Filtnor","description":"Filtnorin teollisuuden kuivakaasusuodatus- ja p\u00f6lynpoistoratkaisut. Suodatinpatruunat, suodatinmatot, kaasufaasisuodattimet ja korkean l\u00e4mp\u00f6tilan suodatus vaativiin prosesseihin.","robots":{"index":"index","follow":"follow","max-snippet":"max-snippet:-1","max-image-preview":"max-image-preview:large","max-video-preview":"max-video-preview:-1"},"canonical":"https:\/\/www.filtnor.com\/fi\/tuotteet\/suodatus\/kuivasuodatus\/","og_locale":"fi_FI","og_type":"article","og_title":"Dry filtration","og_description":"Industrial dry-gas filtration and dust-removal solutions from Filtnor. Filter cartridges, filter mats, gas-phase media and high-temperature filtration for demanding processes.","og_url":"https:\/\/www.filtnor.com\/fi\/tuotteet\/suodatus\/kuivasuodatus\/","og_site_name":"Filtnor","article_modified_time":"2025-11-17T13:01:50+00:00","twitter_card":"summary_large_image","twitter_misc":{"Arvioitu lukuaika":"2 minuuttia"},"schema":{"@context":"https:\/\/schema.org","@graph":[{"@type":"WebPage","@id":"https:\/\/www.filtnor.com\/products\/filtration\/dry-filtration\/","url":"https:\/\/www.filtnor.com\/products\/filtration\/dry-filtration\/","name":"Kuivasuodatus - Filtnor","isPartOf":{"@id":"https:\/\/www.filtnor.com\/#website"},"datePublished":"2024-10-09T20:00:33+00:00","dateModified":"2025-11-17T13:01:50+00:00","description":"Filtnorin teollisuuden kuivakaasusuodatus- ja p\u00f6lynpoistoratkaisut. Suodatinpatruunat, suodatinmatot, kaasufaasisuodattimet ja korkean l\u00e4mp\u00f6tilan suodatus vaativiin prosesseihin.","breadcrumb":{"@id":"https:\/\/www.filtnor.com\/products\/filtration\/dry-filtration\/#breadcrumb"},"inLanguage":"fi","potentialAction":[{"@type":"ReadAction","target":["https:\/\/www.filtnor.com\/products\/filtration\/dry-filtration\/"]}]},{"@type":"BreadcrumbList","@id":"https:\/\/www.filtnor.com\/products\/filtration\/dry-filtration\/#breadcrumb","itemListElement":[{"@type":"ListItem","position":1,"name":"Home","item":"https:\/\/www.filtnor.com\/"},{"@type":"ListItem","position":2,"name":"Product groups from Filtnor","item":"https:\/\/www.filtnor.com\/products\/"},{"@type":"ListItem","position":3,"name":"Filtration","item":"https:\/\/www.filtnor.com\/products\/filtration\/"},{"@type":"ListItem","position":4,"name":"Dry filtration"}]},{"@type":"WebSite","@id":"https:\/\/www.filtnor.com\/#website","url":"https:\/\/www.filtnor.com\/","name":"Filtnor","description":"Suodatus, johon voit luottaa. Suorituskyky\u00e4, joka kest\u00e4\u00e4.","potentialAction":[{"@type":"SearchAction","target":{"@type":"EntryPoint","urlTemplate":"https:\/\/www.filtnor.com\/?s={search_term_string}"},"query-input":{"@type":"PropertyValueSpecification","valueRequired":true,"valueName":"search_term_string"}}],"inLanguage":"fi"}]}},"_links":{"self":[{"href":"https:\/\/www.filtnor.com\/fi\/wp-json\/wp\/v2\/pages\/5476","targetHints":{"allow":["GET"]}}],"collection":[{"href":"https:\/\/www.filtnor.com\/fi\/wp-json\/wp\/v2\/pages"}],"about":[{"href":"https:\/\/www.filtnor.com\/fi\/wp-json\/wp\/v2\/types\/page"}],"author":[{"embeddable":true,"href":"https:\/\/www.filtnor.com\/fi\/wp-json\/wp\/v2\/users\/1"}],"replies":[{"embeddable":true,"href":"https:\/\/www.filtnor.com\/fi\/wp-json\/wp\/v2\/comments?post=5476"}],"version-history":[{"count":39,"href":"https:\/\/www.filtnor.com\/fi\/wp-json\/wp\/v2\/pages\/5476\/revisions"}],"predecessor-version":[{"id":6352,"href":"https:\/\/www.filtnor.com\/fi\/wp-json\/wp\/v2\/pages\/5476\/revisions\/6352"}],"up":[{"embeddable":true,"href":"https:\/\/www.filtnor.com\/fi\/wp-json\/wp\/v2\/pages\/4424"}],"wp:attachment":[{"href":"https:\/\/www.filtnor.com\/fi\/wp-json\/wp\/v2\/media?parent=5476"}],"curies":[{"name":"wp","href":"https:\/\/api.w.org\/{rel}","templated":true}]}}