{"id":5211,"date":"2024-09-03T19:35:54","date_gmt":"2024-09-03T17:35:54","guid":{"rendered":"https:\/\/www.filtnor.com\/?page_id=5211"},"modified":"2025-05-12T20:33:04","modified_gmt":"2025-05-12T18:33:04","slug":"plasmahapetin","status":"publish","type":"page","link":"https:\/\/www.filtnor.com\/fi\/tuotteet\/vedenkasittely\/plasmahapetin\/","title":{"rendered":"Plasmahapetin"},"content":{"rendered":"<div class=\"wpb-content-wrapper\"><div class=\"vc_row wpb_row vc_row-fluid vc_custom_1728327317684\"><div class=\"wpb_column vc_column_container vc_col-sm-12 vc_col-lg-6 vc_col-md-6\"><div class=\"vc_column-inner\"><div class=\"wpb_wrapper\"><div class=\"section-title-wrapper shortcode-rand-2 induzy-inline-css\" data-css=\"&quot;.shortcode-rand-2 .title-separator.separator-border { background-color: ; }.shortcode-rand-2 .section-title { text-transform: none; }&quot;\"><div class=\"title-wrap\"><h2 class=\"section-title\">VuOxi <span class=\"title-suffix theme-color\">Plasmahapetin<\/span><\/h2><span class=\"title-separator separator-border theme-color-bg\"><\/span><\/div><!-- .title-wrap --><div class=\"section-description\">Eritt\u00e4in tehokas ja kemikaaliton vedenpuhdistusratkaisu, joka perustuu ei-l\u00e4mp\u00f6plasmateknologiaan ja jolla:<br \/>\n\u2013 <strong>Desinfioida<\/strong><br \/>\n\u2013 <strong>Poistaa hajut<\/strong><br \/>\n\u2013 <strong>Poistaa v\u00e4rj\u00e4ytymi\u00e4<\/strong><\/p>\n<p>Vedenpuhdistus tapahtuu plasmassa tuotetuilla hapettimilla, jotka poistavat tehokkaasti v\u00e4rin, hajun ja orgaaniset j\u00e4\u00e4m\u00e4t samanaikaisesti veden desinfioinnin kanssa. Prosessi on energiatehokas ja automatisoitu, ja t\u00e4m\u00e4 tekee siit\u00e4 erinomaisen vaihtoehdon otsonille, UV-s\u00e4teilylle ja kemialliselle k\u00e4sittelylle.<\/p>\n<p>Joitakin k\u00e4ytt\u00f6alueita:<br \/>\n\u2013 <strong>Teollisuuden saastunut prosessivesi<\/strong><br \/>\n\u2013 <strong>Elintarvikkeiden tuotantoon tarkoitettu vesi<\/strong><br \/>\n\u2013 <strong>Sairaalan j\u00e4tevesi<\/strong><\/p>\n<p>Desinfioinnin ja pahan hajun sek\u00e4 v\u00e4rj\u00e4ytymien poistamisen lis\u00e4ksi plasmaotsodisaattori on my\u00f6s eritt\u00e4in tehokas l\u00e4\u00e4kkeiden ja antibiooteille vastustuskykyisten bakteerien poistamiseen j\u00e4tevedest\u00e4 ja sopii hyvin sairaaloiden ja hoitokotien j\u00e4teveden puhdistukseen ennen kuin vesi johdetaan kunnalliseen viem\u00e4riverkostoon.<\/p>\n<p>&nbsp;<\/p>\n<blockquote><p><em>\u201cPlasmaotsodisaattori on t\u00e4ysimittainen ja ymp\u00e4rist\u00f6yst\u00e4v\u00e4llinen vaihtoehto otsonille ja UV-s\u00e4teilylle.\u201d<\/em><\/p><\/blockquote>\n<p><\/div><!-- .section-description --><\/div><!-- .section-title-wrapper --><div class=\"feature-box-wrapper feature-box-style-1 vc_custom_1719170944067 shortcode-rand-3 induzy-inline-css\" data-css=\"&quot;.shortcode-rand-3.feature-box-wrapper {background: -moz-linear-gradient(141deg,  0%,  51%,  75%);\\r\\n\\t\\t\\t\\tbackground: -webkit-linear-gradient(141deg,  0%,  51%,  75%);\\r\\n\\t\\t\\t\\tbackground: linear-gradient(141deg,  0%,  51%,  75%);}.shortcode-rand-3 .feature-box-icon { font-size: 24px; }.shortcode-rand-3 .feature-box-icon { height: 48px; width: 48px; }.shortcode-rand-3 .feature-box-icon &gt; span { line-height: 2; }.shortcode-rand-3:hover .feature-box-icon { background: none; }&quot;\" ><div class=\"feature-box-btn\"><a class=\"btn default\" href=\"https:\/\/www.filtnor.com\/fi\/ota-meihin-yhteytta\/\" title=\"L\u00c4HET\u00c4 KYSYMYS \u00bb\">L\u00c4HET\u00c4 KYSYMYS \u00bb<\/a><\/div><!-- .feature-box-btn --><\/div><!-- .feature-box-wrapper --><\/div><\/div><\/div><div class=\"wpb_column vc_column_container vc_col-sm-12 vc_col-lg-6 vc_col-md-6\"><div class=\"vc_column-inner\"><div class=\"wpb_wrapper\">\n\t<div  class=\"wpb_single_image wpb_content_element vc_align_left wpb_content_element\">\n\t\t\n\t\t<figure class=\"wpb_wrapper vc_figure\">\n\t\t\t<div class=\"vc_single_image-wrapper   vc_box_border_grey\"><img loading=\"lazy\" decoding=\"async\" width=\"800\" height=\"640\" src=\"https:\/\/www.filtnor.com\/wp-content\/uploads\/2025\/05\/products_water-treatment_plasma-oxidizer-003.png\" class=\"vc_single_image-img attachment-full\" alt=\"Vuoxi-plasmahapetin\" title=\"products_water-treatment_plasma-oxidizer-003\" srcset=\"https:\/\/www.filtnor.com\/wp-content\/uploads\/2025\/05\/products_water-treatment_plasma-oxidizer-003.png 800w, https:\/\/www.filtnor.com\/wp-content\/uploads\/2025\/05\/products_water-treatment_plasma-oxidizer-003-768x614.png 768w, https:\/\/www.filtnor.com\/wp-content\/uploads\/2025\/05\/products_water-treatment_plasma-oxidizer-003-15x12.png 15w, https:\/\/www.filtnor.com\/wp-content\/uploads\/2025\/05\/products_water-treatment_plasma-oxidizer-003-600x480.png 600w\" sizes=\"auto, (max-width: 800px) 100vw, 800px\" \/><\/div>\n\t\t<\/figure>\n\t<\/div>\n<\/div><\/div><\/div><\/div><div class=\"vc_row wpb_row vc_row-fluid vc_custom_1691588774257\"><div class=\"wpb_column vc_column_container vc_col-sm-6\"><div class=\"vc_column-inner\"><div class=\"wpb_wrapper\"><div class=\"section-title-wrapper shortcode-rand-5 induzy-inline-css\" data-css=\"&quot;.shortcode-rand-5 .title-separator.separator-border { background-color: ; }.shortcode-rand-5 .section-title { text-transform: none; }&quot;\"><div class=\"title-wrap\"><h4 class=\"section-title\">Voimakas <span class=\"title-suffix theme-color\">Vedenpuhdistustekniikka<\/span><\/h4><span class=\"title-separator separator-border theme-color-bg\"><\/span><\/div><!-- .title-wrap --><div class=\"section-description\">Vuoxi Plasma Oxidizer\u2122 on tehokas ei-l\u00e4mp\u00f6plasmateknologia teolliseen vedenpuhdistukseen. Plasmassa tuotetut hapettimet poistavat tehokkaasti v\u00e4rin, hajun ja orgaaniset j\u00e4\u00e4m\u00e4t samalla desinfioiden veden. Roxia Plasma Oxidizer (RPO) on erinomainen vedenpuhdistusj\u00e4rjestelm\u00e4, joka on vaihtoehto otsonille, UV-s\u00e4teilylle ja kemialliselle k\u00e4sittelylle.<\/p>\n<h5>V\u00e4lt\u00e4 vaarallisten kemikaalien k\u00e4ytt\u00f6\u00e4<\/h5>\n<p>VuOxi-plasmahapetin (VPO) poistaa tarpeen kuljettaa, varastoida ja k\u00e4sitell\u00e4 korkean riskin kemikaaleja. Ainutlaatuisen teollisuusvedenk\u00e4sittelyteknologiansa ansiosta se k\u00e4ytt\u00e4\u00e4 ei-l\u00e4mp\u00f6plasmaa suorassa kosketuksessa veden kanssa liuenneiden orgaanisten ep\u00e4puhtauksien tuhoamiseksi. T\u00e4m\u00e4 tekee siit\u00e4 paitsi turvallisemman k\u00e4ytt\u00e4jille my\u00f6s ymp\u00e4rist\u00f6yst\u00e4v\u00e4llisemm\u00e4n.<\/p>\n<p><\/div><!-- .section-description --><\/div><!-- .section-title-wrapper --><\/div><\/div><\/div><div class=\"wpb_column vc_column_container vc_col-sm-6\"><div class=\"vc_column-inner\"><div class=\"wpb_wrapper\"><div class=\"section-title-wrapper margin-bottom-30 shortcode-rand-6 induzy-inline-css\" data-css=\"&quot;.shortcode-rand-6 .title-separator.separator-border { background-color: ; }.shortcode-rand-6 .section-title { text-transform: none; }&quot;\"><div class=\"title-wrap\"><h4 class=\"section-title\">Joitakin etuja <span class=\"title-suffix theme-color\">Plasmahapetin<\/span><\/h4><span class=\"title-separator separator-border theme-color-bg\"><\/span><\/div><!-- .title-wrap --><div class=\"section-description\"><\/div><!-- .section-description --><\/div><!-- .section-title-wrapper --><div class=\"list-item-wrapper\" data-css=\"&quot;&quot;\"><div class=\"list-item-inner\" data-css=\"&quot;&quot;\"><div class=\"list-item-title media\"><span class=\"mr-3 icon-light fas fa-check\"><\/span><div class=\"media-body align-self-center list-item-desc\">Ei kemikaalien k\u00e4ytt\u00f6\u00e4<\/div><\/div><!-- .list-item-title --><\/div><!-- .list-item-inner --><div class=\"list-item-inner\" data-css=\"&quot;&quot;\"><div class=\"list-item-title media\"><span class=\"mr-3 icon-light fas fa-check\"><\/span><div class=\"media-body align-self-center list-item-desc\">Alhainen energiankulutus<\/div><\/div><!-- .list-item-title --><\/div><!-- .list-item-inner --><div class=\"list-item-inner\" data-css=\"&quot;&quot;\"><div class=\"list-item-title media\"><span class=\"mr-3 icon-light fas fa-check\"><\/span><div class=\"media-body align-self-center list-item-desc\">T\u00e4ysin automaattinen<\/div><\/div><!-- .list-item-title --><\/div><!-- .list-item-inner --><div class=\"list-item-inner\" data-css=\"&quot;&quot;\"><div class=\"list-item-title media\"><span class=\"mr-3 icon-light fas fa-check\"><\/span><div class=\"media-body align-self-center list-item-desc\">V\u00e4h\u00e4inen huoltotarve<\/div><\/div><!-- .list-item-title --><\/div><!-- .list-item-inner --><\/div><!-- .list-item-wrapper -->\n\t<div class=\"wpb_raw_code wpb_raw_html wpb_content_element\" >\n\t\t<div class=\"wpb_wrapper\">\n\t\t\t<br>\n<div class=\"vc_btn3-container vc_btn3-left vc_do_btn\" ><a style=\"background-color:#6C9E30; color:#ffffff;\" class=\"vc_general vc_btn3 vc_btn3-size-md vc_btn3-shape-rounded vc_btn3-style-custom vc_btn3-icon-left\" href=\"http:\/\/www.filtnor.com\/fi\/vuoxi-plasma-oxidizer-filtnor-25-eng.pdf\/\" title=\"\"><i class=\"vc_btn3-icon fa fa-file-pdf-o\"><\/i> LATAA ESITE<\/a><\/div>\n\t\t<\/div>\n\t<\/div>\n<\/div><\/div><\/div><\/div><div class=\"vc_row wpb_row vc_row-fluid vc_custom_1691588774257\"><div class=\"wpb_column vc_column_container vc_col-sm-6\"><div class=\"vc_column-inner\"><div class=\"wpb_wrapper\"><div class=\"section-title-wrapper shortcode-rand-13 induzy-inline-css\" data-css=\"&quot;.shortcode-rand-13 .title-separator.separator-border { background-color: ; }.shortcode-rand-13 .section-title { text-transform: none; }&quot;\"><div class=\"title-wrap\"><h4 class=\"section-title\">Miten <span class=\"title-suffix theme-color\">Toimiiko plasmahapetin?<\/span><\/h4><span class=\"title-separator separator-border theme-color-bg\"><\/span><\/div><!-- .title-wrap --><div class=\"section-description\">Vuoxi Plasma Oxidizer (RPO) muuttaa suoran plasmahapetuksen teolliseksi tuotteeksi:<\/p>\n<ol>\n<li>K\u00e4sitelty vesi virtaa ei-l\u00e4mp\u00f6plasmakent\u00e4n l\u00e4pi<\/li>\n<li>T\u00e4m\u00e4 luo voimakkaita hapettimia k\u00e4sitellyst\u00e4 vedest\u00e4 ja ymp\u00e4r\u00f6iv\u00e4st\u00e4 ilmasta.<\/li>\n<li>Hapettimet tuhoavat sitten ep\u00e4puhtauksia ja desinfioivat veden pysyv\u00e4sti.<\/li>\n<\/ol>\n<p>&nbsp;<\/p>\n<p>&nbsp;<\/p>\n<p><\/div><!-- .section-description --><\/div><!-- .section-title-wrapper --><\/div><\/div><\/div><div class=\"wpb_column vc_column_container vc_col-sm-6\"><div class=\"vc_column-inner\"><div class=\"wpb_wrapper\">\n\t<div  class=\"wpb_single_image wpb_content_element vc_align_left wpb_content_element\">\n\t\t\n\t\t<figure class=\"wpb_wrapper vc_figure\">\n\t\t\t<div class=\"vc_single_image-wrapper   vc_box_border_grey\"><img loading=\"lazy\" decoding=\"async\" width=\"768\" height=\"456\" src=\"https:\/\/www.filtnor.com\/wp-content\/uploads\/2025\/05\/products_water-treatment_plasma-oxidizer-004-768x456.jpg\" class=\"vc_single_image-img attachment-medium\" alt=\"Plasmahapetin edistyneeseen ei-termiseen plasmahapetukseen.\" title=\"products_water-treatment_plasma-oxidizer-004\" srcset=\"https:\/\/www.filtnor.com\/wp-content\/uploads\/2025\/05\/products_water-treatment_plasma-oxidizer-004-768x456.jpg 768w, https:\/\/www.filtnor.com\/wp-content\/uploads\/2025\/05\/products_water-treatment_plasma-oxidizer-004-1170x694.jpg 1170w, https:\/\/www.filtnor.com\/wp-content\/uploads\/2025\/05\/products_water-treatment_plasma-oxidizer-004-18x12.jpg 18w, https:\/\/www.filtnor.com\/wp-content\/uploads\/2025\/05\/products_water-treatment_plasma-oxidizer-004-440x260.jpg 440w, https:\/\/www.filtnor.com\/wp-content\/uploads\/2025\/05\/products_water-treatment_plasma-oxidizer-004-390x231.jpg 390w, https:\/\/www.filtnor.com\/wp-content\/uploads\/2025\/05\/products_water-treatment_plasma-oxidizer-004-220x130.jpg 220w\" sizes=\"auto, (max-width: 768px) 100vw, 768px\" \/><\/div>\n\t\t<\/figure>\n\t<\/div>\n<\/div><\/div><\/div><\/div><div class=\"vc_row wpb_row vc_row-fluid vc_custom_1691587893368\"><div class=\"wpb_column vc_column_container vc_col-sm-12\"><div class=\"vc_column-inner\"><div class=\"wpb_wrapper\"><div class=\"vc_separator wpb_content_element vc_separator_align_center vc_sep_width_100 vc_sep_dashed vc_sep_pos_align_center vc_separator_no_text wpb_content_element  wpb_content_element\" ><span class=\"vc_sep_holder vc_sep_holder_l\"><span class=\"vc_sep_line\"><\/span><\/span><span class=\"vc_sep_holder vc_sep_holder_r\"><span class=\"vc_sep_line\"><\/span><\/span>\n<\/div><\/div><\/div><\/div><\/div><div data-vc-full-width=\"true\" data-vc-full-width-init=\"false\" class=\"vc_row wpb_row vc_row-fluid additional-call-to-action vc_custom_1691588100630 vc_row-has-fill\"><div class=\"wpb_column vc_column_container vc_col-sm-12\"><div class=\"vc_column-inner\"><div class=\"wpb_wrapper\"><div class=\"vc_row wpb_row vc_inner vc_row-fluid\"><div class=\"wpb_column vc_column_container vc_col-sm-12 vc_col-lg-9 vc_col-md-12\"><div class=\"vc_column-inner\"><div class=\"wpb_wrapper\"><div class=\"feature-box-wrapper feature-box-style-1 shortcode-rand-16 induzy-inline-css feature-list-1\" data-css=\"&quot;.shortcode-rand-16.feature-box-wrapper { color: #000000; }.shortcode-rand-16.feature-box-wrapper {background: -moz-linear-gradient(141deg,  0%,  51%,  75%);\\r\\n\\t\\t\\t\\tbackground: -webkit-linear-gradient(141deg,  0%,  51%,  75%);\\r\\n\\t\\t\\t\\tbackground: linear-gradient(141deg,  0%,  51%,  75%);}.shortcode-rand-16 .feature-box-icon { font-size: 30px; }.shortcode-rand-16 .feature-box-icon { height: 60px; width: 60px; }.shortcode-rand-16 .feature-box-icon &gt; span { line-height: 2; }.shortcode-rand-16:hover .feature-box-icon { background: none; }&quot;\" ><div class=\"fbox-list\"><div class=\"media\"><div class=\"feature-box-icon mr-3 text-center rounded-circle none\"><span class=\"\"><\/span><\/div><!-- .feature-box-icon --><div class=\"media-body\"><div class=\"feature-box-title\"><h4 class=\"section-title\">Etk\u00f6 l\u00f6yd\u00e4 etsim\u00e4\u00e4si?<\/h4><\/div><!-- .feature-box-title --><div class=\"feature-box-content\">Ota yhteytt\u00e4, niin autamme sinua l\u00f6yt\u00e4m\u00e4\u00e4n sen!<\/div><!-- .feature-box-content --><\/div><\/div><\/div><\/div><!-- .feature-box-wrapper --><\/div><\/div><\/div><div class=\"wpb_column vc_column_container vc_col-sm-12 vc_col-lg-3 vc_col-md-12\"><div class=\"vc_column-inner vc_custom_1691588352947\"><div class=\"wpb_wrapper\"><div class=\"vc_btn3-container  additional-btn vc_btn3-right vc_custom_1719171031114 vc_do_btn\" ><a style=\"background-color:#06295e; color:#ffffff;\" class=\"vc_general vc_btn3 vc_btn3-size-md vc_btn3-shape-rounded vc_btn3-style-custom\" href=\"https:\/\/www.filtnor.com\/fi\/ota-meihin-yhteytta\/\" title=\"Ota yhteytt\u00e4\">L\u00c4HET\u00c4 KYSYMYS \u00bb<\/a><\/div><\/div><\/div><\/div><\/div><\/div><\/div><\/div><\/div><div class=\"vc_row-full-width vc_clearfix\"><\/div>\n<\/div>","protected":false},"excerpt":{"rendered":"VuOxi-plasmahapetinEritt\u00e4in tehokas ja kemikaaliton vedenpuhdistusratkaisu, joka perustuu ei-l\u00e4mp\u00f6plasmateknologiaan ja jolla voi: - Desinfioida - Poistaa hajuja - Poistaa v\u00e4rj\u00e4ytymi\u00e4 Veden puhdistus tapahtuu plasman tuottamilla hapettimilla, jotka poistavat tehokkaasti v\u00e4rin, hajun ja orgaaniset j\u00e4\u00e4m\u00e4t samanaikaisesti veden desinfioinnin kanssa. Prosessi on energiatehokas.","protected":false},"author":1,"featured_media":0,"parent":3996,"menu_order":0,"comment_status":"closed","ping_status":"closed","template":"","meta":{"om_disable_all_campaigns":false,"footnotes":""},"class_list":["post-5211","page","type-page","status-publish","hentry"],"yoast_head":"<!-- This site is optimized with the Yoast SEO Premium plugin v26.1 (Yoast SEO v27.4) - https:\/\/yoast.com\/product\/yoast-seo-premium-wordpress\/ -->\n<title>Plasma Oxidizer - Filtnor<\/title>\n<meta name=\"description\" content=\"Vuoxi plasma oxidizer for industrial water treatment uses plasma technology to disinfecting water and remove colour and smell.\" \/>\n<meta name=\"robots\" content=\"index, follow, max-snippet:-1, max-image-preview:large, max-video-preview:-1\" \/>\n<link rel=\"canonical\" href=\"https:\/\/www.filtnor.com\/fi\/tuotteet\/vedenkasittely\/plasmahapetin\/\" \/>\n<meta property=\"og:locale\" content=\"fi_FI\" \/>\n<meta property=\"og:type\" content=\"article\" \/>\n<meta property=\"og:title\" content=\"Plasma Oxidizer\" \/>\n<meta property=\"og:description\" content=\"Vuoxi plasma oxidizer for industrial water treatment uses plasma technology to disinfecting water and remove colour and smell.\" \/>\n<meta property=\"og:url\" content=\"https:\/\/www.filtnor.com\/fi\/tuotteet\/vedenkasittely\/plasmahapetin\/\" \/>\n<meta property=\"og:site_name\" content=\"Filtnor\" \/>\n<meta property=\"article:modified_time\" content=\"2025-05-12T18:33:04+00:00\" \/>\n<meta name=\"twitter:card\" content=\"summary_large_image\" \/>\n<meta name=\"twitter:label1\" content=\"Arvioitu lukuaika\" \/>\n\t<meta name=\"twitter:data1\" content=\"3 minuuttia\" \/>\n<script type=\"application\/ld+json\" class=\"yoast-schema-graph\">{\"@context\":\"https:\\\/\\\/schema.org\",\"@graph\":[{\"@type\":\"WebPage\",\"@id\":\"https:\\\/\\\/www.filtnor.com\\\/products\\\/water-treatment\\\/plasma-oxidizer\\\/\",\"url\":\"https:\\\/\\\/www.filtnor.com\\\/products\\\/water-treatment\\\/plasma-oxidizer\\\/\",\"name\":\"Plasma Oxidizer - Filtnor\",\"isPartOf\":{\"@id\":\"https:\\\/\\\/www.filtnor.com\\\/#website\"},\"datePublished\":\"2024-09-03T17:35:54+00:00\",\"dateModified\":\"2025-05-12T18:33:04+00:00\",\"description\":\"Vuoxi plasma oxidizer for industrial water treatment uses plasma technology to disinfecting water and remove colour and smell.\",\"breadcrumb\":{\"@id\":\"https:\\\/\\\/www.filtnor.com\\\/products\\\/water-treatment\\\/plasma-oxidizer\\\/#breadcrumb\"},\"inLanguage\":\"fi\",\"potentialAction\":[{\"@type\":\"ReadAction\",\"target\":[\"https:\\\/\\\/www.filtnor.com\\\/products\\\/water-treatment\\\/plasma-oxidizer\\\/\"]}]},{\"@type\":\"BreadcrumbList\",\"@id\":\"https:\\\/\\\/www.filtnor.com\\\/products\\\/water-treatment\\\/plasma-oxidizer\\\/#breadcrumb\",\"itemListElement\":[{\"@type\":\"ListItem\",\"position\":1,\"name\":\"Home\",\"item\":\"https:\\\/\\\/www.filtnor.com\\\/\"},{\"@type\":\"ListItem\",\"position\":2,\"name\":\"Product groups from Filtnor\",\"item\":\"https:\\\/\\\/www.filtnor.com\\\/products\\\/\"},{\"@type\":\"ListItem\",\"position\":3,\"name\":\"Water treatment\",\"item\":\"https:\\\/\\\/www.filtnor.com\\\/products\\\/water-treatment\\\/\"},{\"@type\":\"ListItem\",\"position\":4,\"name\":\"Plasma Oxidizer\"}]},{\"@type\":\"WebSite\",\"@id\":\"https:\\\/\\\/www.filtnor.com\\\/#website\",\"url\":\"https:\\\/\\\/www.filtnor.com\\\/\",\"name\":\"Filtnor\",\"description\":\"Filtration you can trust. Performance that lasts.\",\"potentialAction\":[{\"@type\":\"SearchAction\",\"target\":{\"@type\":\"EntryPoint\",\"urlTemplate\":\"https:\\\/\\\/www.filtnor.com\\\/?s={search_term_string}\"},\"query-input\":{\"@type\":\"PropertyValueSpecification\",\"valueRequired\":true,\"valueName\":\"search_term_string\"}}],\"inLanguage\":\"fi\"}]}<\/script>\n<!-- \/ Yoast SEO Premium plugin. -->","yoast_head_json":{"title":"Plasmahapetin - Filtnor","description":"Vuoxi-plasmahapetin teollisuusveden k\u00e4sittelyyn k\u00e4ytt\u00e4\u00e4 plasmateknologiaa veden desinfiointiin ja v\u00e4rin ja hajun poistamiseen.","robots":{"index":"index","follow":"follow","max-snippet":"max-snippet:-1","max-image-preview":"max-image-preview:large","max-video-preview":"max-video-preview:-1"},"canonical":"https:\/\/www.filtnor.com\/fi\/tuotteet\/vedenkasittely\/plasmahapetin\/","og_locale":"fi_FI","og_type":"article","og_title":"Plasma Oxidizer","og_description":"Vuoxi plasma oxidizer for industrial water treatment uses plasma technology to disinfecting water and remove colour and smell.","og_url":"https:\/\/www.filtnor.com\/fi\/tuotteet\/vedenkasittely\/plasmahapetin\/","og_site_name":"Filtnor","article_modified_time":"2025-05-12T18:33:04+00:00","twitter_card":"summary_large_image","twitter_misc":{"Arvioitu lukuaika":"3 minuuttia"},"schema":{"@context":"https:\/\/schema.org","@graph":[{"@type":"WebPage","@id":"https:\/\/www.filtnor.com\/products\/water-treatment\/plasma-oxidizer\/","url":"https:\/\/www.filtnor.com\/products\/water-treatment\/plasma-oxidizer\/","name":"Plasmahapetin - Filtnor","isPartOf":{"@id":"https:\/\/www.filtnor.com\/#website"},"datePublished":"2024-09-03T17:35:54+00:00","dateModified":"2025-05-12T18:33:04+00:00","description":"Vuoxi-plasmahapetin teollisuusveden k\u00e4sittelyyn k\u00e4ytt\u00e4\u00e4 plasmateknologiaa veden desinfiointiin ja v\u00e4rin ja hajun poistamiseen.","breadcrumb":{"@id":"https:\/\/www.filtnor.com\/products\/water-treatment\/plasma-oxidizer\/#breadcrumb"},"inLanguage":"fi","potentialAction":[{"@type":"ReadAction","target":["https:\/\/www.filtnor.com\/products\/water-treatment\/plasma-oxidizer\/"]}]},{"@type":"BreadcrumbList","@id":"https:\/\/www.filtnor.com\/products\/water-treatment\/plasma-oxidizer\/#breadcrumb","itemListElement":[{"@type":"ListItem","position":1,"name":"Home","item":"https:\/\/www.filtnor.com\/"},{"@type":"ListItem","position":2,"name":"Product groups from Filtnor","item":"https:\/\/www.filtnor.com\/products\/"},{"@type":"ListItem","position":3,"name":"Water treatment","item":"https:\/\/www.filtnor.com\/products\/water-treatment\/"},{"@type":"ListItem","position":4,"name":"Plasma Oxidizer"}]},{"@type":"WebSite","@id":"https:\/\/www.filtnor.com\/#website","url":"https:\/\/www.filtnor.com\/","name":"Filtnor","description":"Suodatus, johon voit luottaa. Suorituskyky\u00e4, joka kest\u00e4\u00e4.","potentialAction":[{"@type":"SearchAction","target":{"@type":"EntryPoint","urlTemplate":"https:\/\/www.filtnor.com\/?s={search_term_string}"},"query-input":{"@type":"PropertyValueSpecification","valueRequired":true,"valueName":"search_term_string"}}],"inLanguage":"fi"}]}},"_links":{"self":[{"href":"https:\/\/www.filtnor.com\/fi\/wp-json\/wp\/v2\/pages\/5211","targetHints":{"allow":["GET"]}}],"collection":[{"href":"https:\/\/www.filtnor.com\/fi\/wp-json\/wp\/v2\/pages"}],"about":[{"href":"https:\/\/www.filtnor.com\/fi\/wp-json\/wp\/v2\/types\/page"}],"author":[{"embeddable":true,"href":"https:\/\/www.filtnor.com\/fi\/wp-json\/wp\/v2\/users\/1"}],"replies":[{"embeddable":true,"href":"https:\/\/www.filtnor.com\/fi\/wp-json\/wp\/v2\/comments?post=5211"}],"version-history":[{"count":31,"href":"https:\/\/www.filtnor.com\/fi\/wp-json\/wp\/v2\/pages\/5211\/revisions"}],"predecessor-version":[{"id":5405,"href":"https:\/\/www.filtnor.com\/fi\/wp-json\/wp\/v2\/pages\/5211\/revisions\/5405"}],"up":[{"embeddable":true,"href":"https:\/\/www.filtnor.com\/fi\/wp-json\/wp\/v2\/pages\/3996"}],"wp:attachment":[{"href":"https:\/\/www.filtnor.com\/fi\/wp-json\/wp\/v2\/media?parent=5211"}],"curies":[{"name":"wp","href":"https:\/\/api.w.org\/{rel}","templated":true}]}}