{"id":4464,"date":"2024-05-22T17:36:26","date_gmt":"2024-05-22T16:36:26","guid":{"rendered":"https:\/\/www.filtnor.no\/?page_id=4464"},"modified":"2025-06-13T11:33:17","modified_gmt":"2025-06-13T09:33:17","slug":"kasikaapimia","status":"publish","type":"page","link":"https:\/\/www.filtnor.com\/fi\/tuotteet\/suodatus\/vedenpoistojarjestelmat\/suodatinpuristimet-2\/suodatinpuristimet\/suodatinpuristin-varaosat\/kasikaapimia\/","title":{"rendered":"K\u00e4sikaapimet"},"content":{"rendered":"<div class=\"wpb-content-wrapper\"><div class=\"vc_row wpb_row vc_row-fluid vc_custom_1691587735553\"><div class=\"wpb_column vc_column_container vc_col-sm-12 vc_col-lg-6 vc_col-md-6\"><div class=\"vc_column-inner\"><div class=\"wpb_wrapper\"><div class=\"section-title-wrapper shortcode-rand-2 induzy-inline-css\" data-css=\"&quot;.shortcode-rand-2 .title-separator.separator-border { background-color: ; }.shortcode-rand-2 .section-title { text-transform: none; }&quot;\"><div class=\"title-wrap\"><h2 class=\"section-title\">K\u00e4sikaapimet <span class=\"title-suffix theme-color\">suodatinkakun poistoon<\/span><\/h2><span class=\"title-separator separator-border theme-color-bg\"><\/span><\/div><!-- .title-wrap --><div class=\"section-description\"><\/p>\n<h4>Hell\u00e4varainen nailonsuodatinpuristinkaavin<\/h4>\n<p>Suodatinpuristimen kaavin on valmistettu pehme\u00e4st\u00e4 ja kest\u00e4v\u00e4st\u00e4 nailonmateriaalista, joka on suunniteltu suojaamaan sek\u00e4 suodatinkankaita ett\u00e4 suodatinlevyj\u00e4 vaurioilta puhdistuksen aikana. T\u00e4m\u00e4 pakollinen ty\u00f6kalu jokaiselle suodatinpuristimen k\u00e4ytt\u00e4j\u00e4lle mahdollistaa suodatinkakun ja roskien nopean ja tehokkaan poistamisen.<\/p>\n<p><strong>Pid\u00e4 ainakin yksi kaavin k\u00e4sill\u00e4<\/strong> varmistaaksesi suodatuskomponenttiesi sujuvan toiminnan, v\u00e4hentyneen kulumisen ja pidemm\u00e4n k\u00e4ytt\u00f6i\u00e4n.<\/div><!-- .section-description --><\/div><!-- .section-title-wrapper --><div class=\"feature-box-wrapper feature-box-style-1 vc_custom_1745310958445 shortcode-rand-3 induzy-inline-css\" data-css=\"&quot;.shortcode-rand-3.feature-box-wrapper {background: -moz-linear-gradient(141deg,  0%,  51%,  75%);\\r\\n\\t\\t\\t\\tbackground: -webkit-linear-gradient(141deg,  0%,  51%,  75%);\\r\\n\\t\\t\\t\\tbackground: linear-gradient(141deg,  0%,  51%,  75%);}.shortcode-rand-3 .feature-box-icon { font-size: 24px; }.shortcode-rand-3 .feature-box-icon { height: 48px; width: 48px; }.shortcode-rand-3 .feature-box-icon &gt; span { line-height: 2; }.shortcode-rand-3:hover .feature-box-icon { background: none; }&quot;\" ><div class=\"feature-box-btn\"><a class=\"btn default\" href=\"https:\/\/www.filtnor.com\/fi\/ota-meihin-yhteytta\/\" title=\"L\u00c4HET\u00c4 KYSYMYS \u00bb\">L\u00c4HET\u00c4 KYSYMYS \u00bb<\/a><\/div><!-- .feature-box-btn --><\/div><!-- .feature-box-wrapper --><\/div><\/div><\/div><div class=\"wpb_column vc_column_container vc_col-sm-12 vc_col-lg-6 vc_col-md-6\"><div class=\"vc_column-inner\"><div class=\"wpb_wrapper\">\n\t<div  class=\"wpb_single_image wpb_content_element vc_align_left wpb_content_element\">\n\t\t\n\t\t<figure class=\"wpb_wrapper vc_figure\">\n\t\t\t<div class=\"vc_single_image-wrapper   vc_box_border_grey\"><img loading=\"lazy\" decoding=\"async\" width=\"661\" height=\"372\" src=\"https:\/\/www.filtnor.com\/wp-content\/uploads\/2024\/06\/products_filtration_filter-spare-parts_hand-scrapers-01.png\" class=\"vc_single_image-img attachment-full\" alt=\"K\u00e4sikaapimet suodatinkakun poistamiseksi painesuodattimista\" title=\"products_filtration_filter-spare-osat_k\u00e4sikaapimet-01\" srcset=\"https:\/\/www.filtnor.com\/wp-content\/uploads\/2024\/06\/products_filtration_filter-spare-parts_hand-scrapers-01.png 661w, https:\/\/www.filtnor.com\/wp-content\/uploads\/2024\/06\/products_filtration_filter-spare-parts_hand-scrapers-01-18x10.png 18w, https:\/\/www.filtnor.com\/wp-content\/uploads\/2024\/06\/products_filtration_filter-spare-parts_hand-scrapers-01-600x338.png 600w\" sizes=\"auto, (max-width: 661px) 100vw, 661px\" \/><\/div>\n\t\t<\/figure>\n\t<\/div>\n<\/div><\/div><\/div><\/div><div class=\"vc_row wpb_row vc_row-fluid vc_custom_1691588774257\"><div class=\"wpb_column vc_column_container vc_col-sm-6\"><div class=\"vc_column-inner\"><div class=\"wpb_wrapper\"><div class=\"section-title-wrapper shortcode-rand-5 induzy-inline-css\" data-css=\"&quot;.shortcode-rand-5 .title-separator.separator-border { background-color: ; }.shortcode-rand-5 .section-title { text-transform: none; }&quot;\"><div class=\"title-wrap\"><h4 class=\"section-title\">Lyhytvartinen <span class=\"title-suffix theme-color\">\/ Pitk\u00e4vartinen<\/span><\/h4><span class=\"title-separator separator-border theme-color-bg\"><\/span><\/div><!-- .title-wrap --><div class=\"section-description\">K\u00e4sikaapimemme ovat v\u00e4ltt\u00e4m\u00e4tt\u00f6mi\u00e4 ty\u00f6kaluja suodatinkakun ja roskien manuaaliseen poistamiseen painesuodattimista. N\u00e4m\u00e4 kaapimet on suunniteltu suojaamaan sek\u00e4 suodatinkankaita ett\u00e4 suodatinlevyj\u00e4, ja ne auttavat yll\u00e4pit\u00e4m\u00e4\u00e4n tehokasta toimintaa ja pident\u00e4m\u00e4\u00e4n suodatuslaitteistosi k\u00e4ytt\u00f6ik\u00e4\u00e4.<\/p>\n<p><strong>Saatavilla kahtena versiona:<\/strong><br \/>\n\u2013 Lyhytvartinen kaavin \u2013 Ihanteellinen l\u00e4helle teht\u00e4v\u00e4\u00e4n ja yksityiskohtaiseen puhdistukseen, jossa tarvitaan tarkkuutta.<br \/>\n\u2013 Pitk\u00e4vartinen kaavin \u2013 T\u00e4ydellinen syvemmille alueille ulottumiseen tai suurempien suodatinpuristimien kanssa ty\u00f6skentelyyn.<\/p>\n<p>Pehmeist\u00e4 ja vahingoittumattomista materiaaleista valmistetut kaapimet on rakennettu turvalliseen ja tehokkaaseen k\u00e4ytt\u00f6\u00f6n vaativissa teollisuusymp\u00e4rist\u00f6iss\u00e4.<\/div><!-- .section-description --><\/div><!-- .section-title-wrapper --><\/div><\/div><\/div><div class=\"wpb_column vc_column_container vc_col-sm-6\"><div class=\"vc_column-inner\"><div class=\"wpb_wrapper\"><div class=\"section-title-wrapper margin-bottom-30 shortcode-rand-6 induzy-inline-css\" data-css=\"&quot;.shortcode-rand-6 .title-separator.separator-border { background-color: ; }.shortcode-rand-6 .section-title { text-transform: none; }&quot;\"><div class=\"title-wrap\"><h4 class=\"section-title\">T\u00e4rkeimm\u00e4t ominaisuudet <span class=\"title-suffix theme-color\">ja tekniset tiedot<\/span><\/h4><span class=\"title-separator separator-border theme-color-bg\"><\/span><\/div><!-- .title-wrap --><div class=\"section-description\"><\/div><!-- .section-description --><\/div><!-- .section-title-wrapper --><div class=\"list-item-wrapper\" data-css=\"&quot;&quot;\"><div class=\"list-item-inner\" data-css=\"&quot;&quot;\"><div class=\"list-item-title media\"><span class=\"mr-3 icon-light fa fa-solid fa-check\"><\/span><div class=\"media-body align-self-center list-item-desc\">Materiaali: Hell\u00e4varainen nailon, joka est\u00e4\u00e4 suodatinkomponenttien vaurioitumisen<\/div><\/div><!-- .list-item-title --><\/div><!-- .list-item-inner --><div class=\"list-item-inner\" data-css=\"&quot;&quot;\"><div class=\"list-item-title media\"><span class=\"mr-3 icon-light fa fa-solid fa-check\"><\/span><div class=\"media-body align-self-center list-item-desc\">Ergonominen kahva mukavaan k\u00e4ytt\u00f6\u00f6n<\/div><\/div><!-- .list-item-title --><\/div><!-- .list-item-inner --><div class=\"list-item-inner\" data-css=\"&quot;&quot;\"><div class=\"list-item-title media\"><span class=\"mr-3 icon-light fa fa-solid fa-check\"><\/span><div class=\"media-body align-self-center list-item-desc\">Kevyt ja helppo k\u00e4sitell\u00e4<\/div><\/div><!-- .list-item-title --><\/div><!-- .list-item-inner --><div class=\"list-item-inner\" data-css=\"&quot;&quot;\"><div class=\"list-item-title media\"><span class=\"mr-3 icon-light fa fa-solid fa-check\"><\/span><div class=\"media-body align-self-center list-item-desc\">Sopii kaikkiin yleisiin suodatinpuristinmalleihin<\/div><\/div><!-- .list-item-title --><\/div><!-- .list-item-inner --><\/div><!-- .list-item-wrapper --><\/div><\/div><\/div><\/div><div data-vc-full-width=\"true\" data-vc-full-width-init=\"false\" class=\"vc_row wpb_row vc_row-fluid additional-call-to-action vc_custom_1691588100630 vc_row-has-fill\"><div class=\"wpb_column vc_column_container vc_col-sm-12\"><div class=\"vc_column-inner\"><div class=\"wpb_wrapper\"><div class=\"vc_row wpb_row vc_inner vc_row-fluid\"><div class=\"wpb_column vc_column_container vc_col-sm-12 vc_col-lg-9 vc_col-md-12\"><div class=\"vc_column-inner\"><div class=\"wpb_wrapper\"><div class=\"feature-box-wrapper feature-box-style-1 shortcode-rand-13 induzy-inline-css feature-list-1\" data-css=\"&quot;.shortcode-rand-13.feature-box-wrapper { color: #000000; }.shortcode-rand-13.feature-box-wrapper {background: -moz-linear-gradient(141deg,  0%,  51%,  75%);\\r\\n\\t\\t\\t\\tbackground: -webkit-linear-gradient(141deg,  0%,  51%,  75%);\\r\\n\\t\\t\\t\\tbackground: linear-gradient(141deg,  0%,  51%,  75%);}.shortcode-rand-13 .feature-box-icon { font-size: 30px; }.shortcode-rand-13 .feature-box-icon { height: 60px; width: 60px; }.shortcode-rand-13 .feature-box-icon &gt; span { line-height: 2; }.shortcode-rand-13:hover .feature-box-icon { background: none; }&quot;\" ><div class=\"fbox-list\"><div class=\"media\"><div class=\"feature-box-icon mr-3 text-center rounded-circle none\"><span class=\"\"><\/span><\/div><!-- .feature-box-icon --><div class=\"media-body\"><div class=\"feature-box-title\"><h4 class=\"section-title\">Etk\u00f6 l\u00f6yd\u00e4 etsim\u00e4\u00e4si?<\/h4><\/div><!-- .feature-box-title --><div class=\"feature-box-content\">Ota yhteytt\u00e4, niin autamme sinua l\u00f6yt\u00e4m\u00e4\u00e4n sen!<\/div><!-- .feature-box-content --><\/div><\/div><\/div><\/div><!-- .feature-box-wrapper --><\/div><\/div><\/div><div class=\"wpb_column vc_column_container vc_col-sm-12 vc_col-lg-3 vc_col-md-12\"><div class=\"vc_column-inner vc_custom_1691588352947\"><div class=\"wpb_wrapper\"><div class=\"vc_btn3-container  additional-btn vc_btn3-right vc_custom_1745313281949 vc_do_btn\" ><a style=\"background-color:#06295e; color:#ffffff;\" class=\"vc_general vc_btn3 vc_btn3-size-md vc_btn3-shape-rounded vc_btn3-style-custom\" href=\"https:\/\/www.filtnor.com\/fi\/ota-meihin-yhteytta\/\" title=\"Ota yhteytt\u00e4\">L\u00c4HET\u00c4 KYSYMYS \u00bb<\/a><\/div><\/div><\/div><\/div><\/div><\/div><\/div><\/div><\/div><div class=\"vc_row-full-width vc_clearfix\"><\/div>\n<\/div>","protected":false},"excerpt":{"rendered":"K\u00e4sikaapimet suodatinkakun poistoon Hell\u00e4varainen nailoninen suodatinpuristimen kaavin Suodatinpuristimen kaavin on valmistettu pehme\u00e4st\u00e4 ja kest\u00e4v\u00e4st\u00e4 nailonmateriaalista, joka on suunniteltu suojaamaan sek\u00e4 suodatinkankaita ett\u00e4 suodatinlevyj\u00e4 vaurioilta puhdistuksen aikana. Pakollinen ty\u00f6kalu jokaiselle suodatinpuristimen k\u00e4ytt\u00e4j\u00e4lle, se mahdollistaa suodatinkakun nopean ja tehokkaan poistamisen.","protected":false},"author":1,"featured_media":0,"parent":5505,"menu_order":0,"comment_status":"closed","ping_status":"closed","template":"","meta":{"om_disable_all_campaigns":false,"footnotes":""},"class_list":["post-4464","page","type-page","status-publish","hentry"],"yoast_head":"<!-- This site is optimized with the Yoast SEO Premium plugin v26.1 (Yoast SEO v27.4) - https:\/\/yoast.com\/product\/yoast-seo-premium-wordpress\/ -->\n<title>Hand Scrapers - Filtnor<\/title>\n<meta name=\"description\" content=\"Durable hand scrapers for safe and effective filter cake removal on pressure filters. Available in short and long handle versions. Protects filter cloths and plates.\" \/>\n<meta name=\"robots\" content=\"index, follow, max-snippet:-1, max-image-preview:large, max-video-preview:-1\" \/>\n<link rel=\"canonical\" href=\"https:\/\/www.filtnor.com\/fi\/tuotteet\/suodatus\/vedenpoistojarjestelmat\/suodatinpuristimet-2\/suodatinpuristimet\/suodatinpuristin-varaosat\/kasikaapimia\/\" \/>\n<meta property=\"og:locale\" content=\"fi_FI\" \/>\n<meta property=\"og:type\" content=\"article\" \/>\n<meta property=\"og:title\" content=\"Hand Scrapers\" \/>\n<meta property=\"og:description\" content=\"Durable hand scrapers for safe and effective filter cake removal on pressure filters. Available in short and long handle versions. Protects filter cloths and plates.\" \/>\n<meta property=\"og:url\" content=\"https:\/\/www.filtnor.com\/fi\/tuotteet\/suodatus\/vedenpoistojarjestelmat\/suodatinpuristimet-2\/suodatinpuristimet\/suodatinpuristin-varaosat\/kasikaapimia\/\" \/>\n<meta property=\"og:site_name\" content=\"Filtnor\" \/>\n<meta property=\"article:modified_time\" content=\"2025-06-13T09:33:17+00:00\" \/>\n<meta name=\"twitter:card\" content=\"summary_large_image\" \/>\n<meta name=\"twitter:label1\" content=\"Arvioitu lukuaika\" \/>\n\t<meta name=\"twitter:data1\" content=\"2 minuuttia\" \/>\n<script type=\"application\/ld+json\" class=\"yoast-schema-graph\">{\"@context\":\"https:\\\/\\\/schema.org\",\"@graph\":[{\"@type\":\"WebPage\",\"@id\":\"https:\\\/\\\/www.filtnor.com\\\/products\\\/filtration\\\/dewatering-systems\\\/pressure-filters\\\/filter-presses\\\/filter-press-spare-parts\\\/hand-scrapers\\\/\",\"url\":\"https:\\\/\\\/www.filtnor.com\\\/products\\\/filtration\\\/dewatering-systems\\\/pressure-filters\\\/filter-presses\\\/filter-press-spare-parts\\\/hand-scrapers\\\/\",\"name\":\"Hand Scrapers - Filtnor\",\"isPartOf\":{\"@id\":\"https:\\\/\\\/www.filtnor.com\\\/#website\"},\"datePublished\":\"2024-05-22T16:36:26+00:00\",\"dateModified\":\"2025-06-13T09:33:17+00:00\",\"description\":\"Durable hand scrapers for safe and effective filter cake removal on pressure filters. Available in short and long handle versions. Protects filter cloths and plates.\",\"breadcrumb\":{\"@id\":\"https:\\\/\\\/www.filtnor.com\\\/products\\\/filtration\\\/dewatering-systems\\\/pressure-filters\\\/filter-presses\\\/filter-press-spare-parts\\\/hand-scrapers\\\/#breadcrumb\"},\"inLanguage\":\"fi\",\"potentialAction\":[{\"@type\":\"ReadAction\",\"target\":[\"https:\\\/\\\/www.filtnor.com\\\/products\\\/filtration\\\/dewatering-systems\\\/pressure-filters\\\/filter-presses\\\/filter-press-spare-parts\\\/hand-scrapers\\\/\"]}]},{\"@type\":\"BreadcrumbList\",\"@id\":\"https:\\\/\\\/www.filtnor.com\\\/products\\\/filtration\\\/dewatering-systems\\\/pressure-filters\\\/filter-presses\\\/filter-press-spare-parts\\\/hand-scrapers\\\/#breadcrumb\",\"itemListElement\":[{\"@type\":\"ListItem\",\"position\":1,\"name\":\"Home\",\"item\":\"https:\\\/\\\/www.filtnor.com\\\/\"},{\"@type\":\"ListItem\",\"position\":2,\"name\":\"Product groups from Filtnor\",\"item\":\"https:\\\/\\\/www.filtnor.com\\\/products\\\/\"},{\"@type\":\"ListItem\",\"position\":3,\"name\":\"Filtration\",\"item\":\"https:\\\/\\\/www.filtnor.com\\\/products\\\/filtration\\\/\"},{\"@type\":\"ListItem\",\"position\":4,\"name\":\"Dewatering Systems\",\"item\":\"https:\\\/\\\/www.filtnor.com\\\/products\\\/filtration\\\/dewatering-systems\\\/\"},{\"@type\":\"ListItem\",\"position\":5,\"name\":\"Pressure filters\",\"item\":\"https:\\\/\\\/www.filtnor.com\\\/products\\\/filtration\\\/dewatering-systems\\\/pressure-filters\\\/\"},{\"@type\":\"ListItem\",\"position\":6,\"name\":\"Filter presses\",\"item\":\"https:\\\/\\\/www.filtnor.com\\\/products\\\/filtration\\\/dewatering-systems\\\/pressure-filters\\\/filter-presses\\\/\"},{\"@type\":\"ListItem\",\"position\":7,\"name\":\"Filter Press Spare Parts\",\"item\":\"https:\\\/\\\/www.filtnor.com\\\/products\\\/filtration\\\/dewatering-systems\\\/pressure-filters\\\/filter-presses\\\/filter-press-spare-parts\\\/\"},{\"@type\":\"ListItem\",\"position\":8,\"name\":\"Hand Scrapers\"}]},{\"@type\":\"WebSite\",\"@id\":\"https:\\\/\\\/www.filtnor.com\\\/#website\",\"url\":\"https:\\\/\\\/www.filtnor.com\\\/\",\"name\":\"Filtnor\",\"description\":\"Filtration you can trust. Performance that lasts.\",\"potentialAction\":[{\"@type\":\"SearchAction\",\"target\":{\"@type\":\"EntryPoint\",\"urlTemplate\":\"https:\\\/\\\/www.filtnor.com\\\/?s={search_term_string}\"},\"query-input\":{\"@type\":\"PropertyValueSpecification\",\"valueRequired\":true,\"valueName\":\"search_term_string\"}}],\"inLanguage\":\"fi\"}]}<\/script>\n<!-- \/ Yoast SEO Premium plugin. -->","yoast_head_json":{"title":"K\u00e4sikaapimet - Filtnor","description":"Kest\u00e4v\u00e4t k\u00e4sikaapimet suodatinkakun turvalliseen ja tehokkaaseen poistamiseen painesuodattimista. Saatavilla lyhyt- ja pitk\u00e4vartisina versioina. Suojaa suodatinkankaita ja -levyj\u00e4.","robots":{"index":"index","follow":"follow","max-snippet":"max-snippet:-1","max-image-preview":"max-image-preview:large","max-video-preview":"max-video-preview:-1"},"canonical":"https:\/\/www.filtnor.com\/fi\/tuotteet\/suodatus\/vedenpoistojarjestelmat\/suodatinpuristimet-2\/suodatinpuristimet\/suodatinpuristin-varaosat\/kasikaapimia\/","og_locale":"fi_FI","og_type":"article","og_title":"Hand Scrapers","og_description":"Durable hand scrapers for safe and effective filter cake removal on pressure filters. Available in short and long handle versions. Protects filter cloths and plates.","og_url":"https:\/\/www.filtnor.com\/fi\/tuotteet\/suodatus\/vedenpoistojarjestelmat\/suodatinpuristimet-2\/suodatinpuristimet\/suodatinpuristin-varaosat\/kasikaapimia\/","og_site_name":"Filtnor","article_modified_time":"2025-06-13T09:33:17+00:00","twitter_card":"summary_large_image","twitter_misc":{"Arvioitu lukuaika":"2 minuuttia"},"schema":{"@context":"https:\/\/schema.org","@graph":[{"@type":"WebPage","@id":"https:\/\/www.filtnor.com\/products\/filtration\/dewatering-systems\/pressure-filters\/filter-presses\/filter-press-spare-parts\/hand-scrapers\/","url":"https:\/\/www.filtnor.com\/products\/filtration\/dewatering-systems\/pressure-filters\/filter-presses\/filter-press-spare-parts\/hand-scrapers\/","name":"K\u00e4sikaapimet - Filtnor","isPartOf":{"@id":"https:\/\/www.filtnor.com\/#website"},"datePublished":"2024-05-22T16:36:26+00:00","dateModified":"2025-06-13T09:33:17+00:00","description":"Kest\u00e4v\u00e4t k\u00e4sikaapimet suodatinkakun turvalliseen ja tehokkaaseen poistamiseen painesuodattimista. Saatavilla lyhyt- ja pitk\u00e4vartisina versioina. Suojaa suodatinkankaita ja -levyj\u00e4.","breadcrumb":{"@id":"https:\/\/www.filtnor.com\/products\/filtration\/dewatering-systems\/pressure-filters\/filter-presses\/filter-press-spare-parts\/hand-scrapers\/#breadcrumb"},"inLanguage":"fi","potentialAction":[{"@type":"ReadAction","target":["https:\/\/www.filtnor.com\/products\/filtration\/dewatering-systems\/pressure-filters\/filter-presses\/filter-press-spare-parts\/hand-scrapers\/"]}]},{"@type":"BreadcrumbList","@id":"https:\/\/www.filtnor.com\/products\/filtration\/dewatering-systems\/pressure-filters\/filter-presses\/filter-press-spare-parts\/hand-scrapers\/#breadcrumb","itemListElement":[{"@type":"ListItem","position":1,"name":"Home","item":"https:\/\/www.filtnor.com\/"},{"@type":"ListItem","position":2,"name":"Product groups from Filtnor","item":"https:\/\/www.filtnor.com\/products\/"},{"@type":"ListItem","position":3,"name":"Filtration","item":"https:\/\/www.filtnor.com\/products\/filtration\/"},{"@type":"ListItem","position":4,"name":"Dewatering Systems","item":"https:\/\/www.filtnor.com\/products\/filtration\/dewatering-systems\/"},{"@type":"ListItem","position":5,"name":"Pressure filters","item":"https:\/\/www.filtnor.com\/products\/filtration\/dewatering-systems\/pressure-filters\/"},{"@type":"ListItem","position":6,"name":"Filter presses","item":"https:\/\/www.filtnor.com\/products\/filtration\/dewatering-systems\/pressure-filters\/filter-presses\/"},{"@type":"ListItem","position":7,"name":"Filter Press Spare Parts","item":"https:\/\/www.filtnor.com\/products\/filtration\/dewatering-systems\/pressure-filters\/filter-presses\/filter-press-spare-parts\/"},{"@type":"ListItem","position":8,"name":"Hand Scrapers"}]},{"@type":"WebSite","@id":"https:\/\/www.filtnor.com\/#website","url":"https:\/\/www.filtnor.com\/","name":"Filtnor","description":"Suodatus, johon voit luottaa. Suorituskyky\u00e4, joka kest\u00e4\u00e4.","potentialAction":[{"@type":"SearchAction","target":{"@type":"EntryPoint","urlTemplate":"https:\/\/www.filtnor.com\/?s={search_term_string}"},"query-input":{"@type":"PropertyValueSpecification","valueRequired":true,"valueName":"search_term_string"}}],"inLanguage":"fi"}]}},"_links":{"self":[{"href":"https:\/\/www.filtnor.com\/fi\/wp-json\/wp\/v2\/pages\/4464","targetHints":{"allow":["GET"]}}],"collection":[{"href":"https:\/\/www.filtnor.com\/fi\/wp-json\/wp\/v2\/pages"}],"about":[{"href":"https:\/\/www.filtnor.com\/fi\/wp-json\/wp\/v2\/types\/page"}],"author":[{"embeddable":true,"href":"https:\/\/www.filtnor.com\/fi\/wp-json\/wp\/v2\/users\/1"}],"replies":[{"embeddable":true,"href":"https:\/\/www.filtnor.com\/fi\/wp-json\/wp\/v2\/comments?post=4464"}],"version-history":[{"count":8,"href":"https:\/\/www.filtnor.com\/fi\/wp-json\/wp\/v2\/pages\/4464\/revisions"}],"predecessor-version":[{"id":6189,"href":"https:\/\/www.filtnor.com\/fi\/wp-json\/wp\/v2\/pages\/4464\/revisions\/6189"}],"up":[{"embeddable":true,"href":"https:\/\/www.filtnor.com\/fi\/wp-json\/wp\/v2\/pages\/5505"}],"wp:attachment":[{"href":"https:\/\/www.filtnor.com\/fi\/wp-json\/wp\/v2\/media?parent=4464"}],"curies":[{"name":"wp","href":"https:\/\/api.w.org\/{rel}","templated":true}]}}