{"id":4373,"date":"2024-05-07T10:59:43","date_gmt":"2024-05-07T09:59:43","guid":{"rendered":"https:\/\/www.filtnor.no\/?page_id=4373"},"modified":"2025-04-12T00:28:37","modified_gmt":"2025-04-11T22:28:37","slug":"toimittajien-liiketoimintaperiaatteet","status":"publish","type":"page","link":"https:\/\/www.filtnor.com\/fi\/toimittajien-liiketoimintaperiaatteet\/","title":{"rendered":"Toimittajien liiketoimintaperiaatteet"},"content":{"rendered":"<div class=\"wpb-content-wrapper\"><div class=\"vc_row wpb_row vc_row-fluid vc_custom_1744410501655\"><div class=\"wpb_column vc_column_container vc_col-sm-12\"><div class=\"vc_column-inner\"><div class=\"wpb_wrapper\">\n\t<div class=\"wpb_text_column wpb_content_element\" >\n\t\t<div class=\"wpb_wrapper\">\n\t\t\t<h2 class=\"wp-block-heading\"><strong>Filtnorin liiketoimintaperiaatteet toimittajille<\/strong><\/h2>\n<p>&nbsp;<\/p>\n<h4><strong>Johdanto<\/strong><\/h4>\n<p>N\u00e4iden liiketoimintaperiaatteiden tarkoituksena on varmistaa, ett\u00e4 koko toimitusketjumme tunnustaa vastuun ihmisist\u00e4 ja ymp\u00e4rist\u00f6st\u00e4, ja ne perustuvat useisiin kansainv\u00e4lisiin ohjeisiin, kuten Yhdistyneiden Kansakuntien yrityksi\u00e4 ja ihmisoikeuksia koskeviin ohjaaviin periaatteisiin ja Yhdistyneiden Kansakuntien Global Compact -ohjelmaan. Liiketoimintaperiaatteemme koskevat kaikkia toimittajiamme, ja toimittajan vastuulla on varmistaa, ett\u00e4 kaikki h\u00e4nen alihankkijansa, edustajansa ja muut kolmannen osapuolen liikekumppaninsa noudattavat niit\u00e4.<\/p>\n<h4><strong>Vaatimuksemme<\/strong><\/h4>\n<p>Toimittajien on noudatettava paikallisia lakeja ja m\u00e4\u00e4r\u00e4yksi\u00e4 sek\u00e4 hankittava kaikki tarvittavat luvat ja lisenssit.<\/p>\n<p>Toimittajien on toimittava ymp\u00e4rist\u00f6\u00e4 suojelevalla tavalla ja pyritt\u00e4v\u00e4 jatkuvasti olemaan ymp\u00e4rist\u00f6yst\u00e4v\u00e4llisempi\u00e4 ja hiilineutraaleja.<\/p>\n<p>Toimittajien on kunnioitettava kaikkien ty\u00f6ntekij\u00f6iden oikeuksia ja varmistettava, etteiv\u00e4t he k\u00e4yt\u00e4 pakkoty\u00f6voimaa tai lapsity\u00f6voimaa. Toimittajien on varmistettava, ett\u00e4 kaikkien ty\u00f6ntekij\u00f6iden ty\u00f6tunnit ja palkat maksetaan paikallisten lakien vaatimusten mukaisesti ja ett\u00e4 kaikilla ty\u00f6ntekij\u00f6ill\u00e4 on v\u00e4hint\u00e4\u00e4n yksi vapaap\u00e4iv\u00e4 jokaista seitsem\u00e4n p\u00e4iv\u00e4n jaksoa kohden.<\/p>\n<p>Toimittajien on varmistettava kaikkien ty\u00f6ntekij\u00f6iden ja ymp\u00e4rist\u00f6n terveys ja turvallisuus sek\u00e4 pyritt\u00e4v\u00e4 jatkuvasti v\u00e4ltt\u00e4m\u00e4\u00e4n turvallisuusriskej\u00e4. Toimittajilla on my\u00f6s oltava j\u00e4rjestelm\u00e4, jonka kautta ty\u00f6ntekij\u00e4t voivat ilmoittaa terveysriskeist\u00e4 tai turvallisuuspoikkeamista.<\/p>\n<p>Toimittajien on kohdeltava ty\u00f6ntekij\u00f6it\u00e4\u00e4n oikeudenmukaisesti, arvokkaasti ja kunnioittavasti ja pyritt\u00e4v\u00e4 v\u00e4ltt\u00e4m\u00e4\u00e4n kaikkea syrjint\u00e4\u00e4, h\u00e4irint\u00e4\u00e4 tai hyv\u00e4ksik\u00e4ytt\u00f6\u00e4 fyysisell\u00e4, sanallisella tai henkisell\u00e4 tavalla.<\/p>\n<p>Toimittajien on noudatettava korkeimpia liiketoiminnan rehellisyyden standardeja ja pyritt\u00e4v\u00e4 reiluun liiketoimintaan ja kilpailuun markkinoilla. T\u00e4h\u00e4n sis\u00e4ltyy se, ett\u00e4 he eiv\u00e4t miss\u00e4\u00e4n tapauksessa ole osallisina lahjontaan tai kiristykseen.<\/p>\n<p>Toimittajat eiv\u00e4t saa paljastaa Filtnorin tai asiakkaidemme immateriaalioikeuksia, asiakirjoja tai muita liiketoimintatietoja muille osapuolille ilman Filtnorin kirjallista suostumusta.<\/p>\n<p>Toimittajien on pyritt\u00e4v\u00e4 l\u00e4pin\u00e4kyvyyteen ja tuettava tarkastuksia ja korjaavia toimenpiteit\u00e4. Toimittajien tulisi my\u00f6s kannustaa ty\u00f6ntekij\u00f6it\u00e4\u00e4n ilmoittamaan Filtnorin liiketoimintaperiaatteiden noudattamiseen liittyvist\u00e4 huolenaiheista ja suojella anonyymej\u00e4 tietoja, luottamuksellisuutta ja kostotoimien riski\u00e4 mahdollisten ilmiantajien kohdalla.<\/p>\n<h4><strong>Rikkomukset<\/strong><\/h4>\n<p>Toimittajien on ilmoitettava Filtnorille kaikista rikkomuksista tai ep\u00e4illyist\u00e4 rikkomuksista.<\/p>\n<p>&nbsp;<\/p>\n\n\t\t<\/div>\n\t<\/div>\n<\/div><\/div><\/div><\/div><\/div>","protected":false},"excerpt":{"rendered":"Filtnor Business Principles for Suppliers &nbsp; Introduction These Business Principles are meant to ensure that all our supply chain recognize the responsibility for people and environment, and are based on several international guidelines such as United Nations Guiding Principles on Business and Human Rights and the United Nations Global Compact Program. Our Business Principles are","protected":false},"author":1,"featured_media":0,"parent":0,"menu_order":0,"comment_status":"closed","ping_status":"open","template":"","meta":{"om_disable_all_campaigns":false,"footnotes":""},"class_list":["post-4373","page","type-page","status-publish","hentry"],"yoast_head":"<!-- This site is optimized with the Yoast SEO Premium plugin v26.1 (Yoast SEO v27.4) - https:\/\/yoast.com\/product\/yoast-seo-premium-wordpress\/ -->\n<title>Business Principles for Suppliers - Filtnor<\/title>\n<meta name=\"description\" content=\"Juridiske vilk\u00e5r og betingelser ved \u00e5 handle fra Filtnor.Filtnor Business Principles for suppliers\" \/>\n<meta name=\"robots\" content=\"noindex, follow\" \/>\n<meta property=\"og:locale\" content=\"fi_FI\" \/>\n<meta property=\"og:type\" content=\"article\" \/>\n<meta property=\"og:title\" content=\"Business Principles for Suppliers\" \/>\n<meta property=\"og:description\" content=\"Juridiske vilk\u00e5r og betingelser ved \u00e5 handle fra Filtnor.Filtnor Business Principles for suppliers\" \/>\n<meta property=\"og:url\" content=\"https:\/\/www.filtnor.com\/fi\/toimittajien-liiketoimintaperiaatteet\/\" \/>\n<meta property=\"og:site_name\" content=\"Filtnor\" \/>\n<meta property=\"article:modified_time\" content=\"2025-04-11T22:28:37+00:00\" \/>\n<meta name=\"twitter:card\" content=\"summary_large_image\" \/>\n<meta name=\"twitter:label1\" content=\"Arvioitu lukuaika\" \/>\n\t<meta name=\"twitter:data1\" content=\"2 minuuttia\" \/>\n<script type=\"application\/ld+json\" class=\"yoast-schema-graph\">{\"@context\":\"https:\\\/\\\/schema.org\",\"@graph\":[{\"@type\":\"WebPage\",\"@id\":\"https:\\\/\\\/www.filtnor.com\\\/business-principles-for-suppliers\\\/\",\"url\":\"https:\\\/\\\/www.filtnor.com\\\/business-principles-for-suppliers\\\/\",\"name\":\"Business Principles for Suppliers - Filtnor\",\"isPartOf\":{\"@id\":\"https:\\\/\\\/www.filtnor.com\\\/#website\"},\"datePublished\":\"2024-05-07T09:59:43+00:00\",\"dateModified\":\"2025-04-11T22:28:37+00:00\",\"description\":\"Juridiske vilk\u00e5r og betingelser ved \u00e5 handle fra Filtnor.Filtnor Business Principles for suppliers\",\"breadcrumb\":{\"@id\":\"https:\\\/\\\/www.filtnor.com\\\/business-principles-for-suppliers\\\/#breadcrumb\"},\"inLanguage\":\"fi\",\"potentialAction\":[{\"@type\":\"ReadAction\",\"target\":[\"https:\\\/\\\/www.filtnor.com\\\/business-principles-for-suppliers\\\/\"]}]},{\"@type\":\"BreadcrumbList\",\"@id\":\"https:\\\/\\\/www.filtnor.com\\\/business-principles-for-suppliers\\\/#breadcrumb\",\"itemListElement\":[{\"@type\":\"ListItem\",\"position\":1,\"name\":\"Home\",\"item\":\"https:\\\/\\\/www.filtnor.com\\\/\"},{\"@type\":\"ListItem\",\"position\":2,\"name\":\"Business Principles for Suppliers\"}]},{\"@type\":\"WebSite\",\"@id\":\"https:\\\/\\\/www.filtnor.com\\\/#website\",\"url\":\"https:\\\/\\\/www.filtnor.com\\\/\",\"name\":\"Filtnor\",\"description\":\"Filtration you can trust. Performance that lasts.\",\"potentialAction\":[{\"@type\":\"SearchAction\",\"target\":{\"@type\":\"EntryPoint\",\"urlTemplate\":\"https:\\\/\\\/www.filtnor.com\\\/?s={search_term_string}\"},\"query-input\":{\"@type\":\"PropertyValueSpecification\",\"valueRequired\":true,\"valueName\":\"search_term_string\"}}],\"inLanguage\":\"fi\"}]}<\/script>\n<!-- \/ Yoast SEO Premium plugin. -->","yoast_head_json":{"title":"Liiketoimintaperiaatteet toimittajille - Filtnor","description":"Juridiske vilk\u00e5r og betingelser ved \u00e5 handle fra Filtnor.Filtnorin liiketoimintaperiaatteet toimittajille","robots":{"index":"noindex","follow":"follow"},"og_locale":"fi_FI","og_type":"article","og_title":"Business Principles for Suppliers","og_description":"Juridiske vilk\u00e5r og betingelser ved \u00e5 handle fra Filtnor.Filtnor Business Principles for suppliers","og_url":"https:\/\/www.filtnor.com\/fi\/toimittajien-liiketoimintaperiaatteet\/","og_site_name":"Filtnor","article_modified_time":"2025-04-11T22:28:37+00:00","twitter_card":"summary_large_image","twitter_misc":{"Arvioitu lukuaika":"2 minuuttia"},"schema":{"@context":"https:\/\/schema.org","@graph":[{"@type":"WebPage","@id":"https:\/\/www.filtnor.com\/business-principles-for-suppliers\/","url":"https:\/\/www.filtnor.com\/business-principles-for-suppliers\/","name":"Liiketoimintaperiaatteet toimittajille - Filtnor","isPartOf":{"@id":"https:\/\/www.filtnor.com\/#website"},"datePublished":"2024-05-07T09:59:43+00:00","dateModified":"2025-04-11T22:28:37+00:00","description":"Juridiske vilk\u00e5r og betingelser ved \u00e5 handle fra Filtnor.Filtnorin liiketoimintaperiaatteet toimittajille","breadcrumb":{"@id":"https:\/\/www.filtnor.com\/business-principles-for-suppliers\/#breadcrumb"},"inLanguage":"fi","potentialAction":[{"@type":"ReadAction","target":["https:\/\/www.filtnor.com\/business-principles-for-suppliers\/"]}]},{"@type":"BreadcrumbList","@id":"https:\/\/www.filtnor.com\/business-principles-for-suppliers\/#breadcrumb","itemListElement":[{"@type":"ListItem","position":1,"name":"Home","item":"https:\/\/www.filtnor.com\/"},{"@type":"ListItem","position":2,"name":"Business Principles for Suppliers"}]},{"@type":"WebSite","@id":"https:\/\/www.filtnor.com\/#website","url":"https:\/\/www.filtnor.com\/","name":"Filtnor","description":"Suodatus, johon voit luottaa. Suorituskyky\u00e4, joka kest\u00e4\u00e4.","potentialAction":[{"@type":"SearchAction","target":{"@type":"EntryPoint","urlTemplate":"https:\/\/www.filtnor.com\/?s={search_term_string}"},"query-input":{"@type":"PropertyValueSpecification","valueRequired":true,"valueName":"search_term_string"}}],"inLanguage":"fi"}]}},"_links":{"self":[{"href":"https:\/\/www.filtnor.com\/fi\/wp-json\/wp\/v2\/pages\/4373","targetHints":{"allow":["GET"]}}],"collection":[{"href":"https:\/\/www.filtnor.com\/fi\/wp-json\/wp\/v2\/pages"}],"about":[{"href":"https:\/\/www.filtnor.com\/fi\/wp-json\/wp\/v2\/types\/page"}],"author":[{"embeddable":true,"href":"https:\/\/www.filtnor.com\/fi\/wp-json\/wp\/v2\/users\/1"}],"replies":[{"embeddable":true,"href":"https:\/\/www.filtnor.com\/fi\/wp-json\/wp\/v2\/comments?post=4373"}],"version-history":[{"count":4,"href":"https:\/\/www.filtnor.com\/fi\/wp-json\/wp\/v2\/pages\/4373\/revisions"}],"predecessor-version":[{"id":5957,"href":"https:\/\/www.filtnor.com\/fi\/wp-json\/wp\/v2\/pages\/4373\/revisions\/5957"}],"wp:attachment":[{"href":"https:\/\/www.filtnor.com\/fi\/wp-json\/wp\/v2\/media?parent=4373"}],"curies":[{"name":"wp","href":"https:\/\/api.w.org\/{rel}","templated":true}]}}