{"id":4060,"date":"2017-10-26T11:50:40","date_gmt":"2017-10-26T11:50:40","guid":{"rendered":"http:\/\/demo.zozothemes.com\/induzy\/?page_id=1019"},"modified":"2026-01-23T09:24:19","modified_gmt":"2026-01-23T08:24:19","slug":"ota-meihin-yhteytta","status":"publish","type":"page","link":"https:\/\/www.filtnor.com\/fi\/ota-meihin-yhteytta\/","title":{"rendered":"Ota yhteytt\u00e4"},"content":{"rendered":"<div class=\"wpb-content-wrapper\"><div class=\"vc_row wpb_row vc_row-fluid vc_custom_1754057086906\"><div class=\"wpb_column vc_column_container vc_col-sm-12 vc_col-lg-8 vc_col-md-8\"><div class=\"vc_column-inner\"><div class=\"wpb_wrapper\"><div class=\"section-title-wrapper shortcode-rand-2 induzy-inline-css\" data-css=\"&quot;.shortcode-rand-2 .title-separator.separator-border { background-color: ; }.shortcode-rand-2 .section-title { text-transform: uppercase; }&quot;\"><div class=\"title-wrap\"><h3 class=\"section-title\">Ota yhteytt\u00e4 Filtnoriin<\/h3><span class=\"title-separator separator-border theme-color-bg\"><\/span><\/div><!-- .title-wrap --><div class=\"section-description\">Tarvitsetpa sitten tukea teollisuuden suodatusj\u00e4rjestelmien, varaosien tai asiantuntija-avun kanssa, tiimimme on t\u00e4\u00e4ll\u00e4 auttaakseen. Teemme tiivist\u00e4 yhteisty\u00f6t\u00e4 asiakkaiden kanssa kaikkialla Pohjoismaissa tarjotaksemme nopeaa, luotettavaa ja kokenutta palvelua.<\/p>\n<p>Tarvitsetko teknist\u00e4 tukea tai tarjousta? Insin\u00f6\u00f6ri- ja suodatusasiantuntijatiimimme voi auttaa sinua seuraavissa asioissa:<br \/>\n\u2013 Suodatinpuristimien ja tornipuristimien tiedustelut<br \/>\n\u2013 Suodatinkankaat<br \/>\n\u2013 Varaosien tunnistaminen ja toimitus<br \/>\n\u2013 Prosessilaitteiden lis\u00e4varusteet<br \/>\n\u2013 Tekniset tarkastukset ja vianm\u00e4\u00e4ritys<br \/>\n\u2013 R\u00e4\u00e4t\u00e4l\u00f6idyt ratkaisut suodatukseen ja erotteluun<\/div><!-- .section-description --><\/div><!-- .section-title-wrapper -->\n\t<div  class=\"wpb_single_image wpb_content_element vc_align_left wpb_content_element\">\n\t\t\n\t\t<figure class=\"wpb_wrapper vc_figure\">\n\t\t\t<div class=\"vc_single_image-wrapper vc_box_rounded  vc_box_border_grey\"><img loading=\"lazy\" decoding=\"async\" width=\"1280\" height=\"720\" src=\"https:\/\/www.filtnor.com\/wp-content\/uploads\/2024\/09\/contact-us-001.jpg\" class=\"vc_single_image-img attachment-full\" alt=\"Andreas ja Ingvild\" title=\"Ota yhteytt\u00e4 Filtnoriin\" srcset=\"https:\/\/www.filtnor.com\/wp-content\/uploads\/2024\/09\/contact-us-001.jpg 1280w, https:\/\/www.filtnor.com\/wp-content\/uploads\/2024\/09\/contact-us-001-768x432.jpg 768w, https:\/\/www.filtnor.com\/wp-content\/uploads\/2024\/09\/contact-us-001-18x10.jpg 18w, https:\/\/www.filtnor.com\/wp-content\/uploads\/2024\/09\/contact-us-001-600x338.jpg 600w\" sizes=\"auto, (max-width: 1280px) 100vw, 1280px\" \/><\/div>\n\t\t<\/figure>\n\t<\/div>\n<\/div><\/div><\/div><div class=\"pl-lg-4 wpb_column vc_column_container vc_col-sm-12 vc_col-lg-4 vc_col-md-4\"><div class=\"vc_column-inner\"><div class=\"wpb_wrapper\"><div class=\"vc_row wpb_row vc_inner vc_row-fluid vc_custom_1710961884200 vc_row-has-fill\"><div class=\"wpb_column vc_column_container vc_col-sm-12 vc_col-has-fill\"><div class=\"vc_column-inner vc_custom_1691484278381\"><div class=\"wpb_wrapper\"><div class=\"feature-box-wrapper feature-box-style-1 shortcode-rand-3 induzy-inline-css feature-list-1\" data-css=\"&quot;.shortcode-rand-3.feature-box-wrapper .section-title { color: #ffffff; }.shortcode-rand-3.feature-box-wrapper .section-title { text-transform: uppercase; }.shortcode-rand-3.feature-box-wrapper { color: #ffffff; }.shortcode-rand-3.feature-box-wrapper {background: -moz-linear-gradient(141deg,  0%,  51%,  75%);\\r\\n\\t\\t\\t\\tbackground: -webkit-linear-gradient(141deg,  0%,  51%,  75%);\\r\\n\\t\\t\\t\\tbackground: linear-gradient(141deg,  0%,  51%,  75%);}.shortcode-rand-3 .feature-box-icon { font-size: 25px; }.shortcode-rand-3 .feature-box-icon { height: 50px; width: 50px; }.shortcode-rand-3 .feature-box-icon &gt; span { line-height: 2; }.shortcode-rand-3:hover .feature-box-icon { color: #000000; }.shortcode-rand-3 .feature-box-icon { background-color: #ffffff; }.shortcode-rand-3:hover .feature-box-icon { background-color: #ffffff; }&quot;\" ><div class=\"fbox-list\"><div class=\"media\"><div class=\"feature-box-icon mr-3 text-center rounded-circle theme-color\"><span class=\"fa fa-map-marker\"><\/span><\/div><!-- .feature-box-icon --><div class=\"media-body\"><div class=\"feature-box-title\"><h5 class=\"section-title\">Osoite<\/h5><\/div><!-- .feature-box-title --><div class=\"feature-box-content\">Husebybakken 28B<br \/>\nNO-0379 Oslo<\/div><!-- .feature-box-content --><\/div><\/div><\/div><\/div><!-- .feature-box-wrapper --><div class=\"vc_empty_space\"   style=\"height: 15px\"><span class=\"vc_empty_space_inner\"><\/span><\/div><div class=\"feature-box-wrapper feature-box-style-1 shortcode-rand-4 induzy-inline-css feature-list-1\" data-css=\"&quot;.shortcode-rand-4.feature-box-wrapper .section-title { color: #ffffff; }.shortcode-rand-4.feature-box-wrapper .section-title { text-transform: uppercase; }.shortcode-rand-4.feature-box-wrapper { color: #ffffff; }.shortcode-rand-4.feature-box-wrapper {background: -moz-linear-gradient(141deg,  0%,  51%,  75%);\\r\\n\\t\\t\\t\\tbackground: -webkit-linear-gradient(141deg,  0%,  51%,  75%);\\r\\n\\t\\t\\t\\tbackground: linear-gradient(141deg,  0%,  51%,  75%);}.shortcode-rand-4 .feature-box-icon { font-size: 25px; }.shortcode-rand-4 .feature-box-icon { height: 50px; width: 50px; }.shortcode-rand-4 .feature-box-icon &gt; span { line-height: 2; }.shortcode-rand-4:hover .feature-box-icon { color: #000000; }.shortcode-rand-4 .feature-box-icon { background-color: #ffffff; }.shortcode-rand-4:hover .feature-box-icon { background-color: #ffffff; }&quot;\" ><div class=\"fbox-list\"><div class=\"media\"><div class=\"feature-box-icon mr-3 text-center rounded-circle theme-color\"><span class=\"fa fa-id-badge\"><\/span><\/div><!-- .feature-box-icon --><div class=\"media-body\"><div class=\"feature-box-title\"><h5 class=\"section-title\">Puhelin<\/h5><\/div><!-- .feature-box-title --><div class=\"feature-box-content\">Toimisto:<br \/>\n+47 21 95 58 00<br \/>\nAsiakaspalvelu aukioloaikojen ulkopuolella:<br \/>\n+47 21 95 58 80<\/div><!-- .feature-box-content --><\/div><\/div><\/div><\/div><!-- .feature-box-wrapper --><div class=\"vc_empty_space\"   style=\"height: 15px\"><span class=\"vc_empty_space_inner\"><\/span><\/div><div class=\"feature-box-wrapper feature-box-style-1 shortcode-rand-5 induzy-inline-css feature-list-1\" data-css=\"&quot;.shortcode-rand-5.feature-box-wrapper .section-title { color: #ffffff; }.shortcode-rand-5.feature-box-wrapper .section-title { text-transform: uppercase; }.shortcode-rand-5.feature-box-wrapper { color: #ffffff; }.shortcode-rand-5.feature-box-wrapper {background: -moz-linear-gradient(141deg,  0%,  51%,  75%);\\r\\n\\t\\t\\t\\tbackground: -webkit-linear-gradient(141deg,  0%,  51%,  75%);\\r\\n\\t\\t\\t\\tbackground: linear-gradient(141deg,  0%,  51%,  75%);}.shortcode-rand-5 .feature-box-icon { font-size: 25px; }.shortcode-rand-5 .feature-box-icon { height: 50px; width: 50px; }.shortcode-rand-5 .feature-box-icon &gt; span { line-height: 2; }.shortcode-rand-5:hover .feature-box-icon { color: #000000; }.shortcode-rand-5 .feature-box-icon { background-color: #ffffff; }.shortcode-rand-5:hover .feature-box-icon { background-color: #ffffff; }&quot;\" ><div class=\"fbox-list\"><div class=\"media\"><div class=\"feature-box-icon mr-3 text-center rounded-circle theme-color\"><span class=\"fa fa-envelope-o\"><\/span><\/div><!-- .feature-box-icon --><div class=\"media-body\"><div class=\"feature-box-title\"><h5 class=\"section-title\">S\u00e4hk\u00f6posti<\/h5><\/div><!-- .feature-box-title --><div class=\"feature-box-content\">post@filtnor.com<\/div><!-- .feature-box-content --><\/div><\/div><\/div><\/div><!-- .feature-box-wrapper --><div class=\"vc_empty_space\"   style=\"height: 15px\"><span class=\"vc_empty_space_inner\"><\/span><\/div><div class=\"feature-box-wrapper feature-box-style-1 shortcode-rand-6 induzy-inline-css feature-list-1\" data-css=\"&quot;.shortcode-rand-6.feature-box-wrapper .section-title { color: #ffffff; }.shortcode-rand-6.feature-box-wrapper .section-title { text-transform: uppercase; }.shortcode-rand-6.feature-box-wrapper { color: #ffffff; }.shortcode-rand-6.feature-box-wrapper {background: -moz-linear-gradient(141deg,  0%,  51%,  75%);\\r\\n\\t\\t\\t\\tbackground: -webkit-linear-gradient(141deg,  0%,  51%,  75%);\\r\\n\\t\\t\\t\\tbackground: linear-gradient(141deg,  0%,  51%,  75%);}.shortcode-rand-6 .feature-box-icon { font-size: 25px; }.shortcode-rand-6 .feature-box-icon { height: 50px; width: 50px; }.shortcode-rand-6 .feature-box-icon &gt; span { line-height: 2; }.shortcode-rand-6:hover .feature-box-icon { color: #000000; }.shortcode-rand-6 .feature-box-icon { background-color: #ffffff; }.shortcode-rand-6:hover .feature-box-icon { background-color: #ffffff; }&quot;\" ><div class=\"fbox-list\"><div class=\"media\"><div class=\"feature-box-icon mr-3 text-center rounded-circle theme-color\"><span class=\"fa fa-regular fa-clock\"><\/span><\/div><!-- .feature-box-icon --><div class=\"media-body\"><div class=\"feature-box-title\"><h5 class=\"section-title\">Toimistoajat<\/h5><\/div><!-- .feature-box-title --><div class=\"feature-box-content\">Maanantai\u2013perjantai: 8\u201316<br \/>\nSuljettu pyh\u00e4p\u00e4ivin\u00e4<\/div><!-- .feature-box-content --><\/div><\/div><\/div><\/div><!-- .feature-box-wrapper --><\/div><\/div><\/div><\/div><\/div><\/div><\/div><\/div><div data-vc-full-width=\"true\" data-vc-full-width-init=\"false\" data-vc-stretch-content=\"true\" class=\"vc_row wpb_row vc_row-fluid vc_custom_1692989002971 vc_row-no-padding\"><div class=\"wpb_column vc_column_container vc_col-sm-12\"><div class=\"vc_column-inner\"><div class=\"wpb_wrapper\">\n\t<div class=\"wpb_raw_code wpb_raw_html wpb_content_element\" >\n\t\t<div class=\"wpb_wrapper\">\n\t\t\t<iframe src=\"https:\/\/www.google.com\/maps\/embed?pb=!1m18!1m12!1m3!1d31981.125849090848!2d10.628060582914342!3d59.93512287755747!2m3!1f0!2f0!3f0!3m2!1i1024!2i768!4f13.1!3m3!1m2!1s0x46416da465a6ae05%3A0x554cfa649ff67e56!2sHusebybakken%2028B%2C%200379%20Oslo!5e0!3m2!1sno!2sno!4v1769156604317!5m2!1sno!2sno\" width=\"600\" height=\"450\" style=\"border:0;\" allowfullscreen=\"\" loading=\"lazy\" referrerpolicy=\"no-referrer-when-downgrade\"><\/iframe>\n\t\t<\/div>\n\t<\/div>\n<\/div><\/div><\/div><\/div><div class=\"vc_row-full-width vc_clearfix\"><\/div>\n<\/div>","protected":false},"excerpt":{"rendered":"Ota yhteytt\u00e4 FiltnoriinTarvitsetpa sitten tukea teollisuuden suodatusj\u00e4rjestelmiin, varaosiin tai asiantuntija-apuun, tiimimme on t\u00e4\u00e4ll\u00e4 auttamassa. Teemme tiivist\u00e4 yhteisty\u00f6t\u00e4 asiakkaiden kanssa kaikkialla Pohjoismaissa tarjotaksemme nopeaa, luotettavaa ja kokenutta palvelua. Tarvitsetko teknist\u00e4 tukea tai tarjousta? Insin\u00f6\u00f6ri- ja suodatusasiantuntijatiimimme voi auttaa sinua seuraavissa asioissa:","protected":false},"author":1,"featured_media":0,"parent":0,"menu_order":0,"comment_status":"closed","ping_status":"closed","template":"","meta":{"om_disable_all_campaigns":false,"footnotes":""},"class_list":["post-4060","page","type-page","status-publish","hentry"],"yoast_head":"<!-- This site is optimized with the Yoast SEO Premium plugin v26.1 (Yoast SEO v27.4) - https:\/\/yoast.com\/product\/yoast-seo-premium-wordpress\/ -->\n<title>Contact Us - Filtnor<\/title>\n<meta name=\"description\" content=\"Kontakt Filtnor for filterpresser. For filtrering, filterduker og reservedeler til pressfilter kontakt Filtnor.\" \/>\n<meta name=\"robots\" content=\"index, follow, max-snippet:-1, max-image-preview:large, max-video-preview:-1\" \/>\n<link rel=\"canonical\" href=\"https:\/\/www.filtnor.com\/fi\/ota-meihin-yhteytta\/\" \/>\n<meta property=\"og:locale\" content=\"fi_FI\" \/>\n<meta property=\"og:type\" content=\"article\" \/>\n<meta property=\"og:title\" content=\"Contact Us\" \/>\n<meta property=\"og:description\" content=\"Kontakt Filtnor for filterpresser. For filtrering, filterduker og reservedeler til pressfilter kontakt Filtnor.\" \/>\n<meta property=\"og:url\" content=\"https:\/\/www.filtnor.com\/fi\/ota-meihin-yhteytta\/\" \/>\n<meta property=\"og:site_name\" content=\"Filtnor\" \/>\n<meta property=\"article:modified_time\" content=\"2026-01-23T08:24:19+00:00\" \/>\n<meta name=\"twitter:card\" content=\"summary_large_image\" \/>\n<meta name=\"twitter:label1\" content=\"Arvioitu lukuaika\" \/>\n\t<meta name=\"twitter:data1\" content=\"2 minuuttia\" \/>\n<script type=\"application\/ld+json\" class=\"yoast-schema-graph\">{\"@context\":\"https:\\\/\\\/schema.org\",\"@graph\":[{\"@type\":\"WebPage\",\"@id\":\"https:\\\/\\\/www.filtnor.com\\\/contact-us\\\/\",\"url\":\"https:\\\/\\\/www.filtnor.com\\\/contact-us\\\/\",\"name\":\"Contact Us - Filtnor\",\"isPartOf\":{\"@id\":\"https:\\\/\\\/www.filtnor.com\\\/#website\"},\"datePublished\":\"2017-10-26T11:50:40+00:00\",\"dateModified\":\"2026-01-23T08:24:19+00:00\",\"description\":\"Kontakt Filtnor for filterpresser. For filtrering, filterduker og reservedeler til pressfilter kontakt Filtnor.\",\"breadcrumb\":{\"@id\":\"https:\\\/\\\/www.filtnor.com\\\/contact-us\\\/#breadcrumb\"},\"inLanguage\":\"fi\",\"potentialAction\":[{\"@type\":\"ReadAction\",\"target\":[\"https:\\\/\\\/www.filtnor.com\\\/contact-us\\\/\"]}]},{\"@type\":\"BreadcrumbList\",\"@id\":\"https:\\\/\\\/www.filtnor.com\\\/contact-us\\\/#breadcrumb\",\"itemListElement\":[{\"@type\":\"ListItem\",\"position\":1,\"name\":\"Home\",\"item\":\"https:\\\/\\\/www.filtnor.com\\\/\"},{\"@type\":\"ListItem\",\"position\":2,\"name\":\"Contact Us\"}]},{\"@type\":\"WebSite\",\"@id\":\"https:\\\/\\\/www.filtnor.com\\\/#website\",\"url\":\"https:\\\/\\\/www.filtnor.com\\\/\",\"name\":\"Filtnor\",\"description\":\"Filtration you can trust. Performance that lasts.\",\"potentialAction\":[{\"@type\":\"SearchAction\",\"target\":{\"@type\":\"EntryPoint\",\"urlTemplate\":\"https:\\\/\\\/www.filtnor.com\\\/?s={search_term_string}\"},\"query-input\":{\"@type\":\"PropertyValueSpecification\",\"valueRequired\":true,\"valueName\":\"search_term_string\"}}],\"inLanguage\":\"fi\"}]}<\/script>\n<!-- \/ Yoast SEO Premium plugin. -->","yoast_head_json":{"title":"Ota yhteytt\u00e4 - Filtnor","description":"Ota yhteytt\u00e4 Filtnor suodatinpuristimeen. Suodatusta varten filterduker og reservedeler til pressfilter contact Filtnor.","robots":{"index":"index","follow":"follow","max-snippet":"max-snippet:-1","max-image-preview":"max-image-preview:large","max-video-preview":"max-video-preview:-1"},"canonical":"https:\/\/www.filtnor.com\/fi\/ota-meihin-yhteytta\/","og_locale":"fi_FI","og_type":"article","og_title":"Contact Us","og_description":"Kontakt Filtnor for filterpresser. For filtrering, filterduker og reservedeler til pressfilter kontakt Filtnor.","og_url":"https:\/\/www.filtnor.com\/fi\/ota-meihin-yhteytta\/","og_site_name":"Filtnor","article_modified_time":"2026-01-23T08:24:19+00:00","twitter_card":"summary_large_image","twitter_misc":{"Arvioitu lukuaika":"2 minuuttia"},"schema":{"@context":"https:\/\/schema.org","@graph":[{"@type":"WebPage","@id":"https:\/\/www.filtnor.com\/contact-us\/","url":"https:\/\/www.filtnor.com\/contact-us\/","name":"Ota yhteytt\u00e4 - Filtnor","isPartOf":{"@id":"https:\/\/www.filtnor.com\/#website"},"datePublished":"2017-10-26T11:50:40+00:00","dateModified":"2026-01-23T08:24:19+00:00","description":"Ota yhteytt\u00e4 Filtnor suodatinpuristimeen. Suodatusta varten filterduker og reservedeler til pressfilter contact Filtnor.","breadcrumb":{"@id":"https:\/\/www.filtnor.com\/contact-us\/#breadcrumb"},"inLanguage":"fi","potentialAction":[{"@type":"ReadAction","target":["https:\/\/www.filtnor.com\/contact-us\/"]}]},{"@type":"BreadcrumbList","@id":"https:\/\/www.filtnor.com\/contact-us\/#breadcrumb","itemListElement":[{"@type":"ListItem","position":1,"name":"Home","item":"https:\/\/www.filtnor.com\/"},{"@type":"ListItem","position":2,"name":"Contact Us"}]},{"@type":"WebSite","@id":"https:\/\/www.filtnor.com\/#website","url":"https:\/\/www.filtnor.com\/","name":"Filtnor","description":"Suodatus, johon voit luottaa. Suorituskyky\u00e4, joka kest\u00e4\u00e4.","potentialAction":[{"@type":"SearchAction","target":{"@type":"EntryPoint","urlTemplate":"https:\/\/www.filtnor.com\/?s={search_term_string}"},"query-input":{"@type":"PropertyValueSpecification","valueRequired":true,"valueName":"search_term_string"}}],"inLanguage":"fi"}]}},"_links":{"self":[{"href":"https:\/\/www.filtnor.com\/fi\/wp-json\/wp\/v2\/pages\/4060","targetHints":{"allow":["GET"]}}],"collection":[{"href":"https:\/\/www.filtnor.com\/fi\/wp-json\/wp\/v2\/pages"}],"about":[{"href":"https:\/\/www.filtnor.com\/fi\/wp-json\/wp\/v2\/types\/page"}],"author":[{"embeddable":true,"href":"https:\/\/www.filtnor.com\/fi\/wp-json\/wp\/v2\/users\/1"}],"replies":[{"embeddable":true,"href":"https:\/\/www.filtnor.com\/fi\/wp-json\/wp\/v2\/comments?post=4060"}],"version-history":[{"count":20,"href":"https:\/\/www.filtnor.com\/fi\/wp-json\/wp\/v2\/pages\/4060\/revisions"}],"predecessor-version":[{"id":6371,"href":"https:\/\/www.filtnor.com\/fi\/wp-json\/wp\/v2\/pages\/4060\/revisions\/6371"}],"wp:attachment":[{"href":"https:\/\/www.filtnor.com\/fi\/wp-json\/wp\/v2\/media?parent=4060"}],"curies":[{"name":"wp","href":"https:\/\/api.w.org\/{rel}","templated":true}]}}