{"id":4057,"date":"2017-10-09T13:13:37","date_gmt":"2017-10-09T13:13:37","guid":{"rendered":"http:\/\/demo.zozothemes.com\/induzy\/?page_id=458"},"modified":"2025-09-28T15:54:08","modified_gmt":"2025-09-28T13:54:08","slug":"tietoa-meista","status":"publish","type":"page","link":"https:\/\/www.filtnor.com\/fi\/tietoa-meista\/","title":{"rendered":"Tietoja Filtnorista"},"content":{"rendered":"<div class=\"wpb-content-wrapper\"><div class=\"vc_row wpb_row vc_row-fluid vc_custom_1699471243853\"><div class=\"wpb_column vc_column_container vc_col-sm-12 vc_col-lg-6 vc_col-md-6\"><div class=\"vc_column-inner\"><div class=\"wpb_wrapper\"><div class=\"section-title-wrapper shortcode-rand-2 induzy-inline-css\" data-css=\"&quot;.shortcode-rand-2 .title-separator.separator-border { background-color: ; }.shortcode-rand-2 .section-title { text-transform: none; }&quot;\"><div class=\"title-wrap\"><h2 class=\"section-title\">Suodatus, johon voit luottaa. Suorituskyky\u00e4, joka kest\u00e4\u00e4.<\/h2><span class=\"title-separator separator-border theme-color-bg\"><\/span><\/div><!-- .title-wrap --><div class=\"section-description\">Filtnor \u2013 Pohjoismainen teollisuuden suodatuksen ja suodatusprosessien optimoinnin asiantuntija<\/p>\n<p>Filtnor on erikoistunut teollisuuden suodatukseen, erotusteknologioihin ja prosessitekniikkaan. Tarjoamme tehokkaita laitteita, komponentteja ja palveluita kiinte\u00e4n aineen ja nesteen erotukseen, kuivasuodatukseen, nesteen suodatukseen ja vedenk\u00e4sittelyyn. Missiomme on auttaa teollisuudenaloja toimimaan tehokkaammin, kest\u00e4v\u00e4mmin ja kustannustehokkaammin.<\/p>\n<p>Tarjoamme kattavan palveluohjelman, joka on r\u00e4\u00e4t\u00e4l\u00f6ity kunkin asiakkaan tarpeisiin suunnittelusta ja projektinhallinnasta prosessien optimointiin ja k\u00e4ytt\u00e4j\u00e4koulutukseen. Olipa kyseess\u00e4 rutiinihuolto, j\u00e4rjestelm\u00e4p\u00e4ivitykset tai monimutkaisten prosessihaasteiden ratkaiseminen, Filtnor tarjoaa luotettavaa tukea koko laitteen elinkaaren ajan.<\/p>\n<p>Toimimme laajalla joukolla teollisuudenaloja, ja meill\u00e4 on erityist\u00e4 asiantuntemusta vaativista lietesuodatus- ja erotusprosesseista. Ratkaisumme on suunniteltu k\u00e4sittelem\u00e4\u00e4n suuria kiintoainepitoisuuksia ja monimutkaisia sovelluksia samalla minimoiden resurssien kulutusta ja ymp\u00e4rist\u00f6vaikutuksia.<\/p>\n<p>Tekem\u00e4ll\u00e4 yhteisty\u00f6t\u00e4 maailmanluokan valmistajien kanssa tarjoamme asiakkaillemme p\u00e4\u00e4syn alan johtavaan teknologiaan, tekniseen asiantuntemukseen ja kilpailukykyisiin olosuhteisiin.<\/p>\n<p>P\u00e4\u00e4konttorimme sijaitsee Oslossa, Norjassa, ja palvelemme asiakkaita kaikkialla Pohjoismaissa.<\/p>\n<h4>Ty\u00f6skentelytapamme<\/h4>\n<p>Filtnorilla laatu, johdonmukaisuus ja luotettavuus ovat toimintamme ytimess\u00e4. Sis\u00e4inen laatuj\u00e4rjestelm\u00e4mme perustuu ISO 9001 -standardin periaatteisiin v\u00e4himm\u00e4isstandardina, mik\u00e4 varmistaa strukturoidut prosessit, jatkuvan parantamisen ja vahvan keskittymisen asiakastyytyv\u00e4isyyteen kaikissa liiketoimintamme osa-alueissa.<\/p>\n<h4>Liikeideamme<\/h4>\n<p>Toimittaa kest\u00e4vi\u00e4 ja tehokkaita suodatus- ja virtausprosesseihin tarkoitettuja laitteita \u2013 yhdistettyn\u00e4 asiantuntijapalveluihin ja vahvaan keskittymiseen kokonaiskustannusten alentamiseen.<\/p>\n<h4>Visiomme<\/h4>\n<p>Vied\u00e4 alaa eteenp\u00e4in kest\u00e4v\u00e4mpien, tehokkaampien ja vastuullisempien suodatus- ja virtausprosessien avulla.<\/p>\n<h4>Sitoumuksemme<\/h4>\n<p>Olemme sitoutuneet:<br \/>\n\u2013 Ymp\u00e4rist\u00f6vaikutusten v\u00e4hent\u00e4minen \u00e4lykk\u00e4\u00e4mpien teknologioiden avulla<br \/>\n\u2013 Optimoitujen, r\u00e4\u00e4t\u00e4l\u00f6ityjen teknisten ratkaisujen toimittaminen<br \/>\n\u2013 Tarjoamme reagoivaa ja luotettavaa tukea silloin, kun asiakkaamme sit\u00e4 tarvitsevat.<\/div><!-- .section-description --><\/div><!-- .section-title-wrapper --><\/div><\/div><\/div><div class=\"wpb_column vc_column_container vc_col-sm-12 vc_col-lg-6 vc_col-md-6\"><div class=\"vc_column-inner\"><div class=\"wpb_wrapper\">\n\t<div  class=\"wpb_single_image wpb_content_element vc_align_left wpb_content_element\">\n\t\t\n\t\t<figure class=\"wpb_wrapper vc_figure\">\n\t\t\t<div class=\"vc_single_image-wrapper vc_box_rounded  vc_box_border_grey\"><img loading=\"lazy\" decoding=\"async\" width=\"1087\" height=\"1280\" src=\"https:\/\/www.filtnor.com\/wp-content\/uploads\/2024\/06\/about-us-01.jpg\" class=\"vc_single_image-img attachment-full\" alt=\"Tietoa meist\u00e4\" title=\"Tietoja-meist\u00e4-01\" srcset=\"https:\/\/www.filtnor.com\/wp-content\/uploads\/2024\/06\/about-us-01.jpg 1087w, https:\/\/www.filtnor.com\/wp-content\/uploads\/2024\/06\/about-us-01-768x904.jpg 768w, https:\/\/www.filtnor.com\/wp-content\/uploads\/2024\/06\/about-us-01-10x12.jpg 10w, https:\/\/www.filtnor.com\/wp-content\/uploads\/2024\/06\/about-us-01-600x707.jpg 600w\" sizes=\"auto, (max-width: 1087px) 100vw, 1087px\" \/><\/div>\n\t\t<\/figure>\n\t<\/div>\n<\/div><\/div><\/div><\/div><div class=\"vc_row wpb_row vc_row-fluid vc_custom_1699471374878\"><div class=\"wpb_column vc_column_container vc_col-sm-12\"><div class=\"vc_column-inner\"><div class=\"wpb_wrapper\"><div class=\"vc_separator wpb_content_element vc_separator_align_center vc_sep_width_100 vc_sep_pos_align_center vc_separator_no_text vc_sep_color_grey wpb_content_element  wpb_content_element\" ><span class=\"vc_sep_holder vc_sep_holder_l\"><span class=\"vc_sep_line\"><\/span><\/span><span class=\"vc_sep_holder vc_sep_holder_r\"><span class=\"vc_sep_line\"><\/span><\/span>\n<\/div><\/div><\/div><\/div><\/div><div class=\"vc_row wpb_row vc_row-fluid vc_custom_1699471253921\"><div class=\"wpb_column vc_column_container vc_col-sm-3 vc_col-lg-3 vc_col-md-3\"><div class=\"vc_column-inner\"><div class=\"wpb_wrapper\">\n\t<div  class=\"wpb_single_image wpb_content_element vc_align_left wpb_content_element\">\n\t\t\n\t\t<figure class=\"wpb_wrapper vc_figure\">\n\t\t\t<div class=\"vc_single_image-wrapper vc_box_rounded  vc_box_border_grey\"><img loading=\"lazy\" decoding=\"async\" width=\"960\" height=\"1280\" src=\"https:\/\/www.filtnor.com\/wp-content\/uploads\/2023\/08\/omoss-roxia-norge.jpg\" class=\"vc_single_image-img attachment-full\" alt=\"Roxia Norge\" title=\"Roxia Norge\" srcset=\"https:\/\/www.filtnor.com\/wp-content\/uploads\/2023\/08\/omoss-roxia-norge.jpg 960w, https:\/\/www.filtnor.com\/wp-content\/uploads\/2023\/08\/omoss-roxia-norge-600x800.jpg 600w, https:\/\/www.filtnor.com\/wp-content\/uploads\/2023\/08\/omoss-roxia-norge-768x1024.jpg 768w\" sizes=\"auto, (max-width: 960px) 100vw, 960px\" \/><\/div>\n\t\t<\/figure>\n\t<\/div>\n<\/div><\/div><\/div><div class=\"wpb_column vc_column_container vc_col-sm-9 vc_col-lg-9 vc_col-md-9\"><div class=\"vc_column-inner\"><div class=\"wpb_wrapper\"><div class=\"section-title-wrapper shortcode-rand-5 induzy-inline-css\" data-css=\"&quot;.shortcode-rand-5 .title-separator.separator-border { background-color: ; }.shortcode-rand-5 .section-title { text-transform: none; }&quot;\"><div class=\"title-wrap\"><h2 class=\"section-title\">Roxia<\/h2><span class=\"title-separator separator-border theme-color-bg\"><\/span><\/div><!-- .title-wrap --><div class=\"section-description\">Filtnor on Roxia Oy:n virallinen Pohjoismaiden edustaja. Nimi Roxia tuli nimenmuutoksen j\u00e4lkeen vuonna 2021, mutta yrityksen juuret ulottuvat vuoteen 1960, ja se on aiemmin toiminut nimill\u00e4 Roxon (1960\u20131977), Larox (1977\u20132011) ja Flowrox (2011\u20132021).<\/p>\n<p>Yhdess\u00e4 suomalaisten kollegoidemme kanssa toimitamme markkinoiden johtavia tuotteita, joita on kehitetty ja optimoitu vuosikymmenten ajan. Roxialla on my\u00f6s paljon joustavuutta tuotannossaan verrattuna moniin muihin valmistajiin, mik\u00e4 tarkoittaa, ett\u00e4 voimme r\u00e4\u00e4t\u00e4l\u00f6id\u00e4 suodatinpuristimen yksitt\u00e4iselle asiakkaalle optimoidun prosessin saavuttamiseksi.<\/div><!-- .section-description --><\/div><!-- .section-title-wrapper --><div class=\"feature-box-wrapper feature-box-style-1 vc_custom_1719078379348 shortcode-rand-6 induzy-inline-css\" data-css=\"&quot;.shortcode-rand-6.feature-box-wrapper {background: -moz-linear-gradient(141deg,  0%,  51%,  75%);\\r\\n\\t\\t\\t\\tbackground: -webkit-linear-gradient(141deg,  0%,  51%,  75%);\\r\\n\\t\\t\\t\\tbackground: linear-gradient(141deg,  0%,  51%,  75%);}.shortcode-rand-6 .feature-box-icon { font-size: 24px; }.shortcode-rand-6 .feature-box-icon { height: 48px; width: 48px; }.shortcode-rand-6 .feature-box-icon &gt; span { line-height: 2; }.shortcode-rand-6:hover .feature-box-icon { background: none; }&quot;\" ><div class=\"feature-box-btn\"><a class=\"btn link\" href=\"https:\/\/roxia.com\/info-contact\/about-us\/\" title=\"LUE LIS\u00c4\u00c4 ROXIASTA \u00bb\">LUE LIS\u00c4\u00c4 ROXIASTA \u00bb<\/a><\/div><!-- .feature-box-btn --><\/div><!-- .feature-box-wrapper --><\/div><\/div><\/div><\/div><div class=\"vc_row wpb_row vc_row-fluid vc_custom_1699471374878\"><div class=\"wpb_column vc_column_container vc_col-sm-12\"><div class=\"vc_column-inner\"><div class=\"wpb_wrapper\"><div class=\"vc_separator wpb_content_element vc_separator_align_center vc_sep_width_100 vc_sep_pos_align_center vc_separator_no_text vc_sep_color_grey wpb_content_element  wpb_content_element\" ><span class=\"vc_sep_holder vc_sep_holder_l\"><span class=\"vc_sep_line\"><\/span><\/span><span class=\"vc_sep_holder vc_sep_holder_r\"><span class=\"vc_sep_line\"><\/span><\/span>\n<\/div><\/div><\/div><\/div><\/div><div class=\"vc_row wpb_row vc_row-fluid vc_custom_1699471243853\"><div class=\"wpb_column vc_column_container vc_col-sm-12 vc_col-lg-6 vc_col-md-6\"><div class=\"vc_column-inner\"><div class=\"wpb_wrapper\"><div class=\"section-title-wrapper shortcode-rand-9 induzy-inline-css\" data-css=\"&quot;.shortcode-rand-9 .title-separator.separator-border { background-color: ; }.shortcode-rand-9 .section-title { text-transform: none; }&quot;\"><div class=\"title-wrap\"><h2 class=\"section-title\">Pohjoismainen varastotilanne<\/h2><span class=\"title-separator separator-border theme-color-bg\"><\/span><\/div><!-- .title-wrap --><div class=\"section-description\">Nopean toimituksen ja korkean saatavuuden varmistamiseksi pid\u00e4mme yleisimpi\u00e4 tuotteitamme varastossa Pohjoismaiden ja Keski-Euroopan keskeisiss\u00e4 toimipisteiss\u00e4. Paikallinen varastointij\u00e4rjestelm\u00e4mme auttaa lyhent\u00e4m\u00e4\u00e4n l\u00e4pimenoaikoja ja lis\u00e4\u00e4m\u00e4\u00e4n toimitusvarmuutta.<\/div><!-- .section-description --><\/div><!-- .section-title-wrapper --><\/div><\/div><\/div><div class=\"wpb_column vc_column_container vc_col-sm-12 vc_col-lg-6 vc_col-md-6\"><div class=\"vc_column-inner\"><div class=\"wpb_wrapper\">\n\t<div  class=\"wpb_single_image wpb_content_element vc_align_left wpb_content_element\">\n\t\t\n\t\t<figure class=\"wpb_wrapper vc_figure\">\n\t\t\t<div class=\"vc_single_image-wrapper vc_box_rounded  vc_box_border_grey\"><img loading=\"lazy\" decoding=\"async\" width=\"1280\" height=\"720\" src=\"https:\/\/www.filtnor.com\/wp-content\/uploads\/2024\/10\/filtnor-warehouse-001.png\" class=\"vc_single_image-img attachment-full\" alt=\"Filtnorin varasto\" title=\"filtnor-varasto-001\" srcset=\"https:\/\/www.filtnor.com\/wp-content\/uploads\/2024\/10\/filtnor-warehouse-001.png 1280w, https:\/\/www.filtnor.com\/wp-content\/uploads\/2024\/10\/filtnor-warehouse-001-768x432.png 768w, https:\/\/www.filtnor.com\/wp-content\/uploads\/2024\/10\/filtnor-warehouse-001-18x10.png 18w, https:\/\/www.filtnor.com\/wp-content\/uploads\/2024\/10\/filtnor-warehouse-001-600x338.png 600w\" sizes=\"auto, (max-width: 1280px) 100vw, 1280px\" \/><\/div>\n\t\t<\/figure>\n\t<\/div>\n<\/div><\/div><\/div><\/div><div class=\"vc_row wpb_row vc_row-fluid vc_custom_1699471374878\"><div class=\"wpb_column vc_column_container vc_col-sm-12\"><div class=\"vc_column-inner\"><div class=\"wpb_wrapper\"><div class=\"vc_separator wpb_content_element vc_separator_align_center vc_sep_width_100 vc_sep_pos_align_center vc_separator_no_text vc_sep_color_grey wpb_content_element  wpb_content_element\" ><span class=\"vc_sep_holder vc_sep_holder_l\"><span class=\"vc_sep_line\"><\/span><\/span><span class=\"vc_sep_holder vc_sep_holder_r\"><span class=\"vc_sep_line\"><\/span><\/span>\n<\/div><\/div><\/div><\/div><\/div><div class=\"vc_row wpb_row vc_row-fluid vc_custom_1699471269447\"><div class=\"wpb_column vc_column_container vc_col-sm-12\"><div class=\"vc_column-inner\"><div class=\"wpb_wrapper\"><div class=\"section-title-wrapper shortcode-rand-12 induzy-inline-css\" data-css=\"&quot;.shortcode-rand-12 .title-separator.separator-border { background-color: ; }.shortcode-rand-12 .section-title { text-transform: none; }&quot;\"><div class=\"title-wrap\"><h2 class=\"section-title\">Vastuullinen liiketoiminta<\/h2><span class=\"title-separator separator-border theme-color-bg\"><\/span><\/div><!-- .title-wrap --><div class=\"section-description\">Filtnorilla uskomme, ett\u00e4 pitk\u00e4n aikav\u00e4lin menestys tulee vastuullisista ja kest\u00e4vist\u00e4 liiketoimintatavoista. Ty\u00f6skentelemme jatkuvasti \u2013 sek\u00e4 itsen\u00e4isesti ett\u00e4 toimittajiemme kanssa \u2013 parantaaksemme ymp\u00e4rist\u00f6- ja sosiaalista jalanj\u00e4lke\u00e4mme. Toimintamme perustuu:<\/div><!-- .section-description --><\/div><!-- .section-title-wrapper --><div class=\"list-item-wrapper\" data-css=\"&quot;&quot;\"><div class=\"list-item-inner\" data-css=\"&quot;&quot;\"><div class=\"list-item-title media\"><span class=\"mr-3 icon-light fa fa-solid fa-check\"><\/span><div class=\"media-body align-self-center list-item-desc\">Rehellisyys ja l\u00e4pin\u00e4kyvyys<\/div><\/div><!-- .list-item-title --><\/div><!-- .list-item-inner --><div class=\"list-item-inner\" data-css=\"&quot;&quot;\"><div class=\"list-item-title media\"><span class=\"mr-3 icon-light fa fa-solid fa-check\"><\/span><div class=\"media-body align-self-center list-item-desc\">T\u00e4ysi sovellettavien lakien ja m\u00e4\u00e4r\u00e4ysten noudattaminen<\/div><\/div><!-- .list-item-title --><\/div><!-- .list-item-inner --><div class=\"list-item-inner\" data-css=\"&quot;&quot;\"><div class=\"list-item-title media\"><span class=\"mr-3 icon-light fa fa-solid fa-check\"><\/span><div class=\"media-body align-self-center list-item-desc\">Sitoutuminen kest\u00e4v\u00e4\u00e4n kehitykseen<\/div><\/div><!-- .list-item-title --><\/div><!-- .list-item-inner --><\/div><!-- .list-item-wrapper --><\/div><\/div><\/div><\/div>\n<\/div>","protected":false},"excerpt":{"rendered":"Suodatus, johon voit luottaa. Suorituskyky\u00e4, joka kest\u00e4\u00e4. Filtnor \u2013 Pohjoismainen teollisuuden suodatuksen ja suodatusprosessien optimoinnin asiantuntija. Filtnor on erikoistunut teollisuuden suodatukseen, erotustekniikoihin ja prosessitekniikkaan. Tarjoamme tehokkaita laitteita, komponentteja ja palveluita kiinte\u00e4n aineen ja nesteen erotukseen, kuivasuodatukseen, nesteen suodatukseen ja vedenk\u00e4sittelyyn. Missiomme on auttaa teollisuutta toimimaan tehokkaammin, kest\u00e4v\u00e4mmin ja...","protected":false},"author":1,"featured_media":0,"parent":0,"menu_order":0,"comment_status":"closed","ping_status":"closed","template":"","meta":{"om_disable_all_campaigns":false,"footnotes":""},"class_list":["post-4057","page","type-page","status-publish","hentry"],"yoast_head":"<!-- This site is optimized with the Yoast SEO Premium plugin v26.1 (Yoast SEO v27.5) - https:\/\/yoast.com\/product\/yoast-seo-premium-wordpress\/ -->\n<title>About Filtnor - Filtnor<\/title>\n<meta name=\"description\" content=\"Filtnor og Roxia Norge er spesialisert p\u00e5 press filter og filtering, og f\u00f8rer Roxia og AquaChem filterpresser.\" \/>\n<meta name=\"robots\" content=\"index, follow, max-snippet:-1, max-image-preview:large, max-video-preview:-1\" \/>\n<link rel=\"canonical\" href=\"https:\/\/www.filtnor.com\/fi\/tietoa-meista\/\" \/>\n<meta property=\"og:locale\" content=\"fi_FI\" \/>\n<meta property=\"og:type\" content=\"article\" \/>\n<meta property=\"og:title\" content=\"About Filtnor\" \/>\n<meta property=\"og:description\" content=\"Filtnor og Roxia Norge er spesialisert p\u00e5 press filter og filtering, og f\u00f8rer Roxia og AquaChem filterpresser.\" \/>\n<meta property=\"og:url\" content=\"https:\/\/www.filtnor.com\/fi\/tietoa-meista\/\" \/>\n<meta property=\"og:site_name\" content=\"Filtnor\" \/>\n<meta property=\"article:modified_time\" content=\"2025-09-28T13:54:08+00:00\" \/>\n<meta name=\"twitter:card\" content=\"summary_large_image\" \/>\n<meta name=\"twitter:label1\" content=\"Arvioitu lukuaika\" \/>\n\t<meta name=\"twitter:data1\" content=\"3 minuuttia\" \/>\n<script type=\"application\/ld+json\" class=\"yoast-schema-graph\">{\"@context\":\"https:\\\/\\\/schema.org\",\"@graph\":[{\"@type\":\"WebPage\",\"@id\":\"https:\\\/\\\/www.filtnor.com\\\/about-us\\\/\",\"url\":\"https:\\\/\\\/www.filtnor.com\\\/about-us\\\/\",\"name\":\"About Filtnor - Filtnor\",\"isPartOf\":{\"@id\":\"https:\\\/\\\/www.filtnor.com\\\/#website\"},\"datePublished\":\"2017-10-09T13:13:37+00:00\",\"dateModified\":\"2025-09-28T13:54:08+00:00\",\"description\":\"Filtnor og Roxia Norge er spesialisert p\u00e5 press filter og filtering, og f\u00f8rer Roxia og AquaChem filterpresser.\",\"breadcrumb\":{\"@id\":\"https:\\\/\\\/www.filtnor.com\\\/about-us\\\/#breadcrumb\"},\"inLanguage\":\"fi\",\"potentialAction\":[{\"@type\":\"ReadAction\",\"target\":[\"https:\\\/\\\/www.filtnor.com\\\/about-us\\\/\"]}]},{\"@type\":\"BreadcrumbList\",\"@id\":\"https:\\\/\\\/www.filtnor.com\\\/about-us\\\/#breadcrumb\",\"itemListElement\":[{\"@type\":\"ListItem\",\"position\":1,\"name\":\"Home\",\"item\":\"https:\\\/\\\/www.filtnor.com\\\/\"},{\"@type\":\"ListItem\",\"position\":2,\"name\":\"About Filtnor\"}]},{\"@type\":\"WebSite\",\"@id\":\"https:\\\/\\\/www.filtnor.com\\\/#website\",\"url\":\"https:\\\/\\\/www.filtnor.com\\\/\",\"name\":\"Filtnor\",\"description\":\"Filtration you can trust. Performance that lasts.\",\"potentialAction\":[{\"@type\":\"SearchAction\",\"target\":{\"@type\":\"EntryPoint\",\"urlTemplate\":\"https:\\\/\\\/www.filtnor.com\\\/?s={search_term_string}\"},\"query-input\":{\"@type\":\"PropertyValueSpecification\",\"valueRequired\":true,\"valueName\":\"search_term_string\"}}],\"inLanguage\":\"fi\"}]}<\/script>\n<!-- \/ Yoast SEO Premium plugin. -->","yoast_head_json":{"title":"Tietoa Filtnorista - Filtnor","description":"Filtnor og Roxia Norge on erikoistunut puristussuodattimeen ja suodatukseen, sek\u00e4 Roxia og AquaChem -suodatinpuristimeen.","robots":{"index":"index","follow":"follow","max-snippet":"max-snippet:-1","max-image-preview":"max-image-preview:large","max-video-preview":"max-video-preview:-1"},"canonical":"https:\/\/www.filtnor.com\/fi\/tietoa-meista\/","og_locale":"fi_FI","og_type":"article","og_title":"About Filtnor","og_description":"Filtnor og Roxia Norge er spesialisert p\u00e5 press filter og filtering, og f\u00f8rer Roxia og AquaChem filterpresser.","og_url":"https:\/\/www.filtnor.com\/fi\/tietoa-meista\/","og_site_name":"Filtnor","article_modified_time":"2025-09-28T13:54:08+00:00","twitter_card":"summary_large_image","twitter_misc":{"Arvioitu lukuaika":"3 minuuttia"},"schema":{"@context":"https:\/\/schema.org","@graph":[{"@type":"WebPage","@id":"https:\/\/www.filtnor.com\/about-us\/","url":"https:\/\/www.filtnor.com\/about-us\/","name":"Tietoa Filtnorista - Filtnor","isPartOf":{"@id":"https:\/\/www.filtnor.com\/#website"},"datePublished":"2017-10-09T13:13:37+00:00","dateModified":"2025-09-28T13:54:08+00:00","description":"Filtnor og Roxia Norge on erikoistunut puristussuodattimeen ja suodatukseen, sek\u00e4 Roxia og AquaChem -suodatinpuristimeen.","breadcrumb":{"@id":"https:\/\/www.filtnor.com\/about-us\/#breadcrumb"},"inLanguage":"fi","potentialAction":[{"@type":"ReadAction","target":["https:\/\/www.filtnor.com\/about-us\/"]}]},{"@type":"BreadcrumbList","@id":"https:\/\/www.filtnor.com\/about-us\/#breadcrumb","itemListElement":[{"@type":"ListItem","position":1,"name":"Home","item":"https:\/\/www.filtnor.com\/"},{"@type":"ListItem","position":2,"name":"About Filtnor"}]},{"@type":"WebSite","@id":"https:\/\/www.filtnor.com\/#website","url":"https:\/\/www.filtnor.com\/","name":"Filtnor","description":"Suodatus, johon voit luottaa. Suorituskyky\u00e4, joka kest\u00e4\u00e4.","potentialAction":[{"@type":"SearchAction","target":{"@type":"EntryPoint","urlTemplate":"https:\/\/www.filtnor.com\/?s={search_term_string}"},"query-input":{"@type":"PropertyValueSpecification","valueRequired":true,"valueName":"search_term_string"}}],"inLanguage":"fi"}]}},"_links":{"self":[{"href":"https:\/\/www.filtnor.com\/fi\/wp-json\/wp\/v2\/pages\/4057","targetHints":{"allow":["GET"]}}],"collection":[{"href":"https:\/\/www.filtnor.com\/fi\/wp-json\/wp\/v2\/pages"}],"about":[{"href":"https:\/\/www.filtnor.com\/fi\/wp-json\/wp\/v2\/types\/page"}],"author":[{"embeddable":true,"href":"https:\/\/www.filtnor.com\/fi\/wp-json\/wp\/v2\/users\/1"}],"replies":[{"embeddable":true,"href":"https:\/\/www.filtnor.com\/fi\/wp-json\/wp\/v2\/comments?post=4057"}],"version-history":[{"count":51,"href":"https:\/\/www.filtnor.com\/fi\/wp-json\/wp\/v2\/pages\/4057\/revisions"}],"predecessor-version":[{"id":6298,"href":"https:\/\/www.filtnor.com\/fi\/wp-json\/wp\/v2\/pages\/4057\/revisions\/6298"}],"wp:attachment":[{"href":"https:\/\/www.filtnor.com\/fi\/wp-json\/wp\/v2\/media?parent=4057"}],"curies":[{"name":"wp","href":"https:\/\/api.w.org\/{rel}","templated":true}]}}