{"id":4016,"date":"2024-03-04T19:47:46","date_gmt":"2024-03-04T18:47:46","guid":{"rendered":"https:\/\/www.filtnor.no\/?page_id=4016"},"modified":"2024-12-03T17:57:26","modified_gmt":"2024-12-03T16:57:26","slug":"suodatinpalvelu","status":"publish","type":"page","link":"https:\/\/www.filtnor.com\/fi\/palvelut\/suodatinpalvelu\/","title":{"rendered":"Suodatinpalvelu"},"content":{"rendered":"<div class=\"wpb-content-wrapper\"><div class=\"vc_row wpb_row vc_row-fluid vc_custom_1691587735553\"><div class=\"wpb_column vc_column_container vc_col-sm-12 vc_col-lg-6 vc_col-md-6\"><div class=\"vc_column-inner\"><div class=\"wpb_wrapper\"><div class=\"section-title-wrapper shortcode-rand-2 induzy-inline-css\" data-css=\"&quot;.shortcode-rand-2 .title-separator.separator-border { background-color: ; }.shortcode-rand-2 .section-title { text-transform: none; }&quot;\"><div class=\"title-wrap\"><h2 class=\"section-title\">Tarkastukset, huolto ja korjaukset<\/h2><span class=\"title-separator separator-border theme-color-bg\"><\/span><\/div><!-- .title-wrap --><div class=\"section-description\">Filtnor suorittaa suodatinpalveluita, kuten teknisi\u00e4 tarkastuksia, huoltoa ja korjauksia. Tarjoamme my\u00f6s painesuodattimien p\u00e4ivityksi\u00e4 ja parannuksia. Meill\u00e4 on lyhyt vasteaika ja lyhyet toimitusajat varaosille. Toteutamme sek\u00e4 yksitt\u00e4isi\u00e4 toimeksiantoja ett\u00e4 tarjoamme t\u00e4ydellisi\u00e4 huoltosopimuksia.<\/p>\n<p>Suodatinpuristin on monimutkainen ja siin\u00e4 on paljon kuluvia osia, joten s\u00e4\u00e4nn\u00f6llinen huolto on v\u00e4ltt\u00e4m\u00e4t\u00f6nt\u00e4 pitk\u00e4n k\u00e4ytt\u00f6i\u00e4n ja korkean k\u00e4ytt\u00f6asteen varmistamiseksi. Korjaamaton kuluminen voi my\u00f6s nopeasti levit\u00e4 muihin osiin ja tulla paljon kalliimmaksi kuin se muuten olisi voinut olla.<\/p>\n<p>&nbsp;<\/p>\n<p><\/div><!-- .section-description --><\/div><!-- .section-title-wrapper --><div class=\"feature-box-wrapper feature-box-style-1 vc_custom_1719341327208 shortcode-rand-3 induzy-inline-css\" data-css=\"&quot;.shortcode-rand-3.feature-box-wrapper {background: -moz-linear-gradient(141deg,  0%,  51%,  75%);\\r\\n\\t\\t\\t\\tbackground: -webkit-linear-gradient(141deg,  0%,  51%,  75%);\\r\\n\\t\\t\\t\\tbackground: linear-gradient(141deg,  0%,  51%,  75%);}.shortcode-rand-3 .feature-box-icon { font-size: 24px; }.shortcode-rand-3 .feature-box-icon { height: 48px; width: 48px; }.shortcode-rand-3 .feature-box-icon &gt; span { line-height: 2; }.shortcode-rand-3:hover .feature-box-icon { background: none; }&quot;\" ><div class=\"feature-box-btn\"><a class=\"btn default\" href=\"https:\/\/www.filtnor.com\/fi\/ota-meihin-yhteytta\/\" title=\"L\u00c4HET\u00c4 KYSYMYS \u00bb\">L\u00c4HET\u00c4 KYSYMYS \u00bb<\/a><\/div><!-- .feature-box-btn --><\/div><!-- .feature-box-wrapper --><\/div><\/div><\/div><div class=\"wpb_column vc_column_container vc_col-sm-12 vc_col-lg-6 vc_col-md-6\"><div class=\"vc_column-inner\"><div class=\"wpb_wrapper\">\n\t<div  class=\"wpb_single_image wpb_content_element vc_align_left wpb_content_element\">\n\t\t\n\t\t<figure class=\"wpb_wrapper vc_figure\">\n\t\t\t<div class=\"vc_single_image-wrapper   vc_box_border_grey\"><img loading=\"lazy\" decoding=\"async\" width=\"1280\" height=\"720\" src=\"https:\/\/www.filtnor.com\/wp-content\/uploads\/2024\/06\/services_maintenances-repairs.jpg\" class=\"vc_single_image-img attachment-full\" alt=\"Painesuodattimien huollot ja korjaukset\" title=\"palvelut_huolto-korjaukset-01\" srcset=\"https:\/\/www.filtnor.com\/wp-content\/uploads\/2024\/06\/services_maintenances-repairs.jpg 1280w, https:\/\/www.filtnor.com\/wp-content\/uploads\/2024\/06\/services_maintenances-repairs-768x432.jpg 768w, https:\/\/www.filtnor.com\/wp-content\/uploads\/2024\/06\/services_maintenances-repairs-18x10.jpg 18w, https:\/\/www.filtnor.com\/wp-content\/uploads\/2024\/06\/services_maintenances-repairs-600x338.jpg 600w\" sizes=\"auto, (max-width: 1280px) 100vw, 1280px\" \/><\/div>\n\t\t<\/figure>\n\t<\/div>\n<\/div><\/div><\/div><\/div><div class=\"vc_row wpb_row vc_row-fluid vc_custom_1691588774257\"><div class=\"wpb_column vc_column_container vc_col-sm-6\"><div class=\"vc_column-inner\"><div class=\"wpb_wrapper\"><div class=\"section-title-wrapper shortcode-rand-5 induzy-inline-css\" data-css=\"&quot;.shortcode-rand-5 .title-separator.separator-border { background-color: ; }.shortcode-rand-5 .section-title { text-transform: none; }&quot;\"><div class=\"title-wrap\"><h4 class=\"section-title\">Tee ty\u00f6 kunnolla<\/h4><span class=\"title-separator separator-border theme-color-bg\"><\/span><\/div><!-- .title-wrap --><div class=\"section-description\">Filtnor suorittaa suodatinpuristimien tarkastuksia yksitt\u00e4in tai sovituin v\u00e4liajoin. Voimme my\u00f6s tehd\u00e4 tarvittaessa parannuksia. Kokemuksemme ja asiantuntemuksemme auttavat meit\u00e4 tiet\u00e4m\u00e4\u00e4n, mit\u00e4 etsi\u00e4, ja siksi voimme l\u00f6yt\u00e4\u00e4 viat ennen kuin niist\u00e4 tulee suurempia ongelmia.<\/p>\n<p>Tarkastuksen j\u00e4lkeen saat raportin, jossa on tekninen kunto ja mahdolliset suositellut toimenpiteet. Esimerkiksi voidaan suositella parannuksia tai toimenpiteit\u00e4 prosessin optimoimiseksi.<\/p>\n<p>Tarkistamme my\u00f6s, ett\u00e4 kaikki ty\u00f6terveys- ja ty\u00f6turvallisuusvaatimukset ja -m\u00e4\u00e4r\u00e4ykset on noudatettu.<\/div><!-- .section-description --><\/div><!-- .section-title-wrapper --><div class=\"section-title-wrapper shortcode-rand-6 induzy-inline-css\" data-css=\"&quot;.shortcode-rand-6 .title-separator.separator-border { background-color: ; }.shortcode-rand-6 .section-title { text-transform: none; }&quot;\"><div class=\"title-wrap\"><h4 class=\"section-title\">Tarkastusohjelma<\/h4><span class=\"title-separator separator-border theme-color-bg\"><\/span><\/div><!-- .title-wrap --><div class=\"section-description\">Filtnor suorittaa suodatinpuristimien tarkastuksia yksitt\u00e4in tai sovituin v\u00e4liajoin. Voimme my\u00f6s tehd\u00e4 tarvittaessa parannuksia. Kokemuksemme ja asiantuntemuksemme auttavat meit\u00e4 tiet\u00e4m\u00e4\u00e4n, mit\u00e4 etsi\u00e4, ja siksi voimme l\u00f6yt\u00e4\u00e4 viat ennen kuin niist\u00e4 tulee suurempia ongelmia.<br \/>\nTarkastuksen j\u00e4lkeen saat raportin, jossa on tekninen kunto ja mahdolliset suositellut toimenpiteet. Esimerkiksi voidaan suositella parannuksia tai toimenpiteit\u00e4 prosessin optimoimiseksi.<\/p>\n<p>Tarkistamme my\u00f6s, ett\u00e4 kaikki ty\u00f6terveys- ja ty\u00f6turvallisuusvaatimukset ja -m\u00e4\u00e4r\u00e4ykset on noudatettu.<\/p>\n<p>&nbsp;<\/p>\n<p><\/div><!-- .section-description --><\/div><!-- .section-title-wrapper --><\/div><\/div><\/div><div class=\"wpb_column vc_column_container vc_col-sm-6\"><div class=\"vc_column-inner\"><div class=\"wpb_wrapper\"><div class=\"section-title-wrapper margin-bottom-30 shortcode-rand-7 induzy-inline-css\" data-css=\"&quot;.shortcode-rand-7 .title-separator.separator-border { background-color: ; }.shortcode-rand-7 .section-title { text-transform: none; }&quot;\"><div class=\"title-wrap\"><h4 class=\"section-title\">Avustamme seuraavissa asioissa:<\/h4><span class=\"title-separator separator-border theme-color-bg\"><\/span><\/div><!-- .title-wrap --><div class=\"section-description\"><\/div><!-- .section-description --><\/div><!-- .section-title-wrapper --><div class=\"list-item-wrapper\" data-css=\"&quot;&quot;\"><div class=\"list-item-inner\" data-css=\"&quot;&quot;\"><div class=\"list-item-title media\"><span class=\"mr-3 icon-light fas fa-check\"><\/span><div class=\"media-body align-self-center list-item-desc\">Kunnossapidon suunnittelu<\/div><\/div><!-- .list-item-title --><\/div><!-- .list-item-inner --><div class=\"list-item-inner\" data-css=\"&quot;&quot;\"><div class=\"list-item-title media\"><span class=\"mr-3 icon-light fas fa-check\"><\/span><div class=\"media-body align-self-center list-item-desc\">Kunnossapidon toteutus<\/div><\/div><!-- .list-item-title --><\/div><!-- .list-item-inner --><div class=\"list-item-inner\" data-css=\"&quot;&quot;\"><div class=\"list-item-title media\"><span class=\"mr-3 icon-light fas fa-check\"><\/span><div class=\"media-body align-self-center list-item-desc\">P\u00e4ivitt\u00e4isen huollon koulutus<\/div><\/div><!-- .list-item-title --><\/div><!-- .list-item-inner --><div class=\"list-item-inner\" data-css=\"&quot;&quot;\"><div class=\"list-item-title media\"><span class=\"mr-3 icon-light fas fa-check\"><\/span><div class=\"media-body align-self-center list-item-desc\">Korjaukset ja p\u00e4ivitykset<\/div><\/div><!-- .list-item-title --><\/div><!-- .list-item-inner --><\/div><!-- .list-item-wrapper -->\n\t<div  class=\"wpb_single_image wpb_content_element vc_align_left wpb_content_element\">\n\t\t\n\t\t<figure class=\"wpb_wrapper vc_figure\">\n\t\t\t<div class=\"vc_single_image-wrapper   vc_box_border_grey\"><img loading=\"lazy\" decoding=\"async\" width=\"1224\" height=\"850\" src=\"https:\/\/www.filtnor.com\/wp-content\/uploads\/2023\/08\/tjenester_inspeksjon_01.png\" class=\"vc_single_image-img attachment-full\" alt=\"Painesuodatinpalvelut\" title=\"Painesuodatinpalvelut\" srcset=\"https:\/\/www.filtnor.com\/wp-content\/uploads\/2023\/08\/tjenester_inspeksjon_01.png 1224w, https:\/\/www.filtnor.com\/wp-content\/uploads\/2023\/08\/tjenester_inspeksjon_01-600x417.png 600w, https:\/\/www.filtnor.com\/wp-content\/uploads\/2023\/08\/tjenester_inspeksjon_01-768x533.png 768w\" sizes=\"auto, (max-width: 1224px) 100vw, 1224px\" \/><\/div>\n\t\t<\/figure>\n\t<\/div>\n<\/div><\/div><\/div><\/div><div class=\"vc_row wpb_row vc_row-fluid vc_custom_1691587893368\"><div class=\"wpb_column vc_column_container vc_col-sm-12\"><div class=\"vc_column-inner\"><div class=\"wpb_wrapper\"><div class=\"vc_separator wpb_content_element vc_separator_align_center vc_sep_width_100 vc_sep_dashed vc_sep_pos_align_center vc_separator_no_text wpb_content_element  wpb_content_element\" ><span class=\"vc_sep_holder vc_sep_holder_l\"><span class=\"vc_sep_line\"><\/span><\/span><span class=\"vc_sep_holder vc_sep_holder_r\"><span class=\"vc_sep_line\"><\/span><\/span>\n<\/div><\/div><\/div><\/div><\/div><div data-vc-full-width=\"true\" data-vc-full-width-init=\"false\" class=\"vc_row wpb_row vc_row-fluid additional-call-to-action vc_custom_1691588100630 vc_row-has-fill\"><div class=\"wpb_column vc_column_container vc_col-sm-12\"><div class=\"vc_column-inner\"><div class=\"wpb_wrapper\"><div class=\"vc_row wpb_row vc_inner vc_row-fluid\"><div class=\"wpb_column vc_column_container vc_col-sm-12 vc_col-lg-9 vc_col-md-12\"><div class=\"vc_column-inner\"><div class=\"wpb_wrapper\"><div class=\"feature-box-wrapper feature-box-style-1 shortcode-rand-15 induzy-inline-css feature-list-1\" data-css=\"&quot;.shortcode-rand-15.feature-box-wrapper { color: #000000; }.shortcode-rand-15.feature-box-wrapper {background: -moz-linear-gradient(141deg,  0%,  51%,  75%);\\r\\n\\t\\t\\t\\tbackground: -webkit-linear-gradient(141deg,  0%,  51%,  75%);\\r\\n\\t\\t\\t\\tbackground: linear-gradient(141deg,  0%,  51%,  75%);}.shortcode-rand-15 .feature-box-icon { font-size: 30px; }.shortcode-rand-15 .feature-box-icon { height: 60px; width: 60px; }.shortcode-rand-15 .feature-box-icon &gt; span { line-height: 2; }.shortcode-rand-15:hover .feature-box-icon { background: none; }&quot;\" ><div class=\"fbox-list\"><div class=\"media\"><div class=\"feature-box-icon mr-3 text-center rounded-circle none\"><span class=\"\"><\/span><\/div><!-- .feature-box-icon --><div class=\"media-body\"><div class=\"feature-box-title\"><h4 class=\"section-title\">Etk\u00f6 l\u00f6yd\u00e4 etsim\u00e4\u00e4si?<\/h4><\/div><!-- .feature-box-title --><div class=\"feature-box-content\">Ota yhteytt\u00e4, niin autamme sinua l\u00f6yt\u00e4m\u00e4\u00e4n sen!<\/div><!-- .feature-box-content --><\/div><\/div><\/div><\/div><!-- .feature-box-wrapper --><\/div><\/div><\/div><div class=\"wpb_column vc_column_container vc_col-sm-12 vc_col-lg-3 vc_col-md-12\"><div class=\"vc_column-inner vc_custom_1691588352947\"><div class=\"wpb_wrapper\"><div class=\"vc_btn3-container  additional-btn vc_btn3-right vc_custom_1719341269352 vc_do_btn\" ><a style=\"background-color:#06295e; color:#ffffff;\" class=\"vc_general vc_btn3 vc_btn3-size-md vc_btn3-shape-rounded vc_btn3-style-custom\" href=\"https:\/\/www.filtnor.com\/fi\/ota-meihin-yhteytta\/\" title=\"Ota yhteytt\u00e4\">L\u00c4HET\u00c4 KYSYMYS \u00bb<\/a><\/div><\/div><\/div><\/div><\/div><\/div><\/div><\/div><\/div><div class=\"vc_row-full-width vc_clearfix\"><\/div>\n<\/div>","protected":false},"excerpt":{"rendered":"Tarkastukset, huolto ja korjauksetFiltnor suorittaa suodatinpalveluita, kuten teknisi\u00e4 tarkastuksia, huoltoa ja korjauksia. Tarjoamme my\u00f6s painesuodattimien p\u00e4ivityksi\u00e4 ja parannuksia. Meill\u00e4 on lyhyt vasteaika ja lyhyet toimitusajat varaosille. Suoritamme sek\u00e4 yksitt\u00e4isi\u00e4 toimeksiantoja ett\u00e4 tarjoamme t\u00e4ydellisi\u00e4 huoltosopimuksia. Suodatinpuristin on monimutkainen ja","protected":false},"author":1,"featured_media":0,"parent":4004,"menu_order":0,"comment_status":"closed","ping_status":"closed","template":"","meta":{"om_disable_all_campaigns":false,"footnotes":""},"class_list":["post-4016","page","type-page","status-publish","hentry"],"yoast_head":"<!-- This site is optimized with the Yoast SEO Premium plugin v26.1 (Yoast SEO v27.4) - https:\/\/yoast.com\/product\/yoast-seo-premium-wordpress\/ -->\n<title>Filter service - Filtnor<\/title>\n<meta name=\"description\" content=\"Maintenancen and repairs of filters such as pressure filters, filter presses, tower presses, vacuum disc filter. Short delivery times on parts.\" \/>\n<meta name=\"robots\" content=\"index, follow, max-snippet:-1, max-image-preview:large, max-video-preview:-1\" \/>\n<link rel=\"canonical\" href=\"https:\/\/www.filtnor.com\/fi\/palvelut\/suodatinpalvelu\/\" \/>\n<meta property=\"og:locale\" content=\"fi_FI\" \/>\n<meta property=\"og:type\" content=\"article\" \/>\n<meta property=\"og:title\" content=\"Filter service\" \/>\n<meta property=\"og:description\" content=\"Maintenancen and repairs of filters such as pressure filters, filter presses, tower presses, vacuum disc filter. Short delivery times on parts.\" \/>\n<meta property=\"og:url\" content=\"https:\/\/www.filtnor.com\/fi\/palvelut\/suodatinpalvelu\/\" \/>\n<meta property=\"og:site_name\" content=\"Filtnor\" \/>\n<meta property=\"article:modified_time\" content=\"2024-12-03T16:57:26+00:00\" \/>\n<meta name=\"twitter:card\" content=\"summary_large_image\" \/>\n<meta name=\"twitter:label1\" content=\"Arvioitu lukuaika\" \/>\n\t<meta name=\"twitter:data1\" content=\"3 minuuttia\" \/>\n<script type=\"application\/ld+json\" class=\"yoast-schema-graph\">{\"@context\":\"https:\\\/\\\/schema.org\",\"@graph\":[{\"@type\":\"WebPage\",\"@id\":\"https:\\\/\\\/www.filtnor.com\\\/services\\\/filter-service\\\/\",\"url\":\"https:\\\/\\\/www.filtnor.com\\\/services\\\/filter-service\\\/\",\"name\":\"Filter service - Filtnor\",\"isPartOf\":{\"@id\":\"https:\\\/\\\/www.filtnor.com\\\/#website\"},\"datePublished\":\"2024-03-04T18:47:46+00:00\",\"dateModified\":\"2024-12-03T16:57:26+00:00\",\"description\":\"Maintenancen and repairs of filters such as pressure filters, filter presses, tower presses, vacuum disc filter. Short delivery times on parts.\",\"breadcrumb\":{\"@id\":\"https:\\\/\\\/www.filtnor.com\\\/services\\\/filter-service\\\/#breadcrumb\"},\"inLanguage\":\"fi\",\"potentialAction\":[{\"@type\":\"ReadAction\",\"target\":[\"https:\\\/\\\/www.filtnor.com\\\/services\\\/filter-service\\\/\"]}]},{\"@type\":\"BreadcrumbList\",\"@id\":\"https:\\\/\\\/www.filtnor.com\\\/services\\\/filter-service\\\/#breadcrumb\",\"itemListElement\":[{\"@type\":\"ListItem\",\"position\":1,\"name\":\"Home\",\"item\":\"https:\\\/\\\/www.filtnor.com\\\/\"},{\"@type\":\"ListItem\",\"position\":2,\"name\":\"Services from Filtnor\",\"item\":\"https:\\\/\\\/www.filtnor.com\\\/services\\\/\"},{\"@type\":\"ListItem\",\"position\":3,\"name\":\"Filter service\"}]},{\"@type\":\"WebSite\",\"@id\":\"https:\\\/\\\/www.filtnor.com\\\/#website\",\"url\":\"https:\\\/\\\/www.filtnor.com\\\/\",\"name\":\"Filtnor\",\"description\":\"Filtration you can trust. Performance that lasts.\",\"potentialAction\":[{\"@type\":\"SearchAction\",\"target\":{\"@type\":\"EntryPoint\",\"urlTemplate\":\"https:\\\/\\\/www.filtnor.com\\\/?s={search_term_string}\"},\"query-input\":{\"@type\":\"PropertyValueSpecification\",\"valueRequired\":true,\"valueName\":\"search_term_string\"}}],\"inLanguage\":\"fi\"}]}<\/script>\n<!-- \/ Yoast SEO Premium plugin. -->","yoast_head_json":{"title":"Suodatinpalvelu - Filtnor","description":"Painesuodattimien, suodatinpuristimien, tornipuristimien ja tyhji\u00f6levysuodattimien huolto ja korjaus. Lyhyet toimitusajat osille.","robots":{"index":"index","follow":"follow","max-snippet":"max-snippet:-1","max-image-preview":"max-image-preview:large","max-video-preview":"max-video-preview:-1"},"canonical":"https:\/\/www.filtnor.com\/fi\/palvelut\/suodatinpalvelu\/","og_locale":"fi_FI","og_type":"article","og_title":"Filter service","og_description":"Maintenancen and repairs of filters such as pressure filters, filter presses, tower presses, vacuum disc filter. Short delivery times on parts.","og_url":"https:\/\/www.filtnor.com\/fi\/palvelut\/suodatinpalvelu\/","og_site_name":"Filtnor","article_modified_time":"2024-12-03T16:57:26+00:00","twitter_card":"summary_large_image","twitter_misc":{"Arvioitu lukuaika":"3 minuuttia"},"schema":{"@context":"https:\/\/schema.org","@graph":[{"@type":"WebPage","@id":"https:\/\/www.filtnor.com\/services\/filter-service\/","url":"https:\/\/www.filtnor.com\/services\/filter-service\/","name":"Suodatinpalvelu - Filtnor","isPartOf":{"@id":"https:\/\/www.filtnor.com\/#website"},"datePublished":"2024-03-04T18:47:46+00:00","dateModified":"2024-12-03T16:57:26+00:00","description":"Painesuodattimien, suodatinpuristimien, tornipuristimien ja tyhji\u00f6levysuodattimien huolto ja korjaus. Lyhyet toimitusajat osille.","breadcrumb":{"@id":"https:\/\/www.filtnor.com\/services\/filter-service\/#breadcrumb"},"inLanguage":"fi","potentialAction":[{"@type":"ReadAction","target":["https:\/\/www.filtnor.com\/services\/filter-service\/"]}]},{"@type":"BreadcrumbList","@id":"https:\/\/www.filtnor.com\/services\/filter-service\/#breadcrumb","itemListElement":[{"@type":"ListItem","position":1,"name":"Home","item":"https:\/\/www.filtnor.com\/"},{"@type":"ListItem","position":2,"name":"Services from Filtnor","item":"https:\/\/www.filtnor.com\/services\/"},{"@type":"ListItem","position":3,"name":"Filter service"}]},{"@type":"WebSite","@id":"https:\/\/www.filtnor.com\/#website","url":"https:\/\/www.filtnor.com\/","name":"Filtnor","description":"Suodatus, johon voit luottaa. Suorituskyky\u00e4, joka kest\u00e4\u00e4.","potentialAction":[{"@type":"SearchAction","target":{"@type":"EntryPoint","urlTemplate":"https:\/\/www.filtnor.com\/?s={search_term_string}"},"query-input":{"@type":"PropertyValueSpecification","valueRequired":true,"valueName":"search_term_string"}}],"inLanguage":"fi"}]}},"_links":{"self":[{"href":"https:\/\/www.filtnor.com\/fi\/wp-json\/wp\/v2\/pages\/4016","targetHints":{"allow":["GET"]}}],"collection":[{"href":"https:\/\/www.filtnor.com\/fi\/wp-json\/wp\/v2\/pages"}],"about":[{"href":"https:\/\/www.filtnor.com\/fi\/wp-json\/wp\/v2\/types\/page"}],"author":[{"embeddable":true,"href":"https:\/\/www.filtnor.com\/fi\/wp-json\/wp\/v2\/users\/1"}],"replies":[{"embeddable":true,"href":"https:\/\/www.filtnor.com\/fi\/wp-json\/wp\/v2\/comments?post=4016"}],"version-history":[{"count":8,"href":"https:\/\/www.filtnor.com\/fi\/wp-json\/wp\/v2\/pages\/4016\/revisions"}],"predecessor-version":[{"id":4710,"href":"https:\/\/www.filtnor.com\/fi\/wp-json\/wp\/v2\/pages\/4016\/revisions\/4710"}],"up":[{"embeddable":true,"href":"https:\/\/www.filtnor.com\/fi\/wp-json\/wp\/v2\/pages\/4004"}],"wp:attachment":[{"href":"https:\/\/www.filtnor.com\/fi\/wp-json\/wp\/v2\/media?parent=4016"}],"curies":[{"name":"wp","href":"https:\/\/api.w.org\/{rel}","templated":true}]}}