{"id":3976,"date":"2024-03-03T19:32:51","date_gmt":"2024-03-03T18:32:51","guid":{"rendered":"https:\/\/www.filtnor.no\/?page_id=3976"},"modified":"2024-06-23T21:38:13","modified_gmt":"2024-06-23T19:38:13","slug":"alykkaat-ratkaisut","status":"publish","type":"page","link":"https:\/\/www.filtnor.com\/fi\/tuotteet\/alykkaat-ratkaisut\/","title":{"rendered":"\u00c4lykk\u00e4\u00e4t ratkaisut"},"content":{"rendered":"<div class=\"wpb-content-wrapper\"><div class=\"vc_row wpb_row vc_row-fluid vc_custom_1691587735553\"><div class=\"wpb_column vc_column_container vc_col-sm-12 vc_col-lg-6 vc_col-md-6\"><div class=\"vc_column-inner\"><div class=\"wpb_wrapper\"><div class=\"section-title-wrapper shortcode-rand-2 induzy-inline-css\" data-css=\"&quot;.shortcode-rand-2 .title-separator.separator-border { background-color: ; }.shortcode-rand-2 .section-title { text-transform: none; }&quot;\"><div class=\"title-wrap\"><h2 class=\"section-title\">Roxia <span class=\"title-suffix theme-color\">Malibu<\/span><\/h2><span class=\"title-separator separator-border theme-color-bg\"><\/span><\/div><!-- .title-wrap --><div class=\"section-description\">Roxia Malibu on portaali, joka yhdist\u00e4\u00e4 teollisen esineiden internetin prosessien valvontaan, yll\u00e4pitoon ja analysointiin tarkoitetun ty\u00f6kalun.<\/p>\n<p>Ohjelma on eritt\u00e4in k\u00e4ytt\u00e4j\u00e4yst\u00e4v\u00e4llinen ja sit\u00e4 voidaan mukauttaa asiakkaan prosessiin.<\/div><!-- .section-description --><\/div><!-- .section-title-wrapper --><div class=\"feature-box-wrapper feature-box-style-1 vc_custom_1719170944067 shortcode-rand-3 induzy-inline-css\" data-css=\"&quot;.shortcode-rand-3.feature-box-wrapper {background: -moz-linear-gradient(141deg,  0%,  51%,  75%);\\r\\n\\t\\t\\t\\tbackground: -webkit-linear-gradient(141deg,  0%,  51%,  75%);\\r\\n\\t\\t\\t\\tbackground: linear-gradient(141deg,  0%,  51%,  75%);}.shortcode-rand-3 .feature-box-icon { font-size: 24px; }.shortcode-rand-3 .feature-box-icon { height: 48px; width: 48px; }.shortcode-rand-3 .feature-box-icon &gt; span { line-height: 2; }.shortcode-rand-3:hover .feature-box-icon { background: none; }&quot;\" ><div class=\"feature-box-btn\"><a class=\"btn default\" href=\"https:\/\/www.filtnor.com\/fi\/ota-meihin-yhteytta\/\" title=\"L\u00c4HET\u00c4 KYSYMYS \u00bb\">L\u00c4HET\u00c4 KYSYMYS \u00bb<\/a><\/div><!-- .feature-box-btn --><\/div><!-- .feature-box-wrapper --><\/div><\/div><\/div><div class=\"wpb_column vc_column_container vc_col-sm-12 vc_col-lg-6 vc_col-md-6\"><div class=\"vc_column-inner\"><div class=\"wpb_wrapper\">\n\t<div  class=\"wpb_single_image wpb_content_element vc_align_left wpb_content_element\">\n\t\t\n\t\t<figure class=\"wpb_wrapper vc_figure\">\n\t\t\t<div class=\"vc_single_image-wrapper   vc_box_border_grey\"><img loading=\"lazy\" decoding=\"async\" width=\"1280\" height=\"850\" src=\"https:\/\/www.filtnor.com\/wp-content\/uploads\/2023\/08\/produkter_smart-losninger_01.png\" class=\"vc_single_image-img attachment-full\" alt=\"Filtnorin \u00e4lykk\u00e4\u00e4t tuotteet\" title=\"Filtnorin \u00e4lykk\u00e4\u00e4t tuotteet\" srcset=\"https:\/\/www.filtnor.com\/wp-content\/uploads\/2023\/08\/produkter_smart-losninger_01.png 1280w, https:\/\/www.filtnor.com\/wp-content\/uploads\/2023\/08\/produkter_smart-losninger_01-600x398.png 600w, https:\/\/www.filtnor.com\/wp-content\/uploads\/2023\/08\/produkter_smart-losninger_01-768x510.png 768w\" sizes=\"auto, (max-width: 1280px) 100vw, 1280px\" \/><\/div>\n\t\t<\/figure>\n\t<\/div>\n<\/div><\/div><\/div><\/div><div class=\"vc_row wpb_row vc_row-fluid vc_custom_1691588774257\"><div class=\"wpb_column vc_column_container vc_col-sm-6\"><div class=\"vc_column-inner\"><div class=\"wpb_wrapper\"><div class=\"section-title-wrapper shortcode-rand-5 induzy-inline-css\" data-css=\"&quot;.shortcode-rand-5 .title-separator.separator-border { background-color: ; }.shortcode-rand-5 .section-title { text-transform: none; }&quot;\"><div class=\"title-wrap\"><h4 class=\"section-title\">Prosessien seuranta <span class=\"title-suffix theme-color\">ja analyysi<\/span><\/h4><span class=\"title-separator separator-border theme-color-bg\"><\/span><\/div><!-- .title-wrap --><div class=\"section-description\">Roxia Malibu on portaali, joka yhdist\u00e4\u00e4 prosessien seurannan ja analysoinnin. Prosessien seurannasta ker\u00e4tyt tiedot analysoidaan huolellisesti, ja niist\u00e4 voidaan laatia raportteja, jotka osoittavat optimaaliset toimintaolosuhteet. T\u00e4m\u00e4 auttaa v\u00e4hent\u00e4m\u00e4\u00e4n energiankulutusta ja optimoimaan kunnossapitot\u00f6it\u00e4.<\/p>\n<p>Roxia Malibu on IIoT-portaali, joka on eritt\u00e4in selke\u00e4 ja helppok\u00e4ytt\u00f6inen kaikille. Koska se on valvonta- ja analysointity\u00f6kalu, se ei aiheuta tietoturvariski\u00e4 prosessin ohittamiseen, joten ei tarvitse huolehtia siit\u00e4, ett\u00e4 tietomurto voisi vaikuttaa prosessin hallintaan.<\/p>\n<p>Prosessin digitalisointi edist\u00e4\u00e4 merkitt\u00e4vi\u00e4 kustannuss\u00e4\u00e4st\u00f6j\u00e4 muun muassa v\u00e4hent\u00e4m\u00e4ll\u00e4 tarpeetonta huoltoa ja v\u00e4ltt\u00e4m\u00e4ll\u00e4 suunnittelemattomia seisokkeja, mutta my\u00f6s optimoimalla prosessia v\u00e4hent\u00e4m\u00e4ll\u00e4 energiankulutusta ja lis\u00e4\u00e4m\u00e4ll\u00e4 kapasiteettia. K\u00e4ytt\u00e4m\u00e4ll\u00e4 Roxia Malibua useat asiakkaamme ovat v\u00e4hent\u00e4neet pumppujensa energiankulutusta noin 151 TP3T, mik\u00e4 on antanut sijoitetun p\u00e4\u00e4oman takaisinmaksuajan vain muutamassa kuukaudessa.<\/div><!-- .section-description --><\/div><!-- .section-title-wrapper --><\/div><\/div><\/div><div class=\"wpb_column vc_column_container vc_col-sm-6\"><div class=\"vc_column-inner\"><div class=\"wpb_wrapper\"><div class=\"section-title-wrapper margin-bottom-30 shortcode-rand-6 induzy-inline-css\" data-css=\"&quot;.shortcode-rand-6 .title-separator.separator-border { background-color: ; }.shortcode-rand-6 .section-title { text-transform: none; }&quot;\"><div class=\"title-wrap\"><h4 class=\"section-title\">Joitakin etuja <span class=\"title-suffix theme-color\">Roxia Malibu<\/span><\/h4><span class=\"title-separator separator-border theme-color-bg\"><\/span><\/div><!-- .title-wrap --><div class=\"section-description\"><\/div><!-- .section-description --><\/div><!-- .section-title-wrapper --><div class=\"list-item-wrapper\" data-css=\"&quot;&quot;\"><div class=\"list-item-inner\" data-css=\"&quot;&quot;\"><div class=\"list-item-title media\"><span class=\"mr-3 icon-light fas fa-check\"><\/span><div class=\"media-body align-self-center list-item-desc\">Lyhyempi seisokkiaika<\/div><\/div><!-- .list-item-title --><\/div><!-- .list-item-inner --><div class=\"list-item-inner\" data-css=\"&quot;&quot;\"><div class=\"list-item-title media\"><span class=\"mr-3 icon-light fas fa-check\"><\/span><div class=\"media-body align-self-center list-item-desc\">Helppo p\u00e4\u00e4sy dokumentaatioon<\/div><\/div><!-- .list-item-title --><\/div><!-- .list-item-inner --><div class=\"list-item-inner\" data-css=\"&quot;&quot;\"><div class=\"list-item-title media\"><span class=\"mr-3 icon-light fas fa-check\"><\/span><div class=\"media-body align-self-center list-item-desc\">Tehokkaampaa huoltoty\u00f6t\u00e4<\/div><\/div><!-- .list-item-title --><\/div><!-- .list-item-inner --><div class=\"list-item-inner\" data-css=\"&quot;&quot;\"><div class=\"list-item-title media\"><span class=\"mr-3 icon-light fas fa-check\"><\/span><div class=\"media-body align-self-center list-item-desc\">Lis\u00e4\u00e4ntynyt tuotantokapasiteetti<\/div><\/div><!-- .list-item-title --><\/div><!-- .list-item-inner --><\/div><!-- .list-item-wrapper --><\/div><\/div><\/div><\/div><div class=\"vc_row wpb_row vc_row-fluid vc_custom_1691588774257\"><div class=\"wpb_column vc_column_container vc_col-sm-6\"><div class=\"vc_column-inner\"><div class=\"wpb_wrapper\"><div class=\"section-title-wrapper shortcode-rand-13 induzy-inline-css\" data-css=\"&quot;.shortcode-rand-13 .title-separator.separator-border { background-color: ; }.shortcode-rand-13 .section-title { text-transform: none; }&quot;\"><div class=\"title-wrap\"><h4 class=\"section-title\">\u00c4lyk\u00e4s suodatus <span class=\"title-suffix theme-color\">ja \u00e4lykk\u00e4\u00e4t tuotteet<\/span><\/h4><span class=\"title-separator separator-border theme-color-bg\"><\/span><\/div><!-- .title-wrap --><div class=\"section-description\">Yhdist\u00e4m\u00e4ll\u00e4 suodatinpuristimen Roxia Malibuun saat digitalisoidun suodatusprosessin, jossa on aiemmin olemattomia mahdollisuuksia. T\u00e4m\u00e4 yksinkertaistaa arkea, v\u00e4hent\u00e4\u00e4 k\u00e4ytt\u00f6kustannuksia ja lis\u00e4\u00e4 kapasiteettia.<\/p>\n<p>Itse ohjelma on eritt\u00e4in helppok\u00e4ytt\u00f6inen, ja sen ulkoasua on mukautettu prosessin 3D-kuvalla, jotta k\u00e4ytt\u00e4j\u00e4t voivat helposti navigoida j\u00e4rjestelm\u00e4ss\u00e4 ja l\u00f6yt\u00e4\u00e4 oikeat tiedot.<\/p>\n<p>Ei ole my\u00f6sk\u00e4\u00e4n suuri ongelma sis\u00e4llytt\u00e4\u00e4 olemassa olevia komponentteja, jotka eiv\u00e4t ole \u00e4lykk\u00e4it\u00e4 tuotteita, koska t\u00e4m\u00e4 voidaan ratkaista j\u00e4lkiasentamalla antureita ja mittareita.<\/div><!-- .section-description --><\/div><!-- .section-title-wrapper --><\/div><\/div><\/div><div class=\"wpb_column vc_column_container vc_col-sm-6\"><div class=\"vc_column-inner\"><div class=\"wpb_wrapper\">\n\t<div  class=\"wpb_single_image wpb_content_element vc_align_left wpb_content_element\">\n\t\t\n\t\t<figure class=\"wpb_wrapper vc_figure\">\n\t\t\t<div class=\"vc_single_image-wrapper   vc_box_border_grey\"><img loading=\"lazy\" decoding=\"async\" width=\"640\" height=\"360\" src=\"https:\/\/www.filtnor.com\/wp-content\/uploads\/2024\/06\/products_smart-solutions-02.png\" class=\"vc_single_image-img attachment-medium\" alt=\"\u00c4lykk\u00e4\u00e4t ratkaisuj\u00e4rjestelm\u00e4t\" title=\"products_smart-solutions-02\" srcset=\"https:\/\/www.filtnor.com\/wp-content\/uploads\/2024\/06\/products_smart-solutions-02.png 640w, https:\/\/www.filtnor.com\/wp-content\/uploads\/2024\/06\/products_smart-solutions-02-18x10.png 18w, https:\/\/www.filtnor.com\/wp-content\/uploads\/2024\/06\/products_smart-solutions-02-600x338.png 600w\" sizes=\"auto, (max-width: 640px) 100vw, 640px\" \/><\/div>\n\t\t<\/figure>\n\t<\/div>\n<\/div><\/div><\/div><\/div><div class=\"vc_row wpb_row vc_row-fluid vc_custom_1691587893368\"><div class=\"wpb_column vc_column_container vc_col-sm-12\"><div class=\"vc_column-inner\"><div class=\"wpb_wrapper\"><div class=\"vc_separator wpb_content_element vc_separator_align_center vc_sep_width_100 vc_sep_dashed vc_sep_pos_align_center vc_separator_no_text wpb_content_element  wpb_content_element\" ><span class=\"vc_sep_holder vc_sep_holder_l\"><span class=\"vc_sep_line\"><\/span><\/span><span class=\"vc_sep_holder vc_sep_holder_r\"><span class=\"vc_sep_line\"><\/span><\/span>\n<\/div><\/div><\/div><\/div><\/div><div data-vc-full-width=\"true\" data-vc-full-width-init=\"false\" class=\"vc_row wpb_row vc_row-fluid additional-call-to-action vc_custom_1691588100630 vc_row-has-fill\"><div class=\"wpb_column vc_column_container vc_col-sm-12\"><div class=\"vc_column-inner\"><div class=\"wpb_wrapper\"><div class=\"vc_row wpb_row vc_inner vc_row-fluid\"><div class=\"wpb_column vc_column_container vc_col-sm-12 vc_col-lg-9 vc_col-md-12\"><div class=\"vc_column-inner\"><div class=\"wpb_wrapper\"><div class=\"feature-box-wrapper feature-box-style-1 shortcode-rand-16 induzy-inline-css feature-list-1\" data-css=\"&quot;.shortcode-rand-16.feature-box-wrapper { color: #000000; }.shortcode-rand-16.feature-box-wrapper {background: -moz-linear-gradient(141deg,  0%,  51%,  75%);\\r\\n\\t\\t\\t\\tbackground: -webkit-linear-gradient(141deg,  0%,  51%,  75%);\\r\\n\\t\\t\\t\\tbackground: linear-gradient(141deg,  0%,  51%,  75%);}.shortcode-rand-16 .feature-box-icon { font-size: 30px; }.shortcode-rand-16 .feature-box-icon { height: 60px; width: 60px; }.shortcode-rand-16 .feature-box-icon &gt; span { line-height: 2; }.shortcode-rand-16:hover .feature-box-icon { background: none; }&quot;\" ><div class=\"fbox-list\"><div class=\"media\"><div class=\"feature-box-icon mr-3 text-center rounded-circle none\"><span class=\"\"><\/span><\/div><!-- .feature-box-icon --><div class=\"media-body\"><div class=\"feature-box-title\"><h4 class=\"section-title\">Etk\u00f6 l\u00f6yd\u00e4 etsim\u00e4\u00e4si?<\/h4><\/div><!-- .feature-box-title --><div class=\"feature-box-content\">Ota yhteytt\u00e4, niin autamme sinua l\u00f6yt\u00e4m\u00e4\u00e4n sen!<\/div><!-- .feature-box-content --><\/div><\/div><\/div><\/div><!-- .feature-box-wrapper --><\/div><\/div><\/div><div class=\"wpb_column vc_column_container vc_col-sm-12 vc_col-lg-3 vc_col-md-12\"><div class=\"vc_column-inner vc_custom_1691588352947\"><div class=\"wpb_wrapper\"><div class=\"vc_btn3-container  additional-btn vc_btn3-right vc_custom_1719171031114 vc_do_btn\" ><a style=\"background-color:#06295e; color:#ffffff;\" class=\"vc_general vc_btn3 vc_btn3-size-md vc_btn3-shape-rounded vc_btn3-style-custom\" href=\"https:\/\/www.filtnor.com\/fi\/ota-meihin-yhteytta\/\" title=\"Ota yhteytt\u00e4\">L\u00c4HET\u00c4 KYSYMYS \u00bb<\/a><\/div><\/div><\/div><\/div><\/div><\/div><\/div><\/div><\/div><div class=\"vc_row-full-width vc_clearfix\"><\/div>\n<\/div>","protected":false},"excerpt":{"rendered":"Roxia MalibuRoxia Malibu on portaali, joka yhdist\u00e4\u00e4 teollisen esineiden internetin (IIoT) prosessien valvonnan, yll\u00e4pidon ja analysoinnin ty\u00f6kaluun. Ohjelma on eritt\u00e4in k\u00e4ytt\u00e4j\u00e4yst\u00e4v\u00e4llinen ja sit\u00e4 voidaan mukauttaa asiakkaan prosessiin.L\u00c4HET\u00c4 KYSELY \u00bb Prosessien valvonta ja analysointiRoxia Malibu on portaali, joka yhdist\u00e4\u00e4 prosessien valvonnan ja analysoinnin. Prosessien valvonnasta ker\u00e4tyt tiedot ovat","protected":false},"author":1,"featured_media":0,"parent":3954,"menu_order":0,"comment_status":"closed","ping_status":"closed","template":"","meta":{"om_disable_all_campaigns":false,"footnotes":""},"class_list":["post-3976","page","type-page","status-publish","hentry"],"yoast_head":"<!-- This site is optimized with the Yoast SEO Premium plugin v26.1 (Yoast SEO v27.4) - https:\/\/yoast.com\/product\/yoast-seo-premium-wordpress\/ -->\n<title>Smart solutions - Filtnor<\/title>\n<meta name=\"description\" content=\"Smart solutions and smart products for your filtration process. We have IoT \/ IIoT smart products for pressure filters, filter presses, valves and pumps.\" \/>\n<meta name=\"robots\" content=\"index, follow, max-snippet:-1, max-image-preview:large, max-video-preview:-1\" \/>\n<link rel=\"canonical\" href=\"https:\/\/www.filtnor.com\/fi\/tuotteet\/alykkaat-ratkaisut\/\" \/>\n<meta property=\"og:locale\" content=\"fi_FI\" \/>\n<meta property=\"og:type\" content=\"article\" \/>\n<meta property=\"og:title\" content=\"Smart solutions\" \/>\n<meta property=\"og:description\" content=\"Smart solutions and smart products for your filtration process. We have IoT \/ IIoT smart products for pressure filters, filter presses, valves and pumps.\" \/>\n<meta property=\"og:url\" content=\"https:\/\/www.filtnor.com\/fi\/tuotteet\/alykkaat-ratkaisut\/\" \/>\n<meta property=\"og:site_name\" content=\"Filtnor\" \/>\n<meta property=\"article:modified_time\" content=\"2024-06-23T19:38:13+00:00\" \/>\n<meta name=\"twitter:card\" content=\"summary_large_image\" \/>\n<meta name=\"twitter:label1\" content=\"Arvioitu lukuaika\" \/>\n\t<meta name=\"twitter:data1\" content=\"3 minuuttia\" \/>\n<script type=\"application\/ld+json\" class=\"yoast-schema-graph\">{\"@context\":\"https:\\\/\\\/schema.org\",\"@graph\":[{\"@type\":\"WebPage\",\"@id\":\"https:\\\/\\\/www.filtnor.com\\\/products\\\/smart-solutions\\\/\",\"url\":\"https:\\\/\\\/www.filtnor.com\\\/products\\\/smart-solutions\\\/\",\"name\":\"Smart solutions - Filtnor\",\"isPartOf\":{\"@id\":\"https:\\\/\\\/www.filtnor.com\\\/#website\"},\"datePublished\":\"2024-03-03T18:32:51+00:00\",\"dateModified\":\"2024-06-23T19:38:13+00:00\",\"description\":\"Smart solutions and smart products for your filtration process. We have IoT \\\/ IIoT smart products for pressure filters, filter presses, valves and pumps.\",\"breadcrumb\":{\"@id\":\"https:\\\/\\\/www.filtnor.com\\\/products\\\/smart-solutions\\\/#breadcrumb\"},\"inLanguage\":\"fi\",\"potentialAction\":[{\"@type\":\"ReadAction\",\"target\":[\"https:\\\/\\\/www.filtnor.com\\\/products\\\/smart-solutions\\\/\"]}]},{\"@type\":\"BreadcrumbList\",\"@id\":\"https:\\\/\\\/www.filtnor.com\\\/products\\\/smart-solutions\\\/#breadcrumb\",\"itemListElement\":[{\"@type\":\"ListItem\",\"position\":1,\"name\":\"Home\",\"item\":\"https:\\\/\\\/www.filtnor.com\\\/\"},{\"@type\":\"ListItem\",\"position\":2,\"name\":\"Product groups from Filtnor\",\"item\":\"https:\\\/\\\/www.filtnor.com\\\/products\\\/\"},{\"@type\":\"ListItem\",\"position\":3,\"name\":\"Smart solutions\"}]},{\"@type\":\"WebSite\",\"@id\":\"https:\\\/\\\/www.filtnor.com\\\/#website\",\"url\":\"https:\\\/\\\/www.filtnor.com\\\/\",\"name\":\"Filtnor\",\"description\":\"Filtration you can trust. Performance that lasts.\",\"potentialAction\":[{\"@type\":\"SearchAction\",\"target\":{\"@type\":\"EntryPoint\",\"urlTemplate\":\"https:\\\/\\\/www.filtnor.com\\\/?s={search_term_string}\"},\"query-input\":{\"@type\":\"PropertyValueSpecification\",\"valueRequired\":true,\"valueName\":\"search_term_string\"}}],\"inLanguage\":\"fi\"}]}<\/script>\n<!-- \/ Yoast SEO Premium plugin. -->","yoast_head_json":{"title":"\u00c4lykk\u00e4\u00e4t ratkaisut - Filtnor","description":"\u00c4lykk\u00e4it\u00e4 ratkaisuja ja tuotteita suodatusprosessiisi. Meill\u00e4 on IoT \/ IIoT -\u00e4lykk\u00e4it\u00e4 tuotteita painesuodattimille, suodatinpuristimille, venttiileille ja pumpuille.","robots":{"index":"index","follow":"follow","max-snippet":"max-snippet:-1","max-image-preview":"max-image-preview:large","max-video-preview":"max-video-preview:-1"},"canonical":"https:\/\/www.filtnor.com\/fi\/tuotteet\/alykkaat-ratkaisut\/","og_locale":"fi_FI","og_type":"article","og_title":"Smart solutions","og_description":"Smart solutions and smart products for your filtration process. We have IoT \/ IIoT smart products for pressure filters, filter presses, valves and pumps.","og_url":"https:\/\/www.filtnor.com\/fi\/tuotteet\/alykkaat-ratkaisut\/","og_site_name":"Filtnor","article_modified_time":"2024-06-23T19:38:13+00:00","twitter_card":"summary_large_image","twitter_misc":{"Arvioitu lukuaika":"3 minuuttia"},"schema":{"@context":"https:\/\/schema.org","@graph":[{"@type":"WebPage","@id":"https:\/\/www.filtnor.com\/products\/smart-solutions\/","url":"https:\/\/www.filtnor.com\/products\/smart-solutions\/","name":"\u00c4lykk\u00e4\u00e4t ratkaisut - Filtnor","isPartOf":{"@id":"https:\/\/www.filtnor.com\/#website"},"datePublished":"2024-03-03T18:32:51+00:00","dateModified":"2024-06-23T19:38:13+00:00","description":"\u00c4lykk\u00e4it\u00e4 ratkaisuja ja tuotteita suodatusprosessiisi. Meill\u00e4 on IoT \/ IIoT -\u00e4lykk\u00e4it\u00e4 tuotteita painesuodattimille, suodatinpuristimille, venttiileille ja pumpuille.","breadcrumb":{"@id":"https:\/\/www.filtnor.com\/products\/smart-solutions\/#breadcrumb"},"inLanguage":"fi","potentialAction":[{"@type":"ReadAction","target":["https:\/\/www.filtnor.com\/products\/smart-solutions\/"]}]},{"@type":"BreadcrumbList","@id":"https:\/\/www.filtnor.com\/products\/smart-solutions\/#breadcrumb","itemListElement":[{"@type":"ListItem","position":1,"name":"Home","item":"https:\/\/www.filtnor.com\/"},{"@type":"ListItem","position":2,"name":"Product groups from Filtnor","item":"https:\/\/www.filtnor.com\/products\/"},{"@type":"ListItem","position":3,"name":"Smart solutions"}]},{"@type":"WebSite","@id":"https:\/\/www.filtnor.com\/#website","url":"https:\/\/www.filtnor.com\/","name":"Filtnor","description":"Suodatus, johon voit luottaa. Suorituskyky\u00e4, joka kest\u00e4\u00e4.","potentialAction":[{"@type":"SearchAction","target":{"@type":"EntryPoint","urlTemplate":"https:\/\/www.filtnor.com\/?s={search_term_string}"},"query-input":{"@type":"PropertyValueSpecification","valueRequired":true,"valueName":"search_term_string"}}],"inLanguage":"fi"}]}},"_links":{"self":[{"href":"https:\/\/www.filtnor.com\/fi\/wp-json\/wp\/v2\/pages\/3976","targetHints":{"allow":["GET"]}}],"collection":[{"href":"https:\/\/www.filtnor.com\/fi\/wp-json\/wp\/v2\/pages"}],"about":[{"href":"https:\/\/www.filtnor.com\/fi\/wp-json\/wp\/v2\/types\/page"}],"author":[{"embeddable":true,"href":"https:\/\/www.filtnor.com\/fi\/wp-json\/wp\/v2\/users\/1"}],"replies":[{"embeddable":true,"href":"https:\/\/www.filtnor.com\/fi\/wp-json\/wp\/v2\/comments?post=3976"}],"version-history":[{"count":4,"href":"https:\/\/www.filtnor.com\/fi\/wp-json\/wp\/v2\/pages\/3976\/revisions"}],"predecessor-version":[{"id":4657,"href":"https:\/\/www.filtnor.com\/fi\/wp-json\/wp\/v2\/pages\/3976\/revisions\/4657"}],"up":[{"embeddable":true,"href":"https:\/\/www.filtnor.com\/fi\/wp-json\/wp\/v2\/pages\/3954"}],"wp:attachment":[{"href":"https:\/\/www.filtnor.com\/fi\/wp-json\/wp\/v2\/media?parent=3976"}],"curies":[{"name":"wp","href":"https:\/\/api.w.org\/{rel}","templated":true}]}}