{"id":3967,"date":"2024-03-03T19:32:48","date_gmt":"2024-03-03T18:32:48","guid":{"rendered":"https:\/\/www.filtnor.no\/?page_id=3967"},"modified":"2024-07-01T18:41:14","modified_gmt":"2024-07-01T16:41:14","slug":"konttisuodatusratkaisut","status":"publish","type":"page","link":"https:\/\/www.filtnor.com\/fi\/tuotteet\/suodatus\/konttisuodatusratkaisut\/","title":{"rendered":"Konttisuodatusj\u00e4rjestelm\u00e4t"},"content":{"rendered":"<div class=\"wpb-content-wrapper\"><div class=\"vc_row wpb_row vc_row-fluid vc_custom_1691587735553\"><div class=\"wpb_column vc_column_container vc_col-sm-12 vc_col-lg-6 vc_col-md-6\"><div class=\"vc_column-inner\"><div class=\"wpb_wrapper\"><div class=\"section-title-wrapper shortcode-rand-2 induzy-inline-css\" data-css=\"&quot;.shortcode-rand-2 .title-separator.separator-border { background-color: ; }.shortcode-rand-2 .section-title { text-transform: none; }&quot;\"><div class=\"title-wrap\"><h2 class=\"section-title\">Mobiili kontti <span class=\"title-suffix theme-color\">suodatusj\u00e4rjestelm\u00e4t<\/span><\/h2><span class=\"title-separator separator-border theme-color-bg\"><\/span><\/div><!-- .title-wrap --><div class=\"section-description\">Voimme toimittaa mobiilisuodatusratkaisuja kontissa nopeaa ja helppoa kuljetusta varten. Konttikokonaisuus voidaan r\u00e4\u00e4t\u00e4l\u00f6id\u00e4 kunkin asiakkaan tarpeisiin.<\/p>\n<p>Ota meihin yhteytt\u00e4 jo t\u00e4n\u00e4\u00e4n saadaksesi sitoumuksettoman tarjouksen edullisesta ja edistyneest\u00e4 konttisuodatusratkaisusta.<\/div><!-- .section-description --><\/div><!-- .section-title-wrapper --><div class=\"feature-box-wrapper feature-box-style-1 vc_custom_1719230167014 shortcode-rand-3 induzy-inline-css\" data-css=\"&quot;.shortcode-rand-3.feature-box-wrapper {background: -moz-linear-gradient(141deg,  0%,  51%,  75%);\\r\\n\\t\\t\\t\\tbackground: -webkit-linear-gradient(141deg,  0%,  51%,  75%);\\r\\n\\t\\t\\t\\tbackground: linear-gradient(141deg,  0%,  51%,  75%);}.shortcode-rand-3 .feature-box-icon { font-size: 24px; }.shortcode-rand-3 .feature-box-icon { height: 48px; width: 48px; }.shortcode-rand-3 .feature-box-icon &gt; span { line-height: 2; }.shortcode-rand-3:hover .feature-box-icon { background: none; }&quot;\" ><div class=\"feature-box-btn\"><a class=\"btn default\" href=\"https:\/\/www.filtnor.com\/fi\/ota-meihin-yhteytta\/\" title=\"L\u00c4HET\u00c4 KYSYMYS \u00bb\">L\u00c4HET\u00c4 KYSYMYS \u00bb<\/a><\/div><!-- .feature-box-btn --><\/div><!-- .feature-box-wrapper --><\/div><\/div><\/div><div class=\"wpb_column vc_column_container vc_col-sm-12 vc_col-lg-6 vc_col-md-6\"><div class=\"vc_column-inner\"><div class=\"wpb_wrapper\">\n\t<div  class=\"wpb_single_image wpb_content_element vc_align_left wpb_content_element\">\n\t\t\n\t\t<figure class=\"wpb_wrapper vc_figure\">\n\t\t\t<div class=\"vc_single_image-wrapper   vc_box_border_grey\"><img loading=\"lazy\" decoding=\"async\" width=\"1280\" height=\"948\" src=\"https:\/\/www.filtnor.com\/wp-content\/uploads\/2024\/06\/products_filtration_container-solutions-01.jpg\" class=\"vc_single_image-img attachment-full\" alt=\"Mobiilisuodatus konttiratkaisuissa\" title=\"products_filtration_container-solutions-01\" srcset=\"https:\/\/www.filtnor.com\/wp-content\/uploads\/2024\/06\/products_filtration_container-solutions-01.jpg 1280w, https:\/\/www.filtnor.com\/wp-content\/uploads\/2024\/06\/products_filtration_container-solutions-01-768x569.jpg 768w, https:\/\/www.filtnor.com\/wp-content\/uploads\/2024\/06\/products_filtration_container-solutions-01-16x12.jpg 16w, https:\/\/www.filtnor.com\/wp-content\/uploads\/2024\/06\/products_filtration_container-solutions-01-600x444.jpg 600w\" sizes=\"auto, (max-width: 1280px) 100vw, 1280px\" \/><\/div>\n\t\t<\/figure>\n\t<\/div>\n<\/div><\/div><\/div><\/div><div class=\"vc_row wpb_row vc_row-fluid vc_custom_1691587893368\"><div class=\"wpb_column vc_column_container vc_col-sm-12\"><div class=\"vc_column-inner\"><div class=\"wpb_wrapper\"><div class=\"vc_separator wpb_content_element vc_separator_align_center vc_sep_width_100 vc_sep_dashed vc_sep_pos_align_center vc_separator_no_text wpb_content_element  wpb_content_element\" ><span class=\"vc_sep_holder vc_sep_holder_l\"><span class=\"vc_sep_line\"><\/span><\/span><span class=\"vc_sep_holder vc_sep_holder_r\"><span class=\"vc_sep_line\"><\/span><\/span>\n<\/div><\/div><\/div><\/div><\/div><div data-vc-full-width=\"true\" data-vc-full-width-init=\"false\" class=\"vc_row wpb_row vc_row-fluid additional-call-to-action vc_custom_1691588100630 vc_row-has-fill\"><div class=\"wpb_column vc_column_container vc_col-sm-12\"><div class=\"vc_column-inner\"><div class=\"wpb_wrapper\"><div class=\"vc_row wpb_row vc_inner vc_row-fluid\"><div class=\"wpb_column vc_column_container vc_col-sm-12 vc_col-lg-9 vc_col-md-12\"><div class=\"vc_column-inner\"><div class=\"wpb_wrapper\"><div class=\"feature-box-wrapper feature-box-style-1 shortcode-rand-6 induzy-inline-css feature-list-1\" data-css=\"&quot;.shortcode-rand-6.feature-box-wrapper { color: #000000; }.shortcode-rand-6.feature-box-wrapper {background: -moz-linear-gradient(141deg,  0%,  51%,  75%);\\r\\n\\t\\t\\t\\tbackground: -webkit-linear-gradient(141deg,  0%,  51%,  75%);\\r\\n\\t\\t\\t\\tbackground: linear-gradient(141deg,  0%,  51%,  75%);}.shortcode-rand-6 .feature-box-icon { font-size: 30px; }.shortcode-rand-6 .feature-box-icon { height: 60px; width: 60px; }.shortcode-rand-6 .feature-box-icon &gt; span { line-height: 2; }.shortcode-rand-6:hover .feature-box-icon { background: none; }&quot;\" ><div class=\"fbox-list\"><div class=\"media\"><div class=\"feature-box-icon mr-3 text-center rounded-circle none\"><span class=\"\"><\/span><\/div><!-- .feature-box-icon --><div class=\"media-body\"><div class=\"feature-box-title\"><h4 class=\"section-title\">Etk\u00f6 l\u00f6yd\u00e4 etsim\u00e4\u00e4si?<\/h4><\/div><!-- .feature-box-title --><div class=\"feature-box-content\">Ota yhteytt\u00e4, niin autamme sinua l\u00f6yt\u00e4m\u00e4\u00e4n sen!<\/div><!-- .feature-box-content --><\/div><\/div><\/div><\/div><!-- .feature-box-wrapper --><\/div><\/div><\/div><div class=\"wpb_column vc_column_container vc_col-sm-12 vc_col-lg-3 vc_col-md-12\"><div class=\"vc_column-inner vc_custom_1691588352947\"><div class=\"wpb_wrapper\"><div class=\"vc_btn3-container  additional-btn vc_btn3-right vc_custom_1719230332577 vc_do_btn\" ><a style=\"background-color:#06295e; color:#ffffff;\" class=\"vc_general vc_btn3 vc_btn3-size-md vc_btn3-shape-rounded vc_btn3-style-custom\" href=\"https:\/\/www.filtnor.com\/fi\/ota-meihin-yhteytta\/\" title=\"Ota yhteytt\u00e4\">L\u00c4HET\u00c4 KYSYMYS \u00bb<\/a><\/div><\/div><\/div><\/div><\/div><\/div><\/div><\/div><\/div><div class=\"vc_row-full-width vc_clearfix\"><\/div>\n<\/div>","protected":false},"excerpt":{"rendered":"Mobiilit konttisuodatusj\u00e4rjestelm\u00e4tToimitamme mobiilisuodatusratkaisuja kontissa nopeaa ja helppoa kuljetusta varten. Konttikokonaisuus voidaan r\u00e4\u00e4t\u00e4l\u00f6id\u00e4 jokaisen asiakkaan tarpeisiin. Ota meihin yhteytt\u00e4 jo t\u00e4n\u00e4\u00e4n saadaksesi sitoumuksettoman tarjouksen edullisesta ja edistyneest\u00e4 konttisuodatusratkaisusta.L\u00c4HET\u00c4 KYSELY \u00bb Eik\u00f6 etsim\u00e4\u00e4si l\u00f6ydy?Ota yhteytt\u00e4 ja","protected":false},"author":1,"featured_media":0,"parent":4424,"menu_order":0,"comment_status":"closed","ping_status":"closed","template":"","meta":{"om_disable_all_campaigns":false,"footnotes":""},"class_list":["post-3967","page","type-page","status-publish","hentry"],"yoast_head":"<!-- This site is optimized with the Yoast SEO Premium plugin v26.1 (Yoast SEO v27.5) - https:\/\/yoast.com\/product\/yoast-seo-premium-wordpress\/ -->\n<title>Container filtration systems - Filtnor<\/title>\n<meta name=\"description\" content=\"Effektive containerl\u00f8sninger til filtrering og avvanning ved separasjon av filterkake og filtrat. Container filter med kort leveringstid.\" \/>\n<meta name=\"robots\" content=\"index, follow, max-snippet:-1, max-image-preview:large, max-video-preview:-1\" \/>\n<link rel=\"canonical\" href=\"https:\/\/www.filtnor.com\/fi\/tuotteet\/suodatus\/konttisuodatusratkaisut\/\" \/>\n<meta property=\"og:locale\" content=\"fi_FI\" \/>\n<meta property=\"og:type\" content=\"article\" \/>\n<meta property=\"og:title\" content=\"Container filtration systems\" \/>\n<meta property=\"og:description\" content=\"Effektive containerl\u00f8sninger til filtrering og avvanning ved separasjon av filterkake og filtrat. Container filter med kort leveringstid.\" \/>\n<meta property=\"og:url\" content=\"https:\/\/www.filtnor.com\/fi\/tuotteet\/suodatus\/konttisuodatusratkaisut\/\" \/>\n<meta property=\"og:site_name\" content=\"Filtnor\" \/>\n<meta property=\"article:modified_time\" content=\"2024-07-01T16:41:14+00:00\" \/>\n<meta name=\"twitter:card\" content=\"summary_large_image\" \/>\n<meta name=\"twitter:label1\" content=\"Arvioitu lukuaika\" \/>\n\t<meta name=\"twitter:data1\" content=\"3 minuuttia\" \/>\n<script type=\"application\/ld+json\" class=\"yoast-schema-graph\">{\"@context\":\"https:\\\/\\\/schema.org\",\"@graph\":[{\"@type\":\"WebPage\",\"@id\":\"https:\\\/\\\/www.filtnor.com\\\/products\\\/filtration\\\/container-filtration-solutions\\\/\",\"url\":\"https:\\\/\\\/www.filtnor.com\\\/products\\\/filtration\\\/container-filtration-solutions\\\/\",\"name\":\"Container filtration systems - Filtnor\",\"isPartOf\":{\"@id\":\"https:\\\/\\\/www.filtnor.com\\\/#website\"},\"datePublished\":\"2024-03-03T18:32:48+00:00\",\"dateModified\":\"2024-07-01T16:41:14+00:00\",\"description\":\"Effektive containerl\u00f8sninger til filtrering og avvanning ved separasjon av filterkake og filtrat. Container filter med kort leveringstid.\",\"breadcrumb\":{\"@id\":\"https:\\\/\\\/www.filtnor.com\\\/products\\\/filtration\\\/container-filtration-solutions\\\/#breadcrumb\"},\"inLanguage\":\"fi\",\"potentialAction\":[{\"@type\":\"ReadAction\",\"target\":[\"https:\\\/\\\/www.filtnor.com\\\/products\\\/filtration\\\/container-filtration-solutions\\\/\"]}]},{\"@type\":\"BreadcrumbList\",\"@id\":\"https:\\\/\\\/www.filtnor.com\\\/products\\\/filtration\\\/container-filtration-solutions\\\/#breadcrumb\",\"itemListElement\":[{\"@type\":\"ListItem\",\"position\":1,\"name\":\"Home\",\"item\":\"https:\\\/\\\/www.filtnor.com\\\/\"},{\"@type\":\"ListItem\",\"position\":2,\"name\":\"Product groups from Filtnor\",\"item\":\"https:\\\/\\\/www.filtnor.com\\\/products\\\/\"},{\"@type\":\"ListItem\",\"position\":3,\"name\":\"Filtration\",\"item\":\"https:\\\/\\\/www.filtnor.com\\\/products\\\/filtration\\\/\"},{\"@type\":\"ListItem\",\"position\":4,\"name\":\"Container filtration systems\"}]},{\"@type\":\"WebSite\",\"@id\":\"https:\\\/\\\/www.filtnor.com\\\/#website\",\"url\":\"https:\\\/\\\/www.filtnor.com\\\/\",\"name\":\"Filtnor\",\"description\":\"Filtration you can trust. Performance that lasts.\",\"potentialAction\":[{\"@type\":\"SearchAction\",\"target\":{\"@type\":\"EntryPoint\",\"urlTemplate\":\"https:\\\/\\\/www.filtnor.com\\\/?s={search_term_string}\"},\"query-input\":{\"@type\":\"PropertyValueSpecification\",\"valueRequired\":true,\"valueName\":\"search_term_string\"}}],\"inLanguage\":\"fi\"}]}<\/script>\n<!-- \/ Yoast SEO Premium plugin. -->","yoast_head_json":{"title":"Konttisuodatusj\u00e4rjestelm\u00e4t - Filtnor","description":"Tehokas s\u00e4ili\u00f6n suodatus ja erottelu suodattimen ja suodattimen v\u00e4lill\u00e4. Konttisuodatin med kort leveringstid.","robots":{"index":"index","follow":"follow","max-snippet":"max-snippet:-1","max-image-preview":"max-image-preview:large","max-video-preview":"max-video-preview:-1"},"canonical":"https:\/\/www.filtnor.com\/fi\/tuotteet\/suodatus\/konttisuodatusratkaisut\/","og_locale":"fi_FI","og_type":"article","og_title":"Container filtration systems","og_description":"Effektive containerl\u00f8sninger til filtrering og avvanning ved separasjon av filterkake og filtrat. Container filter med kort leveringstid.","og_url":"https:\/\/www.filtnor.com\/fi\/tuotteet\/suodatus\/konttisuodatusratkaisut\/","og_site_name":"Filtnor","article_modified_time":"2024-07-01T16:41:14+00:00","twitter_card":"summary_large_image","twitter_misc":{"Arvioitu lukuaika":"3 minuuttia"},"schema":{"@context":"https:\/\/schema.org","@graph":[{"@type":"WebPage","@id":"https:\/\/www.filtnor.com\/products\/filtration\/container-filtration-solutions\/","url":"https:\/\/www.filtnor.com\/products\/filtration\/container-filtration-solutions\/","name":"Konttisuodatusj\u00e4rjestelm\u00e4t - Filtnor","isPartOf":{"@id":"https:\/\/www.filtnor.com\/#website"},"datePublished":"2024-03-03T18:32:48+00:00","dateModified":"2024-07-01T16:41:14+00:00","description":"Tehokas s\u00e4ili\u00f6n suodatus ja erottelu suodattimen ja suodattimen v\u00e4lill\u00e4. Konttisuodatin med kort leveringstid.","breadcrumb":{"@id":"https:\/\/www.filtnor.com\/products\/filtration\/container-filtration-solutions\/#breadcrumb"},"inLanguage":"fi","potentialAction":[{"@type":"ReadAction","target":["https:\/\/www.filtnor.com\/products\/filtration\/container-filtration-solutions\/"]}]},{"@type":"BreadcrumbList","@id":"https:\/\/www.filtnor.com\/products\/filtration\/container-filtration-solutions\/#breadcrumb","itemListElement":[{"@type":"ListItem","position":1,"name":"Home","item":"https:\/\/www.filtnor.com\/"},{"@type":"ListItem","position":2,"name":"Product groups from Filtnor","item":"https:\/\/www.filtnor.com\/products\/"},{"@type":"ListItem","position":3,"name":"Filtration","item":"https:\/\/www.filtnor.com\/products\/filtration\/"},{"@type":"ListItem","position":4,"name":"Container filtration systems"}]},{"@type":"WebSite","@id":"https:\/\/www.filtnor.com\/#website","url":"https:\/\/www.filtnor.com\/","name":"Filtnor","description":"Suodatus, johon voit luottaa. Suorituskyky\u00e4, joka kest\u00e4\u00e4.","potentialAction":[{"@type":"SearchAction","target":{"@type":"EntryPoint","urlTemplate":"https:\/\/www.filtnor.com\/?s={search_term_string}"},"query-input":{"@type":"PropertyValueSpecification","valueRequired":true,"valueName":"search_term_string"}}],"inLanguage":"fi"}]}},"_links":{"self":[{"href":"https:\/\/www.filtnor.com\/fi\/wp-json\/wp\/v2\/pages\/3967","targetHints":{"allow":["GET"]}}],"collection":[{"href":"https:\/\/www.filtnor.com\/fi\/wp-json\/wp\/v2\/pages"}],"about":[{"href":"https:\/\/www.filtnor.com\/fi\/wp-json\/wp\/v2\/types\/page"}],"author":[{"embeddable":true,"href":"https:\/\/www.filtnor.com\/fi\/wp-json\/wp\/v2\/users\/1"}],"replies":[{"embeddable":true,"href":"https:\/\/www.filtnor.com\/fi\/wp-json\/wp\/v2\/comments?post=3967"}],"version-history":[{"count":5,"href":"https:\/\/www.filtnor.com\/fi\/wp-json\/wp\/v2\/pages\/3967\/revisions"}],"predecessor-version":[{"id":4874,"href":"https:\/\/www.filtnor.com\/fi\/wp-json\/wp\/v2\/pages\/3967\/revisions\/4874"}],"up":[{"embeddable":true,"href":"https:\/\/www.filtnor.com\/fi\/wp-json\/wp\/v2\/pages\/4424"}],"wp:attachment":[{"href":"https:\/\/www.filtnor.com\/fi\/wp-json\/wp\/v2\/media?parent=3967"}],"curies":[{"name":"wp","href":"https:\/\/api.w.org\/{rel}","templated":true}]}}