{"id":3786,"date":"2023-10-16T13:41:12","date_gmt":"2023-10-16T11:41:12","guid":{"rendered":"https:\/\/www.filtnor.no\/?page_id=3786"},"modified":"2025-04-23T20:08:14","modified_gmt":"2025-04-23T18:08:14","slug":"roxia-suodatinkankaat","status":"publish","type":"page","link":"https:\/\/www.filtnor.com\/fi\/roxia-suodatinkankaat\/","title":{"rendered":"Roxia-suodatinkankaat"},"content":{"rendered":"<div class=\"wpb-content-wrapper\"><div class=\"vc_row wpb_row vc_row-fluid vc_custom_1691587735553\"><div class=\"wpb_column vc_column_container vc_col-sm-12 vc_col-lg-6 vc_col-md-6\"><div class=\"vc_column-inner\"><div class=\"wpb_wrapper\"><div class=\"section-title-wrapper shortcode-rand-2 induzy-inline-css\" data-css=\"&quot;.shortcode-rand-2 .title-separator.separator-border { background-color: ; }.shortcode-rand-2 .section-title { text-transform: none; }&quot;\"><div class=\"title-wrap\"><h2 class=\"section-title\">Filtnorin toimittama - <span class=\"title-suffix theme-color\">Luotettu suodatuskumppanisi<\/span><\/h2><span class=\"title-separator separator-border theme-color-bg\"><\/span><\/div><!-- .title-wrap --><div class=\"section-description\">Filtnor toimittaa ylpe\u00e4n\u00e4 Roxian suodatinkankaita, jotka on suunniteltu tehokkaaseen vedenpoistoon ja monenlaisiin teollisiin suodatussovelluksiin. Uusimmalla tekstiiliteknologialla kehitetyt Roxian kankaat tarjoavat alan johtavaa laatua, kest\u00e4vyytt\u00e4 ja tasalaatuisuutta, mik\u00e4 asettaa uuden standardin suodatinmateriaalien suorituskyvylle.<\/div><!-- .section-description --><\/div><!-- .section-title-wrapper --><div class=\"feature-box-wrapper feature-box-style-1 vc_custom_1745431511884 shortcode-rand-3 induzy-inline-css\" data-css=\"&quot;.shortcode-rand-3.feature-box-wrapper {background: -moz-linear-gradient(141deg,  0%,  51%,  75%);\\r\\n\\t\\t\\t\\tbackground: -webkit-linear-gradient(141deg,  0%,  51%,  75%);\\r\\n\\t\\t\\t\\tbackground: linear-gradient(141deg,  0%,  51%,  75%);}.shortcode-rand-3 .feature-box-icon { font-size: 24px; }.shortcode-rand-3 .feature-box-icon { height: 48px; width: 48px; }.shortcode-rand-3 .feature-box-icon &gt; span { line-height: 2; }.shortcode-rand-3:hover .feature-box-icon { background: none; }&quot;\" ><div class=\"feature-box-btn\"><a class=\"btn default\" href=\"https:\/\/www.filtnor.com\/fi\/ota-meihin-yhteytta\/\" title=\"L\u00c4HET\u00c4 KYSYMYS \u00bb\">L\u00c4HET\u00c4 KYSYMYS \u00bb<\/a><\/div><!-- .feature-box-btn --><\/div><!-- .feature-box-wrapper --><\/div><\/div><\/div><div class=\"wpb_column vc_column_container vc_col-sm-12 vc_col-lg-6 vc_col-md-6\"><div class=\"vc_column-inner\"><div class=\"wpb_wrapper\">\n\t<div  class=\"wpb_single_image wpb_content_element vc_align_left wpb_content_element\">\n\t\t\n\t\t<figure class=\"wpb_wrapper vc_figure\">\n\t\t\t<div class=\"vc_single_image-wrapper   vc_box_border_grey\"><img loading=\"lazy\" decoding=\"async\" width=\"813\" height=\"460\" src=\"https:\/\/www.filtnor.com\/wp-content\/uploads\/2023\/10\/sider_filterduker-01.png\" class=\"vc_single_image-img attachment-full\" alt=\"Painesuodattimen suodatin\" title=\"sider_filterduker-01\" srcset=\"https:\/\/www.filtnor.com\/wp-content\/uploads\/2023\/10\/sider_filterduker-01.png 813w, https:\/\/www.filtnor.com\/wp-content\/uploads\/2023\/10\/sider_filterduker-01-600x339.png 600w, https:\/\/www.filtnor.com\/wp-content\/uploads\/2023\/10\/sider_filterduker-01-768x435.png 768w\" sizes=\"auto, (max-width: 813px) 100vw, 813px\" \/><\/div>\n\t\t<\/figure>\n\t<\/div>\n<\/div><\/div><\/div><\/div><div class=\"vc_row wpb_row vc_row-fluid vc_custom_1691588774257\"><div class=\"wpb_column vc_column_container vc_col-sm-6\"><div class=\"vc_column-inner\"><div class=\"wpb_wrapper\"><div class=\"section-title-wrapper shortcode-rand-5 induzy-inline-css\" data-css=\"&quot;.shortcode-rand-5 .title-separator.separator-border { background-color: ; }.shortcode-rand-5 .section-title { text-transform: none; }&quot;\"><div class=\"title-wrap\"><h4 class=\"section-title\">Markkinoille johtava kilpailu<\/h4><span class=\"title-separator separator-border theme-color-bg\"><\/span><\/div><!-- .title-wrap --><div class=\"section-description\"><\/p>\n<h4>Suodatinkankaat suodatinpuristimille \u2013 Alan johtajien luottama<\/h4>\n<h5>Vertaansa vailla olevaa asiantuntemusta ja teknist\u00e4 erinomaisuutta<\/h5>\n<p>Roxian suodatinkankaat ovat vuosien kehitysty\u00f6n tulosta, ja niit\u00e4 ovat kehitt\u00e4neet suodatusalan kokeneimmat ammattilaiset. Roxia toimittaa kankaita, jotka tarjoavat huippuluokan kudontatekniikkaa ja -materiaaleja. <strong>aiemmin saavuttamaton laatu- ja tehokkuustaso<\/strong> suodatusj\u00e4rjestelmiss\u00e4.<\/p>\n<p>Laajan vakiomallivalikoiman ja yksil\u00f6llisiin tarpeisiin r\u00e4\u00e4t\u00e4l\u00f6it\u00e4vien ratkaisujen valikoiman ansiosta Roxia varmistaa suodatinkankaiden nopean toimituksen. <strong>toimimaan t\u00e4sm\u00e4lleen prosessisi vaatimusten mukaisesti<\/strong>. Suodatinkangas on mink\u00e4 tahansa vedenpoistoj\u00e4rjestelm\u00e4n syd\u00e4n ja kriittinen osa \u2013 ja oikean kankaan valinta on olennaista suodatustehokkuuden optimoimiseksi.<\/p>\n<h4>Suunnitellut saumat pidennetty\u00e4 k\u00e4ytt\u00f6ik\u00e4\u00e4 varten<\/h4>\n<p>Roxia tarjoaa laajan valikoiman edistyneit\u00e4 saumamalleja erilaisiin prosessiolosuhteisiin. Jokainen sauma on vahvistettu <strong>kest\u00e4\u00e4 kauemmin kuin itse kangas<\/strong>, varmistaen, ett\u00e4 saumavauriot eiv\u00e4t aiheuta seisokkeja tai huoltokatkoksia.<\/p>\n<h5>Reunavahvikkeet \u2013 vakio- ja \u00e4\u00e4rimm\u00e4isen k\u00e4yt\u00f6n vaihtoehdot<\/h5>\n<p>Vakiokankaissamme on kest\u00e4v\u00e4t reunavahvikkeet, jotka riitt\u00e4v\u00e4t useimpiin k\u00e4ytt\u00f6tarkoituksiin. \u00c4\u00e4rimm\u00e4isiin k\u00e4ytt\u00f6tarkoituksiin \u2013 joissa suodatinkankaat voivat joutua kosketuksiin kovien pintojen tai mekaanisten komponenttien kanssa \u2013 tarjoamme kuitenkin my\u00f6s <strong>eritt\u00e4in raskaaseen k\u00e4ytt\u00f6\u00f6n tarkoitetut reunavahvikkeet<\/strong> lis\u00e4suojaa ja pitk\u00e4ik\u00e4isyytt\u00e4 varten.<\/p>\n<h5>Roxia-suodatinkankaiden t\u00e4rkeimm\u00e4t edut<\/h5>\n<p>\u2013 <strong>V\u00e4hentynyt tukkeutuminen<\/strong>, mik\u00e4 tarkoittaa pidemp\u00e4\u00e4 kankaan k\u00e4ytt\u00f6ik\u00e4\u00e4 ja tasaisempaa suorituskyky\u00e4<\/p>\n<p>\u2013 <strong>Vaivaton suodatinkakun irrotus<\/strong>, parantaen sykliaikoja ja tuottavuutta<\/p>\n<p>\u2013 <strong>Suurin mekaaninen lujuus<\/strong>, jopa vaativissa prosessiolosuhteissa<\/p>\n<p>\u2013 <strong>Vahvistetut reunat ja saumat<\/strong> kulumisen est\u00e4miseksi ja kankaan k\u00e4ytt\u00f6i\u00e4n pident\u00e4miseksi<\/p>\n<p>\u2013 <strong>Nopea toimitus Pohjoismaiden varastolta<\/strong>, varmistaen minimaaliset l\u00e4pimenoajat<\/p>\n<p>\u2013 <strong>Asiantuntijan ohjaus<\/strong>, varmistaen, ett\u00e4 saat oikean kankaan juuri sinun suodatustarpeisiisi<\/p>\n<p><\/div><!-- .section-description --><\/div><!-- .section-title-wrapper --><\/div><\/div><\/div><div class=\"wpb_column vc_column_container vc_col-sm-6\"><div class=\"vc_column-inner\"><div class=\"wpb_wrapper\"><div class=\"section-title-wrapper margin-bottom-30 shortcode-rand-6 induzy-inline-css\" data-css=\"&quot;.shortcode-rand-6 .title-separator.separator-border { background-color: ; }.shortcode-rand-6 .section-title { text-transform: none; }&quot;\"><div class=\"title-wrap\"><h4 class=\"section-title\">Keskeiset edut <span class=\"title-suffix theme-color\">Roxia-suodatinkankaista<\/span><\/h4><span class=\"title-separator separator-border theme-color-bg\"><\/span><\/div><!-- .title-wrap --><div class=\"section-description\"><\/div><!-- .section-description --><\/div><!-- .section-title-wrapper --><div class=\"list-item-wrapper\" data-css=\"&quot;&quot;\"><div class=\"list-item-inner\" data-css=\"&quot;&quot;\"><div class=\"list-item-title media\"><span class=\"mr-3 icon-light fa fa-solid fa-check\"><\/span><div class=\"media-body align-self-center list-item-desc\">V\u00e4hemm\u00e4n tukkeutumista, mik\u00e4 tarkoittaa pidemp\u00e4\u00e4 kankaan k\u00e4ytt\u00f6ik\u00e4\u00e4 ja tasaisempaa suorituskyky\u00e4<\/div><\/div><!-- .list-item-title --><\/div><!-- .list-item-inner --><div class=\"list-item-inner\" data-css=\"&quot;&quot;\"><div class=\"list-item-title media\"><span class=\"mr-3 icon-light fa fa-solid fa-check\"><\/span><div class=\"media-body align-self-center list-item-desc\">Vaivaton suodatinkakun irrotus, mik\u00e4 parantaa sykliaikoja ja tuottavuutta<\/div><\/div><!-- .list-item-title --><\/div><!-- .list-item-inner --><div class=\"list-item-inner\" data-css=\"&quot;&quot;\"><div class=\"list-item-title media\"><span class=\"mr-3 icon-light fa fa-solid fa-check\"><\/span><div class=\"media-body align-self-center list-item-desc\">Maksimaalinen mekaaninen lujuus, jopa vaativissa prosessiolosuhteissa<\/div><\/div><!-- .list-item-title --><\/div><!-- .list-item-inner --><div class=\"list-item-inner\" data-css=\"&quot;&quot;\"><div class=\"list-item-title media\"><span class=\"mr-3 icon-light fa fa-solid fa-check\"><\/span><div class=\"media-body align-self-center list-item-desc\">Vahvistetut reunat ja saumat est\u00e4v\u00e4t kulumista ja pident\u00e4v\u00e4t kankaan k\u00e4ytt\u00f6ik\u00e4\u00e4<\/div><\/div><!-- .list-item-title --><\/div><!-- .list-item-inner --><div class=\"list-item-inner\" data-css=\"&quot;&quot;\"><div class=\"list-item-title media\"><span class=\"mr-3 icon-light fa fa-solid fa-check\"><\/span><div class=\"media-body align-self-center list-item-desc\">Nopea toimitus pohjoismaisesta varastosta, mik\u00e4 takaa lyhyet l\u00e4pimenoajat<\/div><\/div><!-- .list-item-title --><\/div><!-- .list-item-inner --><div class=\"list-item-inner\" data-css=\"&quot;&quot;\"><div class=\"list-item-title media\"><span class=\"mr-3 icon-light fa fa-solid fa-check\"><\/span><div class=\"media-body align-self-center list-item-desc\">Asiantuntijan ohjausta, joka varmistaa, ett\u00e4 saat oikean kankaan juuri sinun suodatustarpeisiisi<\/div><\/div><!-- .list-item-title --><\/div><!-- .list-item-inner --><\/div><!-- .list-item-wrapper --><div class=\"vc_separator wpb_content_element vc_separator_align_center vc_sep_width_100 vc_sep_pos_align_center vc_separator_no_text vc_sep_color_grey wpb_content_element  wpb_content_element\" ><span class=\"vc_sep_holder vc_sep_holder_l\"><span class=\"vc_sep_line\"><\/span><\/span><span class=\"vc_sep_holder vc_sep_holder_r\"><span class=\"vc_sep_line\"><\/span><\/span>\n<\/div><div class=\"section-title-wrapper margin-bottom-30 shortcode-rand-14 induzy-inline-css\" data-css=\"&quot;.shortcode-rand-14 .title-separator.separator-border { background-color: ; }.shortcode-rand-14 .section-title { text-transform: none; }&quot;\"><div class=\"title-wrap\"><h4 class=\"section-title\">Ammattimainen tuki \u2013 <span class=\"title-suffix theme-color\">R\u00e4\u00e4t\u00e4l\u00f6idyt ratkaisut, jotka tuottavat tuloksia<\/span><\/h4><span class=\"title-separator separator-border theme-color-bg\"><\/span><\/div><!-- .title-wrap --><div class=\"section-description\">Filtnorilla suodatusasiantuntijamme ty\u00f6skentelev\u00e4t tiiviisti kanssasi varmistaakseen, ett\u00e4 saat juuri sinun toimintatarpeisiisi sopivan suodatinkankaan. Roxian kankaat on suunniteltu toimittamaan... <strong>maksimaalinen k\u00e4ytt\u00f6ik\u00e4, mekaaninen suorituskyky ja optimaalinen suodoksen ja kakun laatu<\/strong>.<\/p>\n<p>Luota Filtnorin Roxia-suodatinkankaisiin \u2013 joissa maailmanluokan teknologia kohtaa pohjoismaisen luotettavuuden.<\/div><!-- .section-description --><\/div><!-- .section-title-wrapper --><\/div><\/div><\/div><\/div><div class=\"vc_row wpb_row vc_row-fluid vc_custom_1691587893368\"><div class=\"wpb_column vc_column_container vc_col-sm-12\"><div class=\"vc_column-inner\"><div class=\"wpb_wrapper\"><div class=\"vc_separator wpb_content_element vc_separator_align_center vc_sep_width_100 vc_sep_dashed vc_sep_pos_align_center vc_separator_no_text wpb_content_element  wpb_content_element\" ><span class=\"vc_sep_holder vc_sep_holder_l\"><span class=\"vc_sep_line\"><\/span><\/span><span class=\"vc_sep_holder vc_sep_holder_r\"><span class=\"vc_sep_line\"><\/span><\/span>\n<\/div><\/div><\/div><\/div><\/div><div class=\"vc_row wpb_row vc_row-fluid vc_custom_1691586856885\"><div class=\"wpb_column vc_column_container vc_col-sm-12\"><div class=\"vc_column-inner\"><div class=\"wpb_wrapper\"><div class=\"section-title-wrapper shortcode-rand-17 induzy-inline-css\" data-css=\"&quot;.shortcode-rand-17 .title-separator.separator-border { background-color: ; }.shortcode-rand-17 .section-title { text-transform: none; }&quot;\"><div class=\"title-wrap\"><h4 class=\"section-title\">Spesifikaatiot<\/h4><span class=\"title-separator separator-border theme-color-bg\"><\/span><\/div><!-- .title-wrap --><div class=\"section-description\"><\/div><!-- .section-description --><\/div><!-- .section-title-wrapper --><\/div><\/div><\/div><\/div><div class=\"vc_row wpb_row vc_row-fluid vc_custom_1691588983670\"><div class=\"wpb_column vc_column_container vc_col-sm-12\"><div class=\"vc_column-inner\"><div class=\"wpb_wrapper\"><div class=\"vc_tta-container\" data-vc-action=\"collapse\"><div class=\"vc_general vc_tta vc_tta-accordion vc_tta-color-grey vc_tta-style-modern vc_tta-shape-rounded vc_tta-o-shape-group vc_tta-controls-align-default vc_tta-o-no-fill\"><div class=\"vc_tta-panels-container\"><div class=\"vc_tta-panels\"><div class=\"vc_tta-panel vc_active\" id=\"1691585548344-5710b2c2-8100\" data-vc-content=\".vc_tta-panel-body\"><div class=\"vc_tta-panel-heading\"><h4 class=\"vc_tta-panel-title vc_tta-controls-icon-position-left\"><a href=\"#1691585548344-5710b2c2-8100\" data-vc-accordion data-vc-container=\".vc_tta-container\"><span class=\"vc_tta-title-text\">Ylisikt<\/span><i class=\"vc_tta-controls-icon vc_tta-controls-icon-plus\"><\/i><\/a><\/h4><\/div><div class=\"vc_tta-panel-body\">\n\t<div class=\"wpb_text_column wpb_content_element\" >\n\t\t<div class=\"wpb_wrapper\">\n\t\t\t<p>Filterduker med den nyeste tekstilteknologien og lager i Norden.<\/p>\n\n\t\t<\/div>\n\t<\/div>\n<\/div><\/div><div class=\"vc_tta-panel\" id=\"1691585717860-a7b1e109-961c\" data-vc-content=\".vc_tta-panel-body\"><div class=\"vc_tta-panel-heading\"><h4 class=\"vc_tta-panel-title vc_tta-controls-icon-position-left\"><a href=\"#1691585717860-a7b1e109-961c\" data-vc-accordion data-vc-container=\".vc_tta-container\"><span class=\"vc_tta-title-text\">Funksjoner<\/span><i class=\"vc_tta-controls-icon vc_tta-controls-icon-plus\"><\/i><\/a><\/h4><\/div><div class=\"vc_tta-panel-body\">\n\t<div class=\"wpb_text_column wpb_content_element\" >\n\t\t<div class=\"wpb_wrapper\">\n\t\t\t<p>luftpermeabilite 0,25 - 25 m3 per m2\/minuutti.<\/p>\n\n\t\t<\/div>\n\t<\/div>\n<\/div><\/div><div class=\"vc_tta-panel\" id=\"1691585730451-3178ca79-39b4\" data-vc-content=\".vc_tta-panel-body\"><div class=\"vc_tta-panel-heading\"><h4 class=\"vc_tta-panel-title vc_tta-controls-icon-position-left\"><a href=\"#1691585730451-3178ca79-39b4\" data-vc-accordion data-vc-container=\".vc_tta-container\"><span class=\"vc_tta-title-text\">Tarvikkeet<\/span><i class=\"vc_tta-controls-icon vc_tta-controls-icon-plus\"><\/i><\/a><\/h4><\/div><div class=\"vc_tta-panel-body\">\n\t<div class=\"wpb_text_column wpb_content_element\" >\n\t\t<div class=\"wpb_wrapper\">\n\t\t\t<p>S\u00f8m-adapter ja lappesett for reparasjon av hull i duken.<\/p>\n\n\t\t<\/div>\n\t<\/div>\n<\/div><\/div><div class=\"vc_tta-panel\" id=\"1691585731353-84e22eed-9b98\" data-vc-content=\".vc_tta-panel-body\"><div class=\"vc_tta-panel-heading\"><h4 class=\"vc_tta-panel-title vc_tta-controls-icon-position-left\"><a href=\"#1691585731353-84e22eed-9b98\" data-vc-accordion data-vc-container=\".vc_tta-container\"><span class=\"vc_tta-title-text\">Milj\u00f8parametre<\/span><i class=\"vc_tta-controls-icon vc_tta-controls-icon-plus\"><\/i><\/a><\/h4><\/div><div class=\"vc_tta-panel-body\">\n\t<div class=\"wpb_text_column wpb_content_element\" >\n\t\t<div class=\"wpb_wrapper\">\n\t\t\t<p>Redusert vann- og energiforbruk pga. lettere frislipp av filterkaken samt mindre tetting av duken.<\/p>\n\n\t\t<\/div>\n\t<\/div>\n<\/div><\/div><div class=\"vc_tta-panel\" id=\"1691587300686-a6fbef20-4a50\" data-vc-content=\".vc_tta-panel-body\"><div class=\"vc_tta-panel-heading\"><h4 class=\"vc_tta-panel-title vc_tta-controls-icon-position-left\"><a href=\"#1691587300686-a6fbef20-4a50\" data-vc-accordion data-vc-container=\".vc_tta-container\"><span class=\"vc_tta-title-text\">Tjenester<\/span><i class=\"vc_tta-controls-icon vc_tta-controls-icon-plus\"><\/i><\/a><\/h4><\/div><div class=\"vc_tta-panel-body\">\n\t<div class=\"wpb_text_column wpb_content_element\" >\n\t\t<div class=\"wpb_wrapper\">\n\t\t\t<p>Suodatinyksik\u00f6n leikkaus:<br \/>\nVi har serviceteknikere som kan komme til dere og utf\u00f8re skifte av filterduk.<\/p>\n<p>Suodatintestauslaite:<br \/>\nVi kan forh\u00e5ndsteste filtratkvalitet i Roxias labratorium i Finland eller med mobilt testutstyr paikan p\u00e4\u00e4ll\u00e4.<\/p>\n\n\t\t<\/div>\n\t<\/div>\n<\/div><\/div><\/div><\/div><\/div><\/div><\/div><\/div><\/div><\/div><div data-vc-full-width=\"true\" data-vc-full-width-init=\"false\" class=\"vc_row wpb_row vc_row-fluid additional-call-to-action vc_custom_1691588100630 vc_row-has-fill\"><div class=\"wpb_column vc_column_container vc_col-sm-12\"><div class=\"vc_column-inner\"><div class=\"wpb_wrapper\"><div class=\"vc_row wpb_row vc_inner vc_row-fluid\"><div class=\"wpb_column vc_column_container vc_col-sm-12 vc_col-lg-9 vc_col-md-12\"><div class=\"vc_column-inner\"><div class=\"wpb_wrapper\"><div class=\"feature-box-wrapper feature-box-style-1 shortcode-rand-20 induzy-inline-css feature-list-1\" data-css=\"&quot;.shortcode-rand-20.feature-box-wrapper { color: #000000; }.shortcode-rand-20.feature-box-wrapper {background: -moz-linear-gradient(141deg,  0%,  51%,  75%);\\r\\n\\t\\t\\t\\tbackground: -webkit-linear-gradient(141deg,  0%,  51%,  75%);\\r\\n\\t\\t\\t\\tbackground: linear-gradient(141deg,  0%,  51%,  75%);}.shortcode-rand-20 .feature-box-icon { font-size: 30px; }.shortcode-rand-20 .feature-box-icon { height: 60px; width: 60px; }.shortcode-rand-20 .feature-box-icon &gt; span { line-height: 2; }.shortcode-rand-20:hover .feature-box-icon { background: none; }&quot;\" ><div class=\"fbox-list\"><div class=\"media\"><div class=\"feature-box-icon mr-3 text-center rounded-circle none\"><span class=\"\"><\/span><\/div><!-- .feature-box-icon --><div class=\"media-body\"><div class=\"feature-box-title\"><h4 class=\"section-title\">Etk\u00f6 l\u00f6yd\u00e4 etsim\u00e4\u00e4si?<\/h4><\/div><!-- .feature-box-title --><div class=\"feature-box-content\">Ota yhteytt\u00e4, niin autamme sinua l\u00f6yt\u00e4m\u00e4\u00e4n sen!<\/div><!-- .feature-box-content --><\/div><\/div><\/div><\/div><!-- .feature-box-wrapper --><\/div><\/div><\/div><div class=\"wpb_column vc_column_container vc_col-sm-12 vc_col-lg-3 vc_col-md-12\"><div class=\"vc_column-inner vc_custom_1691588352947\"><div class=\"wpb_wrapper\"><div class=\"vc_btn3-container  additional-btn vc_btn3-right vc_custom_1745431689699 vc_do_btn\" ><a style=\"background-color:#06295e; color:#ffffff;\" class=\"vc_general vc_btn3 vc_btn3-size-md vc_btn3-shape-rounded vc_btn3-style-custom\" href=\"https:\/\/www.filtnor.com\/fi\/ota-meihin-yhteytta\/\" title=\"Materiaalit\">L\u00c4HET\u00c4 KYSYMYS \u00bb<\/a><\/div><\/div><\/div><\/div><\/div><\/div><\/div><\/div><\/div><div class=\"vc_row-full-width vc_clearfix\"><\/div>\n<\/div>","protected":false},"excerpt":{"rendered":"Filtnorin toimittama - Luotettu suodatuskumppanisiFiltnor toimittaa ylpe\u00e4n\u00e4 Roxian suodatinkankaita, jotka on suunniteltu tehokkaaseen vedenpoistoon ja monenlaisiin teollisiin suodatussovelluksiin. Uusimmalla tekstiiliteknologialla kehitetyt Roxian kankaat tarjoavat alan johtavaa laatua, kest\u00e4vyytt\u00e4 ja tasalaatuisuutta, mik\u00e4 asettaa uuden standardin suodatinmateriaalien suorituskyvylle.L\u00c4HET\u00c4 KYSYMYS \u00bb Markedsledende competanse Suodatinkankaat suodattimille","protected":false},"author":1,"featured_media":0,"parent":0,"menu_order":0,"comment_status":"closed","ping_status":"closed","template":"","meta":{"om_disable_all_campaigns":false,"footnotes":""},"class_list":["post-3786","page","type-page","status-publish","hentry"],"yoast_head":"<!-- This site is optimized with the Yoast SEO Premium plugin v26.1 (Yoast SEO v27.5) - https:\/\/yoast.com\/product\/yoast-seo-premium-wordpress\/ -->\n<title>Roxia Filter Cloths - Filtnor<\/title>\n<meta name=\"description\" content=\"Filtnor leverer filterduker til pressfilter. Pressfilterduker med h\u00f8y h\u00f8y kvalitet. Kort leveringstid p\u00e5 filterpresseduker til filterpresser.\" \/>\n<meta name=\"robots\" content=\"index, follow, max-snippet:-1, max-image-preview:large, max-video-preview:-1\" \/>\n<link rel=\"canonical\" href=\"https:\/\/www.filtnor.com\/fi\/roxia-suodatinkankaat\/\" \/>\n<meta property=\"og:locale\" content=\"fi_FI\" \/>\n<meta property=\"og:type\" content=\"article\" \/>\n<meta property=\"og:title\" content=\"Roxia Filter Cloths\" \/>\n<meta property=\"og:description\" content=\"Filtnor leverer filterduker til pressfilter. Pressfilterduker med h\u00f8y h\u00f8y kvalitet. Kort leveringstid p\u00e5 filterpresseduker til filterpresser.\" \/>\n<meta property=\"og:url\" content=\"https:\/\/www.filtnor.com\/fi\/roxia-suodatinkankaat\/\" \/>\n<meta property=\"og:site_name\" content=\"Filtnor\" \/>\n<meta property=\"article:modified_time\" content=\"2025-04-23T18:08:14+00:00\" \/>\n<meta name=\"twitter:card\" content=\"summary_large_image\" \/>\n<meta name=\"twitter:label1\" content=\"Arvioitu lukuaika\" \/>\n\t<meta name=\"twitter:data1\" content=\"3 minuuttia\" \/>\n<script type=\"application\/ld+json\" class=\"yoast-schema-graph\">{\"@context\":\"https:\\\/\\\/schema.org\",\"@graph\":[{\"@type\":\"WebPage\",\"@id\":\"https:\\\/\\\/www.filtnor.com\\\/roxia-filter-cloths\\\/\",\"url\":\"https:\\\/\\\/www.filtnor.com\\\/roxia-filter-cloths\\\/\",\"name\":\"Roxia Filter Cloths - Filtnor\",\"isPartOf\":{\"@id\":\"https:\\\/\\\/www.filtnor.com\\\/#website\"},\"datePublished\":\"2023-10-16T11:41:12+00:00\",\"dateModified\":\"2025-04-23T18:08:14+00:00\",\"description\":\"Filtnor leverer filterduker til pressfilter. Pressfilterduker med h\u00f8y h\u00f8y kvalitet. Kort leveringstid p\u00e5 filterpresseduker til filterpresser.\",\"breadcrumb\":{\"@id\":\"https:\\\/\\\/www.filtnor.com\\\/roxia-filter-cloths\\\/#breadcrumb\"},\"inLanguage\":\"fi\",\"potentialAction\":[{\"@type\":\"ReadAction\",\"target\":[\"https:\\\/\\\/www.filtnor.com\\\/roxia-filter-cloths\\\/\"]}]},{\"@type\":\"BreadcrumbList\",\"@id\":\"https:\\\/\\\/www.filtnor.com\\\/roxia-filter-cloths\\\/#breadcrumb\",\"itemListElement\":[{\"@type\":\"ListItem\",\"position\":1,\"name\":\"Home\",\"item\":\"https:\\\/\\\/www.filtnor.com\\\/\"},{\"@type\":\"ListItem\",\"position\":2,\"name\":\"Roxia Filter Cloths\"}]},{\"@type\":\"WebSite\",\"@id\":\"https:\\\/\\\/www.filtnor.com\\\/#website\",\"url\":\"https:\\\/\\\/www.filtnor.com\\\/\",\"name\":\"Filtnor\",\"description\":\"Filtration you can trust. Performance that lasts.\",\"potentialAction\":[{\"@type\":\"SearchAction\",\"target\":{\"@type\":\"EntryPoint\",\"urlTemplate\":\"https:\\\/\\\/www.filtnor.com\\\/?s={search_term_string}\"},\"query-input\":{\"@type\":\"PropertyValueSpecification\",\"valueRequired\":true,\"valueName\":\"search_term_string\"}}],\"inLanguage\":\"fi\"}]}<\/script>\n<!-- \/ Yoast SEO Premium plugin. -->","yoast_head_json":{"title":"Roxia-suodatinkankaat - Filtnor","description":"Filtnor leverer filterduker til pressfilter. Pressfilterduker med h\u00f8y h\u00f8y kvalitet. Kort leveringstid p\u00e5 filterpresseduker til filterpresser.","robots":{"index":"index","follow":"follow","max-snippet":"max-snippet:-1","max-image-preview":"max-image-preview:large","max-video-preview":"max-video-preview:-1"},"canonical":"https:\/\/www.filtnor.com\/fi\/roxia-suodatinkankaat\/","og_locale":"fi_FI","og_type":"article","og_title":"Roxia Filter Cloths","og_description":"Filtnor leverer filterduker til pressfilter. Pressfilterduker med h\u00f8y h\u00f8y kvalitet. Kort leveringstid p\u00e5 filterpresseduker til filterpresser.","og_url":"https:\/\/www.filtnor.com\/fi\/roxia-suodatinkankaat\/","og_site_name":"Filtnor","article_modified_time":"2025-04-23T18:08:14+00:00","twitter_card":"summary_large_image","twitter_misc":{"Arvioitu lukuaika":"3 minuuttia"},"schema":{"@context":"https:\/\/schema.org","@graph":[{"@type":"WebPage","@id":"https:\/\/www.filtnor.com\/roxia-filter-cloths\/","url":"https:\/\/www.filtnor.com\/roxia-filter-cloths\/","name":"Roxia-suodatinkankaat - Filtnor","isPartOf":{"@id":"https:\/\/www.filtnor.com\/#website"},"datePublished":"2023-10-16T11:41:12+00:00","dateModified":"2025-04-23T18:08:14+00:00","description":"Filtnor leverer filterduker til pressfilter. Pressfilterduker med h\u00f8y h\u00f8y kvalitet. Kort leveringstid p\u00e5 filterpresseduker til filterpresser.","breadcrumb":{"@id":"https:\/\/www.filtnor.com\/roxia-filter-cloths\/#breadcrumb"},"inLanguage":"fi","potentialAction":[{"@type":"ReadAction","target":["https:\/\/www.filtnor.com\/roxia-filter-cloths\/"]}]},{"@type":"BreadcrumbList","@id":"https:\/\/www.filtnor.com\/roxia-filter-cloths\/#breadcrumb","itemListElement":[{"@type":"ListItem","position":1,"name":"Home","item":"https:\/\/www.filtnor.com\/"},{"@type":"ListItem","position":2,"name":"Roxia Filter Cloths"}]},{"@type":"WebSite","@id":"https:\/\/www.filtnor.com\/#website","url":"https:\/\/www.filtnor.com\/","name":"Filtnor","description":"Suodatus, johon voit luottaa. Suorituskyky\u00e4, joka kest\u00e4\u00e4.","potentialAction":[{"@type":"SearchAction","target":{"@type":"EntryPoint","urlTemplate":"https:\/\/www.filtnor.com\/?s={search_term_string}"},"query-input":{"@type":"PropertyValueSpecification","valueRequired":true,"valueName":"search_term_string"}}],"inLanguage":"fi"}]}},"_links":{"self":[{"href":"https:\/\/www.filtnor.com\/fi\/wp-json\/wp\/v2\/pages\/3786","targetHints":{"allow":["GET"]}}],"collection":[{"href":"https:\/\/www.filtnor.com\/fi\/wp-json\/wp\/v2\/pages"}],"about":[{"href":"https:\/\/www.filtnor.com\/fi\/wp-json\/wp\/v2\/types\/page"}],"author":[{"embeddable":true,"href":"https:\/\/www.filtnor.com\/fi\/wp-json\/wp\/v2\/users\/1"}],"replies":[{"embeddable":true,"href":"https:\/\/www.filtnor.com\/fi\/wp-json\/wp\/v2\/comments?post=3786"}],"version-history":[{"count":5,"href":"https:\/\/www.filtnor.com\/fi\/wp-json\/wp\/v2\/pages\/3786\/revisions"}],"predecessor-version":[{"id":6015,"href":"https:\/\/www.filtnor.com\/fi\/wp-json\/wp\/v2\/pages\/3786\/revisions\/6015"}],"wp:attachment":[{"href":"https:\/\/www.filtnor.com\/fi\/wp-json\/wp\/v2\/media?parent=3786"}],"curies":[{"name":"wp","href":"https:\/\/api.w.org\/{rel}","templated":true}]}}