{"id":3616,"date":"2024-04-19T20:24:36","date_gmt":"2024-04-19T19:24:36","guid":{"rendered":"https:\/\/www.filtnor.no\/?page_id=3616"},"modified":"2024-08-26T15:45:25","modified_gmt":"2024-08-26T13:45:25","slug":"maaritelman-selvennys","status":"publish","type":"page","link":"https:\/\/www.filtnor.com\/fi\/maaritelman-selvennys\/","title":{"rendered":"M\u00e4\u00e4ritelm\u00e4n selvennys"},"content":{"rendered":"<div class=\"wpb-content-wrapper\"><div class=\"vc_row wpb_row vc_row-fluid vc_custom_1713555533163\"><div class=\"wpb_column vc_column_container vc_col-sm-12\"><div class=\"vc_column-inner\"><div class=\"wpb_wrapper\">\n\t<div class=\"wpb_text_column wpb_content_element\" >\n\t\t<div class=\"wpb_wrapper\">\n\t\t\t<p>Suodatuksesta ja erottelusta k\u00e4ytet\u00e4\u00e4n monia teknisi\u00e4 termej\u00e4, joten t\u00e4ss\u00e4 m\u00e4\u00e4rittelemme erilaisia sanoja, joita usein k\u00e4ytet\u00e4\u00e4n suodattimista puhuttaessa.<\/p>\n\n\t\t<\/div>\n\t<\/div>\n<\/div><\/div><\/div><\/div><div class=\"vc_row wpb_row vc_row-fluid vc_custom_1713555391237\"><div class=\"wpb_column vc_column_container vc_col-sm-6\"><div class=\"vc_column-inner vc_custom_1713555476537\"><div class=\"wpb_wrapper\"><div class=\"vc_tta-container\" data-vc-action=\"collapse\"><div class=\"vc_general vc_tta vc_tta-accordion vc_tta-color-grey vc_tta-style-flat vc_tta-shape-rounded vc_tta-o-shape-group vc_tta-gap-5 vc_tta-controls-align-default\"><div class=\"vc_tta-panels-container\"><div class=\"vc_tta-panels\"><div class=\"vc_tta-panel vc_active\" id=\"1509077769794-fba1842b-1469\" data-vc-content=\".vc_tta-panel-body\"><div class=\"vc_tta-panel-heading\"><h4 class=\"vc_tta-panel-title vc_tta-controls-icon-position-left\"><a href=\"#1509077769794-fba1842b-1469\" data-vc-accordion data-vc-container=\".vc_tta-container\"><span class=\"vc_tta-title-text\">Mik\u00e4 on suodatinpuristin?<\/span><i class=\"vc_tta-controls-icon vc_tta-controls-icon-chevron\"><\/i><\/a><\/h4><\/div><div class=\"vc_tta-panel-body\">\n\t<div class=\"wpb_text_column wpb_content_element\" >\n\t\t<div class=\"wpb_wrapper\">\n\t\t\t<p>Painesuodatin on tekninen laite, jota k\u00e4ytet\u00e4\u00e4n erottamaan kiinte\u00e4t aineet ja nesteet toisistaan puristamalla liete korkealla paineella suodattimen l\u00e4pi, joka ottaa talteen kiinte\u00e4t aineet.<\/p>\n\n\t\t<\/div>\n\t<\/div>\n<\/div><\/div><div class=\"vc_tta-panel\" id=\"1509021575243-589346ee-3847\" data-vc-content=\".vc_tta-panel-body\"><div class=\"vc_tta-panel-heading\"><h4 class=\"vc_tta-panel-title vc_tta-controls-icon-position-left\"><a href=\"#1509021575243-589346ee-3847\" data-vc-accordion data-vc-container=\".vc_tta-container\"><span class=\"vc_tta-title-text\">Mik\u00e4 on suodatinpuristin?<\/span><i class=\"vc_tta-controls-icon vc_tta-controls-icon-chevron\"><\/i><\/a><\/h4><\/div><div class=\"vc_tta-panel-body\">\n\t<div class=\"wpb_text_column wpb_content_element\" >\n\t\t<div class=\"wpb_wrapper\">\n\t\t\t<p>Suodatinpuristin on yksi painesuodattimien tyyppi, ja sit\u00e4 kutsutaan useimmiten vaakasuoraksi painesuodattimeksi, jossa suodatinlevyj\u00e4 puristetaan sivusuunnassa.<\/p>\n\n\t\t<\/div>\n\t<\/div>\n<\/div><\/div><div class=\"vc_tta-panel\" id=\"1509021575289-b134d249-782d\" data-vc-content=\".vc_tta-panel-body\"><div class=\"vc_tta-panel-heading\"><h4 class=\"vc_tta-panel-title vc_tta-controls-icon-position-left\"><a href=\"#1509021575289-b134d249-782d\" data-vc-accordion data-vc-container=\".vc_tta-container\"><span class=\"vc_tta-title-text\">Mik\u00e4 on suodatinkakku?<\/span><i class=\"vc_tta-controls-icon vc_tta-controls-icon-chevron\"><\/i><\/a><\/h4><\/div><div class=\"vc_tta-panel-body\">\n\t<div class=\"wpb_text_column wpb_content_element\" >\n\t\t<div class=\"wpb_wrapper\">\n\t\t\t<p>Suodatinkakku on kokoelma kiinteit\u00e4 hiukkasia, jotka on suodatettu pois nesteest\u00e4 ja puristettu &quot;kakuksi&quot;.<\/p>\n\n\t\t<\/div>\n\t<\/div>\n<\/div><\/div><div class=\"vc_tta-panel\" id=\"1509023573481-e113de9e-c3c3\" data-vc-content=\".vc_tta-panel-body\"><div class=\"vc_tta-panel-heading\"><h4 class=\"vc_tta-panel-title vc_tta-controls-icon-position-left\"><a href=\"#1509023573481-e113de9e-c3c3\" data-vc-accordion data-vc-container=\".vc_tta-container\"><span class=\"vc_tta-title-text\">Mik\u00e4 on suodos?<\/span><i class=\"vc_tta-controls-icon vc_tta-controls-icon-chevron\"><\/i><\/a><\/h4><\/div><div class=\"vc_tta-panel-body\">\n\t<div class=\"wpb_text_column wpb_content_element\" >\n\t\t<div class=\"wpb_wrapper\">\n\t\t\t<p>Suodos on suodattimen l\u00e4pi erotettu neste.<\/p>\n\n\t\t<\/div>\n\t<\/div>\n<\/div><\/div><div class=\"vc_tta-panel\" id=\"1509023604746-e6524ac8-64f3\" data-vc-content=\".vc_tta-panel-body\"><div class=\"vc_tta-panel-heading\"><h4 class=\"vc_tta-panel-title vc_tta-controls-icon-position-left\"><a href=\"#1509023604746-e6524ac8-64f3\" data-vc-accordion data-vc-container=\".vc_tta-container\"><span class=\"vc_tta-title-text\">Mik\u00e4 on liete?<\/span><i class=\"vc_tta-controls-icon vc_tta-controls-icon-chevron\"><\/i><\/a><\/h4><\/div><div class=\"vc_tta-panel-body\">\n\t<div class=\"wpb_text_column wpb_content_element\" >\n\t\t<div class=\"wpb_wrapper\">\n\t\t\t<p>Termi\u00e4 liete k\u00e4ytet\u00e4\u00e4n seoksesta, joka koostuu sek\u00e4 kiinteist\u00e4 hiukkasista ett\u00e4 nesteest\u00e4.<\/p>\n\n\t\t<\/div>\n\t<\/div>\n<\/div><\/div><div class=\"vc_tta-panel\" id=\"1509023631488-e8b3cb2b-1ff6\" data-vc-content=\".vc_tta-panel-body\"><div class=\"vc_tta-panel-heading\"><h4 class=\"vc_tta-panel-title vc_tta-controls-icon-position-left\"><a href=\"#1509023631488-e8b3cb2b-1ff6\" data-vc-accordion data-vc-container=\".vc_tta-container\"><span class=\"vc_tta-title-text\">Mit\u00e4 on vedenpoisto?<\/span><i class=\"vc_tta-controls-icon vc_tta-controls-icon-chevron\"><\/i><\/a><\/h4><\/div><div class=\"vc_tta-panel-body\">\n\t<div class=\"wpb_text_column wpb_content_element\" >\n\t\t<div class=\"wpb_wrapper\">\n\t\t\t<p>Vedenpoistolla tarkoitetaan nesteen poistamista suodattamalla, jolloin j\u00e4ljelle j\u00e4\u00e4 vain kiinte\u00e4\u00e4 ainetta.<\/p>\n\n\t\t<\/div>\n\t<\/div>\n<\/div><\/div><div class=\"vc_tta-panel\" id=\"1723544080236-22900fcc-ba68\" data-vc-content=\".vc_tta-panel-body\"><div class=\"vc_tta-panel-heading\"><h4 class=\"vc_tta-panel-title vc_tta-controls-icon-position-left\"><a href=\"#1723544080236-22900fcc-ba68\" data-vc-accordion data-vc-container=\".vc_tta-container\"><span class=\"vc_tta-title-text\">Mik\u00e4 on flokkulantti?<\/span><i class=\"vc_tta-controls-icon vc_tta-controls-icon-chevron\"><\/i><\/a><\/h4><\/div><div class=\"vc_tta-panel-body\">\n\t<div class=\"wpb_text_column wpb_content_element\" >\n\t\t<div class=\"wpb_wrapper\">\n\t\t\t<p>Flokkulantit ovat lis\u00e4aineita, jotka aiheuttavat pienten hiukkasten aggregoitumisen suuremmiksi flokeiksi, mik\u00e4 vaikuttaa suodatusominaisuuksiin. Flokkulantteja k\u00e4ytet\u00e4\u00e4n usein parantamaan suodatustehokkuutta, kakun kuivuusastetta ja suodoksen kirkkautta.<\/p>\n\n\t\t<\/div>\n\t<\/div>\n<\/div><\/div><\/div><\/div><\/div><\/div><\/div><\/div><\/div><\/div><div data-vc-full-width=\"true\" data-vc-full-width-init=\"false\" class=\"vc_row wpb_row vc_row-fluid additional-call-to-action vc_custom_1693336638186 vc_row-has-fill\"><div class=\"wpb_column vc_column_container vc_col-sm-12\"><div class=\"vc_column-inner\"><div class=\"wpb_wrapper\"><div class=\"vc_row wpb_row vc_inner vc_row-fluid\"><div class=\"wpb_column vc_column_container vc_col-sm-12 vc_col-lg-9 vc_col-md-12\"><div class=\"vc_column-inner\"><div class=\"wpb_wrapper\"><div class=\"feature-box-wrapper feature-box-style-1 vc_custom_1722335111860 shortcode-rand-4 induzy-inline-css feature-list-1\" data-css=\"&quot;.shortcode-rand-4.feature-box-wrapper .section-title { color: #ffffff; }.shortcode-rand-4.feature-box-wrapper { color: #ffffff; }.shortcode-rand-4.feature-box-wrapper {background: -moz-linear-gradient(141deg,  0%,  51%,  75%);\\r\\n\\t\\t\\t\\tbackground: -webkit-linear-gradient(141deg,  0%,  51%,  75%);\\r\\n\\t\\t\\t\\tbackground: linear-gradient(141deg,  0%,  51%,  75%);}.shortcode-rand-4 .feature-box-icon { font-size: 30px; }.shortcode-rand-4 .feature-box-icon { height: 60px; width: 60px; }.shortcode-rand-4 .feature-box-icon &gt; span { line-height: 2; }.shortcode-rand-4 .feature-box-icon { color: #ffffff; }.shortcode-rand-4:hover .feature-box-icon { background: none; }.shortcode-rand-4 .feature-box-icon { border-style: solid; border-color: #ffffff; }.shortcode-rand-4 .feature-box-icon { border-width: 2px; }&quot;\" ><div class=\"fbox-list\"><div class=\"media\"><div class=\"feature-box-icon mr-3 text-center rounded-circle none\"><span class=\"fa fa-phone\"><\/span><\/div><!-- .feature-box-icon --><div class=\"media-body\"><div class=\"feature-box-title\"><h4 class=\"section-title\">Etk\u00f6 l\u00f6yd\u00e4 etsim\u00e4\u00e4si?<\/h4><\/div><!-- .feature-box-title --><div class=\"feature-box-content\">Ota yhteytt\u00e4, niin autamme sinua l\u00f6yt\u00e4m\u00e4\u00e4n sen!<\/div><!-- .feature-box-content --><\/div><\/div><\/div><\/div><!-- .feature-box-wrapper --><\/div><\/div><\/div><div class=\"wpb_column vc_column_container vc_col-sm-12 vc_col-lg-3 vc_col-md-12\"><div class=\"vc_column-inner vc_custom_1507708598258\"><div class=\"wpb_wrapper\"><div class=\"vc_btn3-container  additional-btn vc_btn3-right vc_custom_1722335090517 vc_do_btn\" ><a style=\"background-color:#ffffff; color:#06295e;\" class=\"vc_general vc_btn3 vc_btn3-size-md vc_btn3-shape-square vc_btn3-style-custom\" href=\"https:\/\/www.filtnor.com\/fi\/ota-meihin-yhteytta\/\" title=\"Ota yhteytt\u00e4\">L\u00c4HET\u00c4 KYSYMYS \u00bb<\/a><\/div><\/div><\/div><\/div><\/div><\/div><\/div><\/div><\/div><div class=\"vc_row-full-width vc_clearfix\"><\/div>\n<\/div>","protected":false},"excerpt":{"rendered":"Suodatuksesta ja erottelusta k\u00e4ytet\u00e4\u00e4n monia teknisi\u00e4 termej\u00e4, joten t\u00e4ss\u00e4 m\u00e4\u00e4rittelemme erilaisia sanoja, joita usein k\u00e4ytet\u00e4\u00e4n suodattimista puhuttaessa. Mik\u00e4 on painesuodatin? Painesuodatin on tekninen laite, jota k\u00e4ytet\u00e4\u00e4n erottamaan kiinte\u00e4t aineet ja nesteet toisistaan k\u00e4ytt\u00e4m\u00e4ll\u00e4 korkeaa painetta.","protected":false},"author":1,"featured_media":0,"parent":0,"menu_order":0,"comment_status":"closed","ping_status":"closed","template":"","meta":{"om_disable_all_campaigns":false,"footnotes":""},"class_list":["post-3616","page","type-page","status-publish","hentry"],"yoast_head":"<!-- This site is optimized with the Yoast SEO Premium plugin v26.1 (Yoast SEO v27.4) - https:\/\/yoast.com\/product\/yoast-seo-premium-wordpress\/ -->\n<title>Definition clarification - Filtnor<\/title>\n<meta name=\"description\" content=\"Definition clarification for tehnical terms about pressure filters, filtration and separation technology for filtering.\" \/>\n<meta name=\"robots\" content=\"index, follow, max-snippet:-1, max-image-preview:large, max-video-preview:-1\" \/>\n<link rel=\"canonical\" href=\"https:\/\/www.filtnor.com\/fi\/maaritelman-selvennys\/\" \/>\n<meta property=\"og:locale\" content=\"fi_FI\" \/>\n<meta property=\"og:type\" content=\"article\" \/>\n<meta property=\"og:title\" content=\"Definition clarification\" \/>\n<meta property=\"og:description\" content=\"Definition clarification for tehnical terms about pressure filters, filtration and separation technology for filtering.\" \/>\n<meta property=\"og:url\" content=\"https:\/\/www.filtnor.com\/fi\/maaritelman-selvennys\/\" \/>\n<meta property=\"og:site_name\" content=\"Filtnor\" \/>\n<meta property=\"article:modified_time\" content=\"2024-08-26T13:45:25+00:00\" \/>\n<meta name=\"twitter:card\" content=\"summary_large_image\" \/>\n<meta name=\"twitter:label1\" content=\"Arvioitu lukuaika\" \/>\n\t<meta name=\"twitter:data1\" content=\"2 minuuttia\" \/>\n<script type=\"application\/ld+json\" class=\"yoast-schema-graph\">{\"@context\":\"https:\\\/\\\/schema.org\",\"@graph\":[{\"@type\":\"WebPage\",\"@id\":\"https:\\\/\\\/www.filtnor.com\\\/definition-clarification\\\/\",\"url\":\"https:\\\/\\\/www.filtnor.com\\\/definition-clarification\\\/\",\"name\":\"Definition clarification - Filtnor\",\"isPartOf\":{\"@id\":\"https:\\\/\\\/www.filtnor.com\\\/#website\"},\"datePublished\":\"2024-04-19T19:24:36+00:00\",\"dateModified\":\"2024-08-26T13:45:25+00:00\",\"description\":\"Definition clarification for tehnical terms about pressure filters, filtration and separation technology for filtering.\",\"breadcrumb\":{\"@id\":\"https:\\\/\\\/www.filtnor.com\\\/definition-clarification\\\/#breadcrumb\"},\"inLanguage\":\"fi\",\"potentialAction\":[{\"@type\":\"ReadAction\",\"target\":[\"https:\\\/\\\/www.filtnor.com\\\/definition-clarification\\\/\"]}]},{\"@type\":\"BreadcrumbList\",\"@id\":\"https:\\\/\\\/www.filtnor.com\\\/definition-clarification\\\/#breadcrumb\",\"itemListElement\":[{\"@type\":\"ListItem\",\"position\":1,\"name\":\"Home\",\"item\":\"https:\\\/\\\/www.filtnor.com\\\/\"},{\"@type\":\"ListItem\",\"position\":2,\"name\":\"Definition clarification\"}]},{\"@type\":\"WebSite\",\"@id\":\"https:\\\/\\\/www.filtnor.com\\\/#website\",\"url\":\"https:\\\/\\\/www.filtnor.com\\\/\",\"name\":\"Filtnor\",\"description\":\"Filtration you can trust. Performance that lasts.\",\"potentialAction\":[{\"@type\":\"SearchAction\",\"target\":{\"@type\":\"EntryPoint\",\"urlTemplate\":\"https:\\\/\\\/www.filtnor.com\\\/?s={search_term_string}\"},\"query-input\":{\"@type\":\"PropertyValueSpecification\",\"valueRequired\":true,\"valueName\":\"search_term_string\"}}],\"inLanguage\":\"fi\"}]}<\/script>\n<!-- \/ Yoast SEO Premium plugin. -->","yoast_head_json":{"title":"M\u00e4\u00e4ritelm\u00e4n selvennys - Filtnor","description":"M\u00e4\u00e4ritelm\u00e4n selvennys painesuodattimien, suodatuksen ja erotustekniikan teknisille termeille suodatuksessa.","robots":{"index":"index","follow":"follow","max-snippet":"max-snippet:-1","max-image-preview":"max-image-preview:large","max-video-preview":"max-video-preview:-1"},"canonical":"https:\/\/www.filtnor.com\/fi\/maaritelman-selvennys\/","og_locale":"fi_FI","og_type":"article","og_title":"Definition clarification","og_description":"Definition clarification for tehnical terms about pressure filters, filtration and separation technology for filtering.","og_url":"https:\/\/www.filtnor.com\/fi\/maaritelman-selvennys\/","og_site_name":"Filtnor","article_modified_time":"2024-08-26T13:45:25+00:00","twitter_card":"summary_large_image","twitter_misc":{"Arvioitu lukuaika":"2 minuuttia"},"schema":{"@context":"https:\/\/schema.org","@graph":[{"@type":"WebPage","@id":"https:\/\/www.filtnor.com\/definition-clarification\/","url":"https:\/\/www.filtnor.com\/definition-clarification\/","name":"M\u00e4\u00e4ritelm\u00e4n selvennys - Filtnor","isPartOf":{"@id":"https:\/\/www.filtnor.com\/#website"},"datePublished":"2024-04-19T19:24:36+00:00","dateModified":"2024-08-26T13:45:25+00:00","description":"M\u00e4\u00e4ritelm\u00e4n selvennys painesuodattimien, suodatuksen ja erotustekniikan teknisille termeille suodatuksessa.","breadcrumb":{"@id":"https:\/\/www.filtnor.com\/definition-clarification\/#breadcrumb"},"inLanguage":"fi","potentialAction":[{"@type":"ReadAction","target":["https:\/\/www.filtnor.com\/definition-clarification\/"]}]},{"@type":"BreadcrumbList","@id":"https:\/\/www.filtnor.com\/definition-clarification\/#breadcrumb","itemListElement":[{"@type":"ListItem","position":1,"name":"Home","item":"https:\/\/www.filtnor.com\/"},{"@type":"ListItem","position":2,"name":"Definition clarification"}]},{"@type":"WebSite","@id":"https:\/\/www.filtnor.com\/#website","url":"https:\/\/www.filtnor.com\/","name":"Filtnor","description":"Suodatus, johon voit luottaa. Suorituskyky\u00e4, joka kest\u00e4\u00e4.","potentialAction":[{"@type":"SearchAction","target":{"@type":"EntryPoint","urlTemplate":"https:\/\/www.filtnor.com\/?s={search_term_string}"},"query-input":{"@type":"PropertyValueSpecification","valueRequired":true,"valueName":"search_term_string"}}],"inLanguage":"fi"}]}},"_links":{"self":[{"href":"https:\/\/www.filtnor.com\/fi\/wp-json\/wp\/v2\/pages\/3616","targetHints":{"allow":["GET"]}}],"collection":[{"href":"https:\/\/www.filtnor.com\/fi\/wp-json\/wp\/v2\/pages"}],"about":[{"href":"https:\/\/www.filtnor.com\/fi\/wp-json\/wp\/v2\/types\/page"}],"author":[{"embeddable":true,"href":"https:\/\/www.filtnor.com\/fi\/wp-json\/wp\/v2\/users\/1"}],"replies":[{"embeddable":true,"href":"https:\/\/www.filtnor.com\/fi\/wp-json\/wp\/v2\/comments?post=3616"}],"version-history":[{"count":5,"href":"https:\/\/www.filtnor.com\/fi\/wp-json\/wp\/v2\/pages\/3616\/revisions"}],"predecessor-version":[{"id":5109,"href":"https:\/\/www.filtnor.com\/fi\/wp-json\/wp\/v2\/pages\/3616\/revisions\/5109"}],"wp:attachment":[{"href":"https:\/\/www.filtnor.com\/fi\/wp-json\/wp\/v2\/media?parent=3616"}],"curies":[{"name":"wp","href":"https:\/\/api.w.org\/{rel}","templated":true}]}}