{"id":3352,"date":"2023-08-08T09:50:42","date_gmt":"2023-08-08T09:50:42","guid":{"rendered":"https:\/\/www.filtnor.no\/?page_id=3352"},"modified":"2025-04-12T00:28:43","modified_gmt":"2025-04-11T22:28:43","slug":"lakisaateiset-ehdot","status":"publish","type":"page","link":"https:\/\/www.filtnor.com\/fi\/lakisaateiset-ehdot\/","title":{"rendered":"Lakiehdot"},"content":{"rendered":"<div class=\"wpb-content-wrapper\"><div class=\"vc_row wpb_row vc_row-fluid vc_custom_1744410497457\"><div class=\"wpb_column vc_column_container vc_col-sm-12\"><div class=\"vc_column-inner\"><div class=\"wpb_wrapper\">\n\t<div class=\"wpb_text_column wpb_content_element\" >\n\t\t<div class=\"wpb_wrapper\">\n\t\t\t<h2 class=\"wp-block-heading\">Lakis\u00e4\u00e4teiset ehdot<\/h2>\n<p>K\u00e4ym\u00e4ll\u00e4 osoitteessa filtnor.com hyv\u00e4ksyt seuraavat ehdot. Jos et hyv\u00e4ksy jotakin ehdoista, sinun on poistuttava verkkosivustolta v\u00e4litt\u00f6m\u00e4sti.<\/p>\n<h4>Tekij\u00e4noikeus<\/h4>\n<p>Kaikki t\u00e4m\u00e4n sivuston sis\u00e4lt\u00f6 on Filtnorin omaisuutta ja tekij\u00e4noikeuksin suojattua.<\/p>\n<h4>Ei vastuuta\/takuita<\/h4>\n<p>K\u00e4yt\u00e4t kaikkea filtnor.com-sivuston sis\u00e4lt\u00f6\u00e4 omalla vastuullasi, ja sovellettavan lain mukaisia rajoituksia lukuun ottamatta Filtnor ei ole vastuussa k\u00e4yt\u00f6st\u00e4 eik\u00e4 anna k\u00e4ytt\u00e4jille mit\u00e4\u00e4n takuita.<\/p>\n<h4>Aineiston l\u00e4hett\u00e4minen<\/h4>\n<p>filtnor.com-sivuston k\u00e4ytt\u00e4j\u00e4t voivat l\u00e4hett\u00e4\u00e4 meille ei-luottamuksellista sis\u00e4lt\u00f6\u00e4 verkkosivuston kautta, mutta l\u00e4hett\u00e4m\u00e4ll\u00e4 meille materiaalia hyv\u00e4ksyt seuraavat ehdot: 1) Varmistat, ett\u00e4 l\u00e4hett\u00e4m\u00e4si materiaali ei sis\u00e4ll\u00e4 tietokoneviruksia tai muita haittaohjelmia. 2) Saat materiaalin saataville tietoisena siit\u00e4, ett\u00e4 voimme julkaista sen. 3) Olet kaiken meille l\u00e4hetetyn sis\u00e4ll\u00f6n oikeutettu omistaja ja ilmoitat meille v\u00e4litt\u00f6m\u00e4sti, jos t\u00e4m\u00e4 muuttuu.<\/p>\n<h4>Kaikki oikeudet pid\u00e4tet\u00e4\u00e4n<\/h4>\n<p>Kaikki oikeudet, joita ei ole nimenomaisesti my\u00f6nnetty, pid\u00e4tet\u00e4\u00e4n Filtnorilla.<\/p>\n<h4>T\u00e4m\u00e4n verkkosivuston omistaja<\/h4>\n<p>T\u00e4m\u00e4n verkkosivuston omistaa ja julkaisee:<br \/>Filtnor AS<br \/>Oscar-gaala, portti 27<br \/>NO-0352 Oslo<br \/>Norja<br \/>Puhelin: +47 21 95 58 00<\/p>\n<p>Yhteystiedot<br \/>Jos sinulla on kysytt\u00e4v\u00e4\u00e4, ota meihin v\u00e4litt\u00f6m\u00e4sti yhteytt\u00e4 yhteystietojemme kautta osoitteessa https:\/\/www.filtnor.com\/contact-us\/<\/p>\n\n\t\t<\/div>\n\t<\/div>\n<\/div><\/div><\/div><\/div><\/div>","protected":false},"excerpt":{"rendered":"Lakis\u00e4\u00e4teiset ehdot K\u00e4ym\u00e4ll\u00e4 osoitteessa filtnor.com hyv\u00e4ksyt seuraavat ehdot. Jos et hyv\u00e4ksy jotakin ehdoista, sinun on poistuttava verkkosivustolta v\u00e4litt\u00f6m\u00e4sti. Tekij\u00e4noikeudet Kaikki t\u00e4m\u00e4n sivuston sis\u00e4lt\u00f6 on Filtnorin omaisuutta ja tekij\u00e4noikeuksin suojattua. Ei vastuuta\/takuita Kaikki filtnor.com-sivuston sis\u00e4lt\u00f6 k\u00e4ytet\u00e4\u00e4n omalla vastuullasi ja lukuun ottamatta","protected":false},"author":1,"featured_media":0,"parent":0,"menu_order":0,"comment_status":"closed","ping_status":"open","template":"","meta":{"om_disable_all_campaigns":false,"footnotes":""},"class_list":["post-3352","page","type-page","status-publish","hentry"],"yoast_head":"<!-- This site is optimized with the Yoast SEO Premium plugin v26.1 (Yoast SEO v27.5) - https:\/\/yoast.com\/product\/yoast-seo-premium-wordpress\/ -->\n<title>Legal terms and conditions - Filtnor<\/title>\n<meta name=\"description\" content=\"Juridiske vilk\u00e5r og betingelser ved \u00e5 handle fra Filtnor.\" \/>\n<meta name=\"robots\" content=\"noindex, follow\" \/>\n<meta property=\"og:locale\" content=\"fi_FI\" \/>\n<meta property=\"og:type\" content=\"article\" \/>\n<meta property=\"og:title\" content=\"Legal terms and conditions\" \/>\n<meta property=\"og:description\" content=\"Juridiske vilk\u00e5r og betingelser ved \u00e5 handle fra Filtnor.\" \/>\n<meta property=\"og:url\" content=\"https:\/\/www.filtnor.com\/fi\/lakisaateiset-ehdot\/\" \/>\n<meta property=\"og:site_name\" content=\"Filtnor\" \/>\n<meta property=\"article:modified_time\" content=\"2025-04-11T22:28:43+00:00\" \/>\n<meta name=\"twitter:card\" content=\"summary_large_image\" \/>\n<meta name=\"twitter:label1\" content=\"Arvioitu lukuaika\" \/>\n\t<meta name=\"twitter:data1\" content=\"1 minuutti\" \/>\n<script type=\"application\/ld+json\" class=\"yoast-schema-graph\">{\"@context\":\"https:\\\/\\\/schema.org\",\"@graph\":[{\"@type\":\"WebPage\",\"@id\":\"https:\\\/\\\/www.filtnor.com\\\/legal-terms-and-conditions\\\/\",\"url\":\"https:\\\/\\\/www.filtnor.com\\\/legal-terms-and-conditions\\\/\",\"name\":\"Legal terms and conditions - Filtnor\",\"isPartOf\":{\"@id\":\"https:\\\/\\\/www.filtnor.com\\\/#website\"},\"datePublished\":\"2023-08-08T09:50:42+00:00\",\"dateModified\":\"2025-04-11T22:28:43+00:00\",\"description\":\"Juridiske vilk\u00e5r og betingelser ved \u00e5 handle fra Filtnor.\",\"breadcrumb\":{\"@id\":\"https:\\\/\\\/www.filtnor.com\\\/legal-terms-and-conditions\\\/#breadcrumb\"},\"inLanguage\":\"fi\",\"potentialAction\":[{\"@type\":\"ReadAction\",\"target\":[\"https:\\\/\\\/www.filtnor.com\\\/legal-terms-and-conditions\\\/\"]}]},{\"@type\":\"BreadcrumbList\",\"@id\":\"https:\\\/\\\/www.filtnor.com\\\/legal-terms-and-conditions\\\/#breadcrumb\",\"itemListElement\":[{\"@type\":\"ListItem\",\"position\":1,\"name\":\"Home\",\"item\":\"https:\\\/\\\/www.filtnor.com\\\/\"},{\"@type\":\"ListItem\",\"position\":2,\"name\":\"Legal terms and conditions\"}]},{\"@type\":\"WebSite\",\"@id\":\"https:\\\/\\\/www.filtnor.com\\\/#website\",\"url\":\"https:\\\/\\\/www.filtnor.com\\\/\",\"name\":\"Filtnor\",\"description\":\"Filtration you can trust. Performance that lasts.\",\"potentialAction\":[{\"@type\":\"SearchAction\",\"target\":{\"@type\":\"EntryPoint\",\"urlTemplate\":\"https:\\\/\\\/www.filtnor.com\\\/?s={search_term_string}\"},\"query-input\":{\"@type\":\"PropertyValueSpecification\",\"valueRequired\":true,\"valueName\":\"search_term_string\"}}],\"inLanguage\":\"fi\"}]}<\/script>\n<!-- \/ Yoast SEO Premium plugin. -->","yoast_head_json":{"title":"Lakiehdot - Filtnor","description":"Juridiske vilk\u00e5r og betingelser ved \u00e5 handle fra Filtnor.","robots":{"index":"noindex","follow":"follow"},"og_locale":"fi_FI","og_type":"article","og_title":"Legal terms and conditions","og_description":"Juridiske vilk\u00e5r og betingelser ved \u00e5 handle fra Filtnor.","og_url":"https:\/\/www.filtnor.com\/fi\/lakisaateiset-ehdot\/","og_site_name":"Filtnor","article_modified_time":"2025-04-11T22:28:43+00:00","twitter_card":"summary_large_image","twitter_misc":{"Arvioitu lukuaika":"1 minuutti"},"schema":{"@context":"https:\/\/schema.org","@graph":[{"@type":"WebPage","@id":"https:\/\/www.filtnor.com\/legal-terms-and-conditions\/","url":"https:\/\/www.filtnor.com\/legal-terms-and-conditions\/","name":"Lakiehdot - Filtnor","isPartOf":{"@id":"https:\/\/www.filtnor.com\/#website"},"datePublished":"2023-08-08T09:50:42+00:00","dateModified":"2025-04-11T22:28:43+00:00","description":"Juridiske vilk\u00e5r og betingelser ved \u00e5 handle fra Filtnor.","breadcrumb":{"@id":"https:\/\/www.filtnor.com\/legal-terms-and-conditions\/#breadcrumb"},"inLanguage":"fi","potentialAction":[{"@type":"ReadAction","target":["https:\/\/www.filtnor.com\/legal-terms-and-conditions\/"]}]},{"@type":"BreadcrumbList","@id":"https:\/\/www.filtnor.com\/legal-terms-and-conditions\/#breadcrumb","itemListElement":[{"@type":"ListItem","position":1,"name":"Home","item":"https:\/\/www.filtnor.com\/"},{"@type":"ListItem","position":2,"name":"Legal terms and conditions"}]},{"@type":"WebSite","@id":"https:\/\/www.filtnor.com\/#website","url":"https:\/\/www.filtnor.com\/","name":"Filtnor","description":"Suodatus, johon voit luottaa. Suorituskyky\u00e4, joka kest\u00e4\u00e4.","potentialAction":[{"@type":"SearchAction","target":{"@type":"EntryPoint","urlTemplate":"https:\/\/www.filtnor.com\/?s={search_term_string}"},"query-input":{"@type":"PropertyValueSpecification","valueRequired":true,"valueName":"search_term_string"}}],"inLanguage":"fi"}]}},"_links":{"self":[{"href":"https:\/\/www.filtnor.com\/fi\/wp-json\/wp\/v2\/pages\/3352","targetHints":{"allow":["GET"]}}],"collection":[{"href":"https:\/\/www.filtnor.com\/fi\/wp-json\/wp\/v2\/pages"}],"about":[{"href":"https:\/\/www.filtnor.com\/fi\/wp-json\/wp\/v2\/types\/page"}],"author":[{"embeddable":true,"href":"https:\/\/www.filtnor.com\/fi\/wp-json\/wp\/v2\/users\/1"}],"replies":[{"embeddable":true,"href":"https:\/\/www.filtnor.com\/fi\/wp-json\/wp\/v2\/comments?post=3352"}],"version-history":[{"count":13,"href":"https:\/\/www.filtnor.com\/fi\/wp-json\/wp\/v2\/pages\/3352\/revisions"}],"predecessor-version":[{"id":5959,"href":"https:\/\/www.filtnor.com\/fi\/wp-json\/wp\/v2\/pages\/3352\/revisions\/5959"}],"wp:attachment":[{"href":"https:\/\/www.filtnor.com\/fi\/wp-json\/wp\/v2\/media?parent=3352"}],"curies":[{"name":"wp","href":"https:\/\/api.w.org\/{rel}","templated":true}]}}