{"id":5804,"date":"2025-03-06T19:06:35","date_gmt":"2025-03-06T18:06:35","guid":{"rendered":"https:\/\/www.filtnor.com\/?page_id=5804"},"modified":"2025-04-22T18:23:39","modified_gmt":"2025-04-22T16:23:39","slug":"cellulosefibre","status":"publish","type":"page","link":"https:\/\/www.filtnor.com\/dk\/produkter\/materialer\/cellulosefibre\/","title":{"rendered":"Cellulosefibre"},"content":{"rendered":"<div class=\"wpb-content-wrapper\"><div class=\"vc_row wpb_row vc_row-fluid vc_custom_1709489854154\"><div class=\"wpb_column vc_column_container vc_col-sm-12\"><div class=\"vc_column-inner\"><div class=\"wpb_wrapper\"><div class=\"section-title-wrapper shortcode-rand-2 induzy-inline-css\" data-css=\"&quot;.shortcode-rand-2 .title-separator.separator-border { background-color: ; }.shortcode-rand-2 .section-title { text-transform: none; }&quot;\"><div class=\"title-wrap\"><h4 class=\"section-title\">Cellulosefiber<\/h4><span class=\"title-separator separator-border theme-color-bg\"><\/span><\/div><!-- .title-wrap --><div class=\"section-description\">Filtnor tilbyder et bredt udvalg af cellulosefibre i industriel kvalitet, skr\u00e6ddersyet til en r\u00e6kke forskellige anvendelser. Vores produktsortiment omfatter cellulosefibre til f\u00f8devare- og drikkevareproduktion, industrielle processer og som filterhj\u00e6lpemiddel i trykfiltrering og andre separationssystemer.<\/p>\n<p>Disse fibre forbedrer filtreringseffektiviteten, beskytter filterklude og hj\u00e6lper med at levere et klarere filtrat \u2013 uanset om du arbejder inden for vandbehandling, kemisk forarbejdning eller f\u00f8devareindustrien.<\/p>\n<p>Vi tilbyder ogs\u00e5 ekspert teknisk support og doseringsvejledning for at hj\u00e6lpe dig med at opn\u00e5 optimal ydeevne i dine filtreringsprocesser.<\/div><!-- .section-description --><\/div><!-- .section-title-wrapper --><\/div><\/div><\/div><\/div><div class=\"vc_row wpb_row vc_row-fluid vc_custom_1709405342198\"><div class=\"wpb_column vc_column_container vc_col-sm-12 vc_col-lg-6 vc_col-md-6\"><div class=\"vc_column-inner\"><div class=\"wpb_wrapper\"><div class=\"section-title-wrapper shortcode-rand-4 induzy-inline-css\" data-css=\"&quot;.shortcode-rand-4 .title-separator.separator-border { background-color: ; }.shortcode-rand-4 .section-title { text-transform: none; }&quot;\"><div class=\"title-wrap\"><h2 class=\"section-title\">CF-CFFDCS <span class=\"title-suffix theme-color\">Cellulosefiber<\/span><\/h2><span class=\"title-separator separator-border theme-color-bg\"><\/span><\/div><!-- .title-wrap --><div class=\"section-description\">Pulveriseret cellulose eller fiberholdig cellulose som filterhj\u00e6lpemiddel ved forbehandlingsfiltrering.<\/p>\n<p>Cellulosepulverversion med f\u00f8devaredeklarationsnummer E460ii<\/div><!-- .section-description --><\/div><!-- .section-title-wrapper --><div class=\"feature-box-wrapper feature-box-style-1 vc_custom_1741290287997 shortcode-rand-5 induzy-inline-css\" data-css=\"&quot;.shortcode-rand-5.feature-box-wrapper {background: -moz-linear-gradient(141deg,  0%,  51%,  75%);\\r\\n\\t\\t\\t\\tbackground: -webkit-linear-gradient(141deg,  0%,  51%,  75%);\\r\\n\\t\\t\\t\\tbackground: linear-gradient(141deg,  0%,  51%,  75%);}.shortcode-rand-5 .feature-box-icon { font-size: 24px; }.shortcode-rand-5 .feature-box-icon { height: 48px; width: 48px; }.shortcode-rand-5 .feature-box-icon &gt; span { line-height: 2; }.shortcode-rand-5:hover .feature-box-icon { background: none; }&quot;\" ><div class=\"feature-box-btn\"><a class=\"btn default\" href=\"https:\/\/www.filtnor.com\/dk\/kontakt-os\/\" title=\"SEND FORESP\u00d8RGELSE \u00bb\">SEND FORESP\u00d8RGELSE \u00bb<\/a><\/div><!-- .feature-box-btn --><\/div><!-- .feature-box-wrapper --><\/div><\/div><\/div><div class=\"wpb_column vc_column_container vc_col-sm-12 vc_col-lg-6 vc_col-md-6\"><div class=\"vc_column-inner\"><div class=\"wpb_wrapper\">\n\t<div  class=\"wpb_single_image wpb_content_element vc_align_left wpb_content_element\">\n\t\t\n\t\t<figure class=\"wpb_wrapper vc_figure\">\n\t\t\t<div class=\"vc_single_image-wrapper   vc_box_border_grey\"><img loading=\"lazy\" decoding=\"async\" width=\"300\" height=\"169\" src=\"https:\/\/www.filtnor.com\/wp-content\/uploads\/2025\/03\/products_cellulose-fibers_DCS_001.png\" class=\"vc_single_image-img attachment-full\" alt=\"Cellulosefiber CCFDCS fra Filtnor\" title=\"products_cellulose-fiber_DCS_001\" srcset=\"https:\/\/www.filtnor.com\/wp-content\/uploads\/2025\/03\/products_cellulose-fibers_DCS_001.png 300w, https:\/\/www.filtnor.com\/wp-content\/uploads\/2025\/03\/products_cellulose-fibers_DCS_001-18x10.png 18w\" sizes=\"auto, (max-width: 300px) 100vw, 300px\" \/><\/div>\n\t\t<\/figure>\n\t<\/div>\n<\/div><\/div><\/div><\/div><div class=\"vc_row wpb_row vc_row-fluid vc_custom_1709405274198\"><div class=\"wpb_column vc_column_container vc_col-sm-12\"><div class=\"vc_column-inner\"><div class=\"wpb_wrapper\"><div class=\"vc_separator wpb_content_element vc_separator_align_center vc_sep_width_100 vc_sep_dashed vc_sep_pos_align_center vc_separator_no_text wpb_content_element  wpb_content_element\" ><span class=\"vc_sep_holder vc_sep_holder_l\"><span class=\"vc_sep_line\"><\/span><\/span><span class=\"vc_sep_holder vc_sep_holder_r\"><span class=\"vc_sep_line\"><\/span><\/span>\n<\/div><\/div><\/div><\/div><\/div><div class=\"vc_row wpb_row vc_row-fluid vc_custom_1709405342198\"><div class=\"wpb_column vc_column_container vc_col-sm-12 vc_col-lg-6 vc_col-md-6\"><div class=\"vc_column-inner\"><div class=\"wpb_wrapper\"><div class=\"section-title-wrapper shortcode-rand-8 induzy-inline-css\" data-css=\"&quot;.shortcode-rand-8 .title-separator.separator-border { background-color: ; }.shortcode-rand-8 .section-title { text-transform: none; }&quot;\"><div class=\"title-wrap\"><h2 class=\"section-title\">CF-CFFDCB <span class=\"title-suffix theme-color\">Cellulosefiber<\/span><\/h2><span class=\"title-separator separator-border theme-color-bg\"><\/span><\/div><!-- .title-wrap --><div class=\"section-description\">Omkostningseffektiv r\u00e5 cellulosefiber til ikke-f\u00f8devarer. Velegnet som filterhj\u00e6lpemiddel til ethvert filtreringssystem.<\/div><!-- .section-description --><\/div><!-- .section-title-wrapper --><div class=\"feature-box-wrapper feature-box-style-1 vc_custom_1741290302723 shortcode-rand-9 induzy-inline-css\" data-css=\"&quot;.shortcode-rand-9.feature-box-wrapper {background: -moz-linear-gradient(141deg,  0%,  51%,  75%);\\r\\n\\t\\t\\t\\tbackground: -webkit-linear-gradient(141deg,  0%,  51%,  75%);\\r\\n\\t\\t\\t\\tbackground: linear-gradient(141deg,  0%,  51%,  75%);}.shortcode-rand-9 .feature-box-icon { font-size: 24px; }.shortcode-rand-9 .feature-box-icon { height: 48px; width: 48px; }.shortcode-rand-9 .feature-box-icon &gt; span { line-height: 2; }.shortcode-rand-9:hover .feature-box-icon { background: none; }&quot;\" ><div class=\"feature-box-btn\"><a class=\"btn default\" href=\"https:\/\/www.filtnor.com\/dk\/kontakt-os\/\" title=\"SEND FORESP\u00d8RGELSE \u00bb\">SEND FORESP\u00d8RGELSE \u00bb<\/a><\/div><!-- .feature-box-btn --><\/div><!-- .feature-box-wrapper --><\/div><\/div><\/div><div class=\"wpb_column vc_column_container vc_col-sm-12 vc_col-lg-6 vc_col-md-6\"><div class=\"vc_column-inner\"><div class=\"wpb_wrapper\">\n\t<div  class=\"wpb_single_image wpb_content_element vc_align_left wpb_content_element\">\n\t\t\n\t\t<figure class=\"wpb_wrapper vc_figure\">\n\t\t\t<div class=\"vc_single_image-wrapper   vc_box_border_grey\"><img loading=\"lazy\" decoding=\"async\" width=\"300\" height=\"169\" src=\"https:\/\/www.filtnor.com\/wp-content\/uploads\/2025\/03\/products_cellulose-fibers_DCB_001.png\" class=\"vc_single_image-img attachment-full\" alt=\"Cellulosefiber CCFDCB fra Filtnor\" title=\"products_cellulose-fiber_DCB_001\" srcset=\"https:\/\/www.filtnor.com\/wp-content\/uploads\/2025\/03\/products_cellulose-fibers_DCB_001.png 300w, https:\/\/www.filtnor.com\/wp-content\/uploads\/2025\/03\/products_cellulose-fibers_DCB_001-18x10.png 18w\" sizes=\"auto, (max-width: 300px) 100vw, 300px\" \/><\/div>\n\t\t<\/figure>\n\t<\/div>\n<\/div><\/div><\/div><\/div><div class=\"vc_row wpb_row vc_row-fluid vc_custom_1691587893368\"><div class=\"wpb_column vc_column_container vc_col-sm-12\"><div class=\"vc_column-inner\"><div class=\"wpb_wrapper\"><div class=\"vc_separator wpb_content_element vc_separator_align_center vc_sep_width_100 vc_sep_dashed vc_sep_pos_align_center vc_separator_no_text wpb_content_element  wpb_content_element\" ><span class=\"vc_sep_holder vc_sep_holder_l\"><span class=\"vc_sep_line\"><\/span><\/span><span class=\"vc_sep_holder vc_sep_holder_r\"><span class=\"vc_sep_line\"><\/span><\/span>\n<\/div><\/div><\/div><\/div><\/div><div class=\"vc_row wpb_row vc_row-fluid vc_custom_1741289653871\"><div class=\"wpb_column vc_column_container vc_col-sm-12 vc_col-lg-6 vc_col-md-6\"><div class=\"vc_column-inner\"><div class=\"wpb_wrapper\"><div class=\"section-title-wrapper shortcode-rand-12 induzy-inline-css\" data-css=\"&quot;.shortcode-rand-12 .title-separator.separator-border { background-color: ; }.shortcode-rand-12 .section-title { text-transform: none; }&quot;\"><div class=\"title-wrap\"><h2 class=\"section-title\">CF-CFFDCC <span class=\"title-suffix theme-color\">Cellulosefiber<\/span><\/h2><span class=\"title-separator separator-border theme-color-bg\"><\/span><\/div><!-- .title-wrap --><div class=\"section-description\">Fantastisk til t\u00f8rring og polering og andre industrielle processer.<\/div><!-- .section-description --><\/div><!-- .section-title-wrapper --><div class=\"feature-box-wrapper feature-box-style-1 vc_custom_1741290315449 shortcode-rand-13 induzy-inline-css\" data-css=\"&quot;.shortcode-rand-13.feature-box-wrapper {background: -moz-linear-gradient(141deg,  0%,  51%,  75%);\\r\\n\\t\\t\\t\\tbackground: -webkit-linear-gradient(141deg,  0%,  51%,  75%);\\r\\n\\t\\t\\t\\tbackground: linear-gradient(141deg,  0%,  51%,  75%);}.shortcode-rand-13 .feature-box-icon { font-size: 24px; }.shortcode-rand-13 .feature-box-icon { height: 48px; width: 48px; }.shortcode-rand-13 .feature-box-icon &gt; span { line-height: 2; }.shortcode-rand-13:hover .feature-box-icon { background: none; }&quot;\" ><div class=\"feature-box-btn\"><a class=\"btn default\" href=\"https:\/\/www.filtnor.com\/dk\/kontakt-os\/\" title=\"SEND FORESP\u00d8RGELSE \u00bb\">SEND FORESP\u00d8RGELSE \u00bb<\/a><\/div><!-- .feature-box-btn --><\/div><!-- .feature-box-wrapper --><\/div><\/div><\/div><div class=\"wpb_column vc_column_container vc_col-sm-12 vc_col-lg-6 vc_col-md-6\"><div class=\"vc_column-inner\"><div class=\"wpb_wrapper\">\n\t<div  class=\"wpb_single_image wpb_content_element vc_align_left wpb_content_element\">\n\t\t\n\t\t<figure class=\"wpb_wrapper vc_figure\">\n\t\t\t<div class=\"vc_single_image-wrapper   vc_box_border_grey\"><img loading=\"lazy\" decoding=\"async\" width=\"300\" height=\"169\" src=\"https:\/\/www.filtnor.com\/wp-content\/uploads\/2025\/03\/products_cellulose-fibers_DCC_001.png\" class=\"vc_single_image-img attachment-full\" alt=\"Cellulosefiber CCFDCC fra Filtnor\" title=\"products_cellulose-fiber_DCC_001\" srcset=\"https:\/\/www.filtnor.com\/wp-content\/uploads\/2025\/03\/products_cellulose-fibers_DCC_001.png 300w, https:\/\/www.filtnor.com\/wp-content\/uploads\/2025\/03\/products_cellulose-fibers_DCC_001-18x10.png 18w\" sizes=\"auto, (max-width: 300px) 100vw, 300px\" \/><\/div>\n\t\t<\/figure>\n\t<\/div>\n<\/div><\/div><\/div><\/div><div data-vc-full-width=\"true\" data-vc-full-width-init=\"false\" class=\"vc_row wpb_row vc_row-fluid additional-call-to-action vc_custom_1691588100630 vc_row-has-fill\"><div class=\"wpb_column vc_column_container vc_col-sm-12\"><div class=\"vc_column-inner\"><div class=\"wpb_wrapper\"><div class=\"vc_row wpb_row vc_inner vc_row-fluid\"><div class=\"wpb_column vc_column_container vc_col-sm-12 vc_col-lg-9 vc_col-md-12\"><div class=\"vc_column-inner\"><div class=\"wpb_wrapper\"><div class=\"feature-box-wrapper feature-box-style-1 shortcode-rand-15 induzy-inline-css feature-list-1\" data-css=\"&quot;.shortcode-rand-15.feature-box-wrapper { color: #000000; }.shortcode-rand-15.feature-box-wrapper {background: -moz-linear-gradient(141deg,  0%,  51%,  75%);\\r\\n\\t\\t\\t\\tbackground: -webkit-linear-gradient(141deg,  0%,  51%,  75%);\\r\\n\\t\\t\\t\\tbackground: linear-gradient(141deg,  0%,  51%,  75%);}.shortcode-rand-15 .feature-box-icon { font-size: 30px; }.shortcode-rand-15 .feature-box-icon { height: 60px; width: 60px; }.shortcode-rand-15 .feature-box-icon &gt; span { line-height: 2; }.shortcode-rand-15:hover .feature-box-icon { background: none; }&quot;\" ><div class=\"fbox-list\"><div class=\"media\"><div class=\"feature-box-icon mr-3 text-center rounded-circle none\"><span class=\"\"><\/span><\/div><!-- .feature-box-icon --><div class=\"media-body\"><div class=\"feature-box-title\"><h4 class=\"section-title\">Finder du ikke det, du s\u00f8ger?<\/h4><\/div><!-- .feature-box-title --><div class=\"feature-box-content\">Kontakt os, s\u00e5 hj\u00e6lper vi dig med at finde ud af det!<\/div><!-- .feature-box-content --><\/div><\/div><\/div><\/div><!-- .feature-box-wrapper --><\/div><\/div><\/div><div class=\"wpb_column vc_column_container vc_col-sm-12 vc_col-lg-3 vc_col-md-12\"><div class=\"vc_column-inner vc_custom_1691588352947\"><div class=\"wpb_wrapper\"><div class=\"vc_btn3-container  additional-btn vc_btn3-right vc_custom_1719170661818 vc_do_btn\" ><a style=\"background-color:#06295e; color:#ffffff;\" class=\"vc_general vc_btn3 vc_btn3-size-md vc_btn3-shape-rounded vc_btn3-style-custom\" href=\"https:\/\/www.filtnor.com\/dk\/kontakt-os\/\" title=\"Kontakt os\">SEND FORESP\u00d8RGELSE \u00bb<\/a><\/div><\/div><\/div><\/div><\/div><\/div><\/div><\/div><\/div><div class=\"vc_row-full-width vc_clearfix\"><\/div>\n<\/div>","protected":false},"excerpt":{"rendered":"CellulosefibreFiltnor tilbyder et bredt udvalg af cellulosefibre i industriel kvalitet, skr\u00e6ddersyet til en r\u00e6kke forskellige anvendelser. Vores produktsortiment omfatter cellulosefibre til f\u00f8devare- og drikkevareproduktion, industrielle processer og som filterhj\u00e6lpemiddel i trykfiltrering og andre separationssystemer. Disse fibre forbedrer filtreringseffektiviteten, beskytter filterduge og hj\u00e6lper med at levere et klarere filtrat \u2013 uanset om det er ...","protected":false},"author":1,"featured_media":0,"parent":5850,"menu_order":0,"comment_status":"closed","ping_status":"closed","template":"","meta":{"om_disable_all_campaigns":false,"footnotes":""},"class_list":["post-5804","page","type-page","status-publish","hentry"],"yoast_head":"<!-- This site is optimized with the Yoast SEO Premium plugin v26.1 (Yoast SEO v27.5) - https:\/\/yoast.com\/product\/yoast-seo-premium-wordpress\/ -->\n<title>Cellulose Fibers - Filtnor<\/title>\n<meta name=\"description\" content=\"High quality cellulose fibers for most areas. Short delivery time on cellulose fiber for filter aid, food production, pool cleaning and more.\" \/>\n<meta name=\"robots\" content=\"index, follow, max-snippet:-1, max-image-preview:large, max-video-preview:-1\" \/>\n<link rel=\"canonical\" href=\"https:\/\/www.filtnor.com\/dk\/produkter\/materialer\/cellulosefibre\/\" \/>\n<meta property=\"og:locale\" content=\"da_DK\" \/>\n<meta property=\"og:type\" content=\"article\" \/>\n<meta property=\"og:title\" content=\"Cellulose Fibers\" \/>\n<meta property=\"og:description\" content=\"High quality cellulose fibers for most areas. Short delivery time on cellulose fiber for filter aid, food production, pool cleaning and more.\" \/>\n<meta property=\"og:url\" content=\"https:\/\/www.filtnor.com\/dk\/produkter\/materialer\/cellulosefibre\/\" \/>\n<meta property=\"og:site_name\" content=\"Filtnor\" \/>\n<meta property=\"article:modified_time\" content=\"2025-04-22T16:23:39+00:00\" \/>\n<meta name=\"twitter:card\" content=\"summary_large_image\" \/>\n<meta name=\"twitter:label1\" content=\"Estimeret l\u00e6setid\" \/>\n\t<meta name=\"twitter:data1\" content=\"2 minutter\" \/>\n<script type=\"application\/ld+json\" class=\"yoast-schema-graph\">{\"@context\":\"https:\\\/\\\/schema.org\",\"@graph\":[{\"@type\":\"WebPage\",\"@id\":\"https:\\\/\\\/www.filtnor.com\\\/products\\\/materials\\\/cellulose-fibers\\\/\",\"url\":\"https:\\\/\\\/www.filtnor.com\\\/products\\\/materials\\\/cellulose-fibers\\\/\",\"name\":\"Cellulose Fibers - Filtnor\",\"isPartOf\":{\"@id\":\"https:\\\/\\\/www.filtnor.com\\\/#website\"},\"datePublished\":\"2025-03-06T18:06:35+00:00\",\"dateModified\":\"2025-04-22T16:23:39+00:00\",\"description\":\"High quality cellulose fibers for most areas. Short delivery time on cellulose fiber for filter aid, food production, pool cleaning and more.\",\"breadcrumb\":{\"@id\":\"https:\\\/\\\/www.filtnor.com\\\/products\\\/materials\\\/cellulose-fibers\\\/#breadcrumb\"},\"inLanguage\":\"da-DK\",\"potentialAction\":[{\"@type\":\"ReadAction\",\"target\":[\"https:\\\/\\\/www.filtnor.com\\\/products\\\/materials\\\/cellulose-fibers\\\/\"]}]},{\"@type\":\"BreadcrumbList\",\"@id\":\"https:\\\/\\\/www.filtnor.com\\\/products\\\/materials\\\/cellulose-fibers\\\/#breadcrumb\",\"itemListElement\":[{\"@type\":\"ListItem\",\"position\":1,\"name\":\"Home\",\"item\":\"https:\\\/\\\/www.filtnor.com\\\/\"},{\"@type\":\"ListItem\",\"position\":2,\"name\":\"Product groups from Filtnor\",\"item\":\"https:\\\/\\\/www.filtnor.com\\\/products\\\/\"},{\"@type\":\"ListItem\",\"position\":3,\"name\":\"Materials\",\"item\":\"https:\\\/\\\/www.filtnor.com\\\/products\\\/materials\\\/\"},{\"@type\":\"ListItem\",\"position\":4,\"name\":\"Cellulose Fibers\"}]},{\"@type\":\"WebSite\",\"@id\":\"https:\\\/\\\/www.filtnor.com\\\/#website\",\"url\":\"https:\\\/\\\/www.filtnor.com\\\/\",\"name\":\"Filtnor\",\"description\":\"Filtration you can trust. Performance that lasts.\",\"potentialAction\":[{\"@type\":\"SearchAction\",\"target\":{\"@type\":\"EntryPoint\",\"urlTemplate\":\"https:\\\/\\\/www.filtnor.com\\\/?s={search_term_string}\"},\"query-input\":{\"@type\":\"PropertyValueSpecification\",\"valueRequired\":true,\"valueName\":\"search_term_string\"}}],\"inLanguage\":\"da-DK\"}]}<\/script>\n<!-- \/ Yoast SEO Premium plugin. -->","yoast_head_json":{"title":"Cellulosefibre - Filtnor","description":"Cellulosefibre af h\u00f8j kvalitet til de fleste omr\u00e5der. Kort leveringstid p\u00e5 cellulosefibre til filterhj\u00e6lp, f\u00f8devareproduktion, poolreng\u00f8ring og mere.","robots":{"index":"index","follow":"follow","max-snippet":"max-snippet:-1","max-image-preview":"max-image-preview:large","max-video-preview":"max-video-preview:-1"},"canonical":"https:\/\/www.filtnor.com\/dk\/produkter\/materialer\/cellulosefibre\/","og_locale":"da_DK","og_type":"article","og_title":"Cellulose Fibers","og_description":"High quality cellulose fibers for most areas. Short delivery time on cellulose fiber for filter aid, food production, pool cleaning and more.","og_url":"https:\/\/www.filtnor.com\/dk\/produkter\/materialer\/cellulosefibre\/","og_site_name":"Filtnor","article_modified_time":"2025-04-22T16:23:39+00:00","twitter_card":"summary_large_image","twitter_misc":{"Estimeret l\u00e6setid":"2 minutter"},"schema":{"@context":"https:\/\/schema.org","@graph":[{"@type":"WebPage","@id":"https:\/\/www.filtnor.com\/products\/materials\/cellulose-fibers\/","url":"https:\/\/www.filtnor.com\/products\/materials\/cellulose-fibers\/","name":"Cellulosefibre - Filtnor","isPartOf":{"@id":"https:\/\/www.filtnor.com\/#website"},"datePublished":"2025-03-06T18:06:35+00:00","dateModified":"2025-04-22T16:23:39+00:00","description":"Cellulosefibre af h\u00f8j kvalitet til de fleste omr\u00e5der. Kort leveringstid p\u00e5 cellulosefibre til filterhj\u00e6lp, f\u00f8devareproduktion, poolreng\u00f8ring og mere.","breadcrumb":{"@id":"https:\/\/www.filtnor.com\/products\/materials\/cellulose-fibers\/#breadcrumb"},"inLanguage":"da-DK","potentialAction":[{"@type":"ReadAction","target":["https:\/\/www.filtnor.com\/products\/materials\/cellulose-fibers\/"]}]},{"@type":"BreadcrumbList","@id":"https:\/\/www.filtnor.com\/products\/materials\/cellulose-fibers\/#breadcrumb","itemListElement":[{"@type":"ListItem","position":1,"name":"Home","item":"https:\/\/www.filtnor.com\/"},{"@type":"ListItem","position":2,"name":"Product groups from Filtnor","item":"https:\/\/www.filtnor.com\/products\/"},{"@type":"ListItem","position":3,"name":"Materials","item":"https:\/\/www.filtnor.com\/products\/materials\/"},{"@type":"ListItem","position":4,"name":"Cellulose Fibers"}]},{"@type":"WebSite","@id":"https:\/\/www.filtnor.com\/#website","url":"https:\/\/www.filtnor.com\/","name":"Filtnor","description":"Filtrering du kan stole p\u00e5. Ydeevne der varer ved.","potentialAction":[{"@type":"SearchAction","target":{"@type":"EntryPoint","urlTemplate":"https:\/\/www.filtnor.com\/?s={search_term_string}"},"query-input":{"@type":"PropertyValueSpecification","valueRequired":true,"valueName":"search_term_string"}}],"inLanguage":"da-DK"}]}},"_links":{"self":[{"href":"https:\/\/www.filtnor.com\/dk\/wp-json\/wp\/v2\/pages\/5804","targetHints":{"allow":["GET"]}}],"collection":[{"href":"https:\/\/www.filtnor.com\/dk\/wp-json\/wp\/v2\/pages"}],"about":[{"href":"https:\/\/www.filtnor.com\/dk\/wp-json\/wp\/v2\/types\/page"}],"author":[{"embeddable":true,"href":"https:\/\/www.filtnor.com\/dk\/wp-json\/wp\/v2\/users\/1"}],"replies":[{"embeddable":true,"href":"https:\/\/www.filtnor.com\/dk\/wp-json\/wp\/v2\/comments?post=5804"}],"version-history":[{"count":16,"href":"https:\/\/www.filtnor.com\/dk\/wp-json\/wp\/v2\/pages\/5804\/revisions"}],"predecessor-version":[{"id":5995,"href":"https:\/\/www.filtnor.com\/dk\/wp-json\/wp\/v2\/pages\/5804\/revisions\/5995"}],"up":[{"embeddable":true,"href":"https:\/\/www.filtnor.com\/dk\/wp-json\/wp\/v2\/pages\/5850"}],"wp:attachment":[{"href":"https:\/\/www.filtnor.com\/dk\/wp-json\/wp\/v2\/media?parent=5804"}],"curies":[{"name":"wp","href":"https:\/\/api.w.org\/{rel}","templated":true}]}}