{"id":5056,"date":"2024-08-25T14:36:27","date_gmt":"2024-08-25T12:36:27","guid":{"rendered":"https:\/\/www.filtnor.com\/?page_id=5056"},"modified":"2024-09-25T19:12:18","modified_gmt":"2024-09-25T17:12:18","slug":"butterflyventiler","status":"publish","type":"page","link":"https:\/\/www.filtnor.com\/dk\/produkter\/vaeskehandtering\/ventiler\/butterflyventiler\/","title":{"rendered":"Butterflyventiler"},"content":{"rendered":"<div class=\"wpb-content-wrapper\"><div class=\"vc_row wpb_row vc_row-fluid vc_custom_1724585508983\"><div class=\"wpb_column vc_column_container vc_col-sm-12 vc_col-lg-6 vc_col-md-6\"><div class=\"vc_column-inner\"><div class=\"wpb_wrapper\"><div class=\"section-title-wrapper shortcode-rand-2 induzy-inline-css\" data-css=\"&quot;.shortcode-rand-2 .title-separator.separator-border { background-color: ; }.shortcode-rand-2 .section-title { text-transform: none; }&quot;\"><div class=\"title-wrap\"><h2 class=\"section-title\">Butterflyventiler <span class=\"title-suffix theme-color\">for et kompakt design<\/span><\/h2><span class=\"title-separator separator-border theme-color-bg\"><\/span><\/div><!-- .title-wrap --><div class=\"section-description\">Butterflyventiler er kompakte og lette og optager kun en lille plads p\u00e5 r\u00f8ret. Den eneste ulempe ved denne ventil er, at du altid vil have butterflyskiven inde i r\u00f8ret, s\u00e5 hvis du har en proces, der ikke kr\u00e6ver begr\u00e6nsninger, er dette ikke ventilen for dig, men s\u00e5 l\u00e6nge din proces er fin med disse sm\u00e5 begr\u00e6nsninger, er der helt sikkert mange flere positive sider ved denne ventil.<\/p>\n<p>Butterflyventilerne f\u00e5s i mange forskellige materialevalg og kan derfor bruges p\u00e5 de fleste medier.<\/p>\n<p>&nbsp;<\/p>\n<p><strong>Vi har mange forskellige butterflyventiler i vores portef\u00f8lje, hvor nogle er bedre egnede end andre til bestemte anvendelser, s\u00e5 kontakt os, og lad vores ventileksperter finde den mest passende butterflyventil til din proces.<\/strong><\/p>\n<p><\/div><!-- .section-description --><\/div><!-- .section-title-wrapper --><div class=\"feature-box-wrapper feature-box-style-1 vc_custom_1724587656213 shortcode-rand-3 induzy-inline-css\" data-css=\"&quot;.shortcode-rand-3.feature-box-wrapper {background: -moz-linear-gradient(141deg,  0%,  51%,  75%);\\r\\n\\t\\t\\t\\tbackground: -webkit-linear-gradient(141deg,  0%,  51%,  75%);\\r\\n\\t\\t\\t\\tbackground: linear-gradient(141deg,  0%,  51%,  75%);}.shortcode-rand-3 .feature-box-icon { font-size: 24px; }.shortcode-rand-3 .feature-box-icon { height: 48px; width: 48px; }.shortcode-rand-3 .feature-box-icon &gt; span { line-height: 2; }.shortcode-rand-3:hover .feature-box-icon { background: none; }&quot;\" ><div class=\"feature-box-btn\"><a class=\"btn default\" href=\"https:\/\/www.filtnor.com\/dk\/kontakt-os\/\" title=\"SEND FORESP\u00d8RGELSE \u00bb\">SEND FORESP\u00d8RGELSE \u00bb<\/a><\/div><!-- .feature-box-btn --><\/div><!-- .feature-box-wrapper --><\/div><\/div><\/div><div class=\"wpb_column vc_column_container vc_col-sm-12 vc_col-lg-6 vc_col-md-6\"><div class=\"vc_column-inner\"><div class=\"wpb_wrapper\">\n\t<div  class=\"wpb_single_image wpb_content_element vc_align_left wpb_content_element\">\n\t\t\n\t\t<figure class=\"wpb_wrapper vc_figure\">\n\t\t\t<div class=\"vc_single_image-wrapper   vc_box_border_grey\"><\/div>\n\t\t<\/figure>\n\t<\/div>\n<\/div><\/div><\/div><\/div><div class=\"vc_row wpb_row vc_row-fluid vc_custom_1724525180141\"><div class=\"wpb_column vc_column_container vc_col-sm-6\"><div class=\"vc_column-inner\"><div class=\"wpb_wrapper\"><div class=\"section-title-wrapper shortcode-rand-5 induzy-inline-css\" data-css=\"&quot;.shortcode-rand-5 .title-separator.separator-border { background-color: ; }.shortcode-rand-5 .section-title { text-transform: none; }&quot;\"><div class=\"title-wrap\"><h4 class=\"section-title\">Afsp\u00e6rringsventil <span class=\"title-suffix theme-color\">eller reguleringsventil<\/span><\/h4><span class=\"title-separator separator-border theme-color-bg\"><\/span><\/div><!-- .title-wrap --><div class=\"section-description\">Butterflyventiler f\u00e5s b\u00e5de som afsp\u00e6rringsventiler og som reguleringsventiler, og f\u00e5s b\u00e5de med manuel styring og med automatisk styring via en aktuator.<\/p>\n<p>Butterflyventiler f\u00e5s med forskellige gummikvaliteter, s\u00e5 du kan f\u00e5 den gummiblanding, der er bedst egnet til mediet. Du kan ogs\u00e5 v\u00e6lge mange forskellige materialer til skiven, og hvis du har et slibende medie, kan du endda f\u00e5 det belagt med polyuretan.<\/div><!-- .section-description --><\/div><!-- .section-title-wrapper --><\/div><\/div><\/div><div class=\"wpb_column vc_column_container vc_col-sm-6\"><div class=\"vc_column-inner\"><div class=\"wpb_wrapper\"><div class=\"section-title-wrapper margin-bottom-30 shortcode-rand-6 induzy-inline-css\" data-css=\"&quot;.shortcode-rand-6 .title-separator.separator-border { background-color: ; }.shortcode-rand-6 .section-title { text-transform: none; }&quot;\"><div class=\"title-wrap\"><h4 class=\"section-title\">Nogle af fordelene <span class=\"title-suffix theme-color\">med butterflyventiler<\/span><\/h4><span class=\"title-separator separator-border theme-color-bg\"><\/span><\/div><!-- .title-wrap --><div class=\"section-description\"><\/div><!-- .section-description --><\/div><!-- .section-title-wrapper --><div class=\"list-item-wrapper\" data-css=\"&quot;&quot;\"><div class=\"list-item-inner\" data-css=\"&quot;&quot;\"><div class=\"list-item-title media\"><span class=\"mr-3 icon-light fas fa-check\"><\/span><div class=\"media-body align-self-center list-item-desc\">Lille i st\u00f8rrelse og let i v\u00e6gt<\/div><\/div><!-- .list-item-title --><\/div><!-- .list-item-inner --><div class=\"list-item-inner\" data-css=\"&quot;&quot;\"><div class=\"list-item-title media\"><span class=\"mr-3 icon-light fas fa-check\"><\/span><div class=\"media-body align-self-center list-item-desc\">Kan bruges p\u00e5 mange forskellige processer<\/div><\/div><!-- .list-item-title --><\/div><!-- .list-item-inner --><div class=\"list-item-inner\" data-css=\"&quot;&quot;\"><div class=\"list-item-title media\"><span class=\"mr-3 icon-light fas fa-check\"><\/span><div class=\"media-body align-self-center list-item-desc\">Mange forskellige materialemuligheder<\/div><\/div><!-- .list-item-title --><\/div><!-- .list-item-inner --><div class=\"list-item-inner\" data-css=\"&quot;&quot;\"><div class=\"list-item-title media\"><span class=\"mr-3 icon-light fas fa-check\"><\/span><div class=\"media-body align-self-center list-item-desc\">F\u00e5s med automatisering og som smart ventil (IIoT)<\/div><\/div><!-- .list-item-title --><\/div><!-- .list-item-inner --><\/div><!-- .list-item-wrapper --><\/div><\/div><\/div><\/div><div class=\"vc_row wpb_row vc_row-fluid vc_custom_1691588774257\"><div class=\"wpb_column vc_column_container vc_col-sm-6\"><div class=\"vc_column-inner\"><div class=\"wpb_wrapper\"><div class=\"section-title-wrapper shortcode-rand-13 induzy-inline-css\" data-css=\"&quot;.shortcode-rand-13 .title-separator.separator-border { background-color: ; }.shortcode-rand-13 .section-title { text-transform: none; }&quot;\"><div class=\"title-wrap\"><h4 class=\"section-title\">Smart ventil <span class=\"title-suffix theme-color\">med IIoT<\/span><\/h4><span class=\"title-separator separator-border theme-color-bg\"><\/span><\/div><!-- .title-wrap --><div class=\"section-description\">Vores butterflyventiler kan leveres som smarte ventiler til IIoT, klar til brug med smart produktsoftware. Dette giver dig mulighed for at overv\u00e5ge ventilen direkte fra din sk\u00e6rm og modtage rapporter og notifikationer.<\/p>\n<p>Kombin\u00e9r denne ventil med vores Roxia Malibu smarte produktsoftware, og f\u00e5 kombineret online procesoverv\u00e5gning med maskintilstandsoverv\u00e5gning. Dette vil hj\u00e6lpe dig med at \u00f8ge effektiviteten og reducere omkostningerne ved at reducere un\u00f8dvendig vedligeholdelse og optimere energiforbruget.<\/div><!-- .section-description --><\/div><!-- .section-title-wrapper --><\/div><\/div><\/div><div class=\"wpb_column vc_column_container vc_col-sm-6\"><div class=\"vc_column-inner\"><div class=\"wpb_wrapper\">\n\t<div  class=\"wpb_single_image wpb_content_element vc_align_left wpb_content_element\">\n\t\t\n\t\t<figure class=\"wpb_wrapper vc_figure\">\n\t\t\t<div class=\"vc_single_image-wrapper   vc_box_border_grey\"><img loading=\"lazy\" decoding=\"async\" width=\"768\" height=\"456\" src=\"https:\/\/www.filtnor.com\/wp-content\/uploads\/2024\/06\/products_smart-solutions-01-768x456.png\" class=\"vc_single_image-img attachment-medium\" alt=\"Smarte l\u00f8sninger\" title=\"products_smart-solutions-01\" srcset=\"https:\/\/www.filtnor.com\/wp-content\/uploads\/2024\/06\/products_smart-solutions-01-768x456.png 768w, https:\/\/www.filtnor.com\/wp-content\/uploads\/2024\/06\/products_smart-solutions-01-1170x694.png 1170w, https:\/\/www.filtnor.com\/wp-content\/uploads\/2024\/06\/products_smart-solutions-01-18x12.png 18w, https:\/\/www.filtnor.com\/wp-content\/uploads\/2024\/06\/products_smart-solutions-01-440x260.png 440w, https:\/\/www.filtnor.com\/wp-content\/uploads\/2024\/06\/products_smart-solutions-01-390x231.png 390w, https:\/\/www.filtnor.com\/wp-content\/uploads\/2024\/06\/products_smart-solutions-01-220x130.png 220w\" sizes=\"auto, (max-width: 768px) 100vw, 768px\" \/><\/div>\n\t\t<\/figure>\n\t<\/div>\n<\/div><\/div><\/div><\/div><div class=\"vc_row wpb_row vc_row-fluid vc_custom_1724525173424\"><div class=\"wpb_column vc_column_container vc_col-sm-8\"><div class=\"vc_column-inner\"><div class=\"wpb_wrapper\"><div class=\"section-title-wrapper shortcode-rand-15 induzy-inline-css\" data-css=\"&quot;.shortcode-rand-15 .title-separator.separator-border { background-color: ; }.shortcode-rand-15 .section-title { text-transform: none; }&quot;\"><div class=\"title-wrap\"><h4 class=\"section-title\">Specifikationer<\/h4><span class=\"title-separator separator-border theme-color-bg\"><\/span><\/div><!-- .title-wrap --><div class=\"section-description\"><strong>Dimensioner:<\/strong><br \/>\nDN20 \u2013 DN1000<\/p>\n<p><strong>Gummi muligheder:<\/strong><br \/>\n\u2013 NBR<br \/>\n\u2013 NBRF<br \/>\n\u2013 HNBR<br \/>\n\u2013 EPDM<br \/>\n\u2013 EPDMB<br \/>\n\u2013 NR.<br \/>\n\u2013 NRF<br \/>\n\u2013 FPM<br \/>\n\u2013 SDM<br \/>\n\u2013 CR<br \/>\n\u2013 IIR<\/div><!-- .section-description --><\/div><!-- .section-title-wrapper --><\/div><\/div><\/div><div class=\"wpb_column vc_column_container vc_col-sm-4\"><div class=\"vc_column-inner\"><div class=\"wpb_wrapper\"><\/div><\/div><\/div><\/div><div data-vc-full-width=\"true\" data-vc-full-width-init=\"false\" class=\"vc_row wpb_row vc_row-fluid additional-call-to-action vc_custom_1691588100630 vc_row-has-fill\"><div class=\"wpb_column vc_column_container vc_col-sm-12\"><div class=\"vc_column-inner\"><div class=\"wpb_wrapper\"><div class=\"vc_row wpb_row vc_inner vc_row-fluid\"><div class=\"wpb_column vc_column_container vc_col-sm-12 vc_col-lg-9 vc_col-md-12\"><div class=\"vc_column-inner\"><div class=\"wpb_wrapper\"><div class=\"feature-box-wrapper feature-box-style-1 shortcode-rand-17 induzy-inline-css feature-list-1\" data-css=\"&quot;.shortcode-rand-17.feature-box-wrapper { color: #000000; }.shortcode-rand-17.feature-box-wrapper {background: -moz-linear-gradient(141deg,  0%,  51%,  75%);\\r\\n\\t\\t\\t\\tbackground: -webkit-linear-gradient(141deg,  0%,  51%,  75%);\\r\\n\\t\\t\\t\\tbackground: linear-gradient(141deg,  0%,  51%,  75%);}.shortcode-rand-17 .feature-box-icon { font-size: 30px; }.shortcode-rand-17 .feature-box-icon { height: 60px; width: 60px; }.shortcode-rand-17 .feature-box-icon &gt; span { line-height: 2; }.shortcode-rand-17:hover .feature-box-icon { background: none; }&quot;\" ><div class=\"fbox-list\"><div class=\"media\"><div class=\"feature-box-icon mr-3 text-center rounded-circle none\"><span class=\"\"><\/span><\/div><!-- .feature-box-icon --><div class=\"media-body\"><div class=\"feature-box-title\"><h4 class=\"section-title\">Finder du ikke det, du s\u00f8ger?<\/h4><\/div><!-- .feature-box-title --><div class=\"feature-box-content\">Kontakt os, s\u00e5 hj\u00e6lper vi dig med at finde ud af det!<\/div><!-- .feature-box-content --><\/div><\/div><\/div><\/div><!-- .feature-box-wrapper --><\/div><\/div><\/div><div class=\"wpb_column vc_column_container vc_col-sm-12 vc_col-lg-3 vc_col-md-12\"><div class=\"vc_column-inner vc_custom_1691588352947\"><div class=\"wpb_wrapper\"><div class=\"vc_btn3-container  additional-btn vc_btn3-right vc_custom_1724524458603 vc_do_btn\" ><a style=\"background-color:#06295e; color:#ffffff;\" class=\"vc_general vc_btn3 vc_btn3-size-md vc_btn3-shape-rounded vc_btn3-style-custom\" href=\"https:\/\/www.filtnor.com\/dk\/kontakt-os\/\" title=\"Kontakt os\">SEND FORESP\u00d8RGELSE \u00bb<\/a><\/div><\/div><\/div><\/div><\/div><\/div><\/div><\/div><\/div><div class=\"vc_row-full-width vc_clearfix\"><\/div>\n<\/div>","protected":false},"excerpt":{"rendered":"Butterflyventiler til et kompakt design Butterflyventiler er kompakte og lette og optager kun en lille plads p\u00e5 r\u00f8ret. Den eneste ulempe ved denne ventil er, at du altid vil have butterflyskiven inde i r\u00f8ret, s\u00e5 hvis du har en proces, der ikke kr\u00e6ver restriktioner, er dette ikke den rette ventil til","protected":false},"author":1,"featured_media":0,"parent":4130,"menu_order":0,"comment_status":"closed","ping_status":"closed","template":"","meta":{"om_disable_all_campaigns":false,"footnotes":""},"class_list":["post-5056","page","type-page","status-publish","hentry"],"yoast_head":"<!-- This site is optimized with the Yoast SEO Premium plugin v26.1 (Yoast SEO v27.4) - https:\/\/yoast.com\/product\/yoast-seo-premium-wordpress\/ -->\n<title>Butterfly valves - Filtnor<\/title>\n<meta name=\"description\" content=\"Butterfly valves with actuators and limit switches. Get your industrial butterfly valve today as a smart valve. Many material options.\" \/>\n<meta name=\"robots\" content=\"index, follow, max-snippet:-1, max-image-preview:large, max-video-preview:-1\" \/>\n<link rel=\"canonical\" href=\"https:\/\/www.filtnor.com\/dk\/produkter\/vaeskehandtering\/ventiler\/butterflyventiler\/\" \/>\n<meta property=\"og:locale\" content=\"da_DK\" \/>\n<meta property=\"og:type\" content=\"article\" \/>\n<meta property=\"og:title\" content=\"Butterfly valves\" \/>\n<meta property=\"og:description\" content=\"Butterfly valves with actuators and limit switches. Get your industrial butterfly valve today as a smart valve. Many material options.\" \/>\n<meta property=\"og:url\" content=\"https:\/\/www.filtnor.com\/dk\/produkter\/vaeskehandtering\/ventiler\/butterflyventiler\/\" \/>\n<meta property=\"og:site_name\" content=\"Filtnor\" \/>\n<meta property=\"article:modified_time\" content=\"2024-09-25T17:12:18+00:00\" \/>\n<meta name=\"twitter:card\" content=\"summary_large_image\" \/>\n<meta name=\"twitter:label1\" content=\"Estimeret l\u00e6setid\" \/>\n\t<meta name=\"twitter:data1\" content=\"3 minutter\" \/>\n<script type=\"application\/ld+json\" class=\"yoast-schema-graph\">{\"@context\":\"https:\\\/\\\/schema.org\",\"@graph\":[{\"@type\":\"WebPage\",\"@id\":\"https:\\\/\\\/www.filtnor.com\\\/products\\\/fluid-handling\\\/valves\\\/butterfly-valves\\\/\",\"url\":\"https:\\\/\\\/www.filtnor.com\\\/products\\\/fluid-handling\\\/valves\\\/butterfly-valves\\\/\",\"name\":\"Butterfly valves - Filtnor\",\"isPartOf\":{\"@id\":\"https:\\\/\\\/www.filtnor.com\\\/#website\"},\"datePublished\":\"2024-08-25T12:36:27+00:00\",\"dateModified\":\"2024-09-25T17:12:18+00:00\",\"description\":\"Butterfly valves with actuators and limit switches. Get your industrial butterfly valve today as a smart valve. Many material options.\",\"breadcrumb\":{\"@id\":\"https:\\\/\\\/www.filtnor.com\\\/products\\\/fluid-handling\\\/valves\\\/butterfly-valves\\\/#breadcrumb\"},\"inLanguage\":\"da-DK\",\"potentialAction\":[{\"@type\":\"ReadAction\",\"target\":[\"https:\\\/\\\/www.filtnor.com\\\/products\\\/fluid-handling\\\/valves\\\/butterfly-valves\\\/\"]}]},{\"@type\":\"BreadcrumbList\",\"@id\":\"https:\\\/\\\/www.filtnor.com\\\/products\\\/fluid-handling\\\/valves\\\/butterfly-valves\\\/#breadcrumb\",\"itemListElement\":[{\"@type\":\"ListItem\",\"position\":1,\"name\":\"Home\",\"item\":\"https:\\\/\\\/www.filtnor.com\\\/\"},{\"@type\":\"ListItem\",\"position\":2,\"name\":\"Product groups from Filtnor\",\"item\":\"https:\\\/\\\/www.filtnor.com\\\/products\\\/\"},{\"@type\":\"ListItem\",\"position\":3,\"name\":\"Fluid handling\",\"item\":\"https:\\\/\\\/www.filtnor.com\\\/products\\\/fluid-handling\\\/\"},{\"@type\":\"ListItem\",\"position\":4,\"name\":\"Valves\",\"item\":\"https:\\\/\\\/www.filtnor.com\\\/products\\\/fluid-handling\\\/valves\\\/\"},{\"@type\":\"ListItem\",\"position\":5,\"name\":\"Butterfly valves\"}]},{\"@type\":\"WebSite\",\"@id\":\"https:\\\/\\\/www.filtnor.com\\\/#website\",\"url\":\"https:\\\/\\\/www.filtnor.com\\\/\",\"name\":\"Filtnor\",\"description\":\"Filtration you can trust. Performance that lasts.\",\"potentialAction\":[{\"@type\":\"SearchAction\",\"target\":{\"@type\":\"EntryPoint\",\"urlTemplate\":\"https:\\\/\\\/www.filtnor.com\\\/?s={search_term_string}\"},\"query-input\":{\"@type\":\"PropertyValueSpecification\",\"valueRequired\":true,\"valueName\":\"search_term_string\"}}],\"inLanguage\":\"da-DK\"}]}<\/script>\n<!-- \/ Yoast SEO Premium plugin. -->","yoast_head_json":{"title":"Butterflyventiler - Filtnor","description":"Butterflyventiler med aktuatorer og gr\u00e6nseafbrydere. F\u00e5 din industrielle butterflyventil i dag som en smart ventil. Mange materialemuligheder.","robots":{"index":"index","follow":"follow","max-snippet":"max-snippet:-1","max-image-preview":"max-image-preview:large","max-video-preview":"max-video-preview:-1"},"canonical":"https:\/\/www.filtnor.com\/dk\/produkter\/vaeskehandtering\/ventiler\/butterflyventiler\/","og_locale":"da_DK","og_type":"article","og_title":"Butterfly valves","og_description":"Butterfly valves with actuators and limit switches. Get your industrial butterfly valve today as a smart valve. Many material options.","og_url":"https:\/\/www.filtnor.com\/dk\/produkter\/vaeskehandtering\/ventiler\/butterflyventiler\/","og_site_name":"Filtnor","article_modified_time":"2024-09-25T17:12:18+00:00","twitter_card":"summary_large_image","twitter_misc":{"Estimeret l\u00e6setid":"3 minutter"},"schema":{"@context":"https:\/\/schema.org","@graph":[{"@type":"WebPage","@id":"https:\/\/www.filtnor.com\/products\/fluid-handling\/valves\/butterfly-valves\/","url":"https:\/\/www.filtnor.com\/products\/fluid-handling\/valves\/butterfly-valves\/","name":"Butterflyventiler - Filtnor","isPartOf":{"@id":"https:\/\/www.filtnor.com\/#website"},"datePublished":"2024-08-25T12:36:27+00:00","dateModified":"2024-09-25T17:12:18+00:00","description":"Butterflyventiler med aktuatorer og gr\u00e6nseafbrydere. F\u00e5 din industrielle butterflyventil i dag som en smart ventil. Mange materialemuligheder.","breadcrumb":{"@id":"https:\/\/www.filtnor.com\/products\/fluid-handling\/valves\/butterfly-valves\/#breadcrumb"},"inLanguage":"da-DK","potentialAction":[{"@type":"ReadAction","target":["https:\/\/www.filtnor.com\/products\/fluid-handling\/valves\/butterfly-valves\/"]}]},{"@type":"BreadcrumbList","@id":"https:\/\/www.filtnor.com\/products\/fluid-handling\/valves\/butterfly-valves\/#breadcrumb","itemListElement":[{"@type":"ListItem","position":1,"name":"Home","item":"https:\/\/www.filtnor.com\/"},{"@type":"ListItem","position":2,"name":"Product groups from Filtnor","item":"https:\/\/www.filtnor.com\/products\/"},{"@type":"ListItem","position":3,"name":"Fluid handling","item":"https:\/\/www.filtnor.com\/products\/fluid-handling\/"},{"@type":"ListItem","position":4,"name":"Valves","item":"https:\/\/www.filtnor.com\/products\/fluid-handling\/valves\/"},{"@type":"ListItem","position":5,"name":"Butterfly valves"}]},{"@type":"WebSite","@id":"https:\/\/www.filtnor.com\/#website","url":"https:\/\/www.filtnor.com\/","name":"Filtnor","description":"Filtrering du kan stole p\u00e5. Ydeevne der varer ved.","potentialAction":[{"@type":"SearchAction","target":{"@type":"EntryPoint","urlTemplate":"https:\/\/www.filtnor.com\/?s={search_term_string}"},"query-input":{"@type":"PropertyValueSpecification","valueRequired":true,"valueName":"search_term_string"}}],"inLanguage":"da-DK"}]}},"_links":{"self":[{"href":"https:\/\/www.filtnor.com\/dk\/wp-json\/wp\/v2\/pages\/5056","targetHints":{"allow":["GET"]}}],"collection":[{"href":"https:\/\/www.filtnor.com\/dk\/wp-json\/wp\/v2\/pages"}],"about":[{"href":"https:\/\/www.filtnor.com\/dk\/wp-json\/wp\/v2\/types\/page"}],"author":[{"embeddable":true,"href":"https:\/\/www.filtnor.com\/dk\/wp-json\/wp\/v2\/users\/1"}],"replies":[{"embeddable":true,"href":"https:\/\/www.filtnor.com\/dk\/wp-json\/wp\/v2\/comments?post=5056"}],"version-history":[{"count":6,"href":"https:\/\/www.filtnor.com\/dk\/wp-json\/wp\/v2\/pages\/5056\/revisions"}],"predecessor-version":[{"id":5400,"href":"https:\/\/www.filtnor.com\/dk\/wp-json\/wp\/v2\/pages\/5056\/revisions\/5400"}],"up":[{"embeddable":true,"href":"https:\/\/www.filtnor.com\/dk\/wp-json\/wp\/v2\/pages\/4130"}],"wp:attachment":[{"href":"https:\/\/www.filtnor.com\/dk\/wp-json\/wp\/v2\/media?parent=5056"}],"curies":[{"name":"wp","href":"https:\/\/api.w.org\/{rel}","templated":true}]}}