{"id":3768,"date":"2023-10-08T00:23:08","date_gmt":"2023-10-07T22:23:08","guid":{"rendered":"https:\/\/www.filtnor.no\/?page_id=3768"},"modified":"2025-09-02T21:31:56","modified_gmt":"2025-09-02T19:31:56","slug":"filtre-til-olbrygning","status":"publish","type":"page","link":"https:\/\/www.filtnor.com\/dk\/anvendelsesomrader-for-trykfiltre\/filtre-til-olbrygning\/","title":{"rendered":"Filtre til \u00f8lbrygning"},"content":{"rendered":"<div class=\"wpb-content-wrapper\"><div class=\"vc_row wpb_row vc_row-fluid vc_custom_1691587735553\"><div class=\"wpb_column vc_column_container vc_col-sm-12 vc_col-lg-6 vc_col-md-6\"><div class=\"vc_column-inner\"><div class=\"wpb_wrapper\"><div class=\"section-title-wrapper shortcode-rand-2 induzy-inline-css\" data-css=\"&quot;.shortcode-rand-2 .title-separator.separator-border { background-color: ; }.shortcode-rand-2 .section-title { text-transform: none; }&quot;\"><div class=\"title-wrap\"><h2 class=\"section-title\">Filtrering i \u00f8lbrygning<\/h2><span class=\"title-separator separator-border theme-color-bg\"><\/span><\/div><!-- .title-wrap --><div class=\"section-description\"><\/p>\n<p data-start=\"192\" data-end=\"410\">Klar \u00f8l af h\u00f8j kvalitet starter med effektiv filtrering. Under brygningsprocessen er fjernelse af g\u00e6r, proteiner og andre fine partikler afg\u00f8rende for at opn\u00e5 den \u00f8nskede klarhed, stabilitet og smagsprofil.<\/p>\n<p data-start=\"412\" data-end=\"676\">Hos Filtnor har vi omfattende erfaring med <strong data-start=\"458\" data-end=\"496\">filterpresser til \u00f8lproduktion<\/strong>, hvilket sikrer den bedst mulige klarhed i \u00f8llet. Vores l\u00f8sninger er specifikt skr\u00e6ddersyet til bryggerier og fuldt godkendt til f\u00f8devarebrug, hvilket g\u00f8r dem ideelle til bryggeriindustrien.<\/p>\n<p><\/div><!-- .section-description --><\/div><!-- .section-title-wrapper --><div class=\"feature-box-wrapper feature-box-style-1 vc_custom_1691588732498 shortcode-rand-3 induzy-inline-css\" data-css=\"&quot;.shortcode-rand-3.feature-box-wrapper {background: -moz-linear-gradient(141deg,  0%,  51%,  75%);\\r\\n\\t\\t\\t\\tbackground: -webkit-linear-gradient(141deg,  0%,  51%,  75%);\\r\\n\\t\\t\\t\\tbackground: linear-gradient(141deg,  0%,  51%,  75%);}.shortcode-rand-3 .feature-box-icon { font-size: 24px; }.shortcode-rand-3 .feature-box-icon { height: 48px; width: 48px; }.shortcode-rand-3 .feature-box-icon &gt; span { line-height: 2; }.shortcode-rand-3:hover .feature-box-icon { background: none; }&quot;\" ><div class=\"feature-box-btn\"><a class=\"btn default\" href=\"https:\/\/www.filtnor.no\/kontakt-oss\/\" title=\"Send foresp\u00f8rgsel\">Send foresp\u00f8rgsel<\/a><\/div><!-- .feature-box-btn --><\/div><!-- .feature-box-wrapper --><\/div><\/div><\/div><div class=\"wpb_column vc_column_container vc_col-sm-12 vc_col-lg-6 vc_col-md-6\"><div class=\"vc_column-inner\"><div class=\"wpb_wrapper\">\n\t<div  class=\"wpb_single_image wpb_content_element vc_align_left wpb_content_element\">\n\t\t\n\t\t<figure class=\"wpb_wrapper vc_figure\">\n\t\t\t<div class=\"vc_single_image-wrapper   vc_box_border_grey\"><\/div>\n\t\t<\/figure>\n\t<\/div>\n<\/div><\/div><\/div><\/div><div class=\"vc_row wpb_row vc_row-fluid vc_custom_1691588774257\"><div class=\"wpb_column vc_column_container vc_col-sm-6\"><div class=\"vc_column-inner\"><div class=\"wpb_wrapper\"><div class=\"section-title-wrapper shortcode-rand-5 induzy-inline-css\" data-css=\"&quot;.shortcode-rand-5 .title-separator.separator-border { background-color: ; }.shortcode-rand-5 .section-title { text-transform: none; }&quot;\"><div class=\"title-wrap\"><h4 class=\"section-title\"><\/h4><span class=\"title-separator separator-border theme-color-bg\"><\/span><\/div><!-- .title-wrap --><div class=\"section-description\"><\/p>\n<h3 data-start=\"678\" data-end=\"719\">Filterpresser skr\u00e6ddersyet til brygning<\/h3>\n<p data-start=\"721\" data-end=\"979\">Vores filterpresser til \u00f8lbrygning er designet til at fungere med en h\u00f8j grad af automatisering, hvilket kr\u00e6ver minimal operat\u00f8rinddragelse. De er p\u00e5lidelige, selvjusterende systemer med fremragende oppetid, hvilket g\u00f8r dem velegnede til kontinuerlig bryggeridrift.<\/p>\n<p data-start=\"981\" data-end=\"1004\">N\u00f8glefunktioner inkluderer:<\/p>\n<ul data-start=\"1005\" data-end=\"1606\">\n<li data-start=\"1005\" data-end=\"1194\">\n<p data-start=\"1007\" data-end=\"1194\"><strong data-start=\"1007\" data-end=\"1043\">Effektiv og hygiejnisk drift<\/strong> \u2013 hele processen er indkapslet i et rent kabinetdesign, der kan installeres direkte i bryggerimilj\u00f8er uden risiko for kontaminering.<\/p>\n<\/li>\n<li data-start=\"1195\" data-end=\"1329\">\n<p data-start=\"1197\" data-end=\"1329\"><strong data-start=\"1197\" data-end=\"1217\">Nem vedligeholdelse<\/strong> \u2013 filterdugskift og rutinem\u00e6ssig service kan udf\u00f8res hurtigt og sikkert, ofte af en enkelt operat\u00f8r.<\/p>\n<\/li>\n<li data-start=\"1330\" data-end=\"1473\">\n<p data-start=\"1332\" data-end=\"1473\"><strong data-start=\"1332\" data-end=\"1355\">Mulighed for lugtkontrol<\/strong> \u2013 for bryggerier, der er f\u00f8lsomme over for lugte, kan integreret ventilation tilf\u00f8jes for at fjerne u\u00f8nskede lugte fra processen.<\/p>\n<\/li>\n<li data-start=\"1474\" data-end=\"1606\">\n<p data-start=\"1476\" data-end=\"1606\"><strong data-start=\"1476\" data-end=\"1501\">Overholdelse af f\u00f8devaregodkendelse<\/strong> \u2013 alle komponenter i kontakt med produktet opfylder strenge branchestandarder for brug i f\u00f8devarer og drikkevarer.<\/p>\n<\/li>\n<\/ul>\n<h3 data-start=\"1608\" data-end=\"1636\">Fordele for bryggerier<\/h3>\n<ul data-start=\"1637\" data-end=\"1844\">\n<li data-start=\"1637\" data-end=\"1686\">\n<p data-start=\"1639\" data-end=\"1686\">Lys, stabil \u00f8l med forbedret holdbarhed.<\/p>\n<\/li>\n<li data-start=\"1687\" data-end=\"1733\">\n<p data-start=\"1689\" data-end=\"1733\">Reduceret spild og h\u00f8jere produktgenvinding.<\/p>\n<\/li>\n<li data-start=\"1734\" data-end=\"1791\">\n<p data-start=\"1736\" data-end=\"1791\">P\u00e5lidelig, kontinuerlig drift med minimal nedetid.<\/p>\n<\/li>\n<li data-start=\"1792\" data-end=\"1844\">\n<p data-start=\"1794\" data-end=\"1844\">Nem integration i moderne bryggerifaciliteter.<\/p>\n<\/li>\n<\/ul>\n<p data-start=\"1846\" data-end=\"2069\">Uanset om du er et h\u00e5ndbryggeri, der s\u00f8ger ensartet klarhed, eller en stor producent, der sigter mod effektiv drift i stor skala, leverer Filtnors bryggerifilterpresser hygiejnisk, effektiv og b\u00e6redygtig \u00f8lfiltrering.<\/p>\n<p><\/div><!-- .section-description --><\/div><!-- .section-title-wrapper --><\/div><\/div><\/div><div class=\"wpb_column vc_column_container vc_col-sm-6\"><div class=\"vc_column-inner\"><div class=\"wpb_wrapper\"><div class=\"section-title-wrapper margin-bottom-30 shortcode-rand-6 induzy-inline-css\" data-css=\"&quot;.shortcode-rand-6 .title-separator.separator-border { background-color: ; }.shortcode-rand-6 .section-title { text-transform: none; }&quot;\"><div class=\"title-wrap\"><h4 class=\"section-title\">Fordeler<\/h4><span class=\"title-separator separator-border theme-color-bg\"><\/span><\/div><!-- .title-wrap --><div class=\"section-description\"><\/div><!-- .section-description --><\/div><!-- .section-title-wrapper --><div class=\"list-item-wrapper\" data-css=\"&quot;&quot;\"><div class=\"list-item-inner\" data-css=\"&quot;&quot;\"><div class=\"list-item-title media\"><span class=\"mr-3 icon-light fas fa-check\"><\/span><div class=\"media-body align-self-center list-item-desc\">Maksimal klarhed p\u00e5 \u00f8let<\/div><\/div><!-- .list-item-title --><\/div><!-- .list-item-inner --><div class=\"list-item-inner\" data-css=\"&quot;&quot;\"><div class=\"list-item-title media\"><span class=\"mr-3 icon-light fas fa-check\"><\/span><div class=\"media-body align-self-center list-item-desc\">Lavt energiforbrug<\/div><\/div><!-- .list-item-title --><\/div><!-- .list-item-inner --><div class=\"list-item-inner\" data-css=\"&quot;&quot;\"><div class=\"list-item-title media\"><span class=\"mr-3 icon-light fas fa-check\"><\/span><div class=\"media-body align-self-center list-item-desc\">Smart-filterpresse uden behov for operat\u00f8r<\/div><\/div><!-- .list-item-title --><\/div><!-- .list-item-inner --><div class=\"list-item-inner\" data-css=\"&quot;&quot;\"><div class=\"list-item-title media\"><span class=\"mr-3 icon-light fas fa-check\"><\/span><div class=\"media-body align-self-center list-item-desc\">N\u00e6ringsmiddelgodkjent<\/div><\/div><!-- .list-item-title --><\/div><!-- .list-item-inner --><\/div><!-- .list-item-wrapper --><\/div><\/div><\/div><\/div><div data-vc-full-width=\"true\" data-vc-full-width-init=\"false\" class=\"vc_row wpb_row vc_row-fluid additional-call-to-action vc_custom_1691588100630 vc_row-has-fill\"><div class=\"wpb_column vc_column_container vc_col-sm-12\"><div class=\"vc_column-inner\"><div class=\"wpb_wrapper\"><div class=\"vc_row wpb_row vc_inner vc_row-fluid\"><div class=\"wpb_column vc_column_container vc_col-sm-12 vc_col-lg-9 vc_col-md-12\"><div class=\"vc_column-inner\"><div class=\"wpb_wrapper\"><div class=\"feature-box-wrapper feature-box-style-1 shortcode-rand-13 induzy-inline-css feature-list-1\" data-css=\"&quot;.shortcode-rand-13.feature-box-wrapper { color: #000000; }.shortcode-rand-13.feature-box-wrapper {background: -moz-linear-gradient(141deg,  0%,  51%,  75%);\\r\\n\\t\\t\\t\\tbackground: -webkit-linear-gradient(141deg,  0%,  51%,  75%);\\r\\n\\t\\t\\t\\tbackground: linear-gradient(141deg,  0%,  51%,  75%);}.shortcode-rand-13 .feature-box-icon { font-size: 30px; }.shortcode-rand-13 .feature-box-icon { height: 60px; width: 60px; }.shortcode-rand-13 .feature-box-icon &gt; span { line-height: 2; }.shortcode-rand-13:hover .feature-box-icon { background: none; }&quot;\" ><div class=\"fbox-list\"><div class=\"media\"><div class=\"feature-box-icon mr-3 text-center rounded-circle none\"><span class=\"\"><\/span><\/div><!-- .feature-box-icon --><div class=\"media-body\"><div class=\"feature-box-title\"><h4 class=\"section-title\">\u00d8nsker du at invitere mere?<\/h4><\/div><!-- .feature-box-title --><div class=\"feature-box-content\">Ta kontakt med os for et uforpligtende tilbud!<\/div><!-- .feature-box-content --><\/div><\/div><\/div><\/div><!-- .feature-box-wrapper --><\/div><\/div><\/div><div class=\"wpb_column vc_column_container vc_col-sm-12 vc_col-lg-3 vc_col-md-12\"><div class=\"vc_column-inner vc_custom_1691588352947\"><div class=\"wpb_wrapper\"><div class=\"vc_btn3-container  additional-btn vc_btn3-right vc_custom_1691589162716 vc_do_btn\" ><a style=\"background-color:#06295e; color:#ffffff;\" class=\"vc_general vc_btn3 vc_btn3-size-md vc_btn3-shape-rounded vc_btn3-style-custom\" href=\"https:\/\/www.filtnor.no\/kontakt-oss\/\" title=\"\">Send foresp\u00f8rgsel<\/a><\/div><\/div><\/div><\/div><\/div><\/div><\/div><\/div><\/div><div class=\"vc_row-full-width vc_clearfix\"><\/div>\n<\/div>","protected":false},"excerpt":{"rendered":"Filtrering i \u00f8lbrygning Klar \u00f8l af h\u00f8j kvalitet starter med effektiv filtrering. Under brygningsprocessen er fjernelse af g\u00e6r, proteiner og andre fine partikler afg\u00f8rende for at opn\u00e5 den \u00f8nskede klarhed, stabilitet og smagsprofil. Hos Filtnor har vi omfattende erfaring med filterpresser til \u00f8lproduktion, hvilket sikrer den bedst mulige klarhed i \u00f8llet. Vores l\u00f8sninger","protected":false},"author":1,"featured_media":0,"parent":4070,"menu_order":0,"comment_status":"closed","ping_status":"closed","template":"","meta":{"om_disable_all_campaigns":false,"footnotes":""},"class_list":["post-3768","page","type-page","status-publish","hentry"],"yoast_head":"<!-- This site is optimized with the Yoast SEO Premium plugin v26.1 (Yoast SEO v27.5) - https:\/\/yoast.com\/product\/yoast-seo-premium-wordpress\/ -->\n<title>Filters for Beer Brewing - Filtnor<\/title>\n<meta name=\"description\" content=\"Filterpresser til \u00f8lbrygging for filtrering av \u00f8l og n\u00e6ringsmidler. Energieffektive pressfilter for brygging og \u00f8lfiltrering.\" \/>\n<meta name=\"robots\" content=\"index, follow, max-snippet:-1, max-image-preview:large, max-video-preview:-1\" \/>\n<link rel=\"canonical\" href=\"https:\/\/www.filtnor.com\/dk\/anvendelsesomrader-for-trykfiltre\/filtre-til-olbrygning\/\" \/>\n<meta property=\"og:locale\" content=\"da_DK\" \/>\n<meta property=\"og:type\" content=\"article\" \/>\n<meta property=\"og:title\" content=\"Filters for Beer Brewing\" \/>\n<meta property=\"og:description\" content=\"Filterpresser til \u00f8lbrygging for filtrering av \u00f8l og n\u00e6ringsmidler. Energieffektive pressfilter for brygging og \u00f8lfiltrering.\" \/>\n<meta property=\"og:url\" content=\"https:\/\/www.filtnor.com\/dk\/anvendelsesomrader-for-trykfiltre\/filtre-til-olbrygning\/\" \/>\n<meta property=\"og:site_name\" content=\"Filtnor\" \/>\n<meta property=\"article:modified_time\" content=\"2025-09-02T19:31:56+00:00\" \/>\n<meta name=\"twitter:card\" content=\"summary_large_image\" \/>\n<meta name=\"twitter:label1\" content=\"Estimeret l\u00e6setid\" \/>\n\t<meta name=\"twitter:data1\" content=\"3 minutter\" \/>\n<script type=\"application\/ld+json\" class=\"yoast-schema-graph\">{\"@context\":\"https:\\\/\\\/schema.org\",\"@graph\":[{\"@type\":\"WebPage\",\"@id\":\"https:\\\/\\\/www.filtnor.com\\\/areas-of-use-for-pressure-filters\\\/filters-for-beer-brewing\\\/\",\"url\":\"https:\\\/\\\/www.filtnor.com\\\/areas-of-use-for-pressure-filters\\\/filters-for-beer-brewing\\\/\",\"name\":\"Filters for Beer Brewing - Filtnor\",\"isPartOf\":{\"@id\":\"https:\\\/\\\/www.filtnor.com\\\/#website\"},\"datePublished\":\"2023-10-07T22:23:08+00:00\",\"dateModified\":\"2025-09-02T19:31:56+00:00\",\"description\":\"Filterpresser til \u00f8lbrygging for filtrering av \u00f8l og n\u00e6ringsmidler. Energieffektive pressfilter for brygging og \u00f8lfiltrering.\",\"breadcrumb\":{\"@id\":\"https:\\\/\\\/www.filtnor.com\\\/areas-of-use-for-pressure-filters\\\/filters-for-beer-brewing\\\/#breadcrumb\"},\"inLanguage\":\"da-DK\",\"potentialAction\":[{\"@type\":\"ReadAction\",\"target\":[\"https:\\\/\\\/www.filtnor.com\\\/areas-of-use-for-pressure-filters\\\/filters-for-beer-brewing\\\/\"]}]},{\"@type\":\"BreadcrumbList\",\"@id\":\"https:\\\/\\\/www.filtnor.com\\\/areas-of-use-for-pressure-filters\\\/filters-for-beer-brewing\\\/#breadcrumb\",\"itemListElement\":[{\"@type\":\"ListItem\",\"position\":1,\"name\":\"Home\",\"item\":\"https:\\\/\\\/www.filtnor.com\\\/\"},{\"@type\":\"ListItem\",\"position\":2,\"name\":\"Areas of Use for Pressure Filters\",\"item\":\"https:\\\/\\\/www.filtnor.com\\\/areas-of-use-for-pressure-filters\\\/\"},{\"@type\":\"ListItem\",\"position\":3,\"name\":\"Filters for Beer Brewing\"}]},{\"@type\":\"WebSite\",\"@id\":\"https:\\\/\\\/www.filtnor.com\\\/#website\",\"url\":\"https:\\\/\\\/www.filtnor.com\\\/\",\"name\":\"Filtnor\",\"description\":\"Filtration you can trust. Performance that lasts.\",\"potentialAction\":[{\"@type\":\"SearchAction\",\"target\":{\"@type\":\"EntryPoint\",\"urlTemplate\":\"https:\\\/\\\/www.filtnor.com\\\/?s={search_term_string}\"},\"query-input\":{\"@type\":\"PropertyValueSpecification\",\"valueRequired\":true,\"valueName\":\"search_term_string\"}}],\"inLanguage\":\"da-DK\"}]}<\/script>\n<!-- \/ Yoast SEO Premium plugin. -->","yoast_head_json":{"title":"Filtre til \u00f8lbrygning - Filtnor","description":"Filterpresser til \u00f8lbrygging for filtrering af \u00f8l og n\u00e6ringsmidler. Energieffektivt trykfilter til brygging og \u00f8lfiltrering.","robots":{"index":"index","follow":"follow","max-snippet":"max-snippet:-1","max-image-preview":"max-image-preview:large","max-video-preview":"max-video-preview:-1"},"canonical":"https:\/\/www.filtnor.com\/dk\/anvendelsesomrader-for-trykfiltre\/filtre-til-olbrygning\/","og_locale":"da_DK","og_type":"article","og_title":"Filters for Beer Brewing","og_description":"Filterpresser til \u00f8lbrygging for filtrering av \u00f8l og n\u00e6ringsmidler. Energieffektive pressfilter for brygging og \u00f8lfiltrering.","og_url":"https:\/\/www.filtnor.com\/dk\/anvendelsesomrader-for-trykfiltre\/filtre-til-olbrygning\/","og_site_name":"Filtnor","article_modified_time":"2025-09-02T19:31:56+00:00","twitter_card":"summary_large_image","twitter_misc":{"Estimeret l\u00e6setid":"3 minutter"},"schema":{"@context":"https:\/\/schema.org","@graph":[{"@type":"WebPage","@id":"https:\/\/www.filtnor.com\/areas-of-use-for-pressure-filters\/filters-for-beer-brewing\/","url":"https:\/\/www.filtnor.com\/areas-of-use-for-pressure-filters\/filters-for-beer-brewing\/","name":"Filtre til \u00f8lbrygning - Filtnor","isPartOf":{"@id":"https:\/\/www.filtnor.com\/#website"},"datePublished":"2023-10-07T22:23:08+00:00","dateModified":"2025-09-02T19:31:56+00:00","description":"Filterpresser til \u00f8lbrygging for filtrering af \u00f8l og n\u00e6ringsmidler. Energieffektivt trykfilter til brygging og \u00f8lfiltrering.","breadcrumb":{"@id":"https:\/\/www.filtnor.com\/areas-of-use-for-pressure-filters\/filters-for-beer-brewing\/#breadcrumb"},"inLanguage":"da-DK","potentialAction":[{"@type":"ReadAction","target":["https:\/\/www.filtnor.com\/areas-of-use-for-pressure-filters\/filters-for-beer-brewing\/"]}]},{"@type":"BreadcrumbList","@id":"https:\/\/www.filtnor.com\/areas-of-use-for-pressure-filters\/filters-for-beer-brewing\/#breadcrumb","itemListElement":[{"@type":"ListItem","position":1,"name":"Home","item":"https:\/\/www.filtnor.com\/"},{"@type":"ListItem","position":2,"name":"Areas of Use for Pressure Filters","item":"https:\/\/www.filtnor.com\/areas-of-use-for-pressure-filters\/"},{"@type":"ListItem","position":3,"name":"Filters for Beer Brewing"}]},{"@type":"WebSite","@id":"https:\/\/www.filtnor.com\/#website","url":"https:\/\/www.filtnor.com\/","name":"Filtnor","description":"Filtrering du kan stole p\u00e5. Ydeevne der varer ved.","potentialAction":[{"@type":"SearchAction","target":{"@type":"EntryPoint","urlTemplate":"https:\/\/www.filtnor.com\/?s={search_term_string}"},"query-input":{"@type":"PropertyValueSpecification","valueRequired":true,"valueName":"search_term_string"}}],"inLanguage":"da-DK"}]}},"_links":{"self":[{"href":"https:\/\/www.filtnor.com\/dk\/wp-json\/wp\/v2\/pages\/3768","targetHints":{"allow":["GET"]}}],"collection":[{"href":"https:\/\/www.filtnor.com\/dk\/wp-json\/wp\/v2\/pages"}],"about":[{"href":"https:\/\/www.filtnor.com\/dk\/wp-json\/wp\/v2\/types\/page"}],"author":[{"embeddable":true,"href":"https:\/\/www.filtnor.com\/dk\/wp-json\/wp\/v2\/users\/1"}],"replies":[{"embeddable":true,"href":"https:\/\/www.filtnor.com\/dk\/wp-json\/wp\/v2\/comments?post=3768"}],"version-history":[{"count":4,"href":"https:\/\/www.filtnor.com\/dk\/wp-json\/wp\/v2\/pages\/3768\/revisions"}],"predecessor-version":[{"id":4939,"href":"https:\/\/www.filtnor.com\/dk\/wp-json\/wp\/v2\/pages\/3768\/revisions\/4939"}],"up":[{"embeddable":true,"href":"https:\/\/www.filtnor.com\/dk\/wp-json\/wp\/v2\/pages\/4070"}],"wp:attachment":[{"href":"https:\/\/www.filtnor.com\/dk\/wp-json\/wp\/v2\/media?parent=3768"}],"curies":[{"name":"wp","href":"https:\/\/api.w.org\/{rel}","templated":true}]}}