{"id":5210,"date":"2024-09-03T19:35:51","date_gmt":"2024-09-03T17:35:51","guid":{"rendered":"https:\/\/www.filtnor.com\/?page_id=5210"},"modified":"2025-05-12T20:30:37","modified_gmt":"2025-05-12T18:30:37","slug":"turbinenoberflachenbelufter","status":"publish","type":"page","link":"https:\/\/www.filtnor.com\/de\/produkte\/wasseraufbereitung\/turbinenoberflachenbelufter\/","title":{"rendered":"Turbinen-Oberfl\u00e4chenbel\u00fcfter"},"content":{"rendered":"<div class=\"wpb-content-wrapper\"><div class=\"vc_row wpb_row vc_row-fluid vc_custom_1691587735553\"><div class=\"wpb_column vc_column_container vc_col-sm-12 vc_col-lg-6 vc_col-md-6\"><div class=\"vc_column-inner\"><div class=\"wpb_wrapper\"><div class=\"section-title-wrapper shortcode-rand-2 induzy-inline-css\" data-css=\"&quot;.shortcode-rand-2 .title-separator.separator-border { background-color: ; }.shortcode-rand-2 .section-title { text-transform: none; }&quot;\"><div class=\"title-wrap\"><h2 class=\"section-title\">VuOxi <span class=\"title-suffix theme-color\">Turbinen-Oberfl\u00e4chenbel\u00fcfter<\/span><\/h2><span class=\"title-separator separator-border theme-color-bg\"><\/span><\/div><!-- .title-wrap --><div class=\"section-description\">Der schwimmende Bel\u00fcfter VuOxi ist ein Turbinen-Oberfl\u00e4chenbel\u00fcfter zur Sauerstoffanreicherung von Wasser. Dieser Wasserbel\u00fcfter erfordert geringe Investitionskosten und einen niedrigen Energieverbrauch. Er wurde speziell f\u00fcr die Behandlung von Industrie- und Kommunalabwasser entwickelt, wo er dem Wasser effektiv Sauerstoff zuf\u00fchrt, ohne dabei Ger\u00fcche zu verursachen.<\/p>\n<p>Der schwimmende Bel\u00fcfter VuOxi kann als intelligentes Produkt mit einem vollautomatischen System geliefert werden, das sich dem Prozess anpasst.<\/p>\n<p><\/div><!-- .section-description --><\/div><!-- .section-title-wrapper --><div class=\"feature-box-wrapper feature-box-style-1 vc_custom_1719170944067 shortcode-rand-3 induzy-inline-css\" data-css=\"&quot;.shortcode-rand-3.feature-box-wrapper {background: -moz-linear-gradient(141deg,  0%,  51%,  75%);\\r\\n\\t\\t\\t\\tbackground: -webkit-linear-gradient(141deg,  0%,  51%,  75%);\\r\\n\\t\\t\\t\\tbackground: linear-gradient(141deg,  0%,  51%,  75%);}.shortcode-rand-3 .feature-box-icon { font-size: 24px; }.shortcode-rand-3 .feature-box-icon { height: 48px; width: 48px; }.shortcode-rand-3 .feature-box-icon &gt; span { line-height: 2; }.shortcode-rand-3:hover .feature-box-icon { background: none; }&quot;\" ><div class=\"feature-box-btn\"><a class=\"btn default\" href=\"https:\/\/www.filtnor.com\/de\/kontaktieren-sie-uns\/\" title=\"ANFRAGE SENDEN \u00bb\">ANFRAGE SENDEN \u00bb<\/a><\/div><!-- .feature-box-btn --><\/div><!-- .feature-box-wrapper --><\/div><\/div><\/div><div class=\"wpb_column vc_column_container vc_col-sm-12 vc_col-lg-6 vc_col-md-6\"><div class=\"vc_column-inner\"><div class=\"wpb_wrapper\">\n\t<div  class=\"wpb_single_image wpb_content_element vc_align_left wpb_content_element\">\n\t\t\n\t\t<figure class=\"wpb_wrapper vc_figure\">\n\t\t\t<div class=\"vc_single_image-wrapper   vc_box_border_grey\"><img loading=\"lazy\" decoding=\"async\" width=\"628\" height=\"459\" src=\"https:\/\/www.filtnor.com\/wp-content\/uploads\/2023\/09\/produkter_roxia-floating-aerato_01.png\" class=\"vc_single_image-img attachment-full\" alt=\"Roxia Turbine Oberfl\u00e4chenbel\u00fcfter\" title=\"Roxia Schwimmbel\u00fcfter turbinoverflatelufter\" srcset=\"https:\/\/www.filtnor.com\/wp-content\/uploads\/2023\/09\/produkter_roxia-floating-aerato_01.png 628w, https:\/\/www.filtnor.com\/wp-content\/uploads\/2023\/09\/produkter_roxia-floating-aerato_01-600x439.png 600w\" sizes=\"auto, (max-width: 628px) 100vw, 628px\" \/><\/div>\n\t\t<\/figure>\n\t<\/div>\n<\/div><\/div><\/div><\/div><div class=\"vc_row wpb_row vc_row-fluid vc_custom_1691588774257\"><div class=\"wpb_column vc_column_container vc_col-sm-6\"><div class=\"vc_column-inner\"><div class=\"wpb_wrapper\"><div class=\"section-title-wrapper shortcode-rand-5 induzy-inline-css\" data-css=\"&quot;.shortcode-rand-5 .title-separator.separator-border { background-color: ; }.shortcode-rand-5 .section-title { text-transform: none; }&quot;\"><div class=\"title-wrap\"><h4 class=\"section-title\">Hohe Effizienz <span class=\"title-suffix theme-color\">&amp; Niedrige Kosten<\/span><\/h4><span class=\"title-separator separator-border theme-color-bg\"><\/span><\/div><!-- .title-wrap --><div class=\"section-description\">Der schwimmende Bel\u00fcfter VuOxi \u00fcbertr\u00e4gt und verteilt Sauerstoff effizient im Abwasser. Dank seiner schwimmenden Bauweise ist er schnell und einfach zu installieren, ohne dass aufw\u00e4ndige Bauarbeiten n\u00f6tig sind. Der Bel\u00fcfter zeichnet sich durch hohe Effizienz, geringe Investitionskosten und niedrigen Energieverbrauch aus.<\/p>\n<p>Die Bel\u00fcftung von Abwasser erfordert keine komplexe Infrastruktur. Der schwimmende Bel\u00fcfter VuOxi ist eine effektive und kosteng\u00fcnstige L\u00f6sung.<\/div><!-- .section-description --><\/div><!-- .section-title-wrapper --><\/div><\/div><\/div><div class=\"wpb_column vc_column_container vc_col-sm-6\"><div class=\"vc_column-inner\"><div class=\"wpb_wrapper\"><div class=\"section-title-wrapper margin-bottom-30 shortcode-rand-6 induzy-inline-css\" data-css=\"&quot;.shortcode-rand-6 .title-separator.separator-border { background-color: ; }.shortcode-rand-6 .section-title { text-transform: none; }&quot;\"><div class=\"title-wrap\"><h4 class=\"section-title\">Einige Vorteile mit <span class=\"title-suffix theme-color\">Turbinen-Oberfl\u00e4chenbel\u00fcfter<\/span><\/h4><span class=\"title-separator separator-border theme-color-bg\"><\/span><\/div><!-- .title-wrap --><div class=\"section-description\"><\/div><!-- .section-description --><\/div><!-- .section-title-wrapper --><div class=\"list-item-wrapper\" data-css=\"&quot;&quot;\"><div class=\"list-item-inner\" data-css=\"&quot;&quot;\"><div class=\"list-item-title media\"><span class=\"mr-3 icon-light fas fa-check\"><\/span><div class=\"media-body align-self-center list-item-desc\">Hohe Effizienz<\/div><\/div><!-- .list-item-title --><\/div><!-- .list-item-inner --><div class=\"list-item-inner\" data-css=\"&quot;&quot;\"><div class=\"list-item-title media\"><span class=\"mr-3 icon-light fas fa-check\"><\/span><div class=\"media-body align-self-center list-item-desc\">Geringer Energieverbrauch<\/div><\/div><!-- .list-item-title --><\/div><!-- .list-item-inner --><div class=\"list-item-inner\" data-css=\"&quot;&quot;\"><div class=\"list-item-title media\"><span class=\"mr-3 icon-light fas fa-check\"><\/span><div class=\"media-body align-self-center list-item-desc\">Einfache und schnelle Installation<\/div><\/div><!-- .list-item-title --><\/div><!-- .list-item-inner --><div class=\"list-item-inner\" data-css=\"&quot;&quot;\"><div class=\"list-item-title media\"><span class=\"mr-3 icon-light fas fa-check\"><\/span><div class=\"media-body align-self-center list-item-desc\">Geringe Anfangsinvestition<\/div><\/div><!-- .list-item-title --><\/div><!-- .list-item-inner --><div class=\"list-item-inner\" data-css=\"&quot;&quot;\"><div class=\"list-item-title media\"><span class=\"mr-3 icon-light fas fa-check\"><\/span><div class=\"media-body align-self-center list-item-desc\">Effektive Wasserzirkulation<\/div><\/div><!-- .list-item-title --><\/div><!-- .list-item-inner --><\/div><!-- .list-item-wrapper -->\n\t<div class=\"wpb_raw_code wpb_raw_html wpb_content_element\" >\n\t\t<div class=\"wpb_wrapper\">\n\t\t\t<br>\n<div class=\"vc_btn3-container vc_btn3-left vc_do_btn\" ><a style=\"background-color:#6C9E30; color:#ffffff;\" class=\"vc_general vc_btn3 vc_btn3-size-md vc_btn3-shape-rounded vc_btn3-style-custom vc_btn3-icon-left\" href=\"http:\/\/www.filtnor.com\/de\/vuoxi-floating-aerator-filtnor-25-eng.pdf\/\" title=\"\"><i class=\"vc_btn3-icon fa fa-file-pdf-o\"><\/i> Brosch\u00fcre herunterladen<\/a><\/div>\n\t\t<\/div>\n\t<\/div>\n<\/div><\/div><\/div><\/div><div class=\"vc_row wpb_row vc_row-fluid vc_custom_1691588774257\"><div class=\"wpb_column vc_column_container vc_col-sm-6\"><div class=\"vc_column-inner\"><div class=\"wpb_wrapper\"><div class=\"section-title-wrapper shortcode-rand-14 induzy-inline-css\" data-css=\"&quot;.shortcode-rand-14 .title-separator.separator-border { background-color: ; }.shortcode-rand-14 .section-title { text-transform: none; }&quot;\"><div class=\"title-wrap\"><h4 class=\"section-title\">Schlau <span class=\"title-suffix theme-color\">Bel\u00fcftungssystem<\/span><\/h4><span class=\"title-separator separator-border theme-color-bg\"><\/span><\/div><!-- .title-wrap --><div class=\"section-description\"><strong>Automatisieren Sie Ihre Prozesse und erh\u00f6hen Sie die Flexibilit\u00e4t.<\/strong> Die schwimmenden Bel\u00fcfter von VuOxi sind als vollautomatisches Smart-Bel\u00fcftungssystem mit der digitalen Plattform Roxia Malibu\u2122 erh\u00e4ltlich. Das System kann an die jeweiligen Standortanforderungen angepasst werden.<\/p>\n<p><\/div><!-- .section-description --><\/div><!-- .section-title-wrapper --><\/div><\/div><\/div><div class=\"wpb_column vc_column_container vc_col-sm-6\"><div class=\"vc_column-inner\"><div class=\"wpb_wrapper\">\n\t<div  class=\"wpb_single_image wpb_content_element vc_align_left wpb_content_element\">\n\t\t\n\t\t<figure class=\"wpb_wrapper vc_figure\">\n\t\t\t<div class=\"vc_single_image-wrapper   vc_box_border_grey\"><img loading=\"lazy\" decoding=\"async\" width=\"734\" height=\"413\" src=\"https:\/\/www.filtnor.com\/wp-content\/uploads\/2024\/09\/products_water-treatment_turbine-surface-aerator-002.png\" class=\"vc_single_image-img attachment-medium\" alt=\"Intelligentes Wasserbel\u00fcftungssystem\" title=\"products_water-treatment_turbine-surface-aerator-002\" srcset=\"https:\/\/www.filtnor.com\/wp-content\/uploads\/2024\/09\/products_water-treatment_turbine-surface-aerator-002.png 734w, https:\/\/www.filtnor.com\/wp-content\/uploads\/2024\/09\/products_water-treatment_turbine-surface-aerator-002-18x10.png 18w, https:\/\/www.filtnor.com\/wp-content\/uploads\/2024\/09\/products_water-treatment_turbine-surface-aerator-002-600x338.png 600w\" sizes=\"auto, (max-width: 734px) 100vw, 734px\" \/><\/div>\n\t\t<\/figure>\n\t<\/div>\n<\/div><\/div><\/div><\/div><div class=\"vc_row wpb_row vc_row-fluid vc_custom_1691587893368\"><div class=\"wpb_column vc_column_container vc_col-sm-12\"><div class=\"vc_column-inner\"><div class=\"wpb_wrapper\"><div class=\"vc_separator wpb_content_element vc_separator_align_center vc_sep_width_100 vc_sep_dashed vc_sep_pos_align_center vc_separator_no_text wpb_content_element  wpb_content_element\" ><span class=\"vc_sep_holder vc_sep_holder_l\"><span class=\"vc_sep_line\"><\/span><\/span><span class=\"vc_sep_holder vc_sep_holder_r\"><span class=\"vc_sep_line\"><\/span><\/span>\n<\/div><\/div><\/div><\/div><\/div><div data-vc-full-width=\"true\" data-vc-full-width-init=\"false\" class=\"vc_row wpb_row vc_row-fluid additional-call-to-action vc_custom_1691588100630 vc_row-has-fill\"><div class=\"wpb_column vc_column_container vc_col-sm-12\"><div class=\"vc_column-inner\"><div class=\"wpb_wrapper\"><div class=\"vc_row wpb_row vc_inner vc_row-fluid\"><div class=\"wpb_column vc_column_container vc_col-sm-12 vc_col-lg-9 vc_col-md-12\"><div class=\"vc_column-inner\"><div class=\"wpb_wrapper\"><div class=\"feature-box-wrapper feature-box-style-1 shortcode-rand-17 induzy-inline-css feature-list-1\" data-css=\"&quot;.shortcode-rand-17.feature-box-wrapper { color: #000000; }.shortcode-rand-17.feature-box-wrapper {background: -moz-linear-gradient(141deg,  0%,  51%,  75%);\\r\\n\\t\\t\\t\\tbackground: -webkit-linear-gradient(141deg,  0%,  51%,  75%);\\r\\n\\t\\t\\t\\tbackground: linear-gradient(141deg,  0%,  51%,  75%);}.shortcode-rand-17 .feature-box-icon { font-size: 30px; }.shortcode-rand-17 .feature-box-icon { height: 60px; width: 60px; }.shortcode-rand-17 .feature-box-icon &gt; span { line-height: 2; }.shortcode-rand-17:hover .feature-box-icon { background: none; }&quot;\" ><div class=\"fbox-list\"><div class=\"media\"><div class=\"feature-box-icon mr-3 text-center rounded-circle none\"><span class=\"\"><\/span><\/div><!-- .feature-box-icon --><div class=\"media-body\"><div class=\"feature-box-title\"><h4 class=\"section-title\">Finden Sie nicht, wonach Sie suchen?<\/h4><\/div><!-- .feature-box-title --><div class=\"feature-box-content\">Kontaktieren Sie uns, und wir helfen Ihnen, es herauszufinden!<\/div><!-- .feature-box-content --><\/div><\/div><\/div><\/div><!-- .feature-box-wrapper --><\/div><\/div><\/div><div class=\"wpb_column vc_column_container vc_col-sm-12 vc_col-lg-3 vc_col-md-12\"><div class=\"vc_column-inner vc_custom_1691588352947\"><div class=\"wpb_wrapper\"><div class=\"vc_btn3-container  additional-btn vc_btn3-right vc_custom_1719171031114 vc_do_btn\" ><a style=\"background-color:#06295e; color:#ffffff;\" class=\"vc_general vc_btn3 vc_btn3-size-md vc_btn3-shape-rounded vc_btn3-style-custom\" href=\"https:\/\/www.filtnor.com\/de\/kontaktieren-sie-uns\/\" title=\"Kontaktieren Sie uns\">ANFRAGE SENDEN \u00bb<\/a><\/div><\/div><\/div><\/div><\/div><\/div><\/div><\/div><\/div><div class=\"vc_row-full-width vc_clearfix\"><\/div>\n<\/div>","protected":false},"excerpt":{"rendered":"Der schwimmende Turbinenbel\u00fcfter VuOxi ist ein Oberfl\u00e4chenbel\u00fcfter zur Sauerstoffanreicherung von Wasser. Er zeichnet sich durch geringe Investitionskosten und einen niedrigen Energieverbrauch aus. Speziell entwickelt wurde er f\u00fcr die Behandlung von Industrie- und Kommunalabwasser, wo er dem Wasser effektiv Sauerstoff zuf\u00fchrt, ohne diesen mitzuleiten.","protected":false},"author":1,"featured_media":0,"parent":3996,"menu_order":0,"comment_status":"closed","ping_status":"closed","template":"","meta":{"om_disable_all_campaigns":false,"footnotes":""},"class_list":["post-5210","page","type-page","status-publish","hentry"],"yoast_head":"<!-- This site is optimized with the Yoast SEO Premium plugin v26.1 (Yoast SEO v27.4) - https:\/\/yoast.com\/product\/yoast-seo-premium-wordpress\/ -->\n<title>Turbine Surface Aerator - Filtnor<\/title>\n<meta name=\"description\" content=\"Floating turbine water surface aerators that disperses oxygen into the wastewater. The VuOxi turbine surface aerator is effective with low energy.\" \/>\n<meta name=\"robots\" content=\"index, follow, max-snippet:-1, max-image-preview:large, max-video-preview:-1\" \/>\n<link rel=\"canonical\" href=\"https:\/\/www.filtnor.com\/de\/produkte\/wasseraufbereitung\/turbinenoberflachenbelufter\/\" \/>\n<meta property=\"og:locale\" content=\"de_DE\" \/>\n<meta property=\"og:type\" content=\"article\" \/>\n<meta property=\"og:title\" content=\"Turbine Surface Aerator\" \/>\n<meta property=\"og:description\" content=\"Floating turbine water surface aerators that disperses oxygen into the wastewater. The VuOxi turbine surface aerator is effective with low energy.\" \/>\n<meta property=\"og:url\" content=\"https:\/\/www.filtnor.com\/de\/produkte\/wasseraufbereitung\/turbinenoberflachenbelufter\/\" \/>\n<meta property=\"og:site_name\" content=\"Filtnor\" \/>\n<meta property=\"article:modified_time\" content=\"2025-05-12T18:30:37+00:00\" \/>\n<meta name=\"twitter:card\" content=\"summary_large_image\" \/>\n<meta name=\"twitter:label1\" content=\"Gesch\u00e4tzte Lesezeit\" \/>\n\t<meta name=\"twitter:data1\" content=\"3\u00a0Minuten\" \/>\n<script type=\"application\/ld+json\" class=\"yoast-schema-graph\">{\"@context\":\"https:\\\/\\\/schema.org\",\"@graph\":[{\"@type\":\"WebPage\",\"@id\":\"https:\\\/\\\/www.filtnor.com\\\/products\\\/water-treatment\\\/turbine-surface-aerator\\\/\",\"url\":\"https:\\\/\\\/www.filtnor.com\\\/products\\\/water-treatment\\\/turbine-surface-aerator\\\/\",\"name\":\"Turbine Surface Aerator - Filtnor\",\"isPartOf\":{\"@id\":\"https:\\\/\\\/www.filtnor.com\\\/#website\"},\"datePublished\":\"2024-09-03T17:35:51+00:00\",\"dateModified\":\"2025-05-12T18:30:37+00:00\",\"description\":\"Floating turbine water surface aerators that disperses oxygen into the wastewater. The VuOxi turbine surface aerator is effective with low energy.\",\"breadcrumb\":{\"@id\":\"https:\\\/\\\/www.filtnor.com\\\/products\\\/water-treatment\\\/turbine-surface-aerator\\\/#breadcrumb\"},\"inLanguage\":\"de\",\"potentialAction\":[{\"@type\":\"ReadAction\",\"target\":[\"https:\\\/\\\/www.filtnor.com\\\/products\\\/water-treatment\\\/turbine-surface-aerator\\\/\"]}]},{\"@type\":\"BreadcrumbList\",\"@id\":\"https:\\\/\\\/www.filtnor.com\\\/products\\\/water-treatment\\\/turbine-surface-aerator\\\/#breadcrumb\",\"itemListElement\":[{\"@type\":\"ListItem\",\"position\":1,\"name\":\"Home\",\"item\":\"https:\\\/\\\/www.filtnor.com\\\/\"},{\"@type\":\"ListItem\",\"position\":2,\"name\":\"Product groups from Filtnor\",\"item\":\"https:\\\/\\\/www.filtnor.com\\\/products\\\/\"},{\"@type\":\"ListItem\",\"position\":3,\"name\":\"Water treatment\",\"item\":\"https:\\\/\\\/www.filtnor.com\\\/products\\\/water-treatment\\\/\"},{\"@type\":\"ListItem\",\"position\":4,\"name\":\"Turbine Surface Aerator\"}]},{\"@type\":\"WebSite\",\"@id\":\"https:\\\/\\\/www.filtnor.com\\\/#website\",\"url\":\"https:\\\/\\\/www.filtnor.com\\\/\",\"name\":\"Filtnor\",\"description\":\"Filtration you can trust. Performance that lasts.\",\"potentialAction\":[{\"@type\":\"SearchAction\",\"target\":{\"@type\":\"EntryPoint\",\"urlTemplate\":\"https:\\\/\\\/www.filtnor.com\\\/?s={search_term_string}\"},\"query-input\":{\"@type\":\"PropertyValueSpecification\",\"valueRequired\":true,\"valueName\":\"search_term_string\"}}],\"inLanguage\":\"de\"}]}<\/script>\n<!-- \/ Yoast SEO Premium plugin. -->","yoast_head_json":{"title":"Turbinen-Oberfl\u00e4chenbel\u00fcfter - Filtnor","description":"Schwimmende Turbinen-Oberfl\u00e4chenbel\u00fcfter verteilen Sauerstoff im Abwasser. Der VuOxi-Turbinen-Oberfl\u00e4chenbel\u00fcfter arbeitet effektiv und energieeffizient.","robots":{"index":"index","follow":"follow","max-snippet":"max-snippet:-1","max-image-preview":"max-image-preview:large","max-video-preview":"max-video-preview:-1"},"canonical":"https:\/\/www.filtnor.com\/de\/produkte\/wasseraufbereitung\/turbinenoberflachenbelufter\/","og_locale":"de_DE","og_type":"article","og_title":"Turbine Surface Aerator","og_description":"Floating turbine water surface aerators that disperses oxygen into the wastewater. The VuOxi turbine surface aerator is effective with low energy.","og_url":"https:\/\/www.filtnor.com\/de\/produkte\/wasseraufbereitung\/turbinenoberflachenbelufter\/","og_site_name":"Filtnor","article_modified_time":"2025-05-12T18:30:37+00:00","twitter_card":"summary_large_image","twitter_misc":{"Gesch\u00e4tzte Lesezeit":"3\u00a0Minuten"},"schema":{"@context":"https:\/\/schema.org","@graph":[{"@type":"WebPage","@id":"https:\/\/www.filtnor.com\/products\/water-treatment\/turbine-surface-aerator\/","url":"https:\/\/www.filtnor.com\/products\/water-treatment\/turbine-surface-aerator\/","name":"Turbinen-Oberfl\u00e4chenbel\u00fcfter - Filtnor","isPartOf":{"@id":"https:\/\/www.filtnor.com\/#website"},"datePublished":"2024-09-03T17:35:51+00:00","dateModified":"2025-05-12T18:30:37+00:00","description":"Schwimmende Turbinen-Oberfl\u00e4chenbel\u00fcfter verteilen Sauerstoff im Abwasser. Der VuOxi-Turbinen-Oberfl\u00e4chenbel\u00fcfter arbeitet effektiv und energieeffizient.","breadcrumb":{"@id":"https:\/\/www.filtnor.com\/products\/water-treatment\/turbine-surface-aerator\/#breadcrumb"},"inLanguage":"de","potentialAction":[{"@type":"ReadAction","target":["https:\/\/www.filtnor.com\/products\/water-treatment\/turbine-surface-aerator\/"]}]},{"@type":"BreadcrumbList","@id":"https:\/\/www.filtnor.com\/products\/water-treatment\/turbine-surface-aerator\/#breadcrumb","itemListElement":[{"@type":"ListItem","position":1,"name":"Home","item":"https:\/\/www.filtnor.com\/"},{"@type":"ListItem","position":2,"name":"Product groups from Filtnor","item":"https:\/\/www.filtnor.com\/products\/"},{"@type":"ListItem","position":3,"name":"Water treatment","item":"https:\/\/www.filtnor.com\/products\/water-treatment\/"},{"@type":"ListItem","position":4,"name":"Turbine Surface Aerator"}]},{"@type":"WebSite","@id":"https:\/\/www.filtnor.com\/#website","url":"https:\/\/www.filtnor.com\/","name":"Filtnor","description":"Filtration, der Sie vertrauen k\u00f6nnen. Leistung, die lange anh\u00e4lt.","potentialAction":[{"@type":"SearchAction","target":{"@type":"EntryPoint","urlTemplate":"https:\/\/www.filtnor.com\/?s={search_term_string}"},"query-input":{"@type":"PropertyValueSpecification","valueRequired":true,"valueName":"search_term_string"}}],"inLanguage":"de"}]}},"_links":{"self":[{"href":"https:\/\/www.filtnor.com\/de\/wp-json\/wp\/v2\/pages\/5210","targetHints":{"allow":["GET"]}}],"collection":[{"href":"https:\/\/www.filtnor.com\/de\/wp-json\/wp\/v2\/pages"}],"about":[{"href":"https:\/\/www.filtnor.com\/de\/wp-json\/wp\/v2\/types\/page"}],"author":[{"embeddable":true,"href":"https:\/\/www.filtnor.com\/de\/wp-json\/wp\/v2\/users\/1"}],"replies":[{"embeddable":true,"href":"https:\/\/www.filtnor.com\/de\/wp-json\/wp\/v2\/comments?post=5210"}],"version-history":[{"count":8,"href":"https:\/\/www.filtnor.com\/de\/wp-json\/wp\/v2\/pages\/5210\/revisions"}],"predecessor-version":[{"id":6092,"href":"https:\/\/www.filtnor.com\/de\/wp-json\/wp\/v2\/pages\/5210\/revisions\/6092"}],"up":[{"embeddable":true,"href":"https:\/\/www.filtnor.com\/de\/wp-json\/wp\/v2\/pages\/3996"}],"wp:attachment":[{"href":"https:\/\/www.filtnor.com\/de\/wp-json\/wp\/v2\/media?parent=5210"}],"curies":[{"name":"wp","href":"https:\/\/api.w.org\/{rel}","templated":true}]}}