{"id":5057,"date":"2024-08-25T14:39:20","date_gmt":"2024-08-25T12:39:20","guid":{"rendered":"https:\/\/www.filtnor.com\/?page_id=5057"},"modified":"2024-08-30T17:40:23","modified_gmt":"2024-08-30T15:40:23","slug":"schieberventile","status":"publish","type":"page","link":"https:\/\/www.filtnor.com\/de\/produkte\/flussigkeitshandhabung\/ventile\/schieberventile\/","title":{"rendered":"Messerschieberventile"},"content":{"rendered":"<div class=\"wpb-content-wrapper\"><div class=\"vc_row wpb_row vc_row-fluid vc_custom_1724585508983\"><div class=\"wpb_column vc_column_container vc_col-sm-12 vc_col-lg-6 vc_col-md-6\"><div class=\"vc_column-inner\"><div class=\"wpb_wrapper\"><div class=\"section-title-wrapper shortcode-rand-2 induzy-inline-css\" data-css=\"&quot;.shortcode-rand-2 .title-separator.separator-border { background-color: ; }.shortcode-rand-2 .section-title { text-transform: none; }&quot;\"><div class=\"title-wrap\"><h2 class=\"section-title\">Messerschieberventil <span class=\"title-suffix theme-color\">f\u00fcr Medien mit langen Fasern<\/span><\/h2><span class=\"title-separator separator-border theme-color-bg\"><\/span><\/div><!-- .title-wrap --><div class=\"section-description\">Bei einem Messerschieberventil funktioniert der Messerschieber wie ein Messer und schneidet lange Fasern oder harte Medien durch, um sicherzustellen, dass das Ventil richtig schlie\u00dft.<\/p>\n<p>Mit einem V-Anschluss an Ihrem Schieberventil erhalten Sie sogar noch linearere \u00d6ffnungseigenschaften, falls Sie den \u00d6ffnungsdurchfluss steuern m\u00fcssen.<\/p>\n<p>&nbsp;<\/p>\n<p><strong>Wir haben viele verschiedene Absperrschieber in unserem Portfolio, von denen einige f\u00fcr bestimmte Anwendungen besser geeignet sind als andere. Kontaktieren Sie uns daher, und unsere Ventilexperten finden den am besten geeigneten Absperrschieber f\u00fcr Ihren Prozess.<\/strong><\/div><!-- .section-description --><\/div><!-- .section-title-wrapper --><div class=\"feature-box-wrapper feature-box-style-1 vc_custom_1724587656213 shortcode-rand-3 induzy-inline-css\" data-css=\"&quot;.shortcode-rand-3.feature-box-wrapper {background: -moz-linear-gradient(141deg,  0%,  51%,  75%);\\r\\n\\t\\t\\t\\tbackground: -webkit-linear-gradient(141deg,  0%,  51%,  75%);\\r\\n\\t\\t\\t\\tbackground: linear-gradient(141deg,  0%,  51%,  75%);}.shortcode-rand-3 .feature-box-icon { font-size: 24px; }.shortcode-rand-3 .feature-box-icon { height: 48px; width: 48px; }.shortcode-rand-3 .feature-box-icon &gt; span { line-height: 2; }.shortcode-rand-3:hover .feature-box-icon { background: none; }&quot;\" ><div class=\"feature-box-btn\"><a class=\"btn default\" href=\"https:\/\/www.filtnor.com\/de\/kontaktieren-sie-uns\/\" title=\"ANFRAGE SENDEN \u00bb\">ANFRAGE SENDEN \u00bb<\/a><\/div><!-- .feature-box-btn --><\/div><!-- .feature-box-wrapper --><\/div><\/div><\/div><div class=\"wpb_column vc_column_container vc_col-sm-12 vc_col-lg-6 vc_col-md-6\"><div class=\"vc_column-inner\"><div class=\"wpb_wrapper\">\n\t<div  class=\"wpb_single_image wpb_content_element vc_align_left wpb_content_element\">\n\t\t\n\t\t<figure class=\"wpb_wrapper vc_figure\">\n\t\t\t<div class=\"vc_single_image-wrapper   vc_box_border_grey\"><\/div>\n\t\t<\/figure>\n\t<\/div>\n<\/div><\/div><\/div><\/div><div class=\"vc_row wpb_row vc_row-fluid vc_custom_1724525180141\"><div class=\"wpb_column vc_column_container vc_col-sm-6\"><div class=\"vc_column-inner\"><div class=\"wpb_wrapper\"><div class=\"section-title-wrapper shortcode-rand-5 induzy-inline-css\" data-css=\"&quot;.shortcode-rand-5 .title-separator.separator-border { background-color: ; }.shortcode-rand-5 .section-title { text-transform: none; }&quot;\"><div class=\"title-wrap\"><h4 class=\"section-title\">Absperrventil <span class=\"title-suffix theme-color\">oder Regelventil<\/span><\/h4><span class=\"title-separator separator-border theme-color-bg\"><\/span><\/div><!-- .title-wrap --><div class=\"section-description\">Messerschieberventile sind sowohl als Absperrventile als auch als Regelventile erh\u00e4ltlich und sowohl mit manueller als auch mit automatischer Steuerung \u00fcber einen Stellantrieb verf\u00fcgbar.<\/div><!-- .section-description --><\/div><!-- .section-title-wrapper --><\/div><\/div><\/div><div class=\"wpb_column vc_column_container vc_col-sm-6\"><div class=\"vc_column-inner\"><div class=\"wpb_wrapper\"><div class=\"section-title-wrapper margin-bottom-30 shortcode-rand-6 induzy-inline-css\" data-css=\"&quot;.shortcode-rand-6 .title-separator.separator-border { background-color: ; }.shortcode-rand-6 .section-title { text-transform: none; }&quot;\"><div class=\"title-wrap\"><h4 class=\"section-title\">Einige der Vorteile <span class=\"title-suffix theme-color\">mit Schieberventilen<\/span><\/h4><span class=\"title-separator separator-border theme-color-bg\"><\/span><\/div><!-- .title-wrap --><div class=\"section-description\"><\/div><!-- .section-description --><\/div><!-- .section-title-wrapper --><div class=\"list-item-wrapper\" data-css=\"&quot;&quot;\"><div class=\"list-item-inner\" data-css=\"&quot;&quot;\"><div class=\"list-item-title media\"><span class=\"mr-3 icon-light fas fa-check\"><\/span><div class=\"media-body align-self-center list-item-desc\">Hervorragend geeignet f\u00fcr abrasive Medien und Suspensionen.<\/div><\/div><!-- .list-item-title --><\/div><!-- .list-item-inner --><div class=\"list-item-inner\" data-css=\"&quot;&quot;\"><div class=\"list-item-title media\"><span class=\"mr-3 icon-light fas fa-check\"><\/span><div class=\"media-body align-self-center list-item-desc\">Schneidet durch Fasern oder harte Medien<\/div><\/div><!-- .list-item-title --><\/div><!-- .list-item-inner --><div class=\"list-item-inner\" data-css=\"&quot;&quot;\"><div class=\"list-item-title media\"><span class=\"mr-3 icon-light fas fa-check\"><\/span><div class=\"media-body align-self-center list-item-desc\">M\u00f6glichkeit austauschbarer Ventilb\u00e4lge<\/div><\/div><!-- .list-item-title --><\/div><!-- .list-item-inner --><div class=\"list-item-inner\" data-css=\"&quot;&quot;\"><div class=\"list-item-title media\"><span class=\"mr-3 icon-light fas fa-check\"><\/span><div class=\"media-body align-self-center list-item-desc\">Erh\u00e4ltlich mit Automatisierung und als intelligentes Ventil (IIoT)<\/div><\/div><!-- .list-item-title --><\/div><!-- .list-item-inner --><\/div><!-- .list-item-wrapper --><\/div><\/div><\/div><\/div><div class=\"vc_row wpb_row vc_row-fluid vc_custom_1691588774257\"><div class=\"wpb_column vc_column_container vc_col-sm-6\"><div class=\"vc_column-inner\"><div class=\"wpb_wrapper\"><div class=\"section-title-wrapper shortcode-rand-13 induzy-inline-css\" data-css=\"&quot;.shortcode-rand-13 .title-separator.separator-border { background-color: ; }.shortcode-rand-13 .section-title { text-transform: none; }&quot;\"><div class=\"title-wrap\"><h4 class=\"section-title\">Intelligentes Ventil <span class=\"title-suffix theme-color\">mit IIoT<\/span><\/h4><span class=\"title-separator separator-border theme-color-bg\"><\/span><\/div><!-- .title-wrap --><div class=\"section-description\">Unsere Schieberventile sind als intelligente Ventile f\u00fcr das industrielle Internet der Dinge (IIoT) erh\u00e4ltlich und k\u00f6nnen direkt mit einer intelligenten Produktsoftware verwendet werden. So k\u00f6nnen Sie das Ventil direkt \u00fcber Ihren Bildschirm \u00fcberwachen und Berichte sowie Benachrichtigungen erhalten.<\/p>\n<p>Kombinieren Sie dieses Ventil mit unserer intelligenten Produktsoftware Roxia Malibu und profitieren Sie von einer kombinierten Online-Prozess\u00fcberwachung und Maschinenzustands\u00fcberwachung. Dies hilft Ihnen, die Effizienz zu steigern und Kosten zu senken, indem unn\u00f6tige Wartungsarbeiten reduziert und der Energieverbrauch optimiert werden.<\/div><!-- .section-description --><\/div><!-- .section-title-wrapper --><\/div><\/div><\/div><div class=\"wpb_column vc_column_container vc_col-sm-6\"><div class=\"vc_column-inner\"><div class=\"wpb_wrapper\">\n\t<div  class=\"wpb_single_image wpb_content_element vc_align_left wpb_content_element\">\n\t\t\n\t\t<figure class=\"wpb_wrapper vc_figure\">\n\t\t\t<div class=\"vc_single_image-wrapper   vc_box_border_grey\"><img loading=\"lazy\" decoding=\"async\" width=\"768\" height=\"456\" src=\"https:\/\/www.filtnor.com\/wp-content\/uploads\/2024\/06\/products_smart-solutions-01-768x456.png\" class=\"vc_single_image-img attachment-medium\" alt=\"Intelligente L\u00f6sungen\" title=\"products_smart-solutions-01\" srcset=\"https:\/\/www.filtnor.com\/wp-content\/uploads\/2024\/06\/products_smart-solutions-01-768x456.png 768w, https:\/\/www.filtnor.com\/wp-content\/uploads\/2024\/06\/products_smart-solutions-01-1170x694.png 1170w, https:\/\/www.filtnor.com\/wp-content\/uploads\/2024\/06\/products_smart-solutions-01-18x12.png 18w, https:\/\/www.filtnor.com\/wp-content\/uploads\/2024\/06\/products_smart-solutions-01-440x260.png 440w, https:\/\/www.filtnor.com\/wp-content\/uploads\/2024\/06\/products_smart-solutions-01-390x231.png 390w, https:\/\/www.filtnor.com\/wp-content\/uploads\/2024\/06\/products_smart-solutions-01-220x130.png 220w\" sizes=\"auto, (max-width: 768px) 100vw, 768px\" \/><\/div>\n\t\t<\/figure>\n\t<\/div>\n<\/div><\/div><\/div><\/div><div class=\"vc_row wpb_row vc_row-fluid vc_custom_1724525173424\"><div class=\"wpb_column vc_column_container vc_col-sm-8\"><div class=\"vc_column-inner\"><div class=\"wpb_wrapper\"><div class=\"section-title-wrapper shortcode-rand-15 induzy-inline-css\" data-css=\"&quot;.shortcode-rand-15 .title-separator.separator-border { background-color: ; }.shortcode-rand-15 .section-title { text-transform: none; }&quot;\"><div class=\"title-wrap\"><h4 class=\"section-title\">Spezifikationen<\/h4><span class=\"title-separator separator-border theme-color-bg\"><\/span><\/div><!-- .title-wrap --><div class=\"section-description\"><strong>Abmessungen:<\/strong><br \/>\nDN50 \u2013 DN1600<\/p>\n<p><strong>Materialauswahl:<\/strong><br \/>\nNehmen Sie Kontakt mit uns auf.<\/div><!-- .section-description --><\/div><!-- .section-title-wrapper --><\/div><\/div><\/div><div class=\"wpb_column vc_column_container vc_col-sm-4\"><div class=\"vc_column-inner\"><div class=\"wpb_wrapper\"><\/div><\/div><\/div><\/div><div data-vc-full-width=\"true\" data-vc-full-width-init=\"false\" class=\"vc_row wpb_row vc_row-fluid additional-call-to-action vc_custom_1691588100630 vc_row-has-fill\"><div class=\"wpb_column vc_column_container vc_col-sm-12\"><div class=\"vc_column-inner\"><div class=\"wpb_wrapper\"><div class=\"vc_row wpb_row vc_inner vc_row-fluid\"><div class=\"wpb_column vc_column_container vc_col-sm-12 vc_col-lg-9 vc_col-md-12\"><div class=\"vc_column-inner\"><div class=\"wpb_wrapper\"><div class=\"feature-box-wrapper feature-box-style-1 shortcode-rand-17 induzy-inline-css feature-list-1\" data-css=\"&quot;.shortcode-rand-17.feature-box-wrapper { color: #000000; }.shortcode-rand-17.feature-box-wrapper {background: -moz-linear-gradient(141deg,  0%,  51%,  75%);\\r\\n\\t\\t\\t\\tbackground: -webkit-linear-gradient(141deg,  0%,  51%,  75%);\\r\\n\\t\\t\\t\\tbackground: linear-gradient(141deg,  0%,  51%,  75%);}.shortcode-rand-17 .feature-box-icon { font-size: 30px; }.shortcode-rand-17 .feature-box-icon { height: 60px; width: 60px; }.shortcode-rand-17 .feature-box-icon &gt; span { line-height: 2; }.shortcode-rand-17:hover .feature-box-icon { background: none; }&quot;\" ><div class=\"fbox-list\"><div class=\"media\"><div class=\"feature-box-icon mr-3 text-center rounded-circle none\"><span class=\"\"><\/span><\/div><!-- .feature-box-icon --><div class=\"media-body\"><div class=\"feature-box-title\"><h4 class=\"section-title\">Finden Sie nicht, wonach Sie suchen?<\/h4><\/div><!-- .feature-box-title --><div class=\"feature-box-content\">Kontaktieren Sie uns, und wir helfen Ihnen, es herauszufinden!<\/div><!-- .feature-box-content --><\/div><\/div><\/div><\/div><!-- .feature-box-wrapper --><\/div><\/div><\/div><div class=\"wpb_column vc_column_container vc_col-sm-12 vc_col-lg-3 vc_col-md-12\"><div class=\"vc_column-inner vc_custom_1691588352947\"><div class=\"wpb_wrapper\"><div class=\"vc_btn3-container  additional-btn vc_btn3-right vc_custom_1724524458603 vc_do_btn\" ><a style=\"background-color:#06295e; color:#ffffff;\" class=\"vc_general vc_btn3 vc_btn3-size-md vc_btn3-shape-rounded vc_btn3-style-custom\" href=\"https:\/\/www.filtnor.com\/de\/kontaktieren-sie-uns\/\" title=\"Kontaktieren Sie uns\">ANFRAGE SENDEN \u00bb<\/a><\/div><\/div><\/div><\/div><\/div><\/div><\/div><\/div><\/div><div class=\"vc_row-full-width vc_clearfix\"><\/div>\n<\/div>","protected":false},"excerpt":{"rendered":"Messerschieber f\u00fcr Medien mit langen Fasern: Der Messerschieber des Messerschiebers funktioniert wie ein Messer und schneidet durch lange Fasern oder harte Medien, um ein korrektes Schlie\u00dfen des Ventils zu gew\u00e4hrleisten. Mit einem V-Anschluss am Messerschieber erzielen Sie zudem ein noch lineareres \u00d6ffnungsverhalten.","protected":false},"author":1,"featured_media":0,"parent":4130,"menu_order":0,"comment_status":"closed","ping_status":"closed","template":"","meta":{"om_disable_all_campaigns":false,"footnotes":""},"class_list":["post-5057","page","type-page","status-publish","hentry"],"yoast_head":"<!-- This site is optimized with the Yoast SEO Premium plugin v26.1 (Yoast SEO v27.5) - https:\/\/yoast.com\/product\/yoast-seo-premium-wordpress\/ -->\n<title>Knife gate valves - Filtnor<\/title>\n<meta name=\"description\" content=\"Knife gate valves with actuators and limit switches. Get your industrial knife gate valve today as a smart valve. Many material options.\" \/>\n<meta name=\"robots\" content=\"index, follow, max-snippet:-1, max-image-preview:large, max-video-preview:-1\" \/>\n<link rel=\"canonical\" href=\"https:\/\/www.filtnor.com\/de\/produkte\/flussigkeitshandhabung\/ventile\/schieberventile\/\" \/>\n<meta property=\"og:locale\" content=\"de_DE\" \/>\n<meta property=\"og:type\" content=\"article\" \/>\n<meta property=\"og:title\" content=\"Knife gate valves\" \/>\n<meta property=\"og:description\" content=\"Knife gate valves with actuators and limit switches. Get your industrial knife gate valve today as a smart valve. Many material options.\" \/>\n<meta property=\"og:url\" content=\"https:\/\/www.filtnor.com\/de\/produkte\/flussigkeitshandhabung\/ventile\/schieberventile\/\" \/>\n<meta property=\"og:site_name\" content=\"Filtnor\" \/>\n<meta property=\"article:modified_time\" content=\"2024-08-30T15:40:23+00:00\" \/>\n<meta name=\"twitter:card\" content=\"summary_large_image\" \/>\n<meta name=\"twitter:label1\" content=\"Gesch\u00e4tzte Lesezeit\" \/>\n\t<meta name=\"twitter:data1\" content=\"2\u00a0Minuten\" \/>\n<script type=\"application\/ld+json\" class=\"yoast-schema-graph\">{\"@context\":\"https:\\\/\\\/schema.org\",\"@graph\":[{\"@type\":\"WebPage\",\"@id\":\"https:\\\/\\\/www.filtnor.com\\\/products\\\/fluid-handling\\\/valves\\\/knife-gate-valves\\\/\",\"url\":\"https:\\\/\\\/www.filtnor.com\\\/products\\\/fluid-handling\\\/valves\\\/knife-gate-valves\\\/\",\"name\":\"Knife gate valves - Filtnor\",\"isPartOf\":{\"@id\":\"https:\\\/\\\/www.filtnor.com\\\/#website\"},\"datePublished\":\"2024-08-25T12:39:20+00:00\",\"dateModified\":\"2024-08-30T15:40:23+00:00\",\"description\":\"Knife gate valves with actuators and limit switches. Get your industrial knife gate valve today as a smart valve. Many material options.\",\"breadcrumb\":{\"@id\":\"https:\\\/\\\/www.filtnor.com\\\/products\\\/fluid-handling\\\/valves\\\/knife-gate-valves\\\/#breadcrumb\"},\"inLanguage\":\"de\",\"potentialAction\":[{\"@type\":\"ReadAction\",\"target\":[\"https:\\\/\\\/www.filtnor.com\\\/products\\\/fluid-handling\\\/valves\\\/knife-gate-valves\\\/\"]}]},{\"@type\":\"BreadcrumbList\",\"@id\":\"https:\\\/\\\/www.filtnor.com\\\/products\\\/fluid-handling\\\/valves\\\/knife-gate-valves\\\/#breadcrumb\",\"itemListElement\":[{\"@type\":\"ListItem\",\"position\":1,\"name\":\"Home\",\"item\":\"https:\\\/\\\/www.filtnor.com\\\/\"},{\"@type\":\"ListItem\",\"position\":2,\"name\":\"Product groups from Filtnor\",\"item\":\"https:\\\/\\\/www.filtnor.com\\\/products\\\/\"},{\"@type\":\"ListItem\",\"position\":3,\"name\":\"Fluid handling\",\"item\":\"https:\\\/\\\/www.filtnor.com\\\/products\\\/fluid-handling\\\/\"},{\"@type\":\"ListItem\",\"position\":4,\"name\":\"Valves\",\"item\":\"https:\\\/\\\/www.filtnor.com\\\/products\\\/fluid-handling\\\/valves\\\/\"},{\"@type\":\"ListItem\",\"position\":5,\"name\":\"Knife gate valves\"}]},{\"@type\":\"WebSite\",\"@id\":\"https:\\\/\\\/www.filtnor.com\\\/#website\",\"url\":\"https:\\\/\\\/www.filtnor.com\\\/\",\"name\":\"Filtnor\",\"description\":\"Filtration you can trust. Performance that lasts.\",\"potentialAction\":[{\"@type\":\"SearchAction\",\"target\":{\"@type\":\"EntryPoint\",\"urlTemplate\":\"https:\\\/\\\/www.filtnor.com\\\/?s={search_term_string}\"},\"query-input\":{\"@type\":\"PropertyValueSpecification\",\"valueRequired\":true,\"valueName\":\"search_term_string\"}}],\"inLanguage\":\"de\"}]}<\/script>\n<!-- \/ Yoast SEO Premium plugin. -->","yoast_head_json":{"title":"Schieberventile - Filtnor","description":"Messerschieber mit Stellantrieb und Endschaltern. Sichern Sie sich noch heute Ihren intelligenten Industriemesserschieber. Viele Materialoptionen verf\u00fcgbar.","robots":{"index":"index","follow":"follow","max-snippet":"max-snippet:-1","max-image-preview":"max-image-preview:large","max-video-preview":"max-video-preview:-1"},"canonical":"https:\/\/www.filtnor.com\/de\/produkte\/flussigkeitshandhabung\/ventile\/schieberventile\/","og_locale":"de_DE","og_type":"article","og_title":"Knife gate valves","og_description":"Knife gate valves with actuators and limit switches. Get your industrial knife gate valve today as a smart valve. Many material options.","og_url":"https:\/\/www.filtnor.com\/de\/produkte\/flussigkeitshandhabung\/ventile\/schieberventile\/","og_site_name":"Filtnor","article_modified_time":"2024-08-30T15:40:23+00:00","twitter_card":"summary_large_image","twitter_misc":{"Gesch\u00e4tzte Lesezeit":"2\u00a0Minuten"},"schema":{"@context":"https:\/\/schema.org","@graph":[{"@type":"WebPage","@id":"https:\/\/www.filtnor.com\/products\/fluid-handling\/valves\/knife-gate-valves\/","url":"https:\/\/www.filtnor.com\/products\/fluid-handling\/valves\/knife-gate-valves\/","name":"Schieberventile - Filtnor","isPartOf":{"@id":"https:\/\/www.filtnor.com\/#website"},"datePublished":"2024-08-25T12:39:20+00:00","dateModified":"2024-08-30T15:40:23+00:00","description":"Messerschieber mit Stellantrieb und Endschaltern. Sichern Sie sich noch heute Ihren intelligenten Industriemesserschieber. Viele Materialoptionen verf\u00fcgbar.","breadcrumb":{"@id":"https:\/\/www.filtnor.com\/products\/fluid-handling\/valves\/knife-gate-valves\/#breadcrumb"},"inLanguage":"de","potentialAction":[{"@type":"ReadAction","target":["https:\/\/www.filtnor.com\/products\/fluid-handling\/valves\/knife-gate-valves\/"]}]},{"@type":"BreadcrumbList","@id":"https:\/\/www.filtnor.com\/products\/fluid-handling\/valves\/knife-gate-valves\/#breadcrumb","itemListElement":[{"@type":"ListItem","position":1,"name":"Home","item":"https:\/\/www.filtnor.com\/"},{"@type":"ListItem","position":2,"name":"Product groups from Filtnor","item":"https:\/\/www.filtnor.com\/products\/"},{"@type":"ListItem","position":3,"name":"Fluid handling","item":"https:\/\/www.filtnor.com\/products\/fluid-handling\/"},{"@type":"ListItem","position":4,"name":"Valves","item":"https:\/\/www.filtnor.com\/products\/fluid-handling\/valves\/"},{"@type":"ListItem","position":5,"name":"Knife gate valves"}]},{"@type":"WebSite","@id":"https:\/\/www.filtnor.com\/#website","url":"https:\/\/www.filtnor.com\/","name":"Filtnor","description":"Filtration, der Sie vertrauen k\u00f6nnen. Leistung, die lange anh\u00e4lt.","potentialAction":[{"@type":"SearchAction","target":{"@type":"EntryPoint","urlTemplate":"https:\/\/www.filtnor.com\/?s={search_term_string}"},"query-input":{"@type":"PropertyValueSpecification","valueRequired":true,"valueName":"search_term_string"}}],"inLanguage":"de"}]}},"_links":{"self":[{"href":"https:\/\/www.filtnor.com\/de\/wp-json\/wp\/v2\/pages\/5057","targetHints":{"allow":["GET"]}}],"collection":[{"href":"https:\/\/www.filtnor.com\/de\/wp-json\/wp\/v2\/pages"}],"about":[{"href":"https:\/\/www.filtnor.com\/de\/wp-json\/wp\/v2\/types\/page"}],"author":[{"embeddable":true,"href":"https:\/\/www.filtnor.com\/de\/wp-json\/wp\/v2\/users\/1"}],"replies":[{"embeddable":true,"href":"https:\/\/www.filtnor.com\/de\/wp-json\/wp\/v2\/comments?post=5057"}],"version-history":[{"count":6,"href":"https:\/\/www.filtnor.com\/de\/wp-json\/wp\/v2\/pages\/5057\/revisions"}],"predecessor-version":[{"id":5154,"href":"https:\/\/www.filtnor.com\/de\/wp-json\/wp\/v2\/pages\/5057\/revisions\/5154"}],"up":[{"embeddable":true,"href":"https:\/\/www.filtnor.com\/de\/wp-json\/wp\/v2\/pages\/4130"}],"wp:attachment":[{"href":"https:\/\/www.filtnor.com\/de\/wp-json\/wp\/v2\/media?parent=5057"}],"curies":[{"name":"wp","href":"https:\/\/api.w.org\/{rel}","templated":true}]}}