{"id":4948,"date":"2024-08-13T12:22:56","date_gmt":"2024-08-13T10:22:56","guid":{"rendered":"https:\/\/www.filtnor.com\/?page_id=4948"},"modified":"2024-08-31T01:28:30","modified_gmt":"2024-08-30T23:28:30","slug":"faq","status":"publish","type":"page","link":"https:\/\/www.filtnor.com\/de\/faq\/","title":{"rendered":"H\u00e4ufig gestellte Fragen"},"content":{"rendered":"<div class=\"wpb-content-wrapper\"><div class=\"vc_row wpb_row vc_row-fluid vc_custom_1509079967549\"><div class=\"wpb_column vc_column_container vc_col-sm-6\"><div class=\"vc_column-inner\"><div class=\"wpb_wrapper\"><div  class=\"vc_do_toggle vc_toggle vc_toggle_default vc_toggle_color_default  vc_toggle_size_md vc_toggle_active\"><div class=\"vc_toggle_title\"><h4>Welche Faktoren sind bei der Filtration wichtig?<\/h4><i class=\"vc_toggle_icon\"><\/i><\/div><div class=\"vc_toggle_content\"><p>Es gibt viele Faktoren, die die Filtrationseigenschaften beeinflussen, aber einige der wichtigsten Faktoren sind der Feststoffgehalt, die Partikelgr\u00f6\u00dfe, die Temperatur, der pH-Wert und mehr.<\/p>\n<\/div><\/div><div  class=\"vc_do_toggle vc_toggle vc_toggle_default vc_toggle_color_default  vc_toggle_size_md\"><div class=\"vc_toggle_title\"><h4>Was kann eine l\u00e4ngere Filtrationszeit verursachen?<\/h4><i class=\"vc_toggle_icon\"><\/i><\/div><div class=\"vc_toggle_content\"><p>Wenn es Schwierigkeiten bei der Bildung eines Filterkuchens gibt, kann es erforderlich sein, den Feststoffgehalt zu erh\u00f6hen und ein Verdickungsmittel zu verwenden.<\/p>\n<\/div><\/div><div  class=\"vc_do_toggle vc_toggle vc_toggle_default vc_toggle_color_default  vc_toggle_size_md\"><div class=\"vc_toggle_title\"><h4>Warum ist das Filtrat zu Beginn eines neuen Zyklus nicht klar?<\/h4><i class=\"vc_toggle_icon\"><\/i><\/div><div class=\"vc_toggle_content\"><p>Es dauert eine Weile, bis sich ein Filterkuchen bildet und eine Vorbeschichtung entsteht. Die Fl\u00fcssigkeit, die vor dieser Zeit durchl\u00e4uft, wird nicht so klar filtriert. Daher ist es \u00fcblich, das erste Filtrat zur\u00fcck in die Suspension zu leiten, wenn man ausschlie\u00dflich Filtrat h\u00f6chster Qualit\u00e4t erhalten m\u00f6chte.<\/p>\n<\/div><\/div><div  class=\"vc_do_toggle vc_toggle vc_toggle_default vc_toggle_color_default  vc_toggle_size_md\"><div class=\"vc_toggle_title\"><h4>Woran erkennt man, dass ein Zyklus beendet ist?<\/h4><i class=\"vc_toggle_icon\"><\/i><\/div><div class=\"vc_toggle_content\"><p>Am Ende eines Zyklus kommt es zu einem h\u00f6heren Druckaufbau und einem sehr geringen Filtratfluss. Dies zeigt an, dass die Kammer voll ist und ein Kuchenentleerung erforderlich ist.<\/p>\n<\/div><\/div><div  class=\"vc_do_toggle vc_toggle vc_toggle_default vc_toggle_color_default  vc_toggle_size_md\"><div class=\"vc_toggle_title\"><h4>Kann der Filterkuchen gewaschen werden?<\/h4><i class=\"vc_toggle_icon\"><\/i><\/div><div class=\"vc_toggle_content\"><p>Wenn Sie beispielsweise den pH-Wert des Filterkuchens anpassen m\u00fcssen, k\u00f6nnen Sie am Ende eines Zyklus den Filterkuchen mit Hochdruckwasser absp\u00fclen.<\/p>\n<\/div><\/div><div  class=\"vc_do_toggle vc_toggle vc_toggle_default vc_toggle_color_default  vc_toggle_size_md\"><div class=\"vc_toggle_title\"><h4>Kann der Filterkuchen getrocknet werden?<\/h4><i class=\"vc_toggle_icon\"><\/i><\/div><div class=\"vc_toggle_content\"><p>Falls der Filterkuchen noch nicht trocken genug ist, kann Druckluft verwendet werden, um ihn durchzublasen und ihn so noch weiter zu trocknen.<\/p>\n<\/div><\/div><div class=\"vc_empty_space\"   style=\"height: 50px\"><span class=\"vc_empty_space_inner\"><\/span><\/div><\/div><\/div><\/div><\/div><div data-vc-full-width=\"true\" data-vc-full-width-init=\"false\" class=\"vc_row wpb_row vc_row-fluid additional-call-to-action vc_custom_1723546147923 vc_row-has-fill\"><div class=\"wpb_column vc_column_container vc_col-sm-12\"><div class=\"vc_column-inner\"><div class=\"wpb_wrapper\"><div class=\"vc_row wpb_row vc_inner vc_row-fluid\"><div class=\"wpb_column vc_column_container vc_col-sm-12 vc_col-lg-9 vc_col-md-12\"><div class=\"vc_column-inner\"><div class=\"wpb_wrapper\"><div class=\"feature-box-wrapper feature-box-style-1 vc_custom_1723545974043 shortcode-rand-3 induzy-inline-css feature-list-1\" data-css=\"&quot;.shortcode-rand-3.feature-box-wrapper .section-title { color: #ffffff; }.shortcode-rand-3.feature-box-wrapper { color: #ffffff; }.shortcode-rand-3.feature-box-wrapper {background: -moz-linear-gradient(141deg,  0%,  51%,  75%);\\r\\n\\t\\t\\t\\tbackground: -webkit-linear-gradient(141deg,  0%,  51%,  75%);\\r\\n\\t\\t\\t\\tbackground: linear-gradient(141deg,  0%,  51%,  75%);}.shortcode-rand-3 .feature-box-icon { font-size: 30px; }.shortcode-rand-3 .feature-box-icon { height: 60px; width: 60px; }.shortcode-rand-3 .feature-box-icon &gt; span { line-height: 2; }.shortcode-rand-3 .feature-box-icon { color: #ffffff; }.shortcode-rand-3:hover .feature-box-icon { background: none; }.shortcode-rand-3 .feature-box-icon { border-style: solid; border-color: #ffffff; }.shortcode-rand-3 .feature-box-icon { border-width: 2px; }&quot;\" ><div class=\"fbox-list\"><div class=\"media\"><div class=\"feature-box-icon mr-3 text-center rounded-circle none\"><span class=\"fa fa-phone\"><\/span><\/div><!-- .feature-box-icon --><div class=\"media-body\"><div class=\"feature-box-title\"><h4 class=\"section-title\">Finden Sie nicht, wonach Sie suchen?<\/h4><\/div><!-- .feature-box-title --><div class=\"feature-box-content\">Kontaktieren Sie uns, und wir helfen Ihnen, es herauszufinden!<\/div><!-- .feature-box-content --><\/div><\/div><\/div><\/div><!-- .feature-box-wrapper --><\/div><\/div><\/div><div class=\"wpb_column vc_column_container vc_col-sm-12 vc_col-lg-3 vc_col-md-12\"><div class=\"vc_column-inner vc_custom_1507708598258\"><div class=\"wpb_wrapper\"><div class=\"vc_btn3-container  additional-btn vc_btn3-right vc_custom_1723545928618 vc_do_btn\" ><a style=\"background-color:#ffffff; color:#000000;\" class=\"vc_general vc_btn3 vc_btn3-size-md vc_btn3-shape-square vc_btn3-style-custom\" href=\"https:\/\/www.filtnor.com\/de\/kontaktieren-sie-uns\/\" title=\"Kontaktieren Sie uns\">ANFRAGE SENDEN \u00bb<\/a><\/div><\/div><\/div><\/div><\/div><\/div><\/div><\/div><\/div><div class=\"vc_row-full-width vc_clearfix\"><\/div>\n<\/div>","protected":false},"excerpt":{"rendered":"Welche Faktoren sind bei der Filtration wichtig? Viele Faktoren beeinflussen die Filtrationseigenschaften, zu den wichtigsten z\u00e4hlen jedoch der Feststoffgehalt, die Partikelgr\u00f6\u00dfe, die Temperatur, der pH-Wert und weitere. Was kann die Filtrationszeit verl\u00e4ngern? Bei Schwierigkeiten mit der Filterkuchenbildung kann es erforderlich sein, den Feststoffgehalt zu erh\u00f6hen.","protected":false},"author":1,"featured_media":0,"parent":0,"menu_order":0,"comment_status":"closed","ping_status":"closed","template":"","meta":{"om_disable_all_campaigns":false,"footnotes":""},"class_list":["post-4948","page","type-page","status-publish","hentry"],"yoast_head":"<!-- This site is optimized with the Yoast SEO Premium plugin v26.1 (Yoast SEO v27.4) - https:\/\/yoast.com\/product\/yoast-seo-premium-wordpress\/ -->\n<title>FAQ - Filtnor<\/title>\n<meta name=\"description\" content=\"Questions and answers regarding pressure filters and industrial filtration processes. Learn about filter cake and filtration filtrate liquid.\" \/>\n<meta name=\"robots\" content=\"index, follow, max-snippet:-1, max-image-preview:large, max-video-preview:-1\" \/>\n<link rel=\"canonical\" href=\"https:\/\/www.filtnor.com\/de\/faq\/\" \/>\n<meta property=\"og:locale\" content=\"de_DE\" \/>\n<meta property=\"og:type\" content=\"article\" \/>\n<meta property=\"og:title\" content=\"FAQ\" \/>\n<meta property=\"og:description\" content=\"Questions and answers regarding pressure filters and industrial filtration processes. Learn about filter cake and filtration filtrate liquid.\" \/>\n<meta property=\"og:url\" content=\"https:\/\/www.filtnor.com\/de\/faq\/\" \/>\n<meta property=\"og:site_name\" content=\"Filtnor\" \/>\n<meta property=\"article:modified_time\" content=\"2024-08-30T23:28:30+00:00\" \/>\n<meta name=\"twitter:card\" content=\"summary_large_image\" \/>\n<meta name=\"twitter:label1\" content=\"Gesch\u00e4tzte Lesezeit\" \/>\n\t<meta name=\"twitter:data1\" content=\"2\u00a0Minuten\" \/>\n<script type=\"application\/ld+json\" class=\"yoast-schema-graph\">{\"@context\":\"https:\\\/\\\/schema.org\",\"@graph\":[{\"@type\":\"WebPage\",\"@id\":\"https:\\\/\\\/www.filtnor.com\\\/faq\\\/\",\"url\":\"https:\\\/\\\/www.filtnor.com\\\/faq\\\/\",\"name\":\"FAQ - Filtnor\",\"isPartOf\":{\"@id\":\"https:\\\/\\\/www.filtnor.com\\\/#website\"},\"datePublished\":\"2024-08-13T10:22:56+00:00\",\"dateModified\":\"2024-08-30T23:28:30+00:00\",\"description\":\"Questions and answers regarding pressure filters and industrial filtration processes. Learn about filter cake and filtration filtrate liquid.\",\"breadcrumb\":{\"@id\":\"https:\\\/\\\/www.filtnor.com\\\/faq\\\/#breadcrumb\"},\"inLanguage\":\"de\",\"potentialAction\":[{\"@type\":\"ReadAction\",\"target\":[\"https:\\\/\\\/www.filtnor.com\\\/faq\\\/\"]}]},{\"@type\":\"BreadcrumbList\",\"@id\":\"https:\\\/\\\/www.filtnor.com\\\/faq\\\/#breadcrumb\",\"itemListElement\":[{\"@type\":\"ListItem\",\"position\":1,\"name\":\"Home\",\"item\":\"https:\\\/\\\/www.filtnor.com\\\/\"},{\"@type\":\"ListItem\",\"position\":2,\"name\":\"FAQ\"}]},{\"@type\":\"WebSite\",\"@id\":\"https:\\\/\\\/www.filtnor.com\\\/#website\",\"url\":\"https:\\\/\\\/www.filtnor.com\\\/\",\"name\":\"Filtnor\",\"description\":\"Filtration you can trust. Performance that lasts.\",\"potentialAction\":[{\"@type\":\"SearchAction\",\"target\":{\"@type\":\"EntryPoint\",\"urlTemplate\":\"https:\\\/\\\/www.filtnor.com\\\/?s={search_term_string}\"},\"query-input\":{\"@type\":\"PropertyValueSpecification\",\"valueRequired\":true,\"valueName\":\"search_term_string\"}}],\"inLanguage\":\"de\"}]}<\/script>\n<!-- \/ Yoast SEO Premium plugin. -->","yoast_head_json":{"title":"FAQ - Filtnor","description":"Fragen und Antworten zu Druckfiltern und industriellen Filtrationsprozessen. Erfahren Sie mehr \u00fcber Filterkuchen und Filtrationsfiltrat.","robots":{"index":"index","follow":"follow","max-snippet":"max-snippet:-1","max-image-preview":"max-image-preview:large","max-video-preview":"max-video-preview:-1"},"canonical":"https:\/\/www.filtnor.com\/de\/faq\/","og_locale":"de_DE","og_type":"article","og_title":"FAQ","og_description":"Questions and answers regarding pressure filters and industrial filtration processes. Learn about filter cake and filtration filtrate liquid.","og_url":"https:\/\/www.filtnor.com\/de\/faq\/","og_site_name":"Filtnor","article_modified_time":"2024-08-30T23:28:30+00:00","twitter_card":"summary_large_image","twitter_misc":{"Gesch\u00e4tzte Lesezeit":"2\u00a0Minuten"},"schema":{"@context":"https:\/\/schema.org","@graph":[{"@type":"WebPage","@id":"https:\/\/www.filtnor.com\/faq\/","url":"https:\/\/www.filtnor.com\/faq\/","name":"FAQ - Filtnor","isPartOf":{"@id":"https:\/\/www.filtnor.com\/#website"},"datePublished":"2024-08-13T10:22:56+00:00","dateModified":"2024-08-30T23:28:30+00:00","description":"Fragen und Antworten zu Druckfiltern und industriellen Filtrationsprozessen. Erfahren Sie mehr \u00fcber Filterkuchen und Filtrationsfiltrat.","breadcrumb":{"@id":"https:\/\/www.filtnor.com\/faq\/#breadcrumb"},"inLanguage":"de","potentialAction":[{"@type":"ReadAction","target":["https:\/\/www.filtnor.com\/faq\/"]}]},{"@type":"BreadcrumbList","@id":"https:\/\/www.filtnor.com\/faq\/#breadcrumb","itemListElement":[{"@type":"ListItem","position":1,"name":"Home","item":"https:\/\/www.filtnor.com\/"},{"@type":"ListItem","position":2,"name":"FAQ"}]},{"@type":"WebSite","@id":"https:\/\/www.filtnor.com\/#website","url":"https:\/\/www.filtnor.com\/","name":"Filtnor","description":"Filtration, der Sie vertrauen k\u00f6nnen. Leistung, die lange anh\u00e4lt.","potentialAction":[{"@type":"SearchAction","target":{"@type":"EntryPoint","urlTemplate":"https:\/\/www.filtnor.com\/?s={search_term_string}"},"query-input":{"@type":"PropertyValueSpecification","valueRequired":true,"valueName":"search_term_string"}}],"inLanguage":"de"}]}},"_links":{"self":[{"href":"https:\/\/www.filtnor.com\/de\/wp-json\/wp\/v2\/pages\/4948","targetHints":{"allow":["GET"]}}],"collection":[{"href":"https:\/\/www.filtnor.com\/de\/wp-json\/wp\/v2\/pages"}],"about":[{"href":"https:\/\/www.filtnor.com\/de\/wp-json\/wp\/v2\/types\/page"}],"author":[{"embeddable":true,"href":"https:\/\/www.filtnor.com\/de\/wp-json\/wp\/v2\/users\/1"}],"replies":[{"embeddable":true,"href":"https:\/\/www.filtnor.com\/de\/wp-json\/wp\/v2\/comments?post=4948"}],"version-history":[{"count":5,"href":"https:\/\/www.filtnor.com\/de\/wp-json\/wp\/v2\/pages\/4948\/revisions"}],"predecessor-version":[{"id":4954,"href":"https:\/\/www.filtnor.com\/de\/wp-json\/wp\/v2\/pages\/4948\/revisions\/4954"}],"wp:attachment":[{"href":"https:\/\/www.filtnor.com\/de\/wp-json\/wp\/v2\/media?parent=4948"}],"curies":[{"name":"wp","href":"https:\/\/api.w.org\/{rel}","templated":true}]}}