{"id":4016,"date":"2024-03-04T19:47:46","date_gmt":"2024-03-04T18:47:46","guid":{"rendered":"https:\/\/www.filtnor.no\/?page_id=4016"},"modified":"2024-12-03T17:57:26","modified_gmt":"2024-12-03T16:57:26","slug":"filterdienst","status":"publish","type":"page","link":"https:\/\/www.filtnor.com\/de\/dienstleistungen\/filterdienst\/","title":{"rendered":"Filterdienst"},"content":{"rendered":"<div class=\"wpb-content-wrapper\"><div class=\"vc_row wpb_row vc_row-fluid vc_custom_1691587735553\"><div class=\"wpb_column vc_column_container vc_col-sm-12 vc_col-lg-6 vc_col-md-6\"><div class=\"vc_column-inner\"><div class=\"wpb_wrapper\"><div class=\"section-title-wrapper shortcode-rand-2 induzy-inline-css\" data-css=\"&quot;.shortcode-rand-2 .title-separator.separator-border { background-color: ; }.shortcode-rand-2 .section-title { text-transform: none; }&quot;\"><div class=\"title-wrap\"><h2 class=\"section-title\">Inspektionen, Wartung und Reparaturen<\/h2><span class=\"title-separator separator-border theme-color-bg\"><\/span><\/div><!-- .title-wrap --><div class=\"section-description\">Filtnor bietet Filterservices wie technische Inspektionen, Wartung und Reparaturen an. Wir bieten au\u00dferdem Aktualisierungen und Upgrades Ihres Druckfilters an. Wir garantieren kurze Reaktions- und Lieferzeiten f\u00fcr Ersatzteile. Wir \u00fcbernehmen sowohl Einzelauftr\u00e4ge als auch umfassende Servicevertr\u00e4ge.<\/p>\n<p>Eine Filterpresse ist komplex und verf\u00fcgt \u00fcber viele Verschlei\u00dfteile. Regelm\u00e4\u00dfige Wartung ist daher unerl\u00e4sslich, um eine lange Lebensdauer und hohe Verf\u00fcgbarkeit zu gew\u00e4hrleisten. Nicht behobener Verschlei\u00df kann sich zudem schnell auf andere Teile ausbreiten und deutlich h\u00f6here Kosten verursachen.<\/p>\n<p>&nbsp;<\/p>\n<p><\/div><!-- .section-description --><\/div><!-- .section-title-wrapper --><div class=\"feature-box-wrapper feature-box-style-1 vc_custom_1719341327208 shortcode-rand-3 induzy-inline-css\" data-css=\"&quot;.shortcode-rand-3.feature-box-wrapper {background: -moz-linear-gradient(141deg,  0%,  51%,  75%);\\r\\n\\t\\t\\t\\tbackground: -webkit-linear-gradient(141deg,  0%,  51%,  75%);\\r\\n\\t\\t\\t\\tbackground: linear-gradient(141deg,  0%,  51%,  75%);}.shortcode-rand-3 .feature-box-icon { font-size: 24px; }.shortcode-rand-3 .feature-box-icon { height: 48px; width: 48px; }.shortcode-rand-3 .feature-box-icon &gt; span { line-height: 2; }.shortcode-rand-3:hover .feature-box-icon { background: none; }&quot;\" ><div class=\"feature-box-btn\"><a class=\"btn default\" href=\"https:\/\/www.filtnor.com\/de\/kontaktieren-sie-uns\/\" title=\"ANFRAGE SENDEN \u00bb\">ANFRAGE SENDEN \u00bb<\/a><\/div><!-- .feature-box-btn --><\/div><!-- .feature-box-wrapper --><\/div><\/div><\/div><div class=\"wpb_column vc_column_container vc_col-sm-12 vc_col-lg-6 vc_col-md-6\"><div class=\"vc_column-inner\"><div class=\"wpb_wrapper\">\n\t<div  class=\"wpb_single_image wpb_content_element vc_align_left wpb_content_element\">\n\t\t\n\t\t<figure class=\"wpb_wrapper vc_figure\">\n\t\t\t<div class=\"vc_single_image-wrapper   vc_box_border_grey\"><img loading=\"lazy\" decoding=\"async\" width=\"1280\" height=\"720\" src=\"https:\/\/www.filtnor.com\/wp-content\/uploads\/2024\/06\/services_maintenances-repairs.jpg\" class=\"vc_single_image-img attachment-full\" alt=\"Wartung und Reparatur von Druckfiltern\" title=\"Services_maintenances-repairs-01\" srcset=\"https:\/\/www.filtnor.com\/wp-content\/uploads\/2024\/06\/services_maintenances-repairs.jpg 1280w, https:\/\/www.filtnor.com\/wp-content\/uploads\/2024\/06\/services_maintenances-repairs-768x432.jpg 768w, https:\/\/www.filtnor.com\/wp-content\/uploads\/2024\/06\/services_maintenances-repairs-18x10.jpg 18w, https:\/\/www.filtnor.com\/wp-content\/uploads\/2024\/06\/services_maintenances-repairs-600x338.jpg 600w\" sizes=\"auto, (max-width: 1280px) 100vw, 1280px\" \/><\/div>\n\t\t<\/figure>\n\t<\/div>\n<\/div><\/div><\/div><\/div><div class=\"vc_row wpb_row vc_row-fluid vc_custom_1691588774257\"><div class=\"wpb_column vc_column_container vc_col-sm-6\"><div class=\"vc_column-inner\"><div class=\"wpb_wrapper\"><div class=\"section-title-wrapper shortcode-rand-5 induzy-inline-css\" data-css=\"&quot;.shortcode-rand-5 .title-separator.separator-border { background-color: ; }.shortcode-rand-5 .section-title { text-transform: none; }&quot;\"><div class=\"title-wrap\"><h4 class=\"section-title\">Erledigen Sie die Arbeit ordentlich<\/h4><span class=\"title-separator separator-border theme-color-bg\"><\/span><\/div><!-- .title-wrap --><div class=\"section-description\">Filtnor f\u00fchrt Inspektionen von Filterpressen einzeln oder in vereinbarten Abst\u00e4nden durch. Bei Bedarf nehmen wir auch Optimierungen vor. Dank unserer Erfahrung und Expertise wissen wir genau, worauf es ankommt, und k\u00f6nnen so Fehler erkennen, bevor sie sich zu einem gr\u00f6\u00dferen Problem entwickeln.<\/p>\n<p>Nach der Inspektion erhalten Sie einen Bericht \u00fcber den technischen Zustand und etwaige Handlungsempfehlungen. Dazu geh\u00f6ren beispielsweise Empfehlungen f\u00fcr Verbesserungen oder Ma\u00dfnahmen zur Prozessoptimierung.<\/p>\n<p>Wir \u00fcberpr\u00fcfen au\u00dferdem, ob alle HSE-Anforderungen und -Vorschriften eingehalten werden.<\/div><!-- .section-description --><\/div><!-- .section-title-wrapper --><div class=\"section-title-wrapper shortcode-rand-6 induzy-inline-css\" data-css=\"&quot;.shortcode-rand-6 .title-separator.separator-border { background-color: ; }.shortcode-rand-6 .section-title { text-transform: none; }&quot;\"><div class=\"title-wrap\"><h4 class=\"section-title\">Inspektionsprogramm<\/h4><span class=\"title-separator separator-border theme-color-bg\"><\/span><\/div><!-- .title-wrap --><div class=\"section-description\">Filtnor f\u00fchrt Inspektionen von Filterpressen einzeln oder in vereinbarten Abst\u00e4nden durch. Bei Bedarf nehmen wir auch Optimierungen vor. Dank unserer Erfahrung und Expertise wissen wir genau, worauf es ankommt, und k\u00f6nnen so Fehler erkennen, bevor sie sich zu einem gr\u00f6\u00dferen Problem entwickeln.<br \/>\nNach der Inspektion erhalten Sie einen Bericht \u00fcber den technischen Zustand und etwaige Handlungsempfehlungen. Dazu geh\u00f6ren beispielsweise Empfehlungen f\u00fcr Verbesserungen oder Ma\u00dfnahmen zur Prozessoptimierung.<\/p>\n<p>Wir \u00fcberpr\u00fcfen au\u00dferdem, ob alle HSE-Anforderungen und -Vorschriften eingehalten werden.<\/p>\n<p>&nbsp;<\/p>\n<p><\/div><!-- .section-description --><\/div><!-- .section-title-wrapper --><\/div><\/div><\/div><div class=\"wpb_column vc_column_container vc_col-sm-6\"><div class=\"vc_column-inner\"><div class=\"wpb_wrapper\"><div class=\"section-title-wrapper margin-bottom-30 shortcode-rand-7 induzy-inline-css\" data-css=\"&quot;.shortcode-rand-7 .title-separator.separator-border { background-color: ; }.shortcode-rand-7 .section-title { text-transform: none; }&quot;\"><div class=\"title-wrap\"><h4 class=\"section-title\">Wir unterst\u00fctzen Sie bei:<\/h4><span class=\"title-separator separator-border theme-color-bg\"><\/span><\/div><!-- .title-wrap --><div class=\"section-description\"><\/div><!-- .section-description --><\/div><!-- .section-title-wrapper --><div class=\"list-item-wrapper\" data-css=\"&quot;&quot;\"><div class=\"list-item-inner\" data-css=\"&quot;&quot;\"><div class=\"list-item-title media\"><span class=\"mr-3 icon-light fas fa-check\"><\/span><div class=\"media-body align-self-center list-item-desc\">Wartungsplanung<\/div><\/div><!-- .list-item-title --><\/div><!-- .list-item-inner --><div class=\"list-item-inner\" data-css=\"&quot;&quot;\"><div class=\"list-item-title media\"><span class=\"mr-3 icon-light fas fa-check\"><\/span><div class=\"media-body align-self-center list-item-desc\">Durchf\u00fchrung der Instandhaltung<\/div><\/div><!-- .list-item-title --><\/div><!-- .list-item-inner --><div class=\"list-item-inner\" data-css=\"&quot;&quot;\"><div class=\"list-item-title media\"><span class=\"mr-3 icon-light fas fa-check\"><\/span><div class=\"media-body align-self-center list-item-desc\">Schulung f\u00fcr die t\u00e4gliche Wartung<\/div><\/div><!-- .list-item-title --><\/div><!-- .list-item-inner --><div class=\"list-item-inner\" data-css=\"&quot;&quot;\"><div class=\"list-item-title media\"><span class=\"mr-3 icon-light fas fa-check\"><\/span><div class=\"media-body align-self-center list-item-desc\">Reparaturen und Modernisierungen<\/div><\/div><!-- .list-item-title --><\/div><!-- .list-item-inner --><\/div><!-- .list-item-wrapper -->\n\t<div  class=\"wpb_single_image wpb_content_element vc_align_left wpb_content_element\">\n\t\t\n\t\t<figure class=\"wpb_wrapper vc_figure\">\n\t\t\t<div class=\"vc_single_image-wrapper   vc_box_border_grey\"><img loading=\"lazy\" decoding=\"async\" width=\"1224\" height=\"850\" src=\"https:\/\/www.filtnor.com\/wp-content\/uploads\/2023\/08\/tjenester_inspeksjon_01.png\" class=\"vc_single_image-img attachment-full\" alt=\"Druckfilter-Dienstleistungen\" title=\"Druckfilter-Dienstleistungen\" srcset=\"https:\/\/www.filtnor.com\/wp-content\/uploads\/2023\/08\/tjenester_inspeksjon_01.png 1224w, https:\/\/www.filtnor.com\/wp-content\/uploads\/2023\/08\/tjenester_inspeksjon_01-600x417.png 600w, https:\/\/www.filtnor.com\/wp-content\/uploads\/2023\/08\/tjenester_inspeksjon_01-768x533.png 768w\" sizes=\"auto, (max-width: 1224px) 100vw, 1224px\" \/><\/div>\n\t\t<\/figure>\n\t<\/div>\n<\/div><\/div><\/div><\/div><div class=\"vc_row wpb_row vc_row-fluid vc_custom_1691587893368\"><div class=\"wpb_column vc_column_container vc_col-sm-12\"><div class=\"vc_column-inner\"><div class=\"wpb_wrapper\"><div class=\"vc_separator wpb_content_element vc_separator_align_center vc_sep_width_100 vc_sep_dashed vc_sep_pos_align_center vc_separator_no_text wpb_content_element  wpb_content_element\" ><span class=\"vc_sep_holder vc_sep_holder_l\"><span class=\"vc_sep_line\"><\/span><\/span><span class=\"vc_sep_holder vc_sep_holder_r\"><span class=\"vc_sep_line\"><\/span><\/span>\n<\/div><\/div><\/div><\/div><\/div><div data-vc-full-width=\"true\" data-vc-full-width-init=\"false\" class=\"vc_row wpb_row vc_row-fluid additional-call-to-action vc_custom_1691588100630 vc_row-has-fill\"><div class=\"wpb_column vc_column_container vc_col-sm-12\"><div class=\"vc_column-inner\"><div class=\"wpb_wrapper\"><div class=\"vc_row wpb_row vc_inner vc_row-fluid\"><div class=\"wpb_column vc_column_container vc_col-sm-12 vc_col-lg-9 vc_col-md-12\"><div class=\"vc_column-inner\"><div class=\"wpb_wrapper\"><div class=\"feature-box-wrapper feature-box-style-1 shortcode-rand-15 induzy-inline-css feature-list-1\" data-css=\"&quot;.shortcode-rand-15.feature-box-wrapper { color: #000000; }.shortcode-rand-15.feature-box-wrapper {background: -moz-linear-gradient(141deg,  0%,  51%,  75%);\\r\\n\\t\\t\\t\\tbackground: -webkit-linear-gradient(141deg,  0%,  51%,  75%);\\r\\n\\t\\t\\t\\tbackground: linear-gradient(141deg,  0%,  51%,  75%);}.shortcode-rand-15 .feature-box-icon { font-size: 30px; }.shortcode-rand-15 .feature-box-icon { height: 60px; width: 60px; }.shortcode-rand-15 .feature-box-icon &gt; span { line-height: 2; }.shortcode-rand-15:hover .feature-box-icon { background: none; }&quot;\" ><div class=\"fbox-list\"><div class=\"media\"><div class=\"feature-box-icon mr-3 text-center rounded-circle none\"><span class=\"\"><\/span><\/div><!-- .feature-box-icon --><div class=\"media-body\"><div class=\"feature-box-title\"><h4 class=\"section-title\">Finden Sie nicht, wonach Sie suchen?<\/h4><\/div><!-- .feature-box-title --><div class=\"feature-box-content\">Kontaktieren Sie uns, und wir helfen Ihnen, es herauszufinden!<\/div><!-- .feature-box-content --><\/div><\/div><\/div><\/div><!-- .feature-box-wrapper --><\/div><\/div><\/div><div class=\"wpb_column vc_column_container vc_col-sm-12 vc_col-lg-3 vc_col-md-12\"><div class=\"vc_column-inner vc_custom_1691588352947\"><div class=\"wpb_wrapper\"><div class=\"vc_btn3-container  additional-btn vc_btn3-right vc_custom_1719341269352 vc_do_btn\" ><a style=\"background-color:#06295e; color:#ffffff;\" class=\"vc_general vc_btn3 vc_btn3-size-md vc_btn3-shape-rounded vc_btn3-style-custom\" href=\"https:\/\/www.filtnor.com\/de\/kontaktieren-sie-uns\/\" title=\"Kontaktieren Sie uns\">ANFRAGE SENDEN \u00bb<\/a><\/div><\/div><\/div><\/div><\/div><\/div><\/div><\/div><\/div><div class=\"vc_row-full-width vc_clearfix\"><\/div>\n<\/div>","protected":false},"excerpt":{"rendered":"Inspektionen, Wartung und Reparaturen: Filtnor bietet Filterdienstleistungen wie technische Inspektionen, Wartung und Reparaturen an. Wir bieten au\u00dferdem Aktualisierungen und Upgrades Ihres Druckfilters an. Wir garantieren kurze Reaktions- und Lieferzeiten f\u00fcr Ersatzteile. Wir \u00fcbernehmen sowohl Einzelauftr\u00e4ge als auch umfassende Servicevertr\u00e4ge. Eine Filterpresse ist komplex und","protected":false},"author":1,"featured_media":0,"parent":4004,"menu_order":0,"comment_status":"closed","ping_status":"closed","template":"","meta":{"om_disable_all_campaigns":false,"footnotes":""},"class_list":["post-4016","page","type-page","status-publish","hentry"],"yoast_head":"<!-- This site is optimized with the Yoast SEO Premium plugin v26.1 (Yoast SEO v27.4) - https:\/\/yoast.com\/product\/yoast-seo-premium-wordpress\/ -->\n<title>Filter service - Filtnor<\/title>\n<meta name=\"description\" content=\"Maintenancen and repairs of filters such as pressure filters, filter presses, tower presses, vacuum disc filter. Short delivery times on parts.\" \/>\n<meta name=\"robots\" content=\"index, follow, max-snippet:-1, max-image-preview:large, max-video-preview:-1\" \/>\n<link rel=\"canonical\" href=\"https:\/\/www.filtnor.com\/de\/dienstleistungen\/filterdienst\/\" \/>\n<meta property=\"og:locale\" content=\"de_DE\" \/>\n<meta property=\"og:type\" content=\"article\" \/>\n<meta property=\"og:title\" content=\"Filter service\" \/>\n<meta property=\"og:description\" content=\"Maintenancen and repairs of filters such as pressure filters, filter presses, tower presses, vacuum disc filter. Short delivery times on parts.\" \/>\n<meta property=\"og:url\" content=\"https:\/\/www.filtnor.com\/de\/dienstleistungen\/filterdienst\/\" \/>\n<meta property=\"og:site_name\" content=\"Filtnor\" \/>\n<meta property=\"article:modified_time\" content=\"2024-12-03T16:57:26+00:00\" \/>\n<meta name=\"twitter:card\" content=\"summary_large_image\" \/>\n<meta name=\"twitter:label1\" content=\"Gesch\u00e4tzte Lesezeit\" \/>\n\t<meta name=\"twitter:data1\" content=\"3\u00a0Minuten\" \/>\n<script type=\"application\/ld+json\" class=\"yoast-schema-graph\">{\"@context\":\"https:\\\/\\\/schema.org\",\"@graph\":[{\"@type\":\"WebPage\",\"@id\":\"https:\\\/\\\/www.filtnor.com\\\/services\\\/filter-service\\\/\",\"url\":\"https:\\\/\\\/www.filtnor.com\\\/services\\\/filter-service\\\/\",\"name\":\"Filter service - Filtnor\",\"isPartOf\":{\"@id\":\"https:\\\/\\\/www.filtnor.com\\\/#website\"},\"datePublished\":\"2024-03-04T18:47:46+00:00\",\"dateModified\":\"2024-12-03T16:57:26+00:00\",\"description\":\"Maintenancen and repairs of filters such as pressure filters, filter presses, tower presses, vacuum disc filter. Short delivery times on parts.\",\"breadcrumb\":{\"@id\":\"https:\\\/\\\/www.filtnor.com\\\/services\\\/filter-service\\\/#breadcrumb\"},\"inLanguage\":\"de\",\"potentialAction\":[{\"@type\":\"ReadAction\",\"target\":[\"https:\\\/\\\/www.filtnor.com\\\/services\\\/filter-service\\\/\"]}]},{\"@type\":\"BreadcrumbList\",\"@id\":\"https:\\\/\\\/www.filtnor.com\\\/services\\\/filter-service\\\/#breadcrumb\",\"itemListElement\":[{\"@type\":\"ListItem\",\"position\":1,\"name\":\"Home\",\"item\":\"https:\\\/\\\/www.filtnor.com\\\/\"},{\"@type\":\"ListItem\",\"position\":2,\"name\":\"Services from Filtnor\",\"item\":\"https:\\\/\\\/www.filtnor.com\\\/services\\\/\"},{\"@type\":\"ListItem\",\"position\":3,\"name\":\"Filter service\"}]},{\"@type\":\"WebSite\",\"@id\":\"https:\\\/\\\/www.filtnor.com\\\/#website\",\"url\":\"https:\\\/\\\/www.filtnor.com\\\/\",\"name\":\"Filtnor\",\"description\":\"Filtration you can trust. Performance that lasts.\",\"potentialAction\":[{\"@type\":\"SearchAction\",\"target\":{\"@type\":\"EntryPoint\",\"urlTemplate\":\"https:\\\/\\\/www.filtnor.com\\\/?s={search_term_string}\"},\"query-input\":{\"@type\":\"PropertyValueSpecification\",\"valueRequired\":true,\"valueName\":\"search_term_string\"}}],\"inLanguage\":\"de\"}]}<\/script>\n<!-- \/ Yoast SEO Premium plugin. -->","yoast_head_json":{"title":"Filterservice - Filtnor","description":"Wartung und Reparatur von Filtern wie Druckfiltern, Filterpressen, Turmpressen und Vakuumscheibenfiltern. Kurze Lieferzeiten f\u00fcr Ersatzteile.","robots":{"index":"index","follow":"follow","max-snippet":"max-snippet:-1","max-image-preview":"max-image-preview:large","max-video-preview":"max-video-preview:-1"},"canonical":"https:\/\/www.filtnor.com\/de\/dienstleistungen\/filterdienst\/","og_locale":"de_DE","og_type":"article","og_title":"Filter service","og_description":"Maintenancen and repairs of filters such as pressure filters, filter presses, tower presses, vacuum disc filter. Short delivery times on parts.","og_url":"https:\/\/www.filtnor.com\/de\/dienstleistungen\/filterdienst\/","og_site_name":"Filtnor","article_modified_time":"2024-12-03T16:57:26+00:00","twitter_card":"summary_large_image","twitter_misc":{"Gesch\u00e4tzte Lesezeit":"3\u00a0Minuten"},"schema":{"@context":"https:\/\/schema.org","@graph":[{"@type":"WebPage","@id":"https:\/\/www.filtnor.com\/services\/filter-service\/","url":"https:\/\/www.filtnor.com\/services\/filter-service\/","name":"Filterservice - Filtnor","isPartOf":{"@id":"https:\/\/www.filtnor.com\/#website"},"datePublished":"2024-03-04T18:47:46+00:00","dateModified":"2024-12-03T16:57:26+00:00","description":"Wartung und Reparatur von Filtern wie Druckfiltern, Filterpressen, Turmpressen und Vakuumscheibenfiltern. Kurze Lieferzeiten f\u00fcr Ersatzteile.","breadcrumb":{"@id":"https:\/\/www.filtnor.com\/services\/filter-service\/#breadcrumb"},"inLanguage":"de","potentialAction":[{"@type":"ReadAction","target":["https:\/\/www.filtnor.com\/services\/filter-service\/"]}]},{"@type":"BreadcrumbList","@id":"https:\/\/www.filtnor.com\/services\/filter-service\/#breadcrumb","itemListElement":[{"@type":"ListItem","position":1,"name":"Home","item":"https:\/\/www.filtnor.com\/"},{"@type":"ListItem","position":2,"name":"Services from Filtnor","item":"https:\/\/www.filtnor.com\/services\/"},{"@type":"ListItem","position":3,"name":"Filter service"}]},{"@type":"WebSite","@id":"https:\/\/www.filtnor.com\/#website","url":"https:\/\/www.filtnor.com\/","name":"Filtnor","description":"Filtration, der Sie vertrauen k\u00f6nnen. Leistung, die lange anh\u00e4lt.","potentialAction":[{"@type":"SearchAction","target":{"@type":"EntryPoint","urlTemplate":"https:\/\/www.filtnor.com\/?s={search_term_string}"},"query-input":{"@type":"PropertyValueSpecification","valueRequired":true,"valueName":"search_term_string"}}],"inLanguage":"de"}]}},"_links":{"self":[{"href":"https:\/\/www.filtnor.com\/de\/wp-json\/wp\/v2\/pages\/4016","targetHints":{"allow":["GET"]}}],"collection":[{"href":"https:\/\/www.filtnor.com\/de\/wp-json\/wp\/v2\/pages"}],"about":[{"href":"https:\/\/www.filtnor.com\/de\/wp-json\/wp\/v2\/types\/page"}],"author":[{"embeddable":true,"href":"https:\/\/www.filtnor.com\/de\/wp-json\/wp\/v2\/users\/1"}],"replies":[{"embeddable":true,"href":"https:\/\/www.filtnor.com\/de\/wp-json\/wp\/v2\/comments?post=4016"}],"version-history":[{"count":8,"href":"https:\/\/www.filtnor.com\/de\/wp-json\/wp\/v2\/pages\/4016\/revisions"}],"predecessor-version":[{"id":4710,"href":"https:\/\/www.filtnor.com\/de\/wp-json\/wp\/v2\/pages\/4016\/revisions\/4710"}],"up":[{"embeddable":true,"href":"https:\/\/www.filtnor.com\/de\/wp-json\/wp\/v2\/pages\/4004"}],"wp:attachment":[{"href":"https:\/\/www.filtnor.com\/de\/wp-json\/wp\/v2\/media?parent=4016"}],"curies":[{"name":"wp","href":"https:\/\/api.w.org\/{rel}","templated":true}]}}