{"id":3786,"date":"2023-10-16T13:41:12","date_gmt":"2023-10-16T11:41:12","guid":{"rendered":"https:\/\/www.filtnor.no\/?page_id=3786"},"modified":"2025-04-23T20:08:14","modified_gmt":"2025-04-23T18:08:14","slug":"roxia-filtertucher","status":"publish","type":"page","link":"https:\/\/www.filtnor.com\/de\/roxia-filtertucher\/","title":{"rendered":"Roxia Filtert\u00fccher"},"content":{"rendered":"<div class=\"wpb-content-wrapper\"><div class=\"vc_row wpb_row vc_row-fluid vc_custom_1691587735553\"><div class=\"wpb_column vc_column_container vc_col-sm-12 vc_col-lg-6 vc_col-md-6\"><div class=\"vc_column-inner\"><div class=\"wpb_wrapper\"><div class=\"section-title-wrapper shortcode-rand-2 induzy-inline-css\" data-css=\"&quot;.shortcode-rand-2 .title-separator.separator-border { background-color: ; }.shortcode-rand-2 .section-title { text-transform: none; }&quot;\"><div class=\"title-wrap\"><h2 class=\"section-title\">Bereitgestellt von Filtnor - <span class=\"title-suffix theme-color\">Ihr zuverl\u00e4ssiger Filtrationspartner<\/span><\/h2><span class=\"title-separator separator-border theme-color-bg\"><\/span><\/div><!-- .title-wrap --><div class=\"section-description\">Filtnor bietet mit Stolz Roxia-Filtert\u00fccher an, die f\u00fcr Hochleistungsentw\u00e4sserung und vielf\u00e4ltige industrielle Filtrationsanwendungen entwickelt wurden. Dank modernster Textiltechnologie bieten Roxia-T\u00fccher branchenf\u00fchrende Qualit\u00e4t, Langlebigkeit und Konsistenz und setzen damit neue Ma\u00dfst\u00e4be in der Filtermedienleistung.<\/div><!-- .section-description --><\/div><!-- .section-title-wrapper --><div class=\"feature-box-wrapper feature-box-style-1 vc_custom_1745431511884 shortcode-rand-3 induzy-inline-css\" data-css=\"&quot;.shortcode-rand-3.feature-box-wrapper {background: -moz-linear-gradient(141deg,  0%,  51%,  75%);\\r\\n\\t\\t\\t\\tbackground: -webkit-linear-gradient(141deg,  0%,  51%,  75%);\\r\\n\\t\\t\\t\\tbackground: linear-gradient(141deg,  0%,  51%,  75%);}.shortcode-rand-3 .feature-box-icon { font-size: 24px; }.shortcode-rand-3 .feature-box-icon { height: 48px; width: 48px; }.shortcode-rand-3 .feature-box-icon &gt; span { line-height: 2; }.shortcode-rand-3:hover .feature-box-icon { background: none; }&quot;\" ><div class=\"feature-box-btn\"><a class=\"btn default\" href=\"https:\/\/www.filtnor.com\/de\/kontaktieren-sie-uns\/\" title=\"ANFRAGE SENDEN \u00bb\">ANFRAGE SENDEN \u00bb<\/a><\/div><!-- .feature-box-btn --><\/div><!-- .feature-box-wrapper --><\/div><\/div><\/div><div class=\"wpb_column vc_column_container vc_col-sm-12 vc_col-lg-6 vc_col-md-6\"><div class=\"vc_column-inner\"><div class=\"wpb_wrapper\">\n\t<div  class=\"wpb_single_image wpb_content_element vc_align_left wpb_content_element\">\n\t\t\n\t\t<figure class=\"wpb_wrapper vc_figure\">\n\t\t\t<div class=\"vc_single_image-wrapper   vc_box_border_grey\"><img loading=\"lazy\" decoding=\"async\" width=\"813\" height=\"460\" src=\"https:\/\/www.filtnor.com\/wp-content\/uploads\/2023\/10\/sider_filterduker-01.png\" class=\"vc_single_image-img attachment-full\" alt=\"Filterduker til pressfilter\" title=\"sider_filterduker-01\" srcset=\"https:\/\/www.filtnor.com\/wp-content\/uploads\/2023\/10\/sider_filterduker-01.png 813w, https:\/\/www.filtnor.com\/wp-content\/uploads\/2023\/10\/sider_filterduker-01-600x339.png 600w, https:\/\/www.filtnor.com\/wp-content\/uploads\/2023\/10\/sider_filterduker-01-768x435.png 768w\" sizes=\"auto, (max-width: 813px) 100vw, 813px\" \/><\/div>\n\t\t<\/figure>\n\t<\/div>\n<\/div><\/div><\/div><\/div><div class=\"vc_row wpb_row vc_row-fluid vc_custom_1691588774257\"><div class=\"wpb_column vc_column_container vc_col-sm-6\"><div class=\"vc_column-inner\"><div class=\"wpb_wrapper\"><div class=\"section-title-wrapper shortcode-rand-5 induzy-inline-css\" data-css=\"&quot;.shortcode-rand-5 .title-separator.separator-border { background-color: ; }.shortcode-rand-5 .section-title { text-transform: none; }&quot;\"><div class=\"title-wrap\"><h4 class=\"section-title\">Markedsledende kompetanse<\/h4><span class=\"title-separator separator-border theme-color-bg\"><\/span><\/div><!-- .title-wrap --><div class=\"section-description\"><\/p>\n<h4>Filtert\u00fccher f\u00fcr Filterpressen \u2013 Von Branchenf\u00fchrern gesch\u00e4tzt<\/h4>\n<h5>Un\u00fcbertroffene Expertise und herausragende Ingenieursleistungen<\/h5>\n<p>Roxia-Filtert\u00fccher sind das Ergebnis jahrelanger Entwicklung durch einige der erfahrensten Experten der Filtrationsbranche. Dank modernster Webtechnologie und Materialien bietet Roxia T\u00fccher mit folgenden Eigenschaften: <strong>ein bisher unerreichbares Niveau an Qualit\u00e4t und Effizienz<\/strong> in Filtrationssystemen.<\/p>\n<p>Mit einem breiten Portfolio an Standarddesigns und der F\u00e4higkeit, L\u00f6sungen an individuelle Bed\u00fcrfnisse anzupassen, gew\u00e4hrleistet Roxia die schnelle Lieferung von Filtert\u00fcchern, <strong>F\u00fchren Sie die Schritte genau so aus, wie es Ihr Prozess erfordert.<\/strong>. Als Herzst\u00fcck eines jeden Entw\u00e4sserungssystems ist das Filtertuch eine entscheidende Komponente \u2013 und die Auswahl des richtigen Tuchs ist f\u00fcr die Optimierung der Filtrationseffizienz unerl\u00e4sslich.<\/p>\n<h4>Speziell entwickelte N\u00e4hte f\u00fcr l\u00e4ngere Lebensdauer<\/h4>\n<p>Roxia bietet eine Reihe fortschrittlicher Nahtdesigns f\u00fcr unterschiedliche Prozessbedingungen. Jede Naht ist verst\u00e4rkt. <strong>\u00fcberdauern den Stoff selbst<\/strong>, Dadurch wird sichergestellt, dass Nahtfehler nicht zu Ausfallzeiten oder Wartungsunterbrechungen f\u00fchren.<\/p>\n<h5>Kantenverst\u00e4rkungen \u2013 Standard- und Extrem-Ausf\u00fchrungen<\/h5>\n<p>Unsere Standardt\u00fccher verf\u00fcgen \u00fcber robuste Kantenverst\u00e4rkungen, die f\u00fcr die allermeisten Anwendungen mehr als ausreichend sind. F\u00fcr extreme Einsatzbereiche \u2013 in denen Filtert\u00fccher mit rauen Oberfl\u00e4chen oder mechanischen Bauteilen in Ber\u00fchrung kommen k\u00f6nnen \u2013 bieten wir jedoch auch <strong>besonders robuste Kantenverst\u00e4rkungen<\/strong> f\u00fcr zus\u00e4tzlichen Schutz und l\u00e4ngere Lebensdauer.<\/p>\n<h5>Wichtigste Vorteile der Roxia-Filtert\u00fccher<\/h5>\n<p>\u2013 <strong>Verringerte Verstopfung<\/strong>, was eine l\u00e4ngere Lebensdauer des Stoffes und eine gleichm\u00e4\u00dfigere Leistung bedeutet.<\/p>\n<p>\u2013 <strong>M\u00fcheloses Abl\u00f6sen des Filterkuchens<\/strong>, Verbesserung der Zykluszeiten und der Produktivit\u00e4t<\/p>\n<p>\u2013 <strong>Maximale mechanische Festigkeit<\/strong>, selbst unter anspruchsvollen Prozessbedingungen<\/p>\n<p>\u2013 <strong>Verst\u00e4rkte Kanten und N\u00e4hte<\/strong> um Verschlei\u00df vorzubeugen und die Lebensdauer des Stoffes zu verl\u00e4ngern<\/p>\n<p>\u2013 <strong>Schnelle Lieferung aus dem nordischen Lager<\/strong>, wodurch minimale Vorlaufzeiten gew\u00e4hrleistet werden<\/p>\n<p>\u2013 <strong>Fachkundige Beratung<\/strong>, So stellen wir sicher, dass Sie das richtige Tuch f\u00fcr Ihre spezifischen Filtrationsanforderungen erhalten.<\/p>\n<p><\/div><!-- .section-description --><\/div><!-- .section-title-wrapper --><\/div><\/div><\/div><div class=\"wpb_column vc_column_container vc_col-sm-6\"><div class=\"vc_column-inner\"><div class=\"wpb_wrapper\"><div class=\"section-title-wrapper margin-bottom-30 shortcode-rand-6 induzy-inline-css\" data-css=\"&quot;.shortcode-rand-6 .title-separator.separator-border { background-color: ; }.shortcode-rand-6 .section-title { text-transform: none; }&quot;\"><div class=\"title-wrap\"><h4 class=\"section-title\">Wichtigste Vorteile <span class=\"title-suffix theme-color\">von Roxia-Filtert\u00fcchern<\/span><\/h4><span class=\"title-separator separator-border theme-color-bg\"><\/span><\/div><!-- .title-wrap --><div class=\"section-description\"><\/div><!-- .section-description --><\/div><!-- .section-title-wrapper --><div class=\"list-item-wrapper\" data-css=\"&quot;&quot;\"><div class=\"list-item-inner\" data-css=\"&quot;&quot;\"><div class=\"list-item-title media\"><span class=\"mr-3 icon-light fa fa-solid fa-check\"><\/span><div class=\"media-body align-self-center list-item-desc\">Weniger Verstopfungen bedeuten eine l\u00e4ngere Lebensdauer des Tuchs und eine gleichm\u00e4\u00dfigere Leistung.<\/div><\/div><!-- .list-item-title --><\/div><!-- .list-item-inner --><div class=\"list-item-inner\" data-css=\"&quot;&quot;\"><div class=\"list-item-title media\"><span class=\"mr-3 icon-light fa fa-solid fa-check\"><\/span><div class=\"media-body align-self-center list-item-desc\">M\u00fchelose Filterkuchenabl\u00f6sung, k\u00fcrzere Zykluszeiten und h\u00f6here Produktivit\u00e4t<\/div><\/div><!-- .list-item-title --><\/div><!-- .list-item-inner --><div class=\"list-item-inner\" data-css=\"&quot;&quot;\"><div class=\"list-item-title media\"><span class=\"mr-3 icon-light fa fa-solid fa-check\"><\/span><div class=\"media-body align-self-center list-item-desc\">Maximale mechanische Festigkeit, auch unter anspruchsvollen Prozessbedingungen<\/div><\/div><!-- .list-item-title --><\/div><!-- .list-item-inner --><div class=\"list-item-inner\" data-css=\"&quot;&quot;\"><div class=\"list-item-title media\"><span class=\"mr-3 icon-light fa fa-solid fa-check\"><\/span><div class=\"media-body align-self-center list-item-desc\">Verst\u00e4rkte Kanten und N\u00e4hte verhindern Abnutzung und verl\u00e4ngern die Lebensdauer des Stoffes<\/div><\/div><!-- .list-item-title --><\/div><!-- .list-item-inner --><div class=\"list-item-inner\" data-css=\"&quot;&quot;\"><div class=\"list-item-title media\"><span class=\"mr-3 icon-light fa fa-solid fa-check\"><\/span><div class=\"media-body align-self-center list-item-desc\">Schnelle Lieferung aus dem nordischen Lager, wodurch minimale Lieferzeiten gew\u00e4hrleistet werden<\/div><\/div><!-- .list-item-title --><\/div><!-- .list-item-inner --><div class=\"list-item-inner\" data-css=\"&quot;&quot;\"><div class=\"list-item-title media\"><span class=\"mr-3 icon-light fa fa-solid fa-check\"><\/span><div class=\"media-body align-self-center list-item-desc\">Fachkundige Beratung, damit Sie das richtige Tuch f\u00fcr Ihre spezifischen Filtrationsanforderungen erhalten.<\/div><\/div><!-- .list-item-title --><\/div><!-- .list-item-inner --><\/div><!-- .list-item-wrapper --><div class=\"vc_separator wpb_content_element vc_separator_align_center vc_sep_width_100 vc_sep_pos_align_center vc_separator_no_text vc_sep_color_grey wpb_content_element  wpb_content_element\" ><span class=\"vc_sep_holder vc_sep_holder_l\"><span class=\"vc_sep_line\"><\/span><\/span><span class=\"vc_sep_holder vc_sep_holder_r\"><span class=\"vc_sep_line\"><\/span><\/span>\n<\/div><div class=\"section-title-wrapper margin-bottom-30 shortcode-rand-14 induzy-inline-css\" data-css=\"&quot;.shortcode-rand-14 .title-separator.separator-border { background-color: ; }.shortcode-rand-14 .section-title { text-transform: none; }&quot;\"><div class=\"title-wrap\"><h4 class=\"section-title\">Professionelle Unterst\u00fctzung \u2013 <span class=\"title-suffix theme-color\">Ma\u00dfgeschneiderte L\u00f6sungen, die Ergebnisse liefern<\/span><\/h4><span class=\"title-separator separator-border theme-color-bg\"><\/span><\/div><!-- .title-wrap --><div class=\"section-description\">Bei Filtnor arbeiten unsere Filtrationsexperten eng mit Ihnen zusammen, um sicherzustellen, dass Sie ein Filtertuch erhalten, das exakt auf Ihre betrieblichen Anforderungen abgestimmt ist. Roxia-T\u00fccher sind so konstruiert, dass sie folgende Eigenschaften aufweisen: <strong>maximale Lebensdauer, mechanische Leistungsf\u00e4higkeit und optimale Filtrat- und Kuchenqualit\u00e4t<\/strong>.<\/p>\n<p>Vertrauen Sie auf Roxia-Filtert\u00fccher von Filtnor \u2013 wo Weltklasse-Technologie auf nordische Zuverl\u00e4ssigkeit trifft.<\/div><!-- .section-description --><\/div><!-- .section-title-wrapper --><\/div><\/div><\/div><\/div><div class=\"vc_row wpb_row vc_row-fluid vc_custom_1691587893368\"><div class=\"wpb_column vc_column_container vc_col-sm-12\"><div class=\"vc_column-inner\"><div class=\"wpb_wrapper\"><div class=\"vc_separator wpb_content_element vc_separator_align_center vc_sep_width_100 vc_sep_dashed vc_sep_pos_align_center vc_separator_no_text wpb_content_element  wpb_content_element\" ><span class=\"vc_sep_holder vc_sep_holder_l\"><span class=\"vc_sep_line\"><\/span><\/span><span class=\"vc_sep_holder vc_sep_holder_r\"><span class=\"vc_sep_line\"><\/span><\/span>\n<\/div><\/div><\/div><\/div><\/div><div class=\"vc_row wpb_row vc_row-fluid vc_custom_1691586856885\"><div class=\"wpb_column vc_column_container vc_col-sm-12\"><div class=\"vc_column-inner\"><div class=\"wpb_wrapper\"><div class=\"section-title-wrapper shortcode-rand-17 induzy-inline-css\" data-css=\"&quot;.shortcode-rand-17 .title-separator.separator-border { background-color: ; }.shortcode-rand-17 .section-title { text-transform: none; }&quot;\"><div class=\"title-wrap\"><h4 class=\"section-title\">Spesifikasjoner<\/h4><span class=\"title-separator separator-border theme-color-bg\"><\/span><\/div><!-- .title-wrap --><div class=\"section-description\"><\/div><!-- .section-description --><\/div><!-- .section-title-wrapper --><\/div><\/div><\/div><\/div><div class=\"vc_row wpb_row vc_row-fluid vc_custom_1691588983670\"><div class=\"wpb_column vc_column_container vc_col-sm-12\"><div class=\"vc_column-inner\"><div class=\"wpb_wrapper\"><div class=\"vc_tta-container\" data-vc-action=\"collapse\"><div class=\"vc_general vc_tta vc_tta-accordion vc_tta-color-grey vc_tta-style-modern vc_tta-shape-rounded vc_tta-o-shape-group vc_tta-controls-align-default vc_tta-o-no-fill\"><div class=\"vc_tta-panels-container\"><div class=\"vc_tta-panels\"><div class=\"vc_tta-panel vc_active\" id=\"1691585548344-5710b2c2-8100\" data-vc-content=\".vc_tta-panel-body\"><div class=\"vc_tta-panel-heading\"><h4 class=\"vc_tta-panel-title vc_tta-controls-icon-position-left\"><a href=\"#1691585548344-5710b2c2-8100\" data-vc-accordion data-vc-container=\".vc_tta-container\"><span class=\"vc_tta-title-text\">Oversikt<\/span><i class=\"vc_tta-controls-icon vc_tta-controls-icon-plus\"><\/i><\/a><\/h4><\/div><div class=\"vc_tta-panel-body\">\n\t<div class=\"wpb_text_column wpb_content_element\" >\n\t\t<div class=\"wpb_wrapper\">\n\t\t\t<p>Filterduker mit der neuesten und gr\u00f6\u00dften Technologie in Norden.<\/p>\n\n\t\t<\/div>\n\t<\/div>\n<\/div><\/div><div class=\"vc_tta-panel\" id=\"1691585717860-a7b1e109-961c\" data-vc-content=\".vc_tta-panel-body\"><div class=\"vc_tta-panel-heading\"><h4 class=\"vc_tta-panel-title vc_tta-controls-icon-position-left\"><a href=\"#1691585717860-a7b1e109-961c\" data-vc-accordion data-vc-container=\".vc_tta-container\"><span class=\"vc_tta-title-text\">Funksjoner<\/span><i class=\"vc_tta-controls-icon vc_tta-controls-icon-plus\"><\/i><\/a><\/h4><\/div><div class=\"vc_tta-panel-body\">\n\t<div class=\"wpb_text_column wpb_content_element\" >\n\t\t<div class=\"wpb_wrapper\">\n\t\t\t<p>Luftdurchl\u00e4ssigkeit von 0,25 bis 25 m3 pro m2\/Minute.<\/p>\n\n\t\t<\/div>\n\t<\/div>\n<\/div><\/div><div class=\"vc_tta-panel\" id=\"1691585730451-3178ca79-39b4\" data-vc-content=\".vc_tta-panel-body\"><div class=\"vc_tta-panel-heading\"><h4 class=\"vc_tta-panel-title vc_tta-controls-icon-position-left\"><a href=\"#1691585730451-3178ca79-39b4\" data-vc-accordion data-vc-container=\".vc_tta-container\"><span class=\"vc_tta-title-text\">Tilbeh\u00f8r<\/span><i class=\"vc_tta-controls-icon vc_tta-controls-icon-plus\"><\/i><\/a><\/h4><\/div><div class=\"vc_tta-panel-body\">\n\t<div class=\"wpb_text_column wpb_content_element\" >\n\t\t<div class=\"wpb_wrapper\">\n\t\t\t<p>S\u00f8m-Adapter und Lappen f\u00fcr die Reparatur des Rumpfes und der Dusche.<\/p>\n\n\t\t<\/div>\n\t<\/div>\n<\/div><\/div><div class=\"vc_tta-panel\" id=\"1691585731353-84e22eed-9b98\" data-vc-content=\".vc_tta-panel-body\"><div class=\"vc_tta-panel-heading\"><h4 class=\"vc_tta-panel-title vc_tta-controls-icon-position-left\"><a href=\"#1691585731353-84e22eed-9b98\" data-vc-accordion data-vc-container=\".vc_tta-container\"><span class=\"vc_tta-title-text\">Milj\u00f8parametre<\/span><i class=\"vc_tta-controls-icon vc_tta-controls-icon-plus\"><\/i><\/a><\/h4><\/div><div class=\"vc_tta-panel-body\">\n\t<div class=\"wpb_text_column wpb_content_element\" >\n\t\t<div class=\"wpb_wrapper\">\n\t\t\t<p>Redusert vann- og energiforbruk pga. Briefe frislipp von Filterkaken und mindre tetting a duken.<\/p>\n\n\t\t<\/div>\n\t<\/div>\n<\/div><\/div><div class=\"vc_tta-panel\" id=\"1691587300686-a6fbef20-4a50\" data-vc-content=\".vc_tta-panel-body\"><div class=\"vc_tta-panel-heading\"><h4 class=\"vc_tta-panel-title vc_tta-controls-icon-position-left\"><a href=\"#1691587300686-a6fbef20-4a50\" data-vc-accordion data-vc-container=\".vc_tta-container\"><span class=\"vc_tta-title-text\">Tjenester<\/span><i class=\"vc_tta-controls-icon vc_tta-controls-icon-plus\"><\/i><\/a><\/h4><\/div><div class=\"vc_tta-panel-body\">\n\t<div class=\"wpb_text_column wpb_content_element\" >\n\t\t<div class=\"wpb_wrapper\">\n\t\t\t<p>Skifte av filterduk:<br \/>\nWir haben eine Servicetechniker, die Sie dorthin bringen und \u00fcber den Filterdruck verf\u00fcgen k\u00f6nnen.<\/p>\n<p>Filtrattester:<br \/>\nWir k\u00f6nnen die beste Filtratqualit\u00e4t im Roxias-Laboratorium in Finnland oder mit einem mobilen Test vor Ort gew\u00e4hrleisten.<\/p>\n\n\t\t<\/div>\n\t<\/div>\n<\/div><\/div><\/div><\/div><\/div><\/div><\/div><\/div><\/div><\/div><div data-vc-full-width=\"true\" data-vc-full-width-init=\"false\" class=\"vc_row wpb_row vc_row-fluid additional-call-to-action vc_custom_1691588100630 vc_row-has-fill\"><div class=\"wpb_column vc_column_container vc_col-sm-12\"><div class=\"vc_column-inner\"><div class=\"wpb_wrapper\"><div class=\"vc_row wpb_row vc_inner vc_row-fluid\"><div class=\"wpb_column vc_column_container vc_col-sm-12 vc_col-lg-9 vc_col-md-12\"><div class=\"vc_column-inner\"><div class=\"wpb_wrapper\"><div class=\"feature-box-wrapper feature-box-style-1 shortcode-rand-20 induzy-inline-css feature-list-1\" data-css=\"&quot;.shortcode-rand-20.feature-box-wrapper { color: #000000; }.shortcode-rand-20.feature-box-wrapper {background: -moz-linear-gradient(141deg,  0%,  51%,  75%);\\r\\n\\t\\t\\t\\tbackground: -webkit-linear-gradient(141deg,  0%,  51%,  75%);\\r\\n\\t\\t\\t\\tbackground: linear-gradient(141deg,  0%,  51%,  75%);}.shortcode-rand-20 .feature-box-icon { font-size: 30px; }.shortcode-rand-20 .feature-box-icon { height: 60px; width: 60px; }.shortcode-rand-20 .feature-box-icon &gt; span { line-height: 2; }.shortcode-rand-20:hover .feature-box-icon { background: none; }&quot;\" ><div class=\"fbox-list\"><div class=\"media\"><div class=\"feature-box-icon mr-3 text-center rounded-circle none\"><span class=\"\"><\/span><\/div><!-- .feature-box-icon --><div class=\"media-body\"><div class=\"feature-box-title\"><h4 class=\"section-title\">Finden Sie nicht, wonach Sie suchen?<\/h4><\/div><!-- .feature-box-title --><div class=\"feature-box-content\">Kontaktieren Sie uns, und wir helfen Ihnen, es herauszufinden!<\/div><!-- .feature-box-content --><\/div><\/div><\/div><\/div><!-- .feature-box-wrapper --><\/div><\/div><\/div><div class=\"wpb_column vc_column_container vc_col-sm-12 vc_col-lg-3 vc_col-md-12\"><div class=\"vc_column-inner vc_custom_1691588352947\"><div class=\"wpb_wrapper\"><div class=\"vc_btn3-container  additional-btn vc_btn3-right vc_custom_1745431689699 vc_do_btn\" ><a style=\"background-color:#06295e; color:#ffffff;\" class=\"vc_general vc_btn3 vc_btn3-size-md vc_btn3-shape-rounded vc_btn3-style-custom\" href=\"https:\/\/www.filtnor.com\/de\/kontaktieren-sie-uns\/\" title=\"Materialien\">ANFRAGE SENDEN \u00bb<\/a><\/div><\/div><\/div><\/div><\/div><\/div><\/div><\/div><\/div><div class=\"vc_row-full-width vc_clearfix\"><\/div>\n<\/div>","protected":false},"excerpt":{"rendered":"Geliefert von Filtnor \u2013 Ihr zuverl\u00e4ssiger Filtrationspartner. Filtnor liefert mit Stolz Roxia-Filtert\u00fccher, die f\u00fcr Hochleistungsentw\u00e4sserung und eine Vielzahl industrieller Filtrationsanwendungen entwickelt wurden. Dank modernster Textiltechnologie bieten Roxia-T\u00fccher branchenf\u00fchrende Qualit\u00e4t, Langlebigkeit und Konsistenz und setzen damit neue Ma\u00dfst\u00e4be in der Filtermedienleistung. ANFRAGE SENDEN \u00bb Markengef\u00fchrte Kompetenz: Filtert\u00fccher f\u00fcr Filter","protected":false},"author":1,"featured_media":0,"parent":0,"menu_order":0,"comment_status":"closed","ping_status":"closed","template":"","meta":{"om_disable_all_campaigns":false,"footnotes":""},"class_list":["post-3786","page","type-page","status-publish","hentry"],"yoast_head":"<!-- This site is optimized with the Yoast SEO Premium plugin v26.1 (Yoast SEO v27.5) - https:\/\/yoast.com\/product\/yoast-seo-premium-wordpress\/ -->\n<title>Roxia Filter Cloths - Filtnor<\/title>\n<meta name=\"description\" content=\"Filtnor leverer filterduker til pressfilter. Pressfilterduker med h\u00f8y h\u00f8y kvalitet. Kort leveringstid p\u00e5 filterpresseduker til filterpresser.\" \/>\n<meta name=\"robots\" content=\"index, follow, max-snippet:-1, max-image-preview:large, max-video-preview:-1\" \/>\n<link rel=\"canonical\" href=\"https:\/\/www.filtnor.com\/de\/roxia-filtertucher\/\" \/>\n<meta property=\"og:locale\" content=\"de_DE\" \/>\n<meta property=\"og:type\" content=\"article\" \/>\n<meta property=\"og:title\" content=\"Roxia Filter Cloths\" \/>\n<meta property=\"og:description\" content=\"Filtnor leverer filterduker til pressfilter. Pressfilterduker med h\u00f8y h\u00f8y kvalitet. Kort leveringstid p\u00e5 filterpresseduker til filterpresser.\" \/>\n<meta property=\"og:url\" content=\"https:\/\/www.filtnor.com\/de\/roxia-filtertucher\/\" \/>\n<meta property=\"og:site_name\" content=\"Filtnor\" \/>\n<meta property=\"article:modified_time\" content=\"2025-04-23T18:08:14+00:00\" \/>\n<meta name=\"twitter:card\" content=\"summary_large_image\" \/>\n<meta name=\"twitter:label1\" content=\"Gesch\u00e4tzte Lesezeit\" \/>\n\t<meta name=\"twitter:data1\" content=\"3\u00a0Minuten\" \/>\n<script type=\"application\/ld+json\" class=\"yoast-schema-graph\">{\"@context\":\"https:\\\/\\\/schema.org\",\"@graph\":[{\"@type\":\"WebPage\",\"@id\":\"https:\\\/\\\/www.filtnor.com\\\/roxia-filter-cloths\\\/\",\"url\":\"https:\\\/\\\/www.filtnor.com\\\/roxia-filter-cloths\\\/\",\"name\":\"Roxia Filter Cloths - Filtnor\",\"isPartOf\":{\"@id\":\"https:\\\/\\\/www.filtnor.com\\\/#website\"},\"datePublished\":\"2023-10-16T11:41:12+00:00\",\"dateModified\":\"2025-04-23T18:08:14+00:00\",\"description\":\"Filtnor leverer filterduker til pressfilter. Pressfilterduker med h\u00f8y h\u00f8y kvalitet. Kort leveringstid p\u00e5 filterpresseduker til filterpresser.\",\"breadcrumb\":{\"@id\":\"https:\\\/\\\/www.filtnor.com\\\/roxia-filter-cloths\\\/#breadcrumb\"},\"inLanguage\":\"de\",\"potentialAction\":[{\"@type\":\"ReadAction\",\"target\":[\"https:\\\/\\\/www.filtnor.com\\\/roxia-filter-cloths\\\/\"]}]},{\"@type\":\"BreadcrumbList\",\"@id\":\"https:\\\/\\\/www.filtnor.com\\\/roxia-filter-cloths\\\/#breadcrumb\",\"itemListElement\":[{\"@type\":\"ListItem\",\"position\":1,\"name\":\"Home\",\"item\":\"https:\\\/\\\/www.filtnor.com\\\/\"},{\"@type\":\"ListItem\",\"position\":2,\"name\":\"Roxia Filter Cloths\"}]},{\"@type\":\"WebSite\",\"@id\":\"https:\\\/\\\/www.filtnor.com\\\/#website\",\"url\":\"https:\\\/\\\/www.filtnor.com\\\/\",\"name\":\"Filtnor\",\"description\":\"Filtration you can trust. Performance that lasts.\",\"potentialAction\":[{\"@type\":\"SearchAction\",\"target\":{\"@type\":\"EntryPoint\",\"urlTemplate\":\"https:\\\/\\\/www.filtnor.com\\\/?s={search_term_string}\"},\"query-input\":{\"@type\":\"PropertyValueSpecification\",\"valueRequired\":true,\"valueName\":\"search_term_string\"}}],\"inLanguage\":\"de\"}]}<\/script>\n<!-- \/ Yoast SEO Premium plugin. -->","yoast_head_json":{"title":"Roxia Filtert\u00fccher - Filtnor","description":"Filter oder Hebel zum Pressen von Filtern. Pressfilterduker mit hoher Qualit\u00e4t. Kurze Zeit sp\u00e4ter Filterpresse zum Filterpresser verwenden.","robots":{"index":"index","follow":"follow","max-snippet":"max-snippet:-1","max-image-preview":"max-image-preview:large","max-video-preview":"max-video-preview:-1"},"canonical":"https:\/\/www.filtnor.com\/de\/roxia-filtertucher\/","og_locale":"de_DE","og_type":"article","og_title":"Roxia Filter Cloths","og_description":"Filtnor leverer filterduker til pressfilter. Pressfilterduker med h\u00f8y h\u00f8y kvalitet. Kort leveringstid p\u00e5 filterpresseduker til filterpresser.","og_url":"https:\/\/www.filtnor.com\/de\/roxia-filtertucher\/","og_site_name":"Filtnor","article_modified_time":"2025-04-23T18:08:14+00:00","twitter_card":"summary_large_image","twitter_misc":{"Gesch\u00e4tzte Lesezeit":"3\u00a0Minuten"},"schema":{"@context":"https:\/\/schema.org","@graph":[{"@type":"WebPage","@id":"https:\/\/www.filtnor.com\/roxia-filter-cloths\/","url":"https:\/\/www.filtnor.com\/roxia-filter-cloths\/","name":"Roxia Filtert\u00fccher - Filtnor","isPartOf":{"@id":"https:\/\/www.filtnor.com\/#website"},"datePublished":"2023-10-16T11:41:12+00:00","dateModified":"2025-04-23T18:08:14+00:00","description":"Filter oder Hebel zum Pressen von Filtern. Pressfilterduker mit hoher Qualit\u00e4t. Kurze Zeit sp\u00e4ter Filterpresse zum Filterpresser verwenden.","breadcrumb":{"@id":"https:\/\/www.filtnor.com\/roxia-filter-cloths\/#breadcrumb"},"inLanguage":"de","potentialAction":[{"@type":"ReadAction","target":["https:\/\/www.filtnor.com\/roxia-filter-cloths\/"]}]},{"@type":"BreadcrumbList","@id":"https:\/\/www.filtnor.com\/roxia-filter-cloths\/#breadcrumb","itemListElement":[{"@type":"ListItem","position":1,"name":"Home","item":"https:\/\/www.filtnor.com\/"},{"@type":"ListItem","position":2,"name":"Roxia Filter Cloths"}]},{"@type":"WebSite","@id":"https:\/\/www.filtnor.com\/#website","url":"https:\/\/www.filtnor.com\/","name":"Filtnor","description":"Filtration, der Sie vertrauen k\u00f6nnen. Leistung, die lange anh\u00e4lt.","potentialAction":[{"@type":"SearchAction","target":{"@type":"EntryPoint","urlTemplate":"https:\/\/www.filtnor.com\/?s={search_term_string}"},"query-input":{"@type":"PropertyValueSpecification","valueRequired":true,"valueName":"search_term_string"}}],"inLanguage":"de"}]}},"_links":{"self":[{"href":"https:\/\/www.filtnor.com\/de\/wp-json\/wp\/v2\/pages\/3786","targetHints":{"allow":["GET"]}}],"collection":[{"href":"https:\/\/www.filtnor.com\/de\/wp-json\/wp\/v2\/pages"}],"about":[{"href":"https:\/\/www.filtnor.com\/de\/wp-json\/wp\/v2\/types\/page"}],"author":[{"embeddable":true,"href":"https:\/\/www.filtnor.com\/de\/wp-json\/wp\/v2\/users\/1"}],"replies":[{"embeddable":true,"href":"https:\/\/www.filtnor.com\/de\/wp-json\/wp\/v2\/comments?post=3786"}],"version-history":[{"count":5,"href":"https:\/\/www.filtnor.com\/de\/wp-json\/wp\/v2\/pages\/3786\/revisions"}],"predecessor-version":[{"id":6015,"href":"https:\/\/www.filtnor.com\/de\/wp-json\/wp\/v2\/pages\/3786\/revisions\/6015"}],"wp:attachment":[{"href":"https:\/\/www.filtnor.com\/de\/wp-json\/wp\/v2\/media?parent=3786"}],"curies":[{"name":"wp","href":"https:\/\/api.w.org\/{rel}","templated":true}]}}