{"id":3768,"date":"2023-10-08T00:23:08","date_gmt":"2023-10-07T22:23:08","guid":{"rendered":"https:\/\/www.filtnor.no\/?page_id=3768"},"modified":"2025-09-02T21:31:56","modified_gmt":"2025-09-02T19:31:56","slug":"filter-fur-die-bierbrauerei","status":"publish","type":"page","link":"https:\/\/www.filtnor.com\/de\/anwendungsgebiete-fur-druckfilter\/filter-fur-die-bierbrauerei\/","title":{"rendered":"Filter f\u00fcr die Bierherstellung"},"content":{"rendered":"<div class=\"wpb-content-wrapper\"><div class=\"vc_row wpb_row vc_row-fluid vc_custom_1691587735553\"><div class=\"wpb_column vc_column_container vc_col-sm-12 vc_col-lg-6 vc_col-md-6\"><div class=\"vc_column-inner\"><div class=\"wpb_wrapper\"><div class=\"section-title-wrapper shortcode-rand-2 induzy-inline-css\" data-css=\"&quot;.shortcode-rand-2 .title-separator.separator-border { background-color: ; }.shortcode-rand-2 .section-title { text-transform: none; }&quot;\"><div class=\"title-wrap\"><h2 class=\"section-title\">Filtration beim Bierbrauen<\/h2><span class=\"title-separator separator-border theme-color-bg\"><\/span><\/div><!-- .title-wrap --><div class=\"section-description\"><\/p>\n<p data-start=\"192\" data-end=\"410\">Klares, hochwertiges Bier beginnt mit effektiver Filtration. W\u00e4hrend des Brauprozesses ist die Entfernung von Hefe, Proteinen und anderen Feinstpartikeln unerl\u00e4sslich, um die gew\u00fcnschte Klarheit, Stabilit\u00e4t und das gew\u00fcnschte Geschmacksprofil zu erzielen.<\/p>\n<p data-start=\"412\" data-end=\"676\">Wir bei Filtnor verf\u00fcgen \u00fcber umfangreiche Erfahrung mit <strong data-start=\"458\" data-end=\"496\">Filterpressen f\u00fcr die Bierproduktion<\/strong>, Wir gew\u00e4hrleisten so die bestm\u00f6gliche Klarheit des Bieres. Unsere L\u00f6sungen sind speziell auf Brauereien zugeschnitten und lebensmittelkonform, wodurch sie ideal f\u00fcr die Brauindustrie geeignet sind.<\/p>\n<p><\/div><!-- .section-description --><\/div><!-- .section-title-wrapper --><div class=\"feature-box-wrapper feature-box-style-1 vc_custom_1691588732498 shortcode-rand-3 induzy-inline-css\" data-css=\"&quot;.shortcode-rand-3.feature-box-wrapper {background: -moz-linear-gradient(141deg,  0%,  51%,  75%);\\r\\n\\t\\t\\t\\tbackground: -webkit-linear-gradient(141deg,  0%,  51%,  75%);\\r\\n\\t\\t\\t\\tbackground: linear-gradient(141deg,  0%,  51%,  75%);}.shortcode-rand-3 .feature-box-icon { font-size: 24px; }.shortcode-rand-3 .feature-box-icon { height: 48px; width: 48px; }.shortcode-rand-3 .feature-box-icon &gt; span { line-height: 2; }.shortcode-rand-3:hover .feature-box-icon { background: none; }&quot;\" ><div class=\"feature-box-btn\"><a class=\"btn default\" href=\"https:\/\/www.filtnor.no\/kontakt-oss\/\" title=\"Send foresp\u00f8rsel\">Send foresp\u00f8rsel<\/a><\/div><!-- .feature-box-btn --><\/div><!-- .feature-box-wrapper --><\/div><\/div><\/div><div class=\"wpb_column vc_column_container vc_col-sm-12 vc_col-lg-6 vc_col-md-6\"><div class=\"vc_column-inner\"><div class=\"wpb_wrapper\">\n\t<div  class=\"wpb_single_image wpb_content_element vc_align_left wpb_content_element\">\n\t\t\n\t\t<figure class=\"wpb_wrapper vc_figure\">\n\t\t\t<div class=\"vc_single_image-wrapper   vc_box_border_grey\"><\/div>\n\t\t<\/figure>\n\t<\/div>\n<\/div><\/div><\/div><\/div><div class=\"vc_row wpb_row vc_row-fluid vc_custom_1691588774257\"><div class=\"wpb_column vc_column_container vc_col-sm-6\"><div class=\"vc_column-inner\"><div class=\"wpb_wrapper\"><div class=\"section-title-wrapper shortcode-rand-5 induzy-inline-css\" data-css=\"&quot;.shortcode-rand-5 .title-separator.separator-border { background-color: ; }.shortcode-rand-5 .section-title { text-transform: none; }&quot;\"><div class=\"title-wrap\"><h4 class=\"section-title\"><\/h4><span class=\"title-separator separator-border theme-color-bg\"><\/span><\/div><!-- .title-wrap --><div class=\"section-description\"><\/p>\n<h3 data-start=\"678\" data-end=\"719\">Filterpressen speziell f\u00fcr den Brauprozess<\/h3>\n<p data-start=\"721\" data-end=\"979\">Unsere Filterpressen f\u00fcr die Bierherstellung sind auf einen hohen Automatisierungsgrad ausgelegt und ben\u00f6tigen nur minimalen Bedienereingriff. Es handelt sich um zuverl\u00e4ssige, selbstregulierende Systeme mit exzellenter Verf\u00fcgbarkeit, wodurch sie sich ideal f\u00fcr den kontinuierlichen Brauereibetrieb eignen.<\/p>\n<p data-start=\"981\" data-end=\"1004\">Zu den wichtigsten Merkmalen geh\u00f6ren:<\/p>\n<ul data-start=\"1005\" data-end=\"1606\">\n<li data-start=\"1005\" data-end=\"1194\">\n<p data-start=\"1007\" data-end=\"1194\"><strong data-start=\"1007\" data-end=\"1043\">Effizienter und hygienischer Betrieb<\/strong> Der gesamte Prozess findet in einem sauberen Geh\u00e4use statt, das ohne Kontaminationsrisiko direkt in Brauereien installiert werden kann.<\/p>\n<\/li>\n<li data-start=\"1195\" data-end=\"1329\">\n<p data-start=\"1197\" data-end=\"1329\"><strong data-start=\"1197\" data-end=\"1217\">Einfache Wartung<\/strong> \u2013 Der Wechsel des Filtertuchs und die routinem\u00e4\u00dfige Wartung k\u00f6nnen schnell und sicher, oft von nur einer Person, durchgef\u00fchrt werden.<\/p>\n<\/li>\n<li data-start=\"1330\" data-end=\"1473\">\n<p data-start=\"1332\" data-end=\"1473\"><strong data-start=\"1332\" data-end=\"1355\">Option zur Geruchskontrolle<\/strong> \u2013 F\u00fcr Brauereien, die empfindlich auf Ger\u00fcche reagieren, kann eine integrierte Bel\u00fcftung eingebaut werden, um unerw\u00fcnschte Ger\u00fcche aus dem Produktionsprozess zu entfernen.<\/p>\n<\/li>\n<li data-start=\"1474\" data-end=\"1606\">\n<p data-start=\"1476\" data-end=\"1606\"><strong data-start=\"1476\" data-end=\"1501\">Einhaltung der Lebensmittelstandards<\/strong> \u2013 Alle Komponenten, die mit dem Produkt in Ber\u00fchrung kommen, erf\u00fcllen strenge Industriestandards f\u00fcr die Verwendung in Lebensmitteln und Getr\u00e4nken.<\/p>\n<\/li>\n<\/ul>\n<h3 data-start=\"1608\" data-end=\"1636\">Vorteile f\u00fcr Brauereien<\/h3>\n<ul data-start=\"1637\" data-end=\"1844\">\n<li data-start=\"1637\" data-end=\"1686\">\n<p data-start=\"1639\" data-end=\"1686\">Helles, stabiles Bier mit verbesserter Haltbarkeit.<\/p>\n<\/li>\n<li data-start=\"1687\" data-end=\"1733\">\n<p data-start=\"1689\" data-end=\"1733\">Weniger Abfall und h\u00f6here Produktausbeute.<\/p>\n<\/li>\n<li data-start=\"1734\" data-end=\"1791\">\n<p data-start=\"1736\" data-end=\"1791\">Zuverl\u00e4ssiger, kontinuierlicher Betrieb mit minimalen Ausfallzeiten.<\/p>\n<\/li>\n<li data-start=\"1792\" data-end=\"1844\">\n<p data-start=\"1794\" data-end=\"1844\">Einfache Integration in moderne Brauanlagen.<\/p>\n<\/li>\n<\/ul>\n<p data-start=\"1846\" data-end=\"2069\">Egal ob Sie eine Handwerksbrauerei sind, die auf gleichbleibende Klarheit Wert legt, oder ein Gro\u00dfproduzent, der eine effiziente Massenproduktion anstrebt \u2013 die Brauereifilterpressen von Filtnor bieten hygienische, effiziente und nachhaltige Bierfiltration.<\/p>\n<p><\/div><!-- .section-description --><\/div><!-- .section-title-wrapper --><\/div><\/div><\/div><div class=\"wpb_column vc_column_container vc_col-sm-6\"><div class=\"vc_column-inner\"><div class=\"wpb_wrapper\"><div class=\"section-title-wrapper margin-bottom-30 shortcode-rand-6 induzy-inline-css\" data-css=\"&quot;.shortcode-rand-6 .title-separator.separator-border { background-color: ; }.shortcode-rand-6 .section-title { text-transform: none; }&quot;\"><div class=\"title-wrap\"><h4 class=\"section-title\">Fordeler<\/h4><span class=\"title-separator separator-border theme-color-bg\"><\/span><\/div><!-- .title-wrap --><div class=\"section-description\"><\/div><!-- .section-description --><\/div><!-- .section-title-wrapper --><div class=\"list-item-wrapper\" data-css=\"&quot;&quot;\"><div class=\"list-item-inner\" data-css=\"&quot;&quot;\"><div class=\"list-item-title media\"><span class=\"mr-3 icon-light fas fa-check\"><\/span><div class=\"media-body align-self-center list-item-desc\">Maksimal klarhet p\u00e5 \u00f8let<\/div><\/div><!-- .list-item-title --><\/div><!-- .list-item-inner --><div class=\"list-item-inner\" data-css=\"&quot;&quot;\"><div class=\"list-item-title media\"><span class=\"mr-3 icon-light fas fa-check\"><\/span><div class=\"media-body align-self-center list-item-desc\">Lavt energiforbruk<\/div><\/div><!-- .list-item-title --><\/div><!-- .list-item-inner --><div class=\"list-item-inner\" data-css=\"&quot;&quot;\"><div class=\"list-item-title media\"><span class=\"mr-3 icon-light fas fa-check\"><\/span><div class=\"media-body align-self-center list-item-desc\">Smart-Filterpresse ist f\u00fcr den Betreiber erforderlich<\/div><\/div><!-- .list-item-title --><\/div><!-- .list-item-inner --><div class=\"list-item-inner\" data-css=\"&quot;&quot;\"><div class=\"list-item-title media\"><span class=\"mr-3 icon-light fas fa-check\"><\/span><div class=\"media-body align-self-center list-item-desc\">N\u00e6ringsmiddelgodkjent<\/div><\/div><!-- .list-item-title --><\/div><!-- .list-item-inner --><\/div><!-- .list-item-wrapper --><\/div><\/div><\/div><\/div><div data-vc-full-width=\"true\" data-vc-full-width-init=\"false\" class=\"vc_row wpb_row vc_row-fluid additional-call-to-action vc_custom_1691588100630 vc_row-has-fill\"><div class=\"wpb_column vc_column_container vc_col-sm-12\"><div class=\"vc_column-inner\"><div class=\"wpb_wrapper\"><div class=\"vc_row wpb_row vc_inner vc_row-fluid\"><div class=\"wpb_column vc_column_container vc_col-sm-12 vc_col-lg-9 vc_col-md-12\"><div class=\"vc_column-inner\"><div class=\"wpb_wrapper\"><div class=\"feature-box-wrapper feature-box-style-1 shortcode-rand-13 induzy-inline-css feature-list-1\" data-css=\"&quot;.shortcode-rand-13.feature-box-wrapper { color: #000000; }.shortcode-rand-13.feature-box-wrapper {background: -moz-linear-gradient(141deg,  0%,  51%,  75%);\\r\\n\\t\\t\\t\\tbackground: -webkit-linear-gradient(141deg,  0%,  51%,  75%);\\r\\n\\t\\t\\t\\tbackground: linear-gradient(141deg,  0%,  51%,  75%);}.shortcode-rand-13 .feature-box-icon { font-size: 30px; }.shortcode-rand-13 .feature-box-icon { height: 60px; width: 60px; }.shortcode-rand-13 .feature-box-icon &gt; span { line-height: 2; }.shortcode-rand-13:hover .feature-box-icon { background: none; }&quot;\" ><div class=\"fbox-list\"><div class=\"media\"><div class=\"feature-box-icon mr-3 text-center rounded-circle none\"><span class=\"\"><\/span><\/div><!-- .feature-box-icon --><div class=\"media-body\"><div class=\"feature-box-title\"><h4 class=\"section-title\">\u00d8nsker du \u00e5 vite mer?<\/h4><\/div><!-- .feature-box-title --><div class=\"feature-box-content\">Nehmen Sie Kontakt mit uns auf, um eine neue Zukunft zu erreichen!<\/div><!-- .feature-box-content --><\/div><\/div><\/div><\/div><!-- .feature-box-wrapper --><\/div><\/div><\/div><div class=\"wpb_column vc_column_container vc_col-sm-12 vc_col-lg-3 vc_col-md-12\"><div class=\"vc_column-inner vc_custom_1691588352947\"><div class=\"wpb_wrapper\"><div class=\"vc_btn3-container  additional-btn vc_btn3-right vc_custom_1691589162716 vc_do_btn\" ><a style=\"background-color:#06295e; color:#ffffff;\" class=\"vc_general vc_btn3 vc_btn3-size-md vc_btn3-shape-rounded vc_btn3-style-custom\" href=\"https:\/\/www.filtnor.no\/kontakt-oss\/\" title=\"\">Send foresp\u00f8rsel<\/a><\/div><\/div><\/div><\/div><\/div><\/div><\/div><\/div><\/div><div class=\"vc_row-full-width vc_clearfix\"><\/div>\n<\/div>","protected":false},"excerpt":{"rendered":"Filtration beim Bierbrauen: Klares, hochwertiges Bier beginnt mit effektiver Filtration. W\u00e4hrend des Brauprozesses ist die Entfernung von Hefe, Proteinen und anderen Feinstoffen unerl\u00e4sslich, um die gew\u00fcnschte Klarheit, Stabilit\u00e4t und das gew\u00fcnschte Geschmacksprofil zu erzielen. Wir bei Filtnor verf\u00fcgen \u00fcber langj\u00e4hrige Erfahrung mit Filterpressen f\u00fcr die Bierproduktion und gew\u00e4hrleisten so die bestm\u00f6gliche Klarheit des Bieres. Unsere L\u00f6sungen","protected":false},"author":1,"featured_media":0,"parent":4070,"menu_order":0,"comment_status":"closed","ping_status":"closed","template":"","meta":{"om_disable_all_campaigns":false,"footnotes":""},"class_list":["post-3768","page","type-page","status-publish","hentry"],"yoast_head":"<!-- This site is optimized with the Yoast SEO Premium plugin v26.1 (Yoast SEO v27.4) - https:\/\/yoast.com\/product\/yoast-seo-premium-wordpress\/ -->\n<title>Filters for Beer Brewing - Filtnor<\/title>\n<meta name=\"description\" content=\"Filterpresser til \u00f8lbrygging for filtrering av \u00f8l og n\u00e6ringsmidler. Energieffektive pressfilter for brygging og \u00f8lfiltrering.\" \/>\n<meta name=\"robots\" content=\"index, follow, max-snippet:-1, max-image-preview:large, max-video-preview:-1\" \/>\n<link rel=\"canonical\" href=\"https:\/\/www.filtnor.com\/de\/anwendungsgebiete-fur-druckfilter\/filter-fur-die-bierbrauerei\/\" \/>\n<meta property=\"og:locale\" content=\"de_DE\" \/>\n<meta property=\"og:type\" content=\"article\" \/>\n<meta property=\"og:title\" content=\"Filters for Beer Brewing\" \/>\n<meta property=\"og:description\" content=\"Filterpresser til \u00f8lbrygging for filtrering av \u00f8l og n\u00e6ringsmidler. Energieffektive pressfilter for brygging og \u00f8lfiltrering.\" \/>\n<meta property=\"og:url\" content=\"https:\/\/www.filtnor.com\/de\/anwendungsgebiete-fur-druckfilter\/filter-fur-die-bierbrauerei\/\" \/>\n<meta property=\"og:site_name\" content=\"Filtnor\" \/>\n<meta property=\"article:modified_time\" content=\"2025-09-02T19:31:56+00:00\" \/>\n<meta name=\"twitter:card\" content=\"summary_large_image\" \/>\n<meta name=\"twitter:label1\" content=\"Gesch\u00e4tzte Lesezeit\" \/>\n\t<meta name=\"twitter:data1\" content=\"3\u00a0Minuten\" \/>\n<script type=\"application\/ld+json\" class=\"yoast-schema-graph\">{\"@context\":\"https:\\\/\\\/schema.org\",\"@graph\":[{\"@type\":\"WebPage\",\"@id\":\"https:\\\/\\\/www.filtnor.com\\\/areas-of-use-for-pressure-filters\\\/filters-for-beer-brewing\\\/\",\"url\":\"https:\\\/\\\/www.filtnor.com\\\/areas-of-use-for-pressure-filters\\\/filters-for-beer-brewing\\\/\",\"name\":\"Filters for Beer Brewing - Filtnor\",\"isPartOf\":{\"@id\":\"https:\\\/\\\/www.filtnor.com\\\/#website\"},\"datePublished\":\"2023-10-07T22:23:08+00:00\",\"dateModified\":\"2025-09-02T19:31:56+00:00\",\"description\":\"Filterpresser til \u00f8lbrygging for filtrering av \u00f8l og n\u00e6ringsmidler. Energieffektive pressfilter for brygging og \u00f8lfiltrering.\",\"breadcrumb\":{\"@id\":\"https:\\\/\\\/www.filtnor.com\\\/areas-of-use-for-pressure-filters\\\/filters-for-beer-brewing\\\/#breadcrumb\"},\"inLanguage\":\"de\",\"potentialAction\":[{\"@type\":\"ReadAction\",\"target\":[\"https:\\\/\\\/www.filtnor.com\\\/areas-of-use-for-pressure-filters\\\/filters-for-beer-brewing\\\/\"]}]},{\"@type\":\"BreadcrumbList\",\"@id\":\"https:\\\/\\\/www.filtnor.com\\\/areas-of-use-for-pressure-filters\\\/filters-for-beer-brewing\\\/#breadcrumb\",\"itemListElement\":[{\"@type\":\"ListItem\",\"position\":1,\"name\":\"Home\",\"item\":\"https:\\\/\\\/www.filtnor.com\\\/\"},{\"@type\":\"ListItem\",\"position\":2,\"name\":\"Areas of Use for Pressure Filters\",\"item\":\"https:\\\/\\\/www.filtnor.com\\\/areas-of-use-for-pressure-filters\\\/\"},{\"@type\":\"ListItem\",\"position\":3,\"name\":\"Filters for Beer Brewing\"}]},{\"@type\":\"WebSite\",\"@id\":\"https:\\\/\\\/www.filtnor.com\\\/#website\",\"url\":\"https:\\\/\\\/www.filtnor.com\\\/\",\"name\":\"Filtnor\",\"description\":\"Filtration you can trust. Performance that lasts.\",\"potentialAction\":[{\"@type\":\"SearchAction\",\"target\":{\"@type\":\"EntryPoint\",\"urlTemplate\":\"https:\\\/\\\/www.filtnor.com\\\/?s={search_term_string}\"},\"query-input\":{\"@type\":\"PropertyValueSpecification\",\"valueRequired\":true,\"valueName\":\"search_term_string\"}}],\"inLanguage\":\"de\"}]}<\/script>\n<!-- \/ Yoast SEO Premium plugin. -->","yoast_head_json":{"title":"Filter f\u00fcr die Bierherstellung - Filtnor","description":"Filterpresse zum Filtern von \u00d6l und N\u00e4hrmedien. Energieeffizienter Pressfilter zum Br\u00fchen und Filtern.","robots":{"index":"index","follow":"follow","max-snippet":"max-snippet:-1","max-image-preview":"max-image-preview:large","max-video-preview":"max-video-preview:-1"},"canonical":"https:\/\/www.filtnor.com\/de\/anwendungsgebiete-fur-druckfilter\/filter-fur-die-bierbrauerei\/","og_locale":"de_DE","og_type":"article","og_title":"Filters for Beer Brewing","og_description":"Filterpresser til \u00f8lbrygging for filtrering av \u00f8l og n\u00e6ringsmidler. Energieffektive pressfilter for brygging og \u00f8lfiltrering.","og_url":"https:\/\/www.filtnor.com\/de\/anwendungsgebiete-fur-druckfilter\/filter-fur-die-bierbrauerei\/","og_site_name":"Filtnor","article_modified_time":"2025-09-02T19:31:56+00:00","twitter_card":"summary_large_image","twitter_misc":{"Gesch\u00e4tzte Lesezeit":"3\u00a0Minuten"},"schema":{"@context":"https:\/\/schema.org","@graph":[{"@type":"WebPage","@id":"https:\/\/www.filtnor.com\/areas-of-use-for-pressure-filters\/filters-for-beer-brewing\/","url":"https:\/\/www.filtnor.com\/areas-of-use-for-pressure-filters\/filters-for-beer-brewing\/","name":"Filter f\u00fcr die Bierherstellung - Filtnor","isPartOf":{"@id":"https:\/\/www.filtnor.com\/#website"},"datePublished":"2023-10-07T22:23:08+00:00","dateModified":"2025-09-02T19:31:56+00:00","description":"Filterpresse zum Filtern von \u00d6l und N\u00e4hrmedien. Energieeffizienter Pressfilter zum Br\u00fchen und Filtern.","breadcrumb":{"@id":"https:\/\/www.filtnor.com\/areas-of-use-for-pressure-filters\/filters-for-beer-brewing\/#breadcrumb"},"inLanguage":"de","potentialAction":[{"@type":"ReadAction","target":["https:\/\/www.filtnor.com\/areas-of-use-for-pressure-filters\/filters-for-beer-brewing\/"]}]},{"@type":"BreadcrumbList","@id":"https:\/\/www.filtnor.com\/areas-of-use-for-pressure-filters\/filters-for-beer-brewing\/#breadcrumb","itemListElement":[{"@type":"ListItem","position":1,"name":"Home","item":"https:\/\/www.filtnor.com\/"},{"@type":"ListItem","position":2,"name":"Areas of Use for Pressure Filters","item":"https:\/\/www.filtnor.com\/areas-of-use-for-pressure-filters\/"},{"@type":"ListItem","position":3,"name":"Filters for Beer Brewing"}]},{"@type":"WebSite","@id":"https:\/\/www.filtnor.com\/#website","url":"https:\/\/www.filtnor.com\/","name":"Filtnor","description":"Filtration, der Sie vertrauen k\u00f6nnen. Leistung, die lange anh\u00e4lt.","potentialAction":[{"@type":"SearchAction","target":{"@type":"EntryPoint","urlTemplate":"https:\/\/www.filtnor.com\/?s={search_term_string}"},"query-input":{"@type":"PropertyValueSpecification","valueRequired":true,"valueName":"search_term_string"}}],"inLanguage":"de"}]}},"_links":{"self":[{"href":"https:\/\/www.filtnor.com\/de\/wp-json\/wp\/v2\/pages\/3768","targetHints":{"allow":["GET"]}}],"collection":[{"href":"https:\/\/www.filtnor.com\/de\/wp-json\/wp\/v2\/pages"}],"about":[{"href":"https:\/\/www.filtnor.com\/de\/wp-json\/wp\/v2\/types\/page"}],"author":[{"embeddable":true,"href":"https:\/\/www.filtnor.com\/de\/wp-json\/wp\/v2\/users\/1"}],"replies":[{"embeddable":true,"href":"https:\/\/www.filtnor.com\/de\/wp-json\/wp\/v2\/comments?post=3768"}],"version-history":[{"count":4,"href":"https:\/\/www.filtnor.com\/de\/wp-json\/wp\/v2\/pages\/3768\/revisions"}],"predecessor-version":[{"id":4939,"href":"https:\/\/www.filtnor.com\/de\/wp-json\/wp\/v2\/pages\/3768\/revisions\/4939"}],"up":[{"embeddable":true,"href":"https:\/\/www.filtnor.com\/de\/wp-json\/wp\/v2\/pages\/4070"}],"wp:attachment":[{"href":"https:\/\/www.filtnor.com\/de\/wp-json\/wp\/v2\/media?parent=3768"}],"curies":[{"name":"wp","href":"https:\/\/api.w.org\/{rel}","templated":true}]}}